{"id":88565,"date":"2025-08-20T08:13:50","date_gmt":"2025-08-20T07:13:50","guid":{"rendered":"https:\/\/truusk.store\/product\/kontorsstol-med-justerbar-ryggstod-rullande-stoppad-stol-stoppad-fatolj-hojdjusterbar-stal-brun\/"},"modified":"2026-03-12T08:48:19","modified_gmt":"2026-03-12T07:48:19","slug":"truusk-kontorsstol-justerbart-ryggstod-rullande-stoppad-hojdjusterbar-stal-brun","status":"publish","type":"product","link":"https:\/\/truusk.store\/sv\/produkt\/truusk-kontorsstol-justerbart-ryggstod-rullande-stoppad-hojdjusterbar-stal-brun\/","title":{"rendered":"TRUUSK Kontorsstol &#8211; Justerbart ryggst\u00f6d &#8211; Rullande &#8211; Stoppad &#8211; H\u00f6jdjusterbar &#8211; St\u00e5l &#8211; Brun"},"content":{"rendered":"<p>Letar du efter komfort och fokus under l\u00e5nga arbetstider? TRUUSK kontorsstol med fotst\u00f6d f\u00f6rb\u00e4ttrar ditt v\u00e4lbefinnande genom en lutning p\u00e5 105-135\u00b0 och ett utdragbart fotst\u00f6d, perfekt f\u00f6r arbete eller avkoppling. Den mjuka, luftiga tygkl\u00e4dseln ger svalka och med justerbar h\u00f6jd samt 360\u00b0 roterbarhet erbjuder denna skrivbordsstol konstant optimal komfort och \u00f6kad produktivitet.<\/p>\n<p>Beskrivning:<\/p>\n<ul>\n<li> Mjukt tyg med sammetk\u00e4nsla och h\u00f6gelastisk skum ger sittkomfort<\/li>\n<li> Tjockt stoppningsdesign av PC-stolen (fr\u00e5n h\u00f6g rygg till armst\u00f6d) erbjuder full kroppsst\u00f6d<\/li>\n<li> Ryggst\u00f6d och fotst\u00f6d kan justeras och erbjuder individuell komfort<\/li>\n<li> Robust st\u00e5lram, femstj\u00e4rnig bas och klass 3-gaslyft garanterar stabilitet och smidig justering<\/li>\n<li> Tysta, mjuka PU-hjul och roterande sits p\u00e5 datorstolen skyddar golvet och ger lugna r\u00f6relser<\/li>\n<li> Justerbar sitth\u00f6jd<\/li>\n<li> Montering kr\u00e4vs<\/li>\n<\/ul>\n<p> Tekniska data:<\/p>\n<ul>\n<li> F\u00e4rg: Kaffebrown+svart<\/li>\n<li> Material: Sammetliknande tyg (100 % polyester), skum, st\u00e5l<\/li>\n<li> Totala dimensioner: 80B x 77D x 108-116H cm<\/li>\n<li> Liggande dimension: 80B x 146D x 87-95H cm<\/li>\n<li> Sittm\u00e5tt: 50B x 52D x 52-60H cm<\/li>\n<li> Tjocklek: 17 cm (sits), 15 cm (ryggst\u00f6d)<\/li>\n<li> Ryggst\u00f6dets storlek: 62L x 65B cm<\/li>\n<li> Armst\u00f6dets h\u00f6jd till sits: 19 cm<\/li>\n<li> Fotst\u00f6dets dimension: 34L x 21B x 5H cm<\/li>\n<li> Avst\u00e5ndet f\u00f6r fotst\u00f6det: till sits (utdraget) 16 cm<\/li>\n<li> Maximal belastning: 120 kg<\/li>\n<li> Gaslyftets slagl\u00e4ngd: 8 cm<\/li>\n<li> Basens radie: 350 mm<\/li>\n<li> Hjulstorlek: 50 mm<\/li>\n<\/ul>\n<p>Leveransinneh\u00e5ll:<\/p>\n<ul>\n<li> 1 x kontorsstol<\/li>\n<li> 1 x bruksanvisning<\/li>\n<\/ul>\n","protected":false},"excerpt":{"rendered":"<p>Letar du efter komfort och fokus under l\u00e5nga arbetstider? TRUUSK kontorsstol med fotst\u00f6d f\u00f6rb\u00e4ttrar ditt v\u00e4lbefinnande genom en lutning p\u00e5&#8230;<\/p>\n","protected":false},"featured_media":88556,"template":"","meta":[],"product_brand":[],"product_cat":[872,871,516],"product_tag":[],"class_list":{"0":"post-88565","1":"product","2":"type-product","3":"status-publish","4":"has-post-thumbnail","6":"product_cat-hemmakontor-arbetsplats","7":"product_cat-hus-hem","8":"product_cat-kontorsstolar","10":"first","11":"instock","12":"sale","13":"taxable","14":"shipping-taxable","15":"purchasable","16":"product-type-simple"},"yoast_head":"<!-- This site is optimized with the Yoast SEO plugin v25.4 - https:\/\/yoast.com\/wordpress\/plugins\/seo\/ -->\n<title>TRUUSK Kontorsstol - Justerbart ryggst\u00f6d - Rullande - Stoppad - H\u00f6jdjusterbar - St\u00e5l - Brun - TRUUSK - Hem, Tr\u00e4dg\u00e5rd &amp; Fritid<\/title>\n<meta name=\"robots\" content=\"index, follow, max-snippet:-1, max-image-preview:large, max-video-preview:-1\" \/>\n<link rel=\"canonical\" href=\"https:\/\/truusk.store\/sv\/produkt\/truusk-kontorsstol-justerbart-ryggstod-rullande-stoppad-hojdjusterbar-stal-brun\/\" \/>\n<meta property=\"og:locale\" content=\"sv_SE\" \/>\n<meta property=\"og:type\" content=\"article\" \/>\n<meta property=\"og:title\" content=\"TRUUSK Kontorsstol - Justerbart ryggst\u00f6d - Rullande - Stoppad - H\u00f6jdjusterbar - St\u00e5l - Brun - TRUUSK - Hem, Tr\u00e4dg\u00e5rd &amp; Fritid\" \/>\n<meta property=\"og:description\" content=\"Letar du efter komfort och fokus under l\u00e5nga arbetstider? TRUUSK kontorsstol med fotst\u00f6d f\u00f6rb\u00e4ttrar ditt v\u00e4lbefinnande genom en lutning p\u00e5...\" \/>\n<meta property=\"og:url\" content=\"https:\/\/truusk.store\/sv\/produkt\/truusk-kontorsstol-justerbart-ryggstod-rullande-stoppad-hojdjusterbar-stal-brun\/\" \/>\n<meta property=\"og:site_name\" content=\"TRUUSK - Hem, Tr\u00e4dg\u00e5rd &amp; Fritid\" \/>\n<meta property=\"article:modified_time\" content=\"2026-03-12T07:48:19+00:00\" \/>\n<meta property=\"og:image\" content=\"https:\/\/i0.wp.com\/truusk.se\/wp-content\/uploads\/2025\/08\/kontorsstol-med-justerbar-ryggstod-rullande-stoppad-stol-stoppad-fatolj-hojdjusterbar-stal-brun-1.webp?fit=2000%2C2000&ssl=1\" \/>\n\t<meta property=\"og:image:width\" content=\"2000\" \/>\n\t<meta property=\"og:image:height\" content=\"2000\" \/>\n\t<meta property=\"og:image:type\" content=\"image\/webp\" \/>\n<meta name=\"twitter:card\" content=\"summary_large_image\" \/>\n<meta name=\"twitter:label1\" content=\"Ber\u00e4knad l\u00e4stid\" \/>\n\t<meta name=\"twitter:data1\" content=\"1 minut\" \/>\n<!-- \/ Yoast SEO plugin. -->","yoast_head_json":{"title":"TRUUSK Kontorsstol - Justerbart ryggst\u00f6d - Rullande - Stoppad - H\u00f6jdjusterbar - St\u00e5l - Brun - TRUUSK - Hem, Tr\u00e4dg\u00e5rd &amp; Fritid","robots":{"index":"index","follow":"follow","max-snippet":"max-snippet:-1","max-image-preview":"max-image-preview:large","max-video-preview":"max-video-preview:-1"},"canonical":"https:\/\/truusk.store\/sv\/produkt\/truusk-kontorsstol-justerbart-ryggstod-rullande-stoppad-hojdjusterbar-stal-brun\/","og_locale":"sv_SE","og_type":"article","og_title":"TRUUSK Kontorsstol - Justerbart ryggst\u00f6d - Rullande - Stoppad - H\u00f6jdjusterbar - St\u00e5l - Brun - TRUUSK - Hem, Tr\u00e4dg\u00e5rd &amp; Fritid","og_description":"Letar du efter komfort och fokus under l\u00e5nga arbetstider? TRUUSK kontorsstol med fotst\u00f6d f\u00f6rb\u00e4ttrar ditt v\u00e4lbefinnande genom en lutning p\u00e5...","og_url":"https:\/\/truusk.store\/sv\/produkt\/truusk-kontorsstol-justerbart-ryggstod-rullande-stoppad-hojdjusterbar-stal-brun\/","og_site_name":"TRUUSK - Hem, Tr\u00e4dg\u00e5rd &amp; Fritid","article_modified_time":"2026-03-12T07:48:19+00:00","og_image":[{"width":2000,"height":2000,"url":"https:\/\/i0.wp.com\/truusk.se\/wp-content\/uploads\/2025\/08\/kontorsstol-med-justerbar-ryggstod-rullande-stoppad-stol-stoppad-fatolj-hojdjusterbar-stal-brun-1.webp?fit=2000%2C2000&ssl=1","type":"image\/webp"}],"twitter_card":"summary_large_image","twitter_misc":{"Ber\u00e4knad l\u00e4stid":"1 minut"},"schema":{"@context":"https:\/\/schema.org","@graph":[{"@type":"WebPage","@id":"https:\/\/truusk.store\/sv\/produkt\/truusk-kontorsstol-justerbart-ryggstod-rullande-stoppad-hojdjusterbar-stal-brun\/","url":"https:\/\/truusk.store\/sv\/produkt\/truusk-kontorsstol-justerbart-ryggstod-rullande-stoppad-hojdjusterbar-stal-brun\/","name":"TRUUSK Kontorsstol - Justerbart ryggst\u00f6d - Rullande - Stoppad - H\u00f6jdjusterbar - St\u00e5l - Brun - TRUUSK - Hem, Tr\u00e4dg\u00e5rd &amp; Fritid","isPartOf":{"@id":"https:\/\/truusk.store\/sv\/#website"},"primaryImageOfPage":{"@id":"https:\/\/truusk.store\/sv\/produkt\/truusk-kontorsstol-justerbart-ryggstod-rullande-stoppad-hojdjusterbar-stal-brun\/#primaryimage"},"image":{"@id":"https:\/\/truusk.store\/sv\/produkt\/truusk-kontorsstol-justerbart-ryggstod-rullande-stoppad-hojdjusterbar-stal-brun\/#primaryimage"},"thumbnailUrl":"https:\/\/i0.wp.com\/truusk.store\/wp-content\/uploads\/2025\/08\/kontorsstol-med-justerbar-ryggstod-rullande-stoppad-stol-stoppad-fatolj-hojdjusterbar-stal-brun-1.webp?fit=2000%2C2000&ssl=1","datePublished":"2025-08-20T07:13:50+00:00","dateModified":"2026-03-12T07:48:19+00:00","breadcrumb":{"@id":"https:\/\/truusk.store\/sv\/produkt\/truusk-kontorsstol-justerbart-ryggstod-rullande-stoppad-hojdjusterbar-stal-brun\/#breadcrumb"},"inLanguage":"sv-SE","potentialAction":[{"@type":"ReadAction","target":["https:\/\/truusk.store\/sv\/produkt\/truusk-kontorsstol-justerbart-ryggstod-rullande-stoppad-hojdjusterbar-stal-brun\/"]}]},{"@type":"ImageObject","inLanguage":"sv-SE","@id":"https:\/\/truusk.store\/sv\/produkt\/truusk-kontorsstol-justerbart-ryggstod-rullande-stoppad-hojdjusterbar-stal-brun\/#primaryimage","url":"https:\/\/i0.wp.com\/truusk.store\/wp-content\/uploads\/2025\/08\/kontorsstol-med-justerbar-ryggstod-rullande-stoppad-stol-stoppad-fatolj-hojdjusterbar-stal-brun-1.webp?fit=2000%2C2000&ssl=1","contentUrl":"https:\/\/i0.wp.com\/truusk.store\/wp-content\/uploads\/2025\/08\/kontorsstol-med-justerbar-ryggstod-rullande-stoppad-stol-stoppad-fatolj-hojdjusterbar-stal-brun-1.webp?fit=2000%2C2000&ssl=1","width":2000,"height":2000},{"@type":"BreadcrumbList","@id":"https:\/\/truusk.store\/sv\/produkt\/truusk-kontorsstol-justerbart-ryggstod-rullande-stoppad-hojdjusterbar-stal-brun\/#breadcrumb","itemListElement":[{"@type":"ListItem","position":1,"name":"Home","item":"https:\/\/truusk.store\/sv\/"},{"@type":"ListItem","position":2,"name":"Shop","item":"https:\/\/truusk.store\/shop\/"},{"@type":"ListItem","position":3,"name":"TRUUSK Kontorsstol &#8211; Justerbart ryggst\u00f6d &#8211; Rullande &#8211; Stoppad &#8211; H\u00f6jdjusterbar &#8211; St\u00e5l &#8211; Brun"}]},{"@type":"WebSite","@id":"https:\/\/truusk.store\/sv\/#website","url":"https:\/\/truusk.store\/sv\/","name":"TRUUSK - Hem, Tr\u00e4dg\u00e5rd & Fritid","description":"","publisher":{"@id":"https:\/\/truusk.store\/sv\/#organization"},"potentialAction":[{"@type":"SearchAction","target":{"@type":"EntryPoint","urlTemplate":"https:\/\/truusk.store\/sv\/?s={search_term_string}"},"query-input":{"@type":"PropertyValueSpecification","valueRequired":true,"valueName":"search_term_string"}}],"inLanguage":"sv-SE"},{"@type":"Organization","@id":"https:\/\/truusk.store\/sv\/#organization","name":"TRUUSK - Hem, Tr\u00e4dg\u00e5rd & Fritid","url":"https:\/\/truusk.store\/sv\/","logo":{"@type":"ImageObject","inLanguage":"sv-SE","@id":"https:\/\/truusk.store\/sv\/#\/schema\/logo\/image\/","url":"https:\/\/i0.wp.com\/truusk.store\/wp-content\/uploads\/2026\/03\/cropped-TRUUSK.png?fit=2032%2C917&ssl=1","contentUrl":"https:\/\/i0.wp.com\/truusk.store\/wp-content\/uploads\/2026\/03\/cropped-TRUUSK.png?fit=2032%2C917&ssl=1","width":2032,"height":917,"caption":"TRUUSK - Hem, Tr\u00e4dg\u00e5rd & Fritid"},"image":{"@id":"https:\/\/truusk.store\/sv\/#\/schema\/logo\/image\/"}}]}},"jetpack_sharing_enabled":true,"_links":{"self":[{"href":"https:\/\/truusk.store\/sv\/wp-json\/wp\/v2\/product\/88565","targetHints":{"allow":["GET"]}}],"collection":[{"href":"https:\/\/truusk.store\/sv\/wp-json\/wp\/v2\/product"}],"about":[{"href":"https:\/\/truusk.store\/sv\/wp-json\/wp\/v2\/types\/product"}],"wp:featuredmedia":[{"embeddable":true,"href":"https:\/\/truusk.store\/sv\/wp-json\/wp\/v2\/media\/88556"}],"wp:attachment":[{"href":"https:\/\/truusk.store\/sv\/wp-json\/wp\/v2\/media?parent=88565"}],"wp:term":[{"taxonomy":"product_brand","embeddable":true,"href":"https:\/\/truusk.store\/sv\/wp-json\/wp\/v2\/product_brand?post=88565"},{"taxonomy":"product_cat","embeddable":true,"href":"https:\/\/truusk.store\/sv\/wp-json\/wp\/v2\/product_cat?post=88565"},{"taxonomy":"product_tag","embeddable":true,"href":"https:\/\/truusk.store\/sv\/wp-json\/wp\/v2\/product_tag?post=88565"}],"curies":[{"name":"wp","href":"https:\/\/api.w.org\/{rel}","templated":true}]}}