{"id":88585,"date":"2025-08-20T08:15:26","date_gmt":"2025-08-20T07:15:26","guid":{"rendered":"https:\/\/truusk.store\/product\/vadderad-kontorsstol-med-landkudde-och-nackstod-hojdjusterbar-rullbar-gra\/"},"modified":"2026-03-12T08:48:19","modified_gmt":"2026-03-12T07:48:19","slug":"truusk-kontorsstol-med-landkudde-och-nackstod-justerbar-hojd-rullbar-gra","status":"publish","type":"product","link":"https:\/\/truusk.store\/sv\/produkt\/truusk-kontorsstol-med-landkudde-och-nackstod-justerbar-hojd-rullbar-gra\/","title":{"rendered":"TRUUSK Kontorsstol med L\u00e4ndkudde och Nackst\u00f6d &#8211; Justerbar H\u00f6jd &#8211; Rullbar &#8211; Gr\u00e5"},"content":{"rendered":"<p>K\u00e4nner du pressen av l\u00e5nga kontorsdagar och l\u00e4ngtar efter snabb \u00e5terh\u00e4mtning utan att l\u00e4mna skrivbordet? TRUUSK kontorsstolen med 135\u00b0 lutningsfunktion m\u00f6jligg\u00f6r avkopplande lunchpauser. Gungfunktionen och de mjuka, sammetliknande kuddarna p\u00e5 sv\u00e4ngstolen ger ergonomisk komfort som g\u00f6r din arbetsdag trevlig och produktiv.<\/p>\n<p>Beskrivning:<\/p>\n<ul>\n<li> H\u00f6gresilient skum med en l\u00e4ndst\u00f6dkudde och en huvudkudde ger bekv\u00e4mt st\u00f6d och minskar l\u00e5ngvarig tr\u00f6tthet<\/li>\n<li> Mjukt tyg i sammetlook<\/li>\n<li> 135\u00b0 stegl\u00f6s ryggst\u00f6d och fotst\u00f6d p\u00e5 skrivbordsstolen erbjuder m\u00f6jligheter f\u00f6r bekv\u00e4ma tupplurer som \u00f6kar arbetsprestanda<\/li>\n<li> Justerbar sitth\u00f6jd fr\u00e4mjar en personlig h\u00e5llning<\/li>\n<li> BIFMA-certifiering, SGS-certifierad klass 4-gaslyft, designad f\u00f6r tillf\u00f6rlitlig s\u00e4kerhet och l\u00e5ngvarig h\u00e5llbarhet<\/li>\n<li> Sv\u00e4ngbart s\u00e4te och hjul p\u00e5 PC-stolen f\u00f6r smidig r\u00f6rlighet. Stora konstl\u00e4derhjul \u00e4r golvv\u00e4nliga, glider tyst och smidigt<\/li>\n<li> Knappad ryggst\u00f6d och rena linjer f\u00f6r modern stil<\/li>\n<li> Snabb montering kr\u00e4vs<\/li>\n<\/ul>\n<p> Tekniska data:<\/p>\n<ul>\n<li> F\u00e4rg: M\u00f6rkgr\u00e5<\/li>\n<li> Material: Sammetliknande tyg (100 % polyester), skum, metall, flerskiktsplatta<\/li>\n<li> Totala m\u00e5tt: 68,5B x 56D x 105-115H cm<\/li>\n<li> Liggytans m\u00e5tt: 68,5B x 100D x 104,5-114,5H cm<\/li>\n<li> Sitsstorlek: 52,5B x 45D x 43,5-53,5H cm<\/li>\n<li> Ryggst\u00f6dets storlek: 65L x 50B cm<\/li>\n<li> Armst\u00f6dets h\u00f6jd till sits: 20 cm<\/li>\n<li> Maximal belastning: 120 kg<\/li>\n<\/ul>\n<p>Leveransinneh\u00e5ll:<\/p>\n<ul>\n<li> 1 x Kontorsstol<\/li>\n<li> 1 x Handbok<\/li>\n<\/ul>\n","protected":false},"excerpt":{"rendered":"<p>K\u00e4nner du pressen av l\u00e5nga kontorsdagar och l\u00e4ngtar efter snabb \u00e5terh\u00e4mtning utan att l\u00e4mna skrivbordet? TRUUSK kontorsstolen med 135\u00b0 lutningsfunktion&#8230;<\/p>\n","protected":false},"featured_media":88576,"template":"","meta":[],"product_brand":[],"product_cat":[872,871,516],"product_tag":[],"class_list":{"0":"post-88585","1":"product","2":"type-product","3":"status-publish","4":"has-post-thumbnail","6":"product_cat-hemmakontor-arbetsplats","7":"product_cat-hus-hem","8":"product_cat-kontorsstolar","10":"first","11":"instock","12":"sale","13":"taxable","14":"shipping-taxable","15":"purchasable","16":"product-type-simple"},"yoast_head":"<!-- This site is optimized with the Yoast SEO plugin v25.4 - https:\/\/yoast.com\/wordpress\/plugins\/seo\/ -->\n<title>TRUUSK Kontorsstol med L\u00e4ndkudde och Nackst\u00f6d - Justerbar H\u00f6jd - Rullbar - Gr\u00e5 - TRUUSK - Hem, Tr\u00e4dg\u00e5rd &amp; Fritid<\/title>\n<meta name=\"robots\" content=\"index, follow, max-snippet:-1, max-image-preview:large, max-video-preview:-1\" \/>\n<link rel=\"canonical\" href=\"https:\/\/truusk.store\/sv\/produkt\/truusk-kontorsstol-med-landkudde-och-nackstod-justerbar-hojd-rullbar-gra\/\" \/>\n<meta property=\"og:locale\" content=\"sv_SE\" \/>\n<meta property=\"og:type\" content=\"article\" \/>\n<meta property=\"og:title\" content=\"TRUUSK Kontorsstol med L\u00e4ndkudde och Nackst\u00f6d - Justerbar H\u00f6jd - Rullbar - Gr\u00e5 - TRUUSK - Hem, Tr\u00e4dg\u00e5rd &amp; Fritid\" \/>\n<meta property=\"og:description\" content=\"K\u00e4nner du pressen av l\u00e5nga kontorsdagar och l\u00e4ngtar efter snabb \u00e5terh\u00e4mtning utan att l\u00e4mna skrivbordet? TRUUSK kontorsstolen med 135\u00b0 lutningsfunktion...\" \/>\n<meta property=\"og:url\" content=\"https:\/\/truusk.store\/sv\/produkt\/truusk-kontorsstol-med-landkudde-och-nackstod-justerbar-hojd-rullbar-gra\/\" \/>\n<meta property=\"og:site_name\" content=\"TRUUSK - Hem, Tr\u00e4dg\u00e5rd &amp; Fritid\" \/>\n<meta property=\"article:modified_time\" content=\"2026-03-12T07:48:19+00:00\" \/>\n<meta property=\"og:image\" content=\"https:\/\/i0.wp.com\/truusk.se\/wp-content\/uploads\/2025\/08\/vadderad-kontorsstol-med-landkudde-och-nackstod-hojdjusterbar-rullbar-gra-1.webp?fit=2000%2C2000&ssl=1\" \/>\n\t<meta property=\"og:image:width\" content=\"2000\" \/>\n\t<meta property=\"og:image:height\" content=\"2000\" \/>\n\t<meta property=\"og:image:type\" content=\"image\/webp\" \/>\n<meta name=\"twitter:card\" content=\"summary_large_image\" \/>\n<meta name=\"twitter:label1\" content=\"Ber\u00e4knad l\u00e4stid\" \/>\n\t<meta name=\"twitter:data1\" content=\"1 minut\" \/>\n<!-- \/ Yoast SEO plugin. -->","yoast_head_json":{"title":"TRUUSK Kontorsstol med L\u00e4ndkudde och Nackst\u00f6d - Justerbar H\u00f6jd - Rullbar - Gr\u00e5 - TRUUSK - Hem, Tr\u00e4dg\u00e5rd &amp; Fritid","robots":{"index":"index","follow":"follow","max-snippet":"max-snippet:-1","max-image-preview":"max-image-preview:large","max-video-preview":"max-video-preview:-1"},"canonical":"https:\/\/truusk.store\/sv\/produkt\/truusk-kontorsstol-med-landkudde-och-nackstod-justerbar-hojd-rullbar-gra\/","og_locale":"sv_SE","og_type":"article","og_title":"TRUUSK Kontorsstol med L\u00e4ndkudde och Nackst\u00f6d - Justerbar H\u00f6jd - Rullbar - Gr\u00e5 - TRUUSK - Hem, Tr\u00e4dg\u00e5rd &amp; Fritid","og_description":"K\u00e4nner du pressen av l\u00e5nga kontorsdagar och l\u00e4ngtar efter snabb \u00e5terh\u00e4mtning utan att l\u00e4mna skrivbordet? TRUUSK kontorsstolen med 135\u00b0 lutningsfunktion...","og_url":"https:\/\/truusk.store\/sv\/produkt\/truusk-kontorsstol-med-landkudde-och-nackstod-justerbar-hojd-rullbar-gra\/","og_site_name":"TRUUSK - Hem, Tr\u00e4dg\u00e5rd &amp; Fritid","article_modified_time":"2026-03-12T07:48:19+00:00","og_image":[{"width":2000,"height":2000,"url":"https:\/\/i0.wp.com\/truusk.se\/wp-content\/uploads\/2025\/08\/vadderad-kontorsstol-med-landkudde-och-nackstod-hojdjusterbar-rullbar-gra-1.webp?fit=2000%2C2000&ssl=1","type":"image\/webp"}],"twitter_card":"summary_large_image","twitter_misc":{"Ber\u00e4knad l\u00e4stid":"1 minut"},"schema":{"@context":"https:\/\/schema.org","@graph":[{"@type":"WebPage","@id":"https:\/\/truusk.store\/sv\/produkt\/truusk-kontorsstol-med-landkudde-och-nackstod-justerbar-hojd-rullbar-gra\/","url":"https:\/\/truusk.store\/sv\/produkt\/truusk-kontorsstol-med-landkudde-och-nackstod-justerbar-hojd-rullbar-gra\/","name":"TRUUSK Kontorsstol med L\u00e4ndkudde och Nackst\u00f6d - Justerbar H\u00f6jd - Rullbar - Gr\u00e5 - TRUUSK - Hem, Tr\u00e4dg\u00e5rd &amp; Fritid","isPartOf":{"@id":"https:\/\/truusk.store\/sv\/#website"},"primaryImageOfPage":{"@id":"https:\/\/truusk.store\/sv\/produkt\/truusk-kontorsstol-med-landkudde-och-nackstod-justerbar-hojd-rullbar-gra\/#primaryimage"},"image":{"@id":"https:\/\/truusk.store\/sv\/produkt\/truusk-kontorsstol-med-landkudde-och-nackstod-justerbar-hojd-rullbar-gra\/#primaryimage"},"thumbnailUrl":"https:\/\/i0.wp.com\/truusk.store\/wp-content\/uploads\/2025\/08\/vadderad-kontorsstol-med-landkudde-och-nackstod-hojdjusterbar-rullbar-gra-1.webp?fit=2000%2C2000&ssl=1","datePublished":"2025-08-20T07:15:26+00:00","dateModified":"2026-03-12T07:48:19+00:00","breadcrumb":{"@id":"https:\/\/truusk.store\/sv\/produkt\/truusk-kontorsstol-med-landkudde-och-nackstod-justerbar-hojd-rullbar-gra\/#breadcrumb"},"inLanguage":"sv-SE","potentialAction":[{"@type":"ReadAction","target":["https:\/\/truusk.store\/sv\/produkt\/truusk-kontorsstol-med-landkudde-och-nackstod-justerbar-hojd-rullbar-gra\/"]}]},{"@type":"ImageObject","inLanguage":"sv-SE","@id":"https:\/\/truusk.store\/sv\/produkt\/truusk-kontorsstol-med-landkudde-och-nackstod-justerbar-hojd-rullbar-gra\/#primaryimage","url":"https:\/\/i0.wp.com\/truusk.store\/wp-content\/uploads\/2025\/08\/vadderad-kontorsstol-med-landkudde-och-nackstod-hojdjusterbar-rullbar-gra-1.webp?fit=2000%2C2000&ssl=1","contentUrl":"https:\/\/i0.wp.com\/truusk.store\/wp-content\/uploads\/2025\/08\/vadderad-kontorsstol-med-landkudde-och-nackstod-hojdjusterbar-rullbar-gra-1.webp?fit=2000%2C2000&ssl=1","width":2000,"height":2000},{"@type":"BreadcrumbList","@id":"https:\/\/truusk.store\/sv\/produkt\/truusk-kontorsstol-med-landkudde-och-nackstod-justerbar-hojd-rullbar-gra\/#breadcrumb","itemListElement":[{"@type":"ListItem","position":1,"name":"Home","item":"https:\/\/truusk.store\/sv\/"},{"@type":"ListItem","position":2,"name":"Shop","item":"https:\/\/truusk.store\/shop\/"},{"@type":"ListItem","position":3,"name":"TRUUSK Kontorsstol med L\u00e4ndkudde och Nackst\u00f6d &#8211; Justerbar H\u00f6jd &#8211; Rullbar &#8211; Gr\u00e5"}]},{"@type":"WebSite","@id":"https:\/\/truusk.store\/sv\/#website","url":"https:\/\/truusk.store\/sv\/","name":"TRUUSK - Hem, Tr\u00e4dg\u00e5rd & Fritid","description":"","publisher":{"@id":"https:\/\/truusk.store\/sv\/#organization"},"potentialAction":[{"@type":"SearchAction","target":{"@type":"EntryPoint","urlTemplate":"https:\/\/truusk.store\/sv\/?s={search_term_string}"},"query-input":{"@type":"PropertyValueSpecification","valueRequired":true,"valueName":"search_term_string"}}],"inLanguage":"sv-SE"},{"@type":"Organization","@id":"https:\/\/truusk.store\/sv\/#organization","name":"TRUUSK - Hem, Tr\u00e4dg\u00e5rd & Fritid","url":"https:\/\/truusk.store\/sv\/","logo":{"@type":"ImageObject","inLanguage":"sv-SE","@id":"https:\/\/truusk.store\/sv\/#\/schema\/logo\/image\/","url":"https:\/\/i0.wp.com\/truusk.store\/wp-content\/uploads\/2026\/03\/cropped-TRUUSK.png?fit=2032%2C917&ssl=1","contentUrl":"https:\/\/i0.wp.com\/truusk.store\/wp-content\/uploads\/2026\/03\/cropped-TRUUSK.png?fit=2032%2C917&ssl=1","width":2032,"height":917,"caption":"TRUUSK - Hem, Tr\u00e4dg\u00e5rd & Fritid"},"image":{"@id":"https:\/\/truusk.store\/sv\/#\/schema\/logo\/image\/"}}]}},"jetpack_sharing_enabled":true,"_links":{"self":[{"href":"https:\/\/truusk.store\/sv\/wp-json\/wp\/v2\/product\/88585","targetHints":{"allow":["GET"]}}],"collection":[{"href":"https:\/\/truusk.store\/sv\/wp-json\/wp\/v2\/product"}],"about":[{"href":"https:\/\/truusk.store\/sv\/wp-json\/wp\/v2\/types\/product"}],"wp:featuredmedia":[{"embeddable":true,"href":"https:\/\/truusk.store\/sv\/wp-json\/wp\/v2\/media\/88576"}],"wp:attachment":[{"href":"https:\/\/truusk.store\/sv\/wp-json\/wp\/v2\/media?parent=88585"}],"wp:term":[{"taxonomy":"product_brand","embeddable":true,"href":"https:\/\/truusk.store\/sv\/wp-json\/wp\/v2\/product_brand?post=88585"},{"taxonomy":"product_cat","embeddable":true,"href":"https:\/\/truusk.store\/sv\/wp-json\/wp\/v2\/product_cat?post=88585"},{"taxonomy":"product_tag","embeddable":true,"href":"https:\/\/truusk.store\/sv\/wp-json\/wp\/v2\/product_tag?post=88585"}],"curies":[{"name":"wp","href":"https:\/\/api.w.org\/{rel}","templated":true}]}}