{"id":88605,"date":"2025-08-20T08:17:51","date_gmt":"2025-08-20T07:17:51","guid":{"rendered":"https:\/\/truusk.store\/product\/aiyaplay-barnscooter-med-justerbart-styre-stora-hjul-parkeringsstall-handbroms-for-barn-i-aldern-5-12-ar-bla\/"},"modified":"2026-03-12T08:48:30","modified_gmt":"2026-03-12T07:48:30","slug":"truusk-barnscooter-med-justerbart-styre-stora-hjul-parkeringsstall-handbroms-for-barn-i-aldern-5-12-ar-bla","status":"publish","type":"product","link":"https:\/\/truusk.store\/sv\/produkt\/truusk-barnscooter-med-justerbart-styre-stora-hjul-parkeringsstall-handbroms-for-barn-i-aldern-5-12-ar-bla\/","title":{"rendered":"TRUUSK Barnscooter Med Justerbart Styre &#8211; Stora Hjul &#8211; Parkeringsst\u00e4ll &#8211; Handbroms &#8211; F\u00f6r Barn I \u00e5ldern 5-12 \u00e5r &#8211; Bl\u00e5"},"content":{"rendered":"<p>Designad f\u00f6r barn fr\u00e5n 5 till 12 \u00e5r, v\u00e4xer denna sparkcykel med ditt barn och erbjuder l\u00e5ngvarig k\u00f6rning. En p\u00e5litlig handbroms p\u00e5 sparkcykeln s\u00e4kerst\u00e4ller s\u00e4ker stoppning och de stora hjulen hanterar gr\u00e4somr\u00e5den och smutsstigar utan problem. Perfekt f\u00f6r parken och andra utomhusomr\u00e5den, f\u00f6rvandlar den alla milj\u00f6er till en \u00e4ventyrslekplats!<\/p>\n<p>Beskrivning:<\/p>\n<ul>\n<li> H\u00f6jdjusterbar fr\u00e5n 80 cm till 88 cm, f\u00f6r barn i \u00e5ldern 5 till 12 \u00e5r<\/li>\n<li> Robust st\u00e5lram p\u00e5 barnsparkcykeln b\u00e4r upp till 50 kg, f\u00f6r l\u00e5ngvarig anv\u00e4ndning<\/li>\n<li> Den bakre handbromsen ger p\u00e5litlig bromskraft f\u00f6r \u00f6kad s\u00e4kerhet<\/li>\n<li> Bromsen \u00e4r f\u00f6rmonterad och justerad<\/li>\n<li> Stora 12-tums EVA-hjul p\u00e5 sparkcykeln glider mjukt \u00f6ver gr\u00e4s och grova stigar<\/li>\n<li> St\u00e4llet g\u00f6r det enkelt att parkera och h\u00e5ller sparkcykeln uppr\u00e4tt<\/li>\n<li> V\u00e4xer med ditt barn och erbjuder \u00e5r av roligt och \u00e4ventyr<\/li>\n<li> Montering kr\u00e4vs<\/li>\n<\/ul>\n<p> Tekniska data:<\/p>\n<ul>\n<li> F\u00e4rg: Bl\u00e5+Svart<\/li>\n<li> Material: St\u00e5l, Plast<\/li>\n<li> Totala dimensioner: 115L x 50B x 80-88H cm<\/li>\n<li> Styrbredd: 50 cm<\/li>\n<li> Trampytstorlek: 31L x 10,8B cm<\/li>\n<li> Hjuldiameter: \u00d830 cm<\/li>\n<li> Maximal belastning: 50 kg<\/li>\n<li> Rekommenderad \u00e5lder: 5-12 \u00e5r<\/li>\n<\/ul>\n<p>Leveransinneh\u00e5ll:<\/p>\n<ul>\n<li> 1 x Barnsparkcykel<\/li>\n<li> 1 x Bruksanvisning<\/li>\n<\/ul>\n","protected":false},"excerpt":{"rendered":"<p>Designad f\u00f6r barn fr\u00e5n 5 till 12 \u00e5r, v\u00e4xer denna sparkcykel med ditt barn och erbjuder l\u00e5ngvarig k\u00f6rning. En p\u00e5litlig&#8230;<\/p>\n","protected":false},"featured_media":88596,"template":"","meta":[],"product_brand":[],"product_cat":[880,610,1010],"product_tag":[],"class_list":{"0":"post-88605","1":"product","2":"type-product","3":"status-publish","4":"has-post-thumbnail","6":"product_cat-baby-barn-2","7":"product_cat-barnfordon","8":"product_cat-sparkcyklar","10":"first","11":"instock","12":"sale","13":"taxable","14":"shipping-taxable","15":"purchasable","16":"product-type-simple"},"yoast_head":"<!-- This site is optimized with the Yoast SEO plugin v25.4 - https:\/\/yoast.com\/wordpress\/plugins\/seo\/ -->\n<title>TRUUSK Barnscooter Med Justerbart Styre - Stora Hjul - Parkeringsst\u00e4ll - Handbroms - F\u00f6r Barn I \u00e5ldern 5-12 \u00e5r - Bl\u00e5 - TRUUSK - Hem, Tr\u00e4dg\u00e5rd &amp; Fritid<\/title>\n<meta name=\"robots\" content=\"index, follow, max-snippet:-1, max-image-preview:large, max-video-preview:-1\" \/>\n<link rel=\"canonical\" href=\"https:\/\/truusk.store\/sv\/produkt\/truusk-barnscooter-med-justerbart-styre-stora-hjul-parkeringsstall-handbroms-for-barn-i-aldern-5-12-ar-bla\/\" \/>\n<meta property=\"og:locale\" content=\"sv_SE\" \/>\n<meta property=\"og:type\" content=\"article\" \/>\n<meta property=\"og:title\" content=\"TRUUSK Barnscooter Med Justerbart Styre - Stora Hjul - Parkeringsst\u00e4ll - Handbroms - F\u00f6r Barn I \u00e5ldern 5-12 \u00e5r - Bl\u00e5 - TRUUSK - Hem, Tr\u00e4dg\u00e5rd &amp; Fritid\" \/>\n<meta property=\"og:description\" content=\"Designad f\u00f6r barn fr\u00e5n 5 till 12 \u00e5r, v\u00e4xer denna sparkcykel med ditt barn och erbjuder l\u00e5ngvarig k\u00f6rning. En p\u00e5litlig...\" \/>\n<meta property=\"og:url\" content=\"https:\/\/truusk.store\/sv\/produkt\/truusk-barnscooter-med-justerbart-styre-stora-hjul-parkeringsstall-handbroms-for-barn-i-aldern-5-12-ar-bla\/\" \/>\n<meta property=\"og:site_name\" content=\"TRUUSK - Hem, Tr\u00e4dg\u00e5rd &amp; Fritid\" \/>\n<meta property=\"article:modified_time\" content=\"2026-03-12T07:48:30+00:00\" \/>\n<meta property=\"og:image\" content=\"https:\/\/i0.wp.com\/truusk.se\/wp-content\/uploads\/2025\/08\/aiyaplay-barnscooter-med-justerbart-styre-stora-hjul-parkeringsstall-handbroms-for-barn-i-aldern-5-12-ar-bla-1.webp?fit=2000%2C2000&ssl=1\" \/>\n\t<meta property=\"og:image:width\" content=\"2000\" \/>\n\t<meta property=\"og:image:height\" content=\"2000\" \/>\n\t<meta property=\"og:image:type\" content=\"image\/webp\" \/>\n<meta name=\"twitter:card\" content=\"summary_large_image\" \/>\n<meta name=\"twitter:label1\" content=\"Ber\u00e4knad l\u00e4stid\" \/>\n\t<meta name=\"twitter:data1\" content=\"1 minut\" \/>\n<!-- \/ Yoast SEO plugin. -->","yoast_head_json":{"title":"TRUUSK Barnscooter Med Justerbart Styre - Stora Hjul - Parkeringsst\u00e4ll - Handbroms - F\u00f6r Barn I \u00e5ldern 5-12 \u00e5r - Bl\u00e5 - TRUUSK - Hem, Tr\u00e4dg\u00e5rd &amp; Fritid","robots":{"index":"index","follow":"follow","max-snippet":"max-snippet:-1","max-image-preview":"max-image-preview:large","max-video-preview":"max-video-preview:-1"},"canonical":"https:\/\/truusk.store\/sv\/produkt\/truusk-barnscooter-med-justerbart-styre-stora-hjul-parkeringsstall-handbroms-for-barn-i-aldern-5-12-ar-bla\/","og_locale":"sv_SE","og_type":"article","og_title":"TRUUSK Barnscooter Med Justerbart Styre - Stora Hjul - Parkeringsst\u00e4ll - Handbroms - F\u00f6r Barn I \u00e5ldern 5-12 \u00e5r - Bl\u00e5 - TRUUSK - Hem, Tr\u00e4dg\u00e5rd &amp; Fritid","og_description":"Designad f\u00f6r barn fr\u00e5n 5 till 12 \u00e5r, v\u00e4xer denna sparkcykel med ditt barn och erbjuder l\u00e5ngvarig k\u00f6rning. En p\u00e5litlig...","og_url":"https:\/\/truusk.store\/sv\/produkt\/truusk-barnscooter-med-justerbart-styre-stora-hjul-parkeringsstall-handbroms-for-barn-i-aldern-5-12-ar-bla\/","og_site_name":"TRUUSK - Hem, Tr\u00e4dg\u00e5rd &amp; Fritid","article_modified_time":"2026-03-12T07:48:30+00:00","og_image":[{"width":2000,"height":2000,"url":"https:\/\/i0.wp.com\/truusk.se\/wp-content\/uploads\/2025\/08\/aiyaplay-barnscooter-med-justerbart-styre-stora-hjul-parkeringsstall-handbroms-for-barn-i-aldern-5-12-ar-bla-1.webp?fit=2000%2C2000&ssl=1","type":"image\/webp"}],"twitter_card":"summary_large_image","twitter_misc":{"Ber\u00e4knad l\u00e4stid":"1 minut"},"schema":{"@context":"https:\/\/schema.org","@graph":[{"@type":"WebPage","@id":"https:\/\/truusk.store\/sv\/produkt\/truusk-barnscooter-med-justerbart-styre-stora-hjul-parkeringsstall-handbroms-for-barn-i-aldern-5-12-ar-bla\/","url":"https:\/\/truusk.store\/sv\/produkt\/truusk-barnscooter-med-justerbart-styre-stora-hjul-parkeringsstall-handbroms-for-barn-i-aldern-5-12-ar-bla\/","name":"TRUUSK Barnscooter Med Justerbart Styre - Stora Hjul - Parkeringsst\u00e4ll - Handbroms - F\u00f6r Barn I \u00e5ldern 5-12 \u00e5r - Bl\u00e5 - TRUUSK - Hem, Tr\u00e4dg\u00e5rd &amp; Fritid","isPartOf":{"@id":"https:\/\/truusk.store\/sv\/#website"},"primaryImageOfPage":{"@id":"https:\/\/truusk.store\/sv\/produkt\/truusk-barnscooter-med-justerbart-styre-stora-hjul-parkeringsstall-handbroms-for-barn-i-aldern-5-12-ar-bla\/#primaryimage"},"image":{"@id":"https:\/\/truusk.store\/sv\/produkt\/truusk-barnscooter-med-justerbart-styre-stora-hjul-parkeringsstall-handbroms-for-barn-i-aldern-5-12-ar-bla\/#primaryimage"},"thumbnailUrl":"https:\/\/i0.wp.com\/truusk.store\/wp-content\/uploads\/2025\/08\/aiyaplay-barnscooter-med-justerbart-styre-stora-hjul-parkeringsstall-handbroms-for-barn-i-aldern-5-12-ar-bla-1.webp?fit=2000%2C2000&ssl=1","datePublished":"2025-08-20T07:17:51+00:00","dateModified":"2026-03-12T07:48:30+00:00","breadcrumb":{"@id":"https:\/\/truusk.store\/sv\/produkt\/truusk-barnscooter-med-justerbart-styre-stora-hjul-parkeringsstall-handbroms-for-barn-i-aldern-5-12-ar-bla\/#breadcrumb"},"inLanguage":"sv-SE","potentialAction":[{"@type":"ReadAction","target":["https:\/\/truusk.store\/sv\/produkt\/truusk-barnscooter-med-justerbart-styre-stora-hjul-parkeringsstall-handbroms-for-barn-i-aldern-5-12-ar-bla\/"]}]},{"@type":"ImageObject","inLanguage":"sv-SE","@id":"https:\/\/truusk.store\/sv\/produkt\/truusk-barnscooter-med-justerbart-styre-stora-hjul-parkeringsstall-handbroms-for-barn-i-aldern-5-12-ar-bla\/#primaryimage","url":"https:\/\/i0.wp.com\/truusk.store\/wp-content\/uploads\/2025\/08\/aiyaplay-barnscooter-med-justerbart-styre-stora-hjul-parkeringsstall-handbroms-for-barn-i-aldern-5-12-ar-bla-1.webp?fit=2000%2C2000&ssl=1","contentUrl":"https:\/\/i0.wp.com\/truusk.store\/wp-content\/uploads\/2025\/08\/aiyaplay-barnscooter-med-justerbart-styre-stora-hjul-parkeringsstall-handbroms-for-barn-i-aldern-5-12-ar-bla-1.webp?fit=2000%2C2000&ssl=1","width":2000,"height":2000},{"@type":"BreadcrumbList","@id":"https:\/\/truusk.store\/sv\/produkt\/truusk-barnscooter-med-justerbart-styre-stora-hjul-parkeringsstall-handbroms-for-barn-i-aldern-5-12-ar-bla\/#breadcrumb","itemListElement":[{"@type":"ListItem","position":1,"name":"Home","item":"https:\/\/truusk.store\/sv\/"},{"@type":"ListItem","position":2,"name":"Shop","item":"https:\/\/truusk.store\/shop\/"},{"@type":"ListItem","position":3,"name":"TRUUSK Barnscooter Med Justerbart Styre &#8211; Stora Hjul &#8211; Parkeringsst\u00e4ll &#8211; Handbroms &#8211; F\u00f6r Barn I \u00e5ldern 5-12 \u00e5r &#8211; Bl\u00e5"}]},{"@type":"WebSite","@id":"https:\/\/truusk.store\/sv\/#website","url":"https:\/\/truusk.store\/sv\/","name":"TRUUSK - Hem, Tr\u00e4dg\u00e5rd & Fritid","description":"","publisher":{"@id":"https:\/\/truusk.store\/sv\/#organization"},"potentialAction":[{"@type":"SearchAction","target":{"@type":"EntryPoint","urlTemplate":"https:\/\/truusk.store\/sv\/?s={search_term_string}"},"query-input":{"@type":"PropertyValueSpecification","valueRequired":true,"valueName":"search_term_string"}}],"inLanguage":"sv-SE"},{"@type":"Organization","@id":"https:\/\/truusk.store\/sv\/#organization","name":"TRUUSK - Hem, Tr\u00e4dg\u00e5rd & Fritid","url":"https:\/\/truusk.store\/sv\/","logo":{"@type":"ImageObject","inLanguage":"sv-SE","@id":"https:\/\/truusk.store\/sv\/#\/schema\/logo\/image\/","url":"https:\/\/i0.wp.com\/truusk.store\/wp-content\/uploads\/2026\/03\/cropped-TRUUSK.png?fit=2032%2C917&ssl=1","contentUrl":"https:\/\/i0.wp.com\/truusk.store\/wp-content\/uploads\/2026\/03\/cropped-TRUUSK.png?fit=2032%2C917&ssl=1","width":2032,"height":917,"caption":"TRUUSK - Hem, Tr\u00e4dg\u00e5rd & Fritid"},"image":{"@id":"https:\/\/truusk.store\/sv\/#\/schema\/logo\/image\/"}}]}},"jetpack_sharing_enabled":true,"_links":{"self":[{"href":"https:\/\/truusk.store\/sv\/wp-json\/wp\/v2\/product\/88605","targetHints":{"allow":["GET"]}}],"collection":[{"href":"https:\/\/truusk.store\/sv\/wp-json\/wp\/v2\/product"}],"about":[{"href":"https:\/\/truusk.store\/sv\/wp-json\/wp\/v2\/types\/product"}],"wp:featuredmedia":[{"embeddable":true,"href":"https:\/\/truusk.store\/sv\/wp-json\/wp\/v2\/media\/88596"}],"wp:attachment":[{"href":"https:\/\/truusk.store\/sv\/wp-json\/wp\/v2\/media?parent=88605"}],"wp:term":[{"taxonomy":"product_brand","embeddable":true,"href":"https:\/\/truusk.store\/sv\/wp-json\/wp\/v2\/product_brand?post=88605"},{"taxonomy":"product_cat","embeddable":true,"href":"https:\/\/truusk.store\/sv\/wp-json\/wp\/v2\/product_cat?post=88605"},{"taxonomy":"product_tag","embeddable":true,"href":"https:\/\/truusk.store\/sv\/wp-json\/wp\/v2\/product_tag?post=88605"}],"curies":[{"name":"wp","href":"https:\/\/api.w.org\/{rel}","templated":true}]}}