{"id":88655,"date":"2025-08-20T08:22:27","date_gmt":"2025-08-20T07:22:27","guid":{"rendered":"https:\/\/truusk.store\/product\/vattenkokare-och-brodrost-set-17-l-olika-funktioner-rostfritt-stal-svart\/"},"modified":"2026-03-12T08:48:46","modified_gmt":"2026-03-12T07:48:46","slug":"truusk-vattenkokare-och-brodrost-set-17-l-olika-funktioner-rostfritt-stal-svart","status":"publish","type":"product","link":"https:\/\/truusk.store\/sv\/produkt\/truusk-vattenkokare-och-brodrost-set-17-l-olika-funktioner-rostfritt-stal-svart\/","title":{"rendered":"TRUUSK Vattenkokare och Br\u00f6drost Set &#8211; 1,7 L &#8211; Olika Funktioner &#8211; Rostfritt St\u00e5l &#8211; Svart"},"content":{"rendered":"<p>F\u00f6rb\u00e4ttra din morgon med TRUUSK Svart Vattenkokare och Br\u00f6drost Set. Detta eleganta set inkluderar en 2200W vattenkokare som kokar vatten p\u00e5 bara 42 sekunder, och en flexibel br\u00f6drost med uppv\u00e4rmnings-, upptiningsfunktion och sju rostningsniv\u00e5er. B\u00e5da apparaterna erbjuder automatisk s\u00e4kerhetsavst\u00e4ngning och \u00e4r l\u00e4tta att anv\u00e4nda och reng\u00f6ra, f\u00f6r en perfekt frukost.<\/p>\n<p>Beskrivning:<\/p>\n<ul>\n<li> Vattenkokaren med en kapacitet p\u00e5 1,7 liter f\u00f6rbereder 6-8 koppar per kokning<\/li>\n<li> Br\u00f6drosten har uppv\u00e4rmnings-, upptinings- och avbrytningsfunktioner. Br\u00f6drostens h\u00f6jdesign underl\u00e4ttar borttagning av sm\u00e5 skivor<\/li>\n<li> Br\u00f6drosten erbjuder sju rostningsniv\u00e5er f\u00f6r l\u00e4ckert rostat br\u00f6d varje g\u00e5ng<\/li>\n<li> B\u00e5da apparaterna \u00e4r BPA-fria och garanterar s\u00e4kerhet<\/li>\n<li> Vattenkokaren \u00e4r utrustad med torrg\u00e5ngsskydd och automatisk avst\u00e4ngning. Br\u00f6drosten centrerar automatiskt och st\u00e4nger av om den fastnar<\/li>\n<li> Integrerad kabelhantering i vattenkokaren h\u00e5ller k\u00f6ket snyggt<\/li>\n<li> Vattenkokarens utloppsfilter underl\u00e4ttar reng\u00f6ring<\/li>\n<li> Automatiskt \u00f6ppnande lock p\u00e5 vattenkokaren f\u00f6r enkel anv\u00e4ndning med en hand<\/li>\n<\/ul>\n<p> Tekniska data:<\/p>\n<ul>\n<li> F\u00e4rg: Svart+Silverton<\/li>\n<li> Material: Plast, Rostfritt st\u00e5l<\/li>\n<li> Vattenkokarens dimensioner: 20,4L x 15,6B x 23,3H cm (med bas)<\/li>\n<li> Vattenkokarens kapacitet: 1,7 L (Max), 500 mL (Min)<\/li>\n<li> Br\u00f6drostens dimensioner: 27,4L x 17,8B x 19,2H cm<\/li>\n<li> Storlek p\u00e5 varje sp\u00e5r: 13,5L x 3,5B x 13,5H cm<\/li>\n<li> Sp\u00e4nning: 220-240V, 50\/60Hz<\/li>\n<li> Effekt: 1850-2200W (Vattenkokare), 920-1080W (Br\u00f6drost)<\/li>\n<li> Kabell\u00e4ngd: 0,7 m (Vattenkokare, Br\u00f6drost)<\/li>\n<\/ul>\n<p>Leveransinneh\u00e5ll:<\/p>\n<ul>\n<li> 1 x Vattenkokare<\/li>\n<li> 1 x Br\u00f6drost<\/li>\n<li> 1 x Bruksanvisning<\/li>\n<\/ul>\n","protected":false},"excerpt":{"rendered":"<p>F\u00f6rb\u00e4ttra din morgon med TRUUSK Svart Vattenkokare och Br\u00f6drost Set. Detta eleganta set inkluderar en 2200W vattenkokare som kokar vatten&#8230;<\/p>\n","protected":false},"featured_media":88646,"template":"","meta":[],"product_brand":[],"product_cat":[871,498,933,1074],"product_tag":[],"class_list":{"0":"post-88655","1":"product","2":"type-product","3":"status-publish","4":"has-post-thumbnail","6":"product_cat-hus-hem","7":"product_cat-hushallsapparater","8":"product_cat-koksapparater","9":"product_cat-wasserkocher-toaster-sets","11":"first","12":"instock","13":"sale","14":"taxable","15":"shipping-taxable","16":"purchasable","17":"product-type-simple"},"yoast_head":"<!-- This site is optimized with the Yoast SEO plugin v25.4 - https:\/\/yoast.com\/wordpress\/plugins\/seo\/ -->\n<title>TRUUSK Vattenkokare och Br\u00f6drost Set - 1,7 L - Olika Funktioner - Rostfritt St\u00e5l - Svart - TRUUSK - Hem, Tr\u00e4dg\u00e5rd &amp; Fritid<\/title>\n<meta name=\"robots\" content=\"index, follow, max-snippet:-1, max-image-preview:large, max-video-preview:-1\" \/>\n<link rel=\"canonical\" href=\"https:\/\/truusk.store\/sv\/produkt\/truusk-vattenkokare-och-brodrost-set-17-l-olika-funktioner-rostfritt-stal-svart\/\" \/>\n<meta property=\"og:locale\" content=\"sv_SE\" \/>\n<meta property=\"og:type\" content=\"article\" \/>\n<meta property=\"og:title\" content=\"TRUUSK Vattenkokare och Br\u00f6drost Set - 1,7 L - Olika Funktioner - Rostfritt St\u00e5l - Svart - TRUUSK - Hem, Tr\u00e4dg\u00e5rd &amp; Fritid\" \/>\n<meta property=\"og:description\" content=\"F\u00f6rb\u00e4ttra din morgon med TRUUSK Svart Vattenkokare och Br\u00f6drost Set. Detta eleganta set inkluderar en 2200W vattenkokare som kokar vatten...\" \/>\n<meta property=\"og:url\" content=\"https:\/\/truusk.store\/sv\/produkt\/truusk-vattenkokare-och-brodrost-set-17-l-olika-funktioner-rostfritt-stal-svart\/\" \/>\n<meta property=\"og:site_name\" content=\"TRUUSK - Hem, Tr\u00e4dg\u00e5rd &amp; Fritid\" \/>\n<meta property=\"article:modified_time\" content=\"2026-03-12T07:48:46+00:00\" \/>\n<meta property=\"og:image\" content=\"https:\/\/i0.wp.com\/truusk.se\/wp-content\/uploads\/2025\/08\/vattenkokare-och-brodrost-set-17-l-olika-funktioner-rostfritt-stal-svart-1.webp?fit=2000%2C2000&ssl=1\" \/>\n\t<meta property=\"og:image:width\" content=\"2000\" \/>\n\t<meta property=\"og:image:height\" content=\"2000\" \/>\n\t<meta property=\"og:image:type\" content=\"image\/webp\" \/>\n<meta name=\"twitter:card\" content=\"summary_large_image\" \/>\n<meta name=\"twitter:label1\" content=\"Ber\u00e4knad l\u00e4stid\" \/>\n\t<meta name=\"twitter:data1\" content=\"1 minut\" \/>\n<!-- \/ Yoast SEO plugin. -->","yoast_head_json":{"title":"TRUUSK Vattenkokare och Br\u00f6drost Set - 1,7 L - Olika Funktioner - Rostfritt St\u00e5l - Svart - TRUUSK - Hem, Tr\u00e4dg\u00e5rd &amp; Fritid","robots":{"index":"index","follow":"follow","max-snippet":"max-snippet:-1","max-image-preview":"max-image-preview:large","max-video-preview":"max-video-preview:-1"},"canonical":"https:\/\/truusk.store\/sv\/produkt\/truusk-vattenkokare-och-brodrost-set-17-l-olika-funktioner-rostfritt-stal-svart\/","og_locale":"sv_SE","og_type":"article","og_title":"TRUUSK Vattenkokare och Br\u00f6drost Set - 1,7 L - Olika Funktioner - Rostfritt St\u00e5l - Svart - TRUUSK - Hem, Tr\u00e4dg\u00e5rd &amp; Fritid","og_description":"F\u00f6rb\u00e4ttra din morgon med TRUUSK Svart Vattenkokare och Br\u00f6drost Set. Detta eleganta set inkluderar en 2200W vattenkokare som kokar vatten...","og_url":"https:\/\/truusk.store\/sv\/produkt\/truusk-vattenkokare-och-brodrost-set-17-l-olika-funktioner-rostfritt-stal-svart\/","og_site_name":"TRUUSK - Hem, Tr\u00e4dg\u00e5rd &amp; Fritid","article_modified_time":"2026-03-12T07:48:46+00:00","og_image":[{"width":2000,"height":2000,"url":"https:\/\/i0.wp.com\/truusk.se\/wp-content\/uploads\/2025\/08\/vattenkokare-och-brodrost-set-17-l-olika-funktioner-rostfritt-stal-svart-1.webp?fit=2000%2C2000&ssl=1","type":"image\/webp"}],"twitter_card":"summary_large_image","twitter_misc":{"Ber\u00e4knad l\u00e4stid":"1 minut"},"schema":{"@context":"https:\/\/schema.org","@graph":[{"@type":"WebPage","@id":"https:\/\/truusk.store\/sv\/produkt\/truusk-vattenkokare-och-brodrost-set-17-l-olika-funktioner-rostfritt-stal-svart\/","url":"https:\/\/truusk.store\/sv\/produkt\/truusk-vattenkokare-och-brodrost-set-17-l-olika-funktioner-rostfritt-stal-svart\/","name":"TRUUSK Vattenkokare och Br\u00f6drost Set - 1,7 L - Olika Funktioner - Rostfritt St\u00e5l - Svart - TRUUSK - Hem, Tr\u00e4dg\u00e5rd &amp; Fritid","isPartOf":{"@id":"https:\/\/truusk.store\/sv\/#website"},"primaryImageOfPage":{"@id":"https:\/\/truusk.store\/sv\/produkt\/truusk-vattenkokare-och-brodrost-set-17-l-olika-funktioner-rostfritt-stal-svart\/#primaryimage"},"image":{"@id":"https:\/\/truusk.store\/sv\/produkt\/truusk-vattenkokare-och-brodrost-set-17-l-olika-funktioner-rostfritt-stal-svart\/#primaryimage"},"thumbnailUrl":"https:\/\/i0.wp.com\/truusk.store\/wp-content\/uploads\/2025\/08\/vattenkokare-och-brodrost-set-17-l-olika-funktioner-rostfritt-stal-svart-1.webp?fit=2000%2C2000&ssl=1","datePublished":"2025-08-20T07:22:27+00:00","dateModified":"2026-03-12T07:48:46+00:00","breadcrumb":{"@id":"https:\/\/truusk.store\/sv\/produkt\/truusk-vattenkokare-och-brodrost-set-17-l-olika-funktioner-rostfritt-stal-svart\/#breadcrumb"},"inLanguage":"sv-SE","potentialAction":[{"@type":"ReadAction","target":["https:\/\/truusk.store\/sv\/produkt\/truusk-vattenkokare-och-brodrost-set-17-l-olika-funktioner-rostfritt-stal-svart\/"]}]},{"@type":"ImageObject","inLanguage":"sv-SE","@id":"https:\/\/truusk.store\/sv\/produkt\/truusk-vattenkokare-och-brodrost-set-17-l-olika-funktioner-rostfritt-stal-svart\/#primaryimage","url":"https:\/\/i0.wp.com\/truusk.store\/wp-content\/uploads\/2025\/08\/vattenkokare-och-brodrost-set-17-l-olika-funktioner-rostfritt-stal-svart-1.webp?fit=2000%2C2000&ssl=1","contentUrl":"https:\/\/i0.wp.com\/truusk.store\/wp-content\/uploads\/2025\/08\/vattenkokare-och-brodrost-set-17-l-olika-funktioner-rostfritt-stal-svart-1.webp?fit=2000%2C2000&ssl=1","width":2000,"height":2000},{"@type":"BreadcrumbList","@id":"https:\/\/truusk.store\/sv\/produkt\/truusk-vattenkokare-och-brodrost-set-17-l-olika-funktioner-rostfritt-stal-svart\/#breadcrumb","itemListElement":[{"@type":"ListItem","position":1,"name":"Home","item":"https:\/\/truusk.store\/sv\/"},{"@type":"ListItem","position":2,"name":"Shop","item":"https:\/\/truusk.store\/shop\/"},{"@type":"ListItem","position":3,"name":"TRUUSK Vattenkokare och Br\u00f6drost Set &#8211; 1,7 L &#8211; Olika Funktioner &#8211; Rostfritt St\u00e5l &#8211; Svart"}]},{"@type":"WebSite","@id":"https:\/\/truusk.store\/sv\/#website","url":"https:\/\/truusk.store\/sv\/","name":"TRUUSK - Hem, Tr\u00e4dg\u00e5rd & Fritid","description":"","publisher":{"@id":"https:\/\/truusk.store\/sv\/#organization"},"potentialAction":[{"@type":"SearchAction","target":{"@type":"EntryPoint","urlTemplate":"https:\/\/truusk.store\/sv\/?s={search_term_string}"},"query-input":{"@type":"PropertyValueSpecification","valueRequired":true,"valueName":"search_term_string"}}],"inLanguage":"sv-SE"},{"@type":"Organization","@id":"https:\/\/truusk.store\/sv\/#organization","name":"TRUUSK - Hem, Tr\u00e4dg\u00e5rd & Fritid","url":"https:\/\/truusk.store\/sv\/","logo":{"@type":"ImageObject","inLanguage":"sv-SE","@id":"https:\/\/truusk.store\/sv\/#\/schema\/logo\/image\/","url":"https:\/\/i0.wp.com\/truusk.store\/wp-content\/uploads\/2026\/03\/cropped-TRUUSK.png?fit=2032%2C917&ssl=1","contentUrl":"https:\/\/i0.wp.com\/truusk.store\/wp-content\/uploads\/2026\/03\/cropped-TRUUSK.png?fit=2032%2C917&ssl=1","width":2032,"height":917,"caption":"TRUUSK - Hem, Tr\u00e4dg\u00e5rd & Fritid"},"image":{"@id":"https:\/\/truusk.store\/sv\/#\/schema\/logo\/image\/"}}]}},"jetpack_sharing_enabled":true,"_links":{"self":[{"href":"https:\/\/truusk.store\/sv\/wp-json\/wp\/v2\/product\/88655","targetHints":{"allow":["GET"]}}],"collection":[{"href":"https:\/\/truusk.store\/sv\/wp-json\/wp\/v2\/product"}],"about":[{"href":"https:\/\/truusk.store\/sv\/wp-json\/wp\/v2\/types\/product"}],"wp:featuredmedia":[{"embeddable":true,"href":"https:\/\/truusk.store\/sv\/wp-json\/wp\/v2\/media\/88646"}],"wp:attachment":[{"href":"https:\/\/truusk.store\/sv\/wp-json\/wp\/v2\/media?parent=88655"}],"wp:term":[{"taxonomy":"product_brand","embeddable":true,"href":"https:\/\/truusk.store\/sv\/wp-json\/wp\/v2\/product_brand?post=88655"},{"taxonomy":"product_cat","embeddable":true,"href":"https:\/\/truusk.store\/sv\/wp-json\/wp\/v2\/product_cat?post=88655"},{"taxonomy":"product_tag","embeddable":true,"href":"https:\/\/truusk.store\/sv\/wp-json\/wp\/v2\/product_tag?post=88655"}],"curies":[{"name":"wp","href":"https:\/\/api.w.org\/{rel}","templated":true}]}}