{"id":88665,"date":"2025-08-20T08:23:31","date_gmt":"2025-08-20T07:23:31","guid":{"rendered":"https:\/\/truusk.store\/product\/vattenkokare-och-brodrost-set-7-rostningsnivaer-17-l-plast-rostfritt-stal-svart\/"},"modified":"2026-03-12T08:48:47","modified_gmt":"2026-03-12T07:48:47","slug":"truusk-vattenkokare-och-brodrost-set-7-rostningsnivaer-17-l-plast-rostfritt-stal-svart","status":"publish","type":"product","link":"https:\/\/truusk.store\/sv\/produkt\/truusk-vattenkokare-och-brodrost-set-7-rostningsnivaer-17-l-plast-rostfritt-stal-svart\/","title":{"rendered":"TRUUSK Vattenkokare och Br\u00f6drost-set &#8211; 7 Rostningsniv\u00e5er &#8211; 1,7 L &#8211; Plast &#8211; Rostfritt St\u00e5l &#8211; Svart"},"content":{"rendered":"<p>B\u00f6rja dagen med stil med TRUUSK vattenkokare och br\u00f6drost-set i svart med polerade metallaccents. Detta eleganta set berikar varje k\u00f6k. Den 2200W vattenkokaren kokar en kopp vatten p\u00e5 bara 5 minuter och den fyrfackade br\u00f6drosten med sju rostningsniv\u00e5er ser till att ingen g\u00e5r hungrig fr\u00e5n frukosten.<\/p>\n<p>Beskrivning:<\/p>\n<ul>\n<li> Rostfritt st\u00e5l och svart design: Ett polerat och vackert set<\/li>\n<li> 2200W effektkokare kokar vatten snabbt. 1,7 L kapacitet r\u00e4cker f\u00f6r 6-8 koppar<\/li>\n<li> Br\u00f6drost med uppv\u00e4rmnings-, upptinings- och avbrytningsfunktion samt sju rostningsniv\u00e5er<\/li>\n<li> H\u00f6gh\u00e4vdesign f\u00f6r enkel borttagning av skivor<\/li>\n<li> Torrk\u00f6rningsskydd och automatisk avst\u00e4ngning f\u00f6r s\u00e4kerhet<\/li>\n<li> Automatisk br\u00f6dcentrering f\u00f6r j\u00e4mn rostning, utan att fastna<\/li>\n<li> Avtagbart kanna filter och smulbricka f\u00f6r enkel reng\u00f6ring<\/li>\n<\/ul>\n<p> Tekniska data:<\/p>\n<ul>\n<li> F\u00e4rg: Svart+Silver<\/li>\n<li> Material: Plast, rostfritt st\u00e5l<\/li>\n<li> Kannans dimensioner: 24,2L x 19,3B x 26,8H cm (med bas)<\/li>\n<li> Kannans kapacitet: 1,7 L (Max), 500 ml (Min)<\/li>\n<li> Br\u00f6drostens dimensioner: 26L x 27B x 18,8H cm<\/li>\n<li> Storlek p\u00e5 varje fack: 13,5L x 3,5B x 13,5H cm<\/li>\n<li> Sp\u00e4nning: 220-240V, 50-60Hz<\/li>\n<li> Effekt: 1850-2200W (Kanna), 1560-1860W (Br\u00f6drost)<\/li>\n<li> Kabell\u00e4ngd: 0,7 m (Kanna, Br\u00f6drost)<\/li>\n<\/ul>\n<p>Leveransinneh\u00e5ll:<\/p>\n<ul>\n<li> 1 x Vattenkokare<\/li>\n<li> 1 x Br\u00f6drost<\/li>\n<li> 1 x Bruksanvisning<\/li>\n<\/ul>\n","protected":false},"excerpt":{"rendered":"<p>B\u00f6rja dagen med stil med TRUUSK vattenkokare och br\u00f6drost-set i svart med polerade metallaccents. Detta eleganta set berikar varje k\u00f6k&#8230;.<\/p>\n","protected":false},"featured_media":88656,"template":"","meta":[],"product_brand":[],"product_cat":[871,498,933,1074],"product_tag":[],"class_list":{"0":"post-88665","1":"product","2":"type-product","3":"status-publish","4":"has-post-thumbnail","6":"product_cat-hus-hem","7":"product_cat-hushallsapparater","8":"product_cat-koksapparater","9":"product_cat-wasserkocher-toaster-sets","11":"first","12":"instock","13":"sale","14":"taxable","15":"shipping-taxable","16":"purchasable","17":"product-type-simple"},"yoast_head":"<!-- This site is optimized with the Yoast SEO plugin v25.4 - https:\/\/yoast.com\/wordpress\/plugins\/seo\/ -->\n<title>TRUUSK Vattenkokare och Br\u00f6drost-set - 7 Rostningsniv\u00e5er - 1,7 L - Plast - Rostfritt St\u00e5l - Svart - TRUUSK - Hem, Tr\u00e4dg\u00e5rd &amp; Fritid<\/title>\n<meta name=\"robots\" content=\"index, follow, max-snippet:-1, max-image-preview:large, max-video-preview:-1\" \/>\n<link rel=\"canonical\" href=\"https:\/\/truusk.store\/sv\/produkt\/truusk-vattenkokare-och-brodrost-set-7-rostningsnivaer-17-l-plast-rostfritt-stal-svart\/\" \/>\n<meta property=\"og:locale\" content=\"sv_SE\" \/>\n<meta property=\"og:type\" content=\"article\" \/>\n<meta property=\"og:title\" content=\"TRUUSK Vattenkokare och Br\u00f6drost-set - 7 Rostningsniv\u00e5er - 1,7 L - Plast - Rostfritt St\u00e5l - Svart - TRUUSK - Hem, Tr\u00e4dg\u00e5rd &amp; Fritid\" \/>\n<meta property=\"og:description\" content=\"B\u00f6rja dagen med stil med TRUUSK vattenkokare och br\u00f6drost-set i svart med polerade metallaccents. Detta eleganta set berikar varje k\u00f6k....\" \/>\n<meta property=\"og:url\" content=\"https:\/\/truusk.store\/sv\/produkt\/truusk-vattenkokare-och-brodrost-set-7-rostningsnivaer-17-l-plast-rostfritt-stal-svart\/\" \/>\n<meta property=\"og:site_name\" content=\"TRUUSK - Hem, Tr\u00e4dg\u00e5rd &amp; Fritid\" \/>\n<meta property=\"article:modified_time\" content=\"2026-03-12T07:48:47+00:00\" \/>\n<meta property=\"og:image\" content=\"https:\/\/i0.wp.com\/truusk.se\/wp-content\/uploads\/2025\/08\/vattenkokare-och-brodrost-set-7-rostningsnivaer-17-l-plast-rostfritt-stal-svart-1.webp?fit=2000%2C2000&ssl=1\" \/>\n\t<meta property=\"og:image:width\" content=\"2000\" \/>\n\t<meta property=\"og:image:height\" content=\"2000\" \/>\n\t<meta property=\"og:image:type\" content=\"image\/webp\" \/>\n<meta name=\"twitter:card\" content=\"summary_large_image\" \/>\n<meta name=\"twitter:label1\" content=\"Ber\u00e4knad l\u00e4stid\" \/>\n\t<meta name=\"twitter:data1\" content=\"1 minut\" \/>\n<!-- \/ Yoast SEO plugin. -->","yoast_head_json":{"title":"TRUUSK Vattenkokare och Br\u00f6drost-set - 7 Rostningsniv\u00e5er - 1,7 L - Plast - Rostfritt St\u00e5l - Svart - TRUUSK - Hem, Tr\u00e4dg\u00e5rd &amp; Fritid","robots":{"index":"index","follow":"follow","max-snippet":"max-snippet:-1","max-image-preview":"max-image-preview:large","max-video-preview":"max-video-preview:-1"},"canonical":"https:\/\/truusk.store\/sv\/produkt\/truusk-vattenkokare-och-brodrost-set-7-rostningsnivaer-17-l-plast-rostfritt-stal-svart\/","og_locale":"sv_SE","og_type":"article","og_title":"TRUUSK Vattenkokare och Br\u00f6drost-set - 7 Rostningsniv\u00e5er - 1,7 L - Plast - Rostfritt St\u00e5l - Svart - TRUUSK - Hem, Tr\u00e4dg\u00e5rd &amp; Fritid","og_description":"B\u00f6rja dagen med stil med TRUUSK vattenkokare och br\u00f6drost-set i svart med polerade metallaccents. Detta eleganta set berikar varje k\u00f6k....","og_url":"https:\/\/truusk.store\/sv\/produkt\/truusk-vattenkokare-och-brodrost-set-7-rostningsnivaer-17-l-plast-rostfritt-stal-svart\/","og_site_name":"TRUUSK - Hem, Tr\u00e4dg\u00e5rd &amp; Fritid","article_modified_time":"2026-03-12T07:48:47+00:00","og_image":[{"width":2000,"height":2000,"url":"https:\/\/i0.wp.com\/truusk.se\/wp-content\/uploads\/2025\/08\/vattenkokare-och-brodrost-set-7-rostningsnivaer-17-l-plast-rostfritt-stal-svart-1.webp?fit=2000%2C2000&ssl=1","type":"image\/webp"}],"twitter_card":"summary_large_image","twitter_misc":{"Ber\u00e4knad l\u00e4stid":"1 minut"},"schema":{"@context":"https:\/\/schema.org","@graph":[{"@type":"WebPage","@id":"https:\/\/truusk.store\/sv\/produkt\/truusk-vattenkokare-och-brodrost-set-7-rostningsnivaer-17-l-plast-rostfritt-stal-svart\/","url":"https:\/\/truusk.store\/sv\/produkt\/truusk-vattenkokare-och-brodrost-set-7-rostningsnivaer-17-l-plast-rostfritt-stal-svart\/","name":"TRUUSK Vattenkokare och Br\u00f6drost-set - 7 Rostningsniv\u00e5er - 1,7 L - Plast - Rostfritt St\u00e5l - Svart - TRUUSK - Hem, Tr\u00e4dg\u00e5rd &amp; Fritid","isPartOf":{"@id":"https:\/\/truusk.store\/sv\/#website"},"primaryImageOfPage":{"@id":"https:\/\/truusk.store\/sv\/produkt\/truusk-vattenkokare-och-brodrost-set-7-rostningsnivaer-17-l-plast-rostfritt-stal-svart\/#primaryimage"},"image":{"@id":"https:\/\/truusk.store\/sv\/produkt\/truusk-vattenkokare-och-brodrost-set-7-rostningsnivaer-17-l-plast-rostfritt-stal-svart\/#primaryimage"},"thumbnailUrl":"https:\/\/i0.wp.com\/truusk.store\/wp-content\/uploads\/2025\/08\/vattenkokare-och-brodrost-set-7-rostningsnivaer-17-l-plast-rostfritt-stal-svart-1.webp?fit=2000%2C2000&ssl=1","datePublished":"2025-08-20T07:23:31+00:00","dateModified":"2026-03-12T07:48:47+00:00","breadcrumb":{"@id":"https:\/\/truusk.store\/sv\/produkt\/truusk-vattenkokare-och-brodrost-set-7-rostningsnivaer-17-l-plast-rostfritt-stal-svart\/#breadcrumb"},"inLanguage":"sv-SE","potentialAction":[{"@type":"ReadAction","target":["https:\/\/truusk.store\/sv\/produkt\/truusk-vattenkokare-och-brodrost-set-7-rostningsnivaer-17-l-plast-rostfritt-stal-svart\/"]}]},{"@type":"ImageObject","inLanguage":"sv-SE","@id":"https:\/\/truusk.store\/sv\/produkt\/truusk-vattenkokare-och-brodrost-set-7-rostningsnivaer-17-l-plast-rostfritt-stal-svart\/#primaryimage","url":"https:\/\/i0.wp.com\/truusk.store\/wp-content\/uploads\/2025\/08\/vattenkokare-och-brodrost-set-7-rostningsnivaer-17-l-plast-rostfritt-stal-svart-1.webp?fit=2000%2C2000&ssl=1","contentUrl":"https:\/\/i0.wp.com\/truusk.store\/wp-content\/uploads\/2025\/08\/vattenkokare-och-brodrost-set-7-rostningsnivaer-17-l-plast-rostfritt-stal-svart-1.webp?fit=2000%2C2000&ssl=1","width":2000,"height":2000},{"@type":"BreadcrumbList","@id":"https:\/\/truusk.store\/sv\/produkt\/truusk-vattenkokare-och-brodrost-set-7-rostningsnivaer-17-l-plast-rostfritt-stal-svart\/#breadcrumb","itemListElement":[{"@type":"ListItem","position":1,"name":"Home","item":"https:\/\/truusk.store\/sv\/"},{"@type":"ListItem","position":2,"name":"Shop","item":"https:\/\/truusk.store\/shop\/"},{"@type":"ListItem","position":3,"name":"TRUUSK Vattenkokare och Br\u00f6drost-set &#8211; 7 Rostningsniv\u00e5er &#8211; 1,7 L &#8211; Plast &#8211; Rostfritt St\u00e5l &#8211; Svart"}]},{"@type":"WebSite","@id":"https:\/\/truusk.store\/sv\/#website","url":"https:\/\/truusk.store\/sv\/","name":"TRUUSK - Hem, Tr\u00e4dg\u00e5rd & Fritid","description":"","publisher":{"@id":"https:\/\/truusk.store\/sv\/#organization"},"potentialAction":[{"@type":"SearchAction","target":{"@type":"EntryPoint","urlTemplate":"https:\/\/truusk.store\/sv\/?s={search_term_string}"},"query-input":{"@type":"PropertyValueSpecification","valueRequired":true,"valueName":"search_term_string"}}],"inLanguage":"sv-SE"},{"@type":"Organization","@id":"https:\/\/truusk.store\/sv\/#organization","name":"TRUUSK - Hem, Tr\u00e4dg\u00e5rd & Fritid","url":"https:\/\/truusk.store\/sv\/","logo":{"@type":"ImageObject","inLanguage":"sv-SE","@id":"https:\/\/truusk.store\/sv\/#\/schema\/logo\/image\/","url":"https:\/\/i0.wp.com\/truusk.store\/wp-content\/uploads\/2026\/03\/cropped-TRUUSK.png?fit=2032%2C917&ssl=1","contentUrl":"https:\/\/i0.wp.com\/truusk.store\/wp-content\/uploads\/2026\/03\/cropped-TRUUSK.png?fit=2032%2C917&ssl=1","width":2032,"height":917,"caption":"TRUUSK - Hem, Tr\u00e4dg\u00e5rd & Fritid"},"image":{"@id":"https:\/\/truusk.store\/sv\/#\/schema\/logo\/image\/"}}]}},"jetpack_sharing_enabled":true,"_links":{"self":[{"href":"https:\/\/truusk.store\/sv\/wp-json\/wp\/v2\/product\/88665","targetHints":{"allow":["GET"]}}],"collection":[{"href":"https:\/\/truusk.store\/sv\/wp-json\/wp\/v2\/product"}],"about":[{"href":"https:\/\/truusk.store\/sv\/wp-json\/wp\/v2\/types\/product"}],"wp:featuredmedia":[{"embeddable":true,"href":"https:\/\/truusk.store\/sv\/wp-json\/wp\/v2\/media\/88656"}],"wp:attachment":[{"href":"https:\/\/truusk.store\/sv\/wp-json\/wp\/v2\/media?parent=88665"}],"wp:term":[{"taxonomy":"product_brand","embeddable":true,"href":"https:\/\/truusk.store\/sv\/wp-json\/wp\/v2\/product_brand?post=88665"},{"taxonomy":"product_cat","embeddable":true,"href":"https:\/\/truusk.store\/sv\/wp-json\/wp\/v2\/product_cat?post=88665"},{"taxonomy":"product_tag","embeddable":true,"href":"https:\/\/truusk.store\/sv\/wp-json\/wp\/v2\/product_tag?post=88665"}],"curies":[{"name":"wp","href":"https:\/\/api.w.org\/{rel}","templated":true}]}}