{"id":88755,"date":"2025-08-20T12:32:31","date_gmt":"2025-08-20T11:32:31","guid":{"rendered":"https:\/\/truusk.store\/product\/kontorsstol-boho-design-traarmstod-roterbar-justerbar-upp-till-120-kg-stal-gron\/"},"modified":"2026-03-12T09:39:32","modified_gmt":"2026-03-12T08:39:32","slug":"truusk-kontorsstol-boho-design-traarmstod-justerbar-upp-till-120-kg-stal-gron","status":"publish","type":"product","link":"https:\/\/truusk.store\/sv\/produkt\/truusk-kontorsstol-boho-design-traarmstod-justerbar-upp-till-120-kg-stal-gron\/","title":{"rendered":"TRUUSK Kontorsstol Boho-design &#8211; Tr\u00e4armst\u00f6d &#8211; Justerbar &#8211; Upp Till 120 Kg &#8211; St\u00e5l &#8211; Gr\u00f6n"},"content":{"rendered":"<p>Uppt\u00e4ck TRUUSK kontorsstolen i Boho-Chic, som skickligt kombinerar komfort med stil. Ryggst\u00f6det p\u00e5 skrivbordsstolen \u00e4r gjord av konstrotting och den mjuka sitsen i sammet ger din arbetsplats en elegant touch, medan den h\u00f6gdensitetspolstringen ger exceptionell komfort.<\/p>\n<p>Beskrivning:<\/p>\n<ul>\n<li> Den unika Boho-stilen p\u00e5 datorstolen ger din kontorsmilj\u00f6 en speciell charm<\/li>\n<li> Andningsbart ryggst\u00f6d dekoration i konstrotting garanterar komfort \u00e4ven vid l\u00e5ngvarigt sittande<\/li>\n<li> Sitsen av mjukt tyg i sammet ger lyxig komfort och elegans<\/li>\n<li> Ekarmst\u00f6d ger stilfullt st\u00f6d<\/li>\n<li> H\u00f6gdensitets sitspolstring p\u00e5 skrivbordsstolen f\u00f6r o\u00f6vertr\u00e4ffad sittkomfort<\/li>\n<li> H\u00f6jden p\u00e5 sitsen kan justeras med en robust gaslyft f\u00f6r enkel anpassning<\/li>\n<li> Sv\u00e4ngbara hjul och sits f\u00f6r enkel r\u00f6rlighet<\/li>\n<li> Stabil st\u00e5lram garanterar stabilitet<\/li>\n<\/ul>\n<p> Tekniska data:<\/p>\n<ul>\n<li> F\u00e4rg: Gr\u00f6n<\/li>\n<li> Material: Polyester, st\u00e5l, PE-rotting<\/li>\n<li> Totala dimensioner: 57B x 57D x 80-88H cm<\/li>\n<li> Sitsstorlek: 50B x 50D cm<\/li>\n<li> Sitth\u00f6jd: 46-54 cm<\/li>\n<li> Ryggst\u00f6d: 27L x 43B cm<\/li>\n<li> B\u00e4rkapacitet: 120 kg<\/li>\n<\/ul>\n<p>Leveransinneh\u00e5ll:<\/p>\n<ul>\n<li> 1 x Kontorsstol<\/li>\n<li> 1 x Handbok<\/li>\n<\/ul>\n","protected":false},"excerpt":{"rendered":"<p>Uppt\u00e4ck TRUUSK kontorsstolen i Boho-Chic, som skickligt kombinerar komfort med stil. Ryggst\u00f6det p\u00e5 skrivbordsstolen \u00e4r gjord av konstrotting och den&#8230;<\/p>\n","protected":false},"featured_media":88746,"template":"","meta":[],"product_brand":[],"product_cat":[872,871,516],"product_tag":[],"class_list":{"0":"post-88755","1":"product","2":"type-product","3":"status-publish","4":"has-post-thumbnail","6":"product_cat-hemmakontor-arbetsplats","7":"product_cat-hus-hem","8":"product_cat-kontorsstolar","10":"first","11":"instock","12":"sale","13":"taxable","14":"shipping-taxable","15":"purchasable","16":"product-type-simple"},"yoast_head":"<!-- This site is optimized with the Yoast SEO plugin v25.4 - https:\/\/yoast.com\/wordpress\/plugins\/seo\/ -->\n<title>TRUUSK Kontorsstol Boho-design - Tr\u00e4armst\u00f6d - Justerbar - Upp Till 120 Kg - St\u00e5l - Gr\u00f6n - TRUUSK - Hem, Tr\u00e4dg\u00e5rd &amp; Fritid<\/title>\n<meta name=\"robots\" content=\"index, follow, max-snippet:-1, max-image-preview:large, max-video-preview:-1\" \/>\n<link rel=\"canonical\" href=\"https:\/\/truusk.store\/sv\/produkt\/truusk-kontorsstol-boho-design-traarmstod-justerbar-upp-till-120-kg-stal-gron\/\" \/>\n<meta property=\"og:locale\" content=\"sv_SE\" \/>\n<meta property=\"og:type\" content=\"article\" \/>\n<meta property=\"og:title\" content=\"TRUUSK Kontorsstol Boho-design - Tr\u00e4armst\u00f6d - Justerbar - Upp Till 120 Kg - St\u00e5l - Gr\u00f6n - TRUUSK - Hem, Tr\u00e4dg\u00e5rd &amp; Fritid\" \/>\n<meta property=\"og:description\" content=\"Uppt\u00e4ck TRUUSK kontorsstolen i Boho-Chic, som skickligt kombinerar komfort med stil. Ryggst\u00f6det p\u00e5 skrivbordsstolen \u00e4r gjord av konstrotting och den...\" \/>\n<meta property=\"og:url\" content=\"https:\/\/truusk.store\/sv\/produkt\/truusk-kontorsstol-boho-design-traarmstod-justerbar-upp-till-120-kg-stal-gron\/\" \/>\n<meta property=\"og:site_name\" content=\"TRUUSK - Hem, Tr\u00e4dg\u00e5rd &amp; Fritid\" \/>\n<meta property=\"article:modified_time\" content=\"2026-03-12T08:39:32+00:00\" \/>\n<meta property=\"og:image\" content=\"https:\/\/i0.wp.com\/truusk.se\/wp-content\/uploads\/2025\/08\/kontorsstol-boho-design-traarmstod-roterbar-justerbar-upp-till-120-kg-stal-gron-1.webp?fit=2000%2C2000&ssl=1\" \/>\n\t<meta property=\"og:image:width\" content=\"2000\" \/>\n\t<meta property=\"og:image:height\" content=\"2000\" \/>\n\t<meta property=\"og:image:type\" content=\"image\/webp\" \/>\n<meta name=\"twitter:card\" content=\"summary_large_image\" \/>\n<meta name=\"twitter:label1\" content=\"Ber\u00e4knad l\u00e4stid\" \/>\n\t<meta name=\"twitter:data1\" content=\"1 minut\" \/>\n<!-- \/ Yoast SEO plugin. -->","yoast_head_json":{"title":"TRUUSK Kontorsstol Boho-design - Tr\u00e4armst\u00f6d - Justerbar - Upp Till 120 Kg - St\u00e5l - Gr\u00f6n - TRUUSK - Hem, Tr\u00e4dg\u00e5rd &amp; Fritid","robots":{"index":"index","follow":"follow","max-snippet":"max-snippet:-1","max-image-preview":"max-image-preview:large","max-video-preview":"max-video-preview:-1"},"canonical":"https:\/\/truusk.store\/sv\/produkt\/truusk-kontorsstol-boho-design-traarmstod-justerbar-upp-till-120-kg-stal-gron\/","og_locale":"sv_SE","og_type":"article","og_title":"TRUUSK Kontorsstol Boho-design - Tr\u00e4armst\u00f6d - Justerbar - Upp Till 120 Kg - St\u00e5l - Gr\u00f6n - TRUUSK - Hem, Tr\u00e4dg\u00e5rd &amp; Fritid","og_description":"Uppt\u00e4ck TRUUSK kontorsstolen i Boho-Chic, som skickligt kombinerar komfort med stil. Ryggst\u00f6det p\u00e5 skrivbordsstolen \u00e4r gjord av konstrotting och den...","og_url":"https:\/\/truusk.store\/sv\/produkt\/truusk-kontorsstol-boho-design-traarmstod-justerbar-upp-till-120-kg-stal-gron\/","og_site_name":"TRUUSK - Hem, Tr\u00e4dg\u00e5rd &amp; Fritid","article_modified_time":"2026-03-12T08:39:32+00:00","og_image":[{"width":2000,"height":2000,"url":"https:\/\/i0.wp.com\/truusk.se\/wp-content\/uploads\/2025\/08\/kontorsstol-boho-design-traarmstod-roterbar-justerbar-upp-till-120-kg-stal-gron-1.webp?fit=2000%2C2000&ssl=1","type":"image\/webp"}],"twitter_card":"summary_large_image","twitter_misc":{"Ber\u00e4knad l\u00e4stid":"1 minut"},"schema":{"@context":"https:\/\/schema.org","@graph":[{"@type":"WebPage","@id":"https:\/\/truusk.store\/sv\/produkt\/truusk-kontorsstol-boho-design-traarmstod-justerbar-upp-till-120-kg-stal-gron\/","url":"https:\/\/truusk.store\/sv\/produkt\/truusk-kontorsstol-boho-design-traarmstod-justerbar-upp-till-120-kg-stal-gron\/","name":"TRUUSK Kontorsstol Boho-design - Tr\u00e4armst\u00f6d - Justerbar - Upp Till 120 Kg - St\u00e5l - Gr\u00f6n - TRUUSK - Hem, Tr\u00e4dg\u00e5rd &amp; Fritid","isPartOf":{"@id":"https:\/\/truusk.store\/sv\/#website"},"primaryImageOfPage":{"@id":"https:\/\/truusk.store\/sv\/produkt\/truusk-kontorsstol-boho-design-traarmstod-justerbar-upp-till-120-kg-stal-gron\/#primaryimage"},"image":{"@id":"https:\/\/truusk.store\/sv\/produkt\/truusk-kontorsstol-boho-design-traarmstod-justerbar-upp-till-120-kg-stal-gron\/#primaryimage"},"thumbnailUrl":"https:\/\/i0.wp.com\/truusk.store\/wp-content\/uploads\/2025\/08\/kontorsstol-boho-design-traarmstod-roterbar-justerbar-upp-till-120-kg-stal-gron-1.webp?fit=2000%2C2000&ssl=1","datePublished":"2025-08-20T11:32:31+00:00","dateModified":"2026-03-12T08:39:32+00:00","breadcrumb":{"@id":"https:\/\/truusk.store\/sv\/produkt\/truusk-kontorsstol-boho-design-traarmstod-justerbar-upp-till-120-kg-stal-gron\/#breadcrumb"},"inLanguage":"sv-SE","potentialAction":[{"@type":"ReadAction","target":["https:\/\/truusk.store\/sv\/produkt\/truusk-kontorsstol-boho-design-traarmstod-justerbar-upp-till-120-kg-stal-gron\/"]}]},{"@type":"ImageObject","inLanguage":"sv-SE","@id":"https:\/\/truusk.store\/sv\/produkt\/truusk-kontorsstol-boho-design-traarmstod-justerbar-upp-till-120-kg-stal-gron\/#primaryimage","url":"https:\/\/i0.wp.com\/truusk.store\/wp-content\/uploads\/2025\/08\/kontorsstol-boho-design-traarmstod-roterbar-justerbar-upp-till-120-kg-stal-gron-1.webp?fit=2000%2C2000&ssl=1","contentUrl":"https:\/\/i0.wp.com\/truusk.store\/wp-content\/uploads\/2025\/08\/kontorsstol-boho-design-traarmstod-roterbar-justerbar-upp-till-120-kg-stal-gron-1.webp?fit=2000%2C2000&ssl=1","width":2000,"height":2000},{"@type":"BreadcrumbList","@id":"https:\/\/truusk.store\/sv\/produkt\/truusk-kontorsstol-boho-design-traarmstod-justerbar-upp-till-120-kg-stal-gron\/#breadcrumb","itemListElement":[{"@type":"ListItem","position":1,"name":"Home","item":"https:\/\/truusk.store\/sv\/"},{"@type":"ListItem","position":2,"name":"Shop","item":"https:\/\/truusk.store\/shop\/"},{"@type":"ListItem","position":3,"name":"TRUUSK Kontorsstol Boho-design &#8211; Tr\u00e4armst\u00f6d &#8211; Justerbar &#8211; Upp Till 120 Kg &#8211; St\u00e5l &#8211; Gr\u00f6n"}]},{"@type":"WebSite","@id":"https:\/\/truusk.store\/sv\/#website","url":"https:\/\/truusk.store\/sv\/","name":"TRUUSK - Hem, Tr\u00e4dg\u00e5rd & Fritid","description":"","publisher":{"@id":"https:\/\/truusk.store\/sv\/#organization"},"potentialAction":[{"@type":"SearchAction","target":{"@type":"EntryPoint","urlTemplate":"https:\/\/truusk.store\/sv\/?s={search_term_string}"},"query-input":{"@type":"PropertyValueSpecification","valueRequired":true,"valueName":"search_term_string"}}],"inLanguage":"sv-SE"},{"@type":"Organization","@id":"https:\/\/truusk.store\/sv\/#organization","name":"TRUUSK - Hem, Tr\u00e4dg\u00e5rd & Fritid","url":"https:\/\/truusk.store\/sv\/","logo":{"@type":"ImageObject","inLanguage":"sv-SE","@id":"https:\/\/truusk.store\/sv\/#\/schema\/logo\/image\/","url":"https:\/\/i0.wp.com\/truusk.store\/wp-content\/uploads\/2026\/03\/cropped-TRUUSK.png?fit=2032%2C917&ssl=1","contentUrl":"https:\/\/i0.wp.com\/truusk.store\/wp-content\/uploads\/2026\/03\/cropped-TRUUSK.png?fit=2032%2C917&ssl=1","width":2032,"height":917,"caption":"TRUUSK - Hem, Tr\u00e4dg\u00e5rd & Fritid"},"image":{"@id":"https:\/\/truusk.store\/sv\/#\/schema\/logo\/image\/"}}]}},"jetpack_sharing_enabled":true,"_links":{"self":[{"href":"https:\/\/truusk.store\/sv\/wp-json\/wp\/v2\/product\/88755","targetHints":{"allow":["GET"]}}],"collection":[{"href":"https:\/\/truusk.store\/sv\/wp-json\/wp\/v2\/product"}],"about":[{"href":"https:\/\/truusk.store\/sv\/wp-json\/wp\/v2\/types\/product"}],"wp:featuredmedia":[{"embeddable":true,"href":"https:\/\/truusk.store\/sv\/wp-json\/wp\/v2\/media\/88746"}],"wp:attachment":[{"href":"https:\/\/truusk.store\/sv\/wp-json\/wp\/v2\/media?parent=88755"}],"wp:term":[{"taxonomy":"product_brand","embeddable":true,"href":"https:\/\/truusk.store\/sv\/wp-json\/wp\/v2\/product_brand?post=88755"},{"taxonomy":"product_cat","embeddable":true,"href":"https:\/\/truusk.store\/sv\/wp-json\/wp\/v2\/product_cat?post=88755"},{"taxonomy":"product_tag","embeddable":true,"href":"https:\/\/truusk.store\/sv\/wp-json\/wp\/v2\/product_tag?post=88755"}],"curies":[{"name":"wp","href":"https:\/\/api.w.org\/{rel}","templated":true}]}}