{"id":88775,"date":"2025-08-20T12:35:45","date_gmt":"2025-08-20T11:35:45","guid":{"rendered":"https:\/\/truusk.store\/product\/julgran-183-cm-realistiskt-utseende-snabb-uppbyggnad-inkl-stall-brandsaker-plast\/"},"modified":"2026-03-12T09:41:35","modified_gmt":"2026-03-12T08:41:35","slug":"truusk-julgran-183-cm-realistiskt-utseende-snabb-uppbyggnad-inkl-stall-brandsaker-plast","status":"publish","type":"product","link":"https:\/\/truusk.store\/sv\/produkt\/truusk-julgran-183-cm-realistiskt-utseende-snabb-uppbyggnad-inkl-stall-brandsaker-plast\/","title":{"rendered":"TRUUSK Julgran 183 cm &#8211; Realistiskt utseende &#8211; Snabb uppbyggnad &#8211; Inkl. st\u00e4ll &#8211; Brands\u00e4ker plast"},"content":{"rendered":"<p>Njut av helgdagarna med TRUUSK julgran! De naturtrogna grenarna skapar en autentisk atmosf\u00e4r i vardagsrummet. Den enkla monteringen av julgranen genom g\u00e5ngj\u00e4rnen sparar tid f\u00f6r festligheter. S\u00e4kerhet erbjuds genom flams\u00e4kra grenar och en stabil metallfot.<\/p>\n<p>Beskrivning:<\/p>\n<ul>\n<li> De flesta grenarna p\u00e5 julgranen \u00e4r integralt formade f\u00f6r att uppn\u00e5 ett realistiskt utseende och efterlikna \u00e4kta tr\u00e4destetik<\/li>\n<li> G\u00e5ngj\u00e4rnskonstruktion, segmentdesign, grenarna \u00f6ppnas automatiskt, l\u00e4tt formbara formade grenar f\u00f6r snabb montering<\/li>\n<li> Flams\u00e4kra grenar p\u00e5 julgranen \u00f6kar s\u00e4kerheten<\/li>\n<li> Metallbasen garanterar stabilitet<\/li>\n<\/ul>\n<p> Tekniska data:<\/p>\n<ul>\n<li> F\u00e4rg: Gr\u00f6n<\/li>\n<li> Material: Plast, Metall<\/li>\n<li> Totala dimensioner: \u00d8110 x 183H cm<\/li>\n<li> Tr\u00e4dets h\u00f6jd: 183 cm<\/li>\n<li> Antal spetsar: 2380<\/li>\n<li> Notera:1. Endast f\u00f6r inomhusbruk, inte f\u00f6r utomhusbruk<\/li>\n<li>2. F\u00f6r att uppn\u00e5 ett fullst\u00e4ndigt utseende, v\u00e4nligen sprid alla enskilda spetsar f\u00f6r att uppn\u00e5 det b\u00e4sta m\u00f6jliga utseendet p\u00e5 tr\u00e4det, vi rekommenderar att du anv\u00e4nder 10 minuter f\u00f6r att forma tr\u00e4det<\/li>\n<\/ul>\n<p>Leveransinneh\u00e5ll:<\/p>\n<ul>\n<li> 1 x Julgran<\/li>\n<li> 1 x Bruksanvisning<\/li>\n<\/ul>\n","protected":false},"excerpt":{"rendered":"<p>Njut av helgdagarna med TRUUSK julgran! De naturtrogna grenarna skapar en autentisk atmosf\u00e4r i vardagsrummet. Den enkla monteringen av julgranen&#8230;<\/p>\n","protected":false},"featured_media":88762,"template":"","meta":[],"product_brand":[],"product_cat":[706,709,894],"product_tag":[],"class_list":{"0":"post-88775","1":"product","2":"type-product","3":"status-publish","4":"has-post-thumbnail","6":"product_cat-julgranar","7":"product_cat-julgranar-over-180cm","8":"product_cat-julvarld","10":"first","11":"instock","12":"sale","13":"taxable","14":"shipping-taxable","15":"purchasable","16":"product-type-simple"},"yoast_head":"<!-- This site is optimized with the Yoast SEO plugin v25.4 - https:\/\/yoast.com\/wordpress\/plugins\/seo\/ -->\n<title>TRUUSK Julgran 183 cm - Realistiskt utseende - Snabb uppbyggnad - Inkl. st\u00e4ll - Brands\u00e4ker plast - TRUUSK - Hem, Tr\u00e4dg\u00e5rd &amp; Fritid<\/title>\n<meta name=\"robots\" content=\"index, follow, max-snippet:-1, max-image-preview:large, max-video-preview:-1\" \/>\n<link rel=\"canonical\" href=\"https:\/\/truusk.store\/sv\/produkt\/truusk-julgran-183-cm-realistiskt-utseende-snabb-uppbyggnad-inkl-stall-brandsaker-plast\/\" \/>\n<meta property=\"og:locale\" content=\"sv_SE\" \/>\n<meta property=\"og:type\" content=\"article\" \/>\n<meta property=\"og:title\" content=\"TRUUSK Julgran 183 cm - Realistiskt utseende - Snabb uppbyggnad - Inkl. st\u00e4ll - Brands\u00e4ker plast - TRUUSK - Hem, Tr\u00e4dg\u00e5rd &amp; Fritid\" \/>\n<meta property=\"og:description\" content=\"Njut av helgdagarna med TRUUSK julgran! De naturtrogna grenarna skapar en autentisk atmosf\u00e4r i vardagsrummet. Den enkla monteringen av julgranen...\" \/>\n<meta property=\"og:url\" content=\"https:\/\/truusk.store\/sv\/produkt\/truusk-julgran-183-cm-realistiskt-utseende-snabb-uppbyggnad-inkl-stall-brandsaker-plast\/\" \/>\n<meta property=\"og:site_name\" content=\"TRUUSK - Hem, Tr\u00e4dg\u00e5rd &amp; Fritid\" \/>\n<meta property=\"article:modified_time\" content=\"2026-03-12T08:41:35+00:00\" \/>\n<meta property=\"og:image\" content=\"https:\/\/i0.wp.com\/truusk.se\/wp-content\/uploads\/2025\/08\/julgran-183-cm-realistiskt-utseende-snabb-uppbyggnad-inkl-stall-brandsaker-plast-1.webp?fit=2000%2C2000&ssl=1\" \/>\n\t<meta property=\"og:image:width\" content=\"2000\" \/>\n\t<meta property=\"og:image:height\" content=\"2000\" \/>\n\t<meta property=\"og:image:type\" content=\"image\/webp\" \/>\n<meta name=\"twitter:card\" content=\"summary_large_image\" \/>\n<meta name=\"twitter:label1\" content=\"Ber\u00e4knad l\u00e4stid\" \/>\n\t<meta name=\"twitter:data1\" content=\"1 minut\" \/>\n<!-- \/ Yoast SEO plugin. -->","yoast_head_json":{"title":"TRUUSK Julgran 183 cm - Realistiskt utseende - Snabb uppbyggnad - Inkl. st\u00e4ll - Brands\u00e4ker plast - TRUUSK - Hem, Tr\u00e4dg\u00e5rd &amp; Fritid","robots":{"index":"index","follow":"follow","max-snippet":"max-snippet:-1","max-image-preview":"max-image-preview:large","max-video-preview":"max-video-preview:-1"},"canonical":"https:\/\/truusk.store\/sv\/produkt\/truusk-julgran-183-cm-realistiskt-utseende-snabb-uppbyggnad-inkl-stall-brandsaker-plast\/","og_locale":"sv_SE","og_type":"article","og_title":"TRUUSK Julgran 183 cm - Realistiskt utseende - Snabb uppbyggnad - Inkl. st\u00e4ll - Brands\u00e4ker plast - TRUUSK - Hem, Tr\u00e4dg\u00e5rd &amp; Fritid","og_description":"Njut av helgdagarna med TRUUSK julgran! De naturtrogna grenarna skapar en autentisk atmosf\u00e4r i vardagsrummet. Den enkla monteringen av julgranen...","og_url":"https:\/\/truusk.store\/sv\/produkt\/truusk-julgran-183-cm-realistiskt-utseende-snabb-uppbyggnad-inkl-stall-brandsaker-plast\/","og_site_name":"TRUUSK - Hem, Tr\u00e4dg\u00e5rd &amp; Fritid","article_modified_time":"2026-03-12T08:41:35+00:00","og_image":[{"width":2000,"height":2000,"url":"https:\/\/i0.wp.com\/truusk.se\/wp-content\/uploads\/2025\/08\/julgran-183-cm-realistiskt-utseende-snabb-uppbyggnad-inkl-stall-brandsaker-plast-1.webp?fit=2000%2C2000&ssl=1","type":"image\/webp"}],"twitter_card":"summary_large_image","twitter_misc":{"Ber\u00e4knad l\u00e4stid":"1 minut"},"schema":{"@context":"https:\/\/schema.org","@graph":[{"@type":"WebPage","@id":"https:\/\/truusk.store\/sv\/produkt\/truusk-julgran-183-cm-realistiskt-utseende-snabb-uppbyggnad-inkl-stall-brandsaker-plast\/","url":"https:\/\/truusk.store\/sv\/produkt\/truusk-julgran-183-cm-realistiskt-utseende-snabb-uppbyggnad-inkl-stall-brandsaker-plast\/","name":"TRUUSK Julgran 183 cm - Realistiskt utseende - Snabb uppbyggnad - Inkl. st\u00e4ll - Brands\u00e4ker plast - TRUUSK - Hem, Tr\u00e4dg\u00e5rd &amp; Fritid","isPartOf":{"@id":"https:\/\/truusk.store\/sv\/#website"},"primaryImageOfPage":{"@id":"https:\/\/truusk.store\/sv\/produkt\/truusk-julgran-183-cm-realistiskt-utseende-snabb-uppbyggnad-inkl-stall-brandsaker-plast\/#primaryimage"},"image":{"@id":"https:\/\/truusk.store\/sv\/produkt\/truusk-julgran-183-cm-realistiskt-utseende-snabb-uppbyggnad-inkl-stall-brandsaker-plast\/#primaryimage"},"thumbnailUrl":"https:\/\/i0.wp.com\/truusk.store\/wp-content\/uploads\/2025\/08\/julgran-183-cm-realistiskt-utseende-snabb-uppbyggnad-inkl-stall-brandsaker-plast-1.webp?fit=2000%2C2000&ssl=1","datePublished":"2025-08-20T11:35:45+00:00","dateModified":"2026-03-12T08:41:35+00:00","breadcrumb":{"@id":"https:\/\/truusk.store\/sv\/produkt\/truusk-julgran-183-cm-realistiskt-utseende-snabb-uppbyggnad-inkl-stall-brandsaker-plast\/#breadcrumb"},"inLanguage":"sv-SE","potentialAction":[{"@type":"ReadAction","target":["https:\/\/truusk.store\/sv\/produkt\/truusk-julgran-183-cm-realistiskt-utseende-snabb-uppbyggnad-inkl-stall-brandsaker-plast\/"]}]},{"@type":"ImageObject","inLanguage":"sv-SE","@id":"https:\/\/truusk.store\/sv\/produkt\/truusk-julgran-183-cm-realistiskt-utseende-snabb-uppbyggnad-inkl-stall-brandsaker-plast\/#primaryimage","url":"https:\/\/i0.wp.com\/truusk.store\/wp-content\/uploads\/2025\/08\/julgran-183-cm-realistiskt-utseende-snabb-uppbyggnad-inkl-stall-brandsaker-plast-1.webp?fit=2000%2C2000&ssl=1","contentUrl":"https:\/\/i0.wp.com\/truusk.store\/wp-content\/uploads\/2025\/08\/julgran-183-cm-realistiskt-utseende-snabb-uppbyggnad-inkl-stall-brandsaker-plast-1.webp?fit=2000%2C2000&ssl=1","width":2000,"height":2000},{"@type":"BreadcrumbList","@id":"https:\/\/truusk.store\/sv\/produkt\/truusk-julgran-183-cm-realistiskt-utseende-snabb-uppbyggnad-inkl-stall-brandsaker-plast\/#breadcrumb","itemListElement":[{"@type":"ListItem","position":1,"name":"Home","item":"https:\/\/truusk.store\/sv\/"},{"@type":"ListItem","position":2,"name":"Shop","item":"https:\/\/truusk.store\/shop\/"},{"@type":"ListItem","position":3,"name":"TRUUSK Julgran 183 cm &#8211; Realistiskt utseende &#8211; Snabb uppbyggnad &#8211; Inkl. st\u00e4ll &#8211; Brands\u00e4ker plast"}]},{"@type":"WebSite","@id":"https:\/\/truusk.store\/sv\/#website","url":"https:\/\/truusk.store\/sv\/","name":"TRUUSK - Hem, Tr\u00e4dg\u00e5rd & Fritid","description":"","publisher":{"@id":"https:\/\/truusk.store\/sv\/#organization"},"potentialAction":[{"@type":"SearchAction","target":{"@type":"EntryPoint","urlTemplate":"https:\/\/truusk.store\/sv\/?s={search_term_string}"},"query-input":{"@type":"PropertyValueSpecification","valueRequired":true,"valueName":"search_term_string"}}],"inLanguage":"sv-SE"},{"@type":"Organization","@id":"https:\/\/truusk.store\/sv\/#organization","name":"TRUUSK - Hem, Tr\u00e4dg\u00e5rd & Fritid","url":"https:\/\/truusk.store\/sv\/","logo":{"@type":"ImageObject","inLanguage":"sv-SE","@id":"https:\/\/truusk.store\/sv\/#\/schema\/logo\/image\/","url":"https:\/\/i0.wp.com\/truusk.store\/wp-content\/uploads\/2026\/03\/cropped-TRUUSK.png?fit=2032%2C917&ssl=1","contentUrl":"https:\/\/i0.wp.com\/truusk.store\/wp-content\/uploads\/2026\/03\/cropped-TRUUSK.png?fit=2032%2C917&ssl=1","width":2032,"height":917,"caption":"TRUUSK - Hem, Tr\u00e4dg\u00e5rd & Fritid"},"image":{"@id":"https:\/\/truusk.store\/sv\/#\/schema\/logo\/image\/"}}]}},"jetpack_sharing_enabled":true,"_links":{"self":[{"href":"https:\/\/truusk.store\/sv\/wp-json\/wp\/v2\/product\/88775","targetHints":{"allow":["GET"]}}],"collection":[{"href":"https:\/\/truusk.store\/sv\/wp-json\/wp\/v2\/product"}],"about":[{"href":"https:\/\/truusk.store\/sv\/wp-json\/wp\/v2\/types\/product"}],"wp:featuredmedia":[{"embeddable":true,"href":"https:\/\/truusk.store\/sv\/wp-json\/wp\/v2\/media\/88762"}],"wp:attachment":[{"href":"https:\/\/truusk.store\/sv\/wp-json\/wp\/v2\/media?parent=88775"}],"wp:term":[{"taxonomy":"product_brand","embeddable":true,"href":"https:\/\/truusk.store\/sv\/wp-json\/wp\/v2\/product_brand?post=88775"},{"taxonomy":"product_cat","embeddable":true,"href":"https:\/\/truusk.store\/sv\/wp-json\/wp\/v2\/product_cat?post=88775"},{"taxonomy":"product_tag","embeddable":true,"href":"https:\/\/truusk.store\/sv\/wp-json\/wp\/v2\/product_tag?post=88775"}],"curies":[{"name":"wp","href":"https:\/\/api.w.org\/{rel}","templated":true}]}}