{"id":88802,"date":"2025-08-20T12:40:16","date_gmt":"2025-08-20T11:40:16","guid":{"rendered":"https:\/\/truusk.store\/product\/blomkruksstall-3-stegs-vaxtstall-i-trappform-blomkruksstall-for-inomhus-och-utomhus-metall-svart\/"},"modified":"2026-03-12T09:45:30","modified_gmt":"2026-03-12T08:45:30","slug":"truusk-blomkruksstall-i-trappform-3-stegs-vaxtstall-for-inomhus-och-utomhus-metall-svart","status":"publish","type":"product","link":"https:\/\/truusk.store\/sv\/produkt\/truusk-blomkruksstall-i-trappform-3-stegs-vaxtstall-for-inomhus-och-utomhus-metall-svart\/","title":{"rendered":"TRUUSK Blomkruksst\u00e4ll i Trappform &#8211; 3-stegs V\u00e4xtst\u00e4ll &#8211; F\u00f6r Inomhus och Utomhus &#8211; Metall &#8211; Svart"},"content":{"rendered":"<p>Det trestegs trappdesign av denna TRUUSK blomst\u00e4ll garanterar optimal solstr\u00e5lning f\u00f6r varje v\u00e4xt och avrundas med en modern, elegant design. Gallerhyllorna p\u00e5 v\u00e4xtstegen fr\u00e4mjar ocks\u00e5 luftcirkulation och vattenavlopp. Tillverkad av rostfritt, pulverlackerat metall, \u00e4r blomst\u00e4llet l\u00e4mpligt f\u00f6r anv\u00e4ndning inomhus och utomhus och perfekt f\u00f6r v\u00e4xter, b\u00f6cker eller dekorativa f\u00f6rem\u00e5l.<\/p>\n<p>Beskrivning:<\/p>\n<ul>\n<li> Det trestegs trappdesign av blomst\u00e4llet maximerar solljuset f\u00f6r varje v\u00e4xt<\/li>\n<li> Modern stil med rena linjer kompletterar alla inredningar<\/li>\n<li> Gallerhyllorna p\u00e5 v\u00e4xtst\u00e4llet fr\u00e4mjar god luftcirkulation och vattenavlopp<\/li>\n<li> V\u00e4xtst\u00e4llet \u00e4r tillverkat av pulverlackerat metall, garanterat rostbest\u00e4ndigt<\/li>\n<li> Kan anv\u00e4ndas b\u00e5de inomhus och utomhus<\/li>\n<li> Montering kr\u00e4vs<\/li>\n<\/ul>\n<p> Tekniska data:<\/p>\n<ul>\n<li> F\u00e4rg: Svart<\/li>\n<li> Material: Metall<\/li>\n<li> Totala dimensioner: 75L x 70B x 66H cm<\/li>\n<li> Hyllstorlek: 72B x 23T cm<\/li>\n<li> Hyllh\u00f6jd till golvet: 64 cm, 42 cm, 20 cm (uppifr\u00e5n och ner)<\/li>\n<li> Max. belastning: 75 kg (totalt), 25 kg (per niv\u00e5)<\/li>\n<\/ul>\n<p>Leveransinneh\u00e5ll:<\/p>\n<ul>\n<li> 1 x Blomkruka st\u00e4ll<\/li>\n<li> 1 x Bruksanvisning<\/li>\n<\/ul>\n","protected":false},"excerpt":{"rendered":"<p>Det trestegs trappdesign av denna TRUUSK blomst\u00e4ll garanterar optimal solstr\u00e5lning f\u00f6r varje v\u00e4xt och avrundas med en modern, elegant design&#8230;.<\/p>\n","protected":false},"featured_media":88796,"template":"","meta":[],"product_brand":[],"product_cat":[884,858,443,883],"product_tag":[],"class_list":{"0":"post-88802","1":"product","2":"type-product","3":"status-publish","4":"has-post-thumbnail","6":"product_cat-pflanzentreppen","7":"product_cat-tradgard-terrass","8":"product_cat-vaxthus-tradgardsskotsel","9":"product_cat-vaxttrappor-hyllor","11":"first","12":"instock","13":"sale","14":"taxable","15":"shipping-taxable","16":"purchasable","17":"product-type-simple"},"yoast_head":"<!-- This site is optimized with the Yoast SEO plugin v25.4 - https:\/\/yoast.com\/wordpress\/plugins\/seo\/ -->\n<title>TRUUSK Blomkruksst\u00e4ll i Trappform - 3-stegs V\u00e4xtst\u00e4ll - F\u00f6r Inomhus och Utomhus - Metall - Svart - TRUUSK - Hem, Tr\u00e4dg\u00e5rd &amp; Fritid<\/title>\n<meta name=\"robots\" content=\"index, follow, max-snippet:-1, max-image-preview:large, max-video-preview:-1\" \/>\n<link rel=\"canonical\" href=\"https:\/\/truusk.store\/sv\/produkt\/truusk-blomkruksstall-i-trappform-3-stegs-vaxtstall-for-inomhus-och-utomhus-metall-svart\/\" \/>\n<meta property=\"og:locale\" content=\"sv_SE\" \/>\n<meta property=\"og:type\" content=\"article\" \/>\n<meta property=\"og:title\" content=\"TRUUSK Blomkruksst\u00e4ll i Trappform - 3-stegs V\u00e4xtst\u00e4ll - F\u00f6r Inomhus och Utomhus - Metall - Svart - TRUUSK - Hem, Tr\u00e4dg\u00e5rd &amp; Fritid\" \/>\n<meta property=\"og:description\" content=\"Det trestegs trappdesign av denna TRUUSK blomst\u00e4ll garanterar optimal solstr\u00e5lning f\u00f6r varje v\u00e4xt och avrundas med en modern, elegant design....\" \/>\n<meta property=\"og:url\" content=\"https:\/\/truusk.store\/sv\/produkt\/truusk-blomkruksstall-i-trappform-3-stegs-vaxtstall-for-inomhus-och-utomhus-metall-svart\/\" \/>\n<meta property=\"og:site_name\" content=\"TRUUSK - Hem, Tr\u00e4dg\u00e5rd &amp; Fritid\" \/>\n<meta property=\"article:modified_time\" content=\"2026-03-12T08:45:30+00:00\" \/>\n<meta property=\"og:image\" content=\"https:\/\/i0.wp.com\/truusk.se\/wp-content\/uploads\/2025\/08\/blomkruksstall-3-stegs-vaxtstall-i-trappform-blomkruksstall-for-inomhus-och-utomhus-metall-svart-1.webp?fit=2000%2C2000&ssl=1\" \/>\n\t<meta property=\"og:image:width\" content=\"2000\" \/>\n\t<meta property=\"og:image:height\" content=\"2000\" \/>\n\t<meta property=\"og:image:type\" content=\"image\/webp\" \/>\n<meta name=\"twitter:card\" content=\"summary_large_image\" \/>\n<meta name=\"twitter:label1\" content=\"Ber\u00e4knad l\u00e4stid\" \/>\n\t<meta name=\"twitter:data1\" content=\"1 minut\" \/>\n<!-- \/ Yoast SEO plugin. -->","yoast_head_json":{"title":"TRUUSK Blomkruksst\u00e4ll i Trappform - 3-stegs V\u00e4xtst\u00e4ll - F\u00f6r Inomhus och Utomhus - Metall - Svart - TRUUSK - Hem, Tr\u00e4dg\u00e5rd &amp; Fritid","robots":{"index":"index","follow":"follow","max-snippet":"max-snippet:-1","max-image-preview":"max-image-preview:large","max-video-preview":"max-video-preview:-1"},"canonical":"https:\/\/truusk.store\/sv\/produkt\/truusk-blomkruksstall-i-trappform-3-stegs-vaxtstall-for-inomhus-och-utomhus-metall-svart\/","og_locale":"sv_SE","og_type":"article","og_title":"TRUUSK Blomkruksst\u00e4ll i Trappform - 3-stegs V\u00e4xtst\u00e4ll - F\u00f6r Inomhus och Utomhus - Metall - Svart - TRUUSK - Hem, Tr\u00e4dg\u00e5rd &amp; Fritid","og_description":"Det trestegs trappdesign av denna TRUUSK blomst\u00e4ll garanterar optimal solstr\u00e5lning f\u00f6r varje v\u00e4xt och avrundas med en modern, elegant design....","og_url":"https:\/\/truusk.store\/sv\/produkt\/truusk-blomkruksstall-i-trappform-3-stegs-vaxtstall-for-inomhus-och-utomhus-metall-svart\/","og_site_name":"TRUUSK - Hem, Tr\u00e4dg\u00e5rd &amp; Fritid","article_modified_time":"2026-03-12T08:45:30+00:00","og_image":[{"width":2000,"height":2000,"url":"https:\/\/i0.wp.com\/truusk.se\/wp-content\/uploads\/2025\/08\/blomkruksstall-3-stegs-vaxtstall-i-trappform-blomkruksstall-for-inomhus-och-utomhus-metall-svart-1.webp?fit=2000%2C2000&ssl=1","type":"image\/webp"}],"twitter_card":"summary_large_image","twitter_misc":{"Ber\u00e4knad l\u00e4stid":"1 minut"},"schema":{"@context":"https:\/\/schema.org","@graph":[{"@type":"WebPage","@id":"https:\/\/truusk.store\/sv\/produkt\/truusk-blomkruksstall-i-trappform-3-stegs-vaxtstall-for-inomhus-och-utomhus-metall-svart\/","url":"https:\/\/truusk.store\/sv\/produkt\/truusk-blomkruksstall-i-trappform-3-stegs-vaxtstall-for-inomhus-och-utomhus-metall-svart\/","name":"TRUUSK Blomkruksst\u00e4ll i Trappform - 3-stegs V\u00e4xtst\u00e4ll - F\u00f6r Inomhus och Utomhus - Metall - Svart - TRUUSK - Hem, Tr\u00e4dg\u00e5rd &amp; Fritid","isPartOf":{"@id":"https:\/\/truusk.store\/sv\/#website"},"primaryImageOfPage":{"@id":"https:\/\/truusk.store\/sv\/produkt\/truusk-blomkruksstall-i-trappform-3-stegs-vaxtstall-for-inomhus-och-utomhus-metall-svart\/#primaryimage"},"image":{"@id":"https:\/\/truusk.store\/sv\/produkt\/truusk-blomkruksstall-i-trappform-3-stegs-vaxtstall-for-inomhus-och-utomhus-metall-svart\/#primaryimage"},"thumbnailUrl":"https:\/\/i0.wp.com\/truusk.store\/wp-content\/uploads\/2025\/08\/blomkruksstall-3-stegs-vaxtstall-i-trappform-blomkruksstall-for-inomhus-och-utomhus-metall-svart-1.webp?fit=2000%2C2000&ssl=1","datePublished":"2025-08-20T11:40:16+00:00","dateModified":"2026-03-12T08:45:30+00:00","breadcrumb":{"@id":"https:\/\/truusk.store\/sv\/produkt\/truusk-blomkruksstall-i-trappform-3-stegs-vaxtstall-for-inomhus-och-utomhus-metall-svart\/#breadcrumb"},"inLanguage":"sv-SE","potentialAction":[{"@type":"ReadAction","target":["https:\/\/truusk.store\/sv\/produkt\/truusk-blomkruksstall-i-trappform-3-stegs-vaxtstall-for-inomhus-och-utomhus-metall-svart\/"]}]},{"@type":"ImageObject","inLanguage":"sv-SE","@id":"https:\/\/truusk.store\/sv\/produkt\/truusk-blomkruksstall-i-trappform-3-stegs-vaxtstall-for-inomhus-och-utomhus-metall-svart\/#primaryimage","url":"https:\/\/i0.wp.com\/truusk.store\/wp-content\/uploads\/2025\/08\/blomkruksstall-3-stegs-vaxtstall-i-trappform-blomkruksstall-for-inomhus-och-utomhus-metall-svart-1.webp?fit=2000%2C2000&ssl=1","contentUrl":"https:\/\/i0.wp.com\/truusk.store\/wp-content\/uploads\/2025\/08\/blomkruksstall-3-stegs-vaxtstall-i-trappform-blomkruksstall-for-inomhus-och-utomhus-metall-svart-1.webp?fit=2000%2C2000&ssl=1","width":2000,"height":2000},{"@type":"BreadcrumbList","@id":"https:\/\/truusk.store\/sv\/produkt\/truusk-blomkruksstall-i-trappform-3-stegs-vaxtstall-for-inomhus-och-utomhus-metall-svart\/#breadcrumb","itemListElement":[{"@type":"ListItem","position":1,"name":"Home","item":"https:\/\/truusk.store\/sv\/"},{"@type":"ListItem","position":2,"name":"Shop","item":"https:\/\/truusk.store\/shop\/"},{"@type":"ListItem","position":3,"name":"TRUUSK Blomkruksst\u00e4ll i Trappform &#8211; 3-stegs V\u00e4xtst\u00e4ll &#8211; F\u00f6r Inomhus och Utomhus &#8211; Metall &#8211; Svart"}]},{"@type":"WebSite","@id":"https:\/\/truusk.store\/sv\/#website","url":"https:\/\/truusk.store\/sv\/","name":"TRUUSK - Hem, Tr\u00e4dg\u00e5rd & Fritid","description":"","publisher":{"@id":"https:\/\/truusk.store\/sv\/#organization"},"potentialAction":[{"@type":"SearchAction","target":{"@type":"EntryPoint","urlTemplate":"https:\/\/truusk.store\/sv\/?s={search_term_string}"},"query-input":{"@type":"PropertyValueSpecification","valueRequired":true,"valueName":"search_term_string"}}],"inLanguage":"sv-SE"},{"@type":"Organization","@id":"https:\/\/truusk.store\/sv\/#organization","name":"TRUUSK - Hem, Tr\u00e4dg\u00e5rd & Fritid","url":"https:\/\/truusk.store\/sv\/","logo":{"@type":"ImageObject","inLanguage":"sv-SE","@id":"https:\/\/truusk.store\/sv\/#\/schema\/logo\/image\/","url":"https:\/\/i0.wp.com\/truusk.store\/wp-content\/uploads\/2026\/03\/cropped-TRUUSK.png?fit=2032%2C917&ssl=1","contentUrl":"https:\/\/i0.wp.com\/truusk.store\/wp-content\/uploads\/2026\/03\/cropped-TRUUSK.png?fit=2032%2C917&ssl=1","width":2032,"height":917,"caption":"TRUUSK - Hem, Tr\u00e4dg\u00e5rd & Fritid"},"image":{"@id":"https:\/\/truusk.store\/sv\/#\/schema\/logo\/image\/"}}]}},"jetpack_sharing_enabled":true,"_links":{"self":[{"href":"https:\/\/truusk.store\/sv\/wp-json\/wp\/v2\/product\/88802","targetHints":{"allow":["GET"]}}],"collection":[{"href":"https:\/\/truusk.store\/sv\/wp-json\/wp\/v2\/product"}],"about":[{"href":"https:\/\/truusk.store\/sv\/wp-json\/wp\/v2\/types\/product"}],"wp:featuredmedia":[{"embeddable":true,"href":"https:\/\/truusk.store\/sv\/wp-json\/wp\/v2\/media\/88796"}],"wp:attachment":[{"href":"https:\/\/truusk.store\/sv\/wp-json\/wp\/v2\/media?parent=88802"}],"wp:term":[{"taxonomy":"product_brand","embeddable":true,"href":"https:\/\/truusk.store\/sv\/wp-json\/wp\/v2\/product_brand?post=88802"},{"taxonomy":"product_cat","embeddable":true,"href":"https:\/\/truusk.store\/sv\/wp-json\/wp\/v2\/product_cat?post=88802"},{"taxonomy":"product_tag","embeddable":true,"href":"https:\/\/truusk.store\/sv\/wp-json\/wp\/v2\/product_tag?post=88802"}],"curies":[{"name":"wp","href":"https:\/\/api.w.org\/{rel}","templated":true}]}}