{"id":88897,"date":"2025-08-26T20:31:52","date_gmt":"2025-08-26T19:31:52","guid":{"rendered":"https:\/\/truusk.store\/product\/ergonomisk-kontorsstol-vadderad-med-fotstod-justerbar-ryggstod-360-roterbar-ljusgra\/"},"modified":"2026-03-12T09:44:17","modified_gmt":"2026-03-12T08:44:17","slug":"truusk-ergonomisk-kontorsstol-vadderad-med-fotstod-justerbart-ryggstod-360-roterbar-ljusgra","status":"publish","type":"product","link":"https:\/\/truusk.store\/sv\/produkt\/truusk-ergonomisk-kontorsstol-vadderad-med-fotstod-justerbart-ryggstod-360-roterbar-ljusgra\/","title":{"rendered":"TRUUSK Ergonomisk Kontorsstol &#8211; Vadderad &#8211; Med Fotst\u00f6d &#8211; Justerbart Ryggst\u00f6d &#8211; 360\u00b0 Roterbar &#8211; Ljusgr\u00e5"},"content":{"rendered":"<p>Arbetar du ofta hemifr\u00e5n eller tillbringar mycket tid p\u00e5 kontoret? D\u00e5 \u00e4r den slitstarka h\u00f6gryggade snurrstolen med hjul fr\u00e5n TRUUSK det perfekta valet f\u00f6r dig. Med sin 13 cm tjocka stoppning, den 60 cm breda ryggst\u00f6det och en lutning p\u00e5 135\u00b0 erbjuder arbetsstolen \u00f6verl\u00e4gsen komfort. Denna datorstol \u00e4r perfekt f\u00f6r l\u00e5nga arbetsdagar eller studiepass.<\/p>\n<p>Beskrivning:<\/p>\n<ul>\n<li> Ryggst\u00f6det p\u00e5 skrivbordsstolen med 135\u00b0 lutning och en fotst\u00f6d<\/li>\n<li> Den 60 cm breda vingryggen ger mer st\u00f6d<\/li>\n<li> Sittytans h\u00f6jd p\u00e5 PC-stolen kan justeras fr\u00e5n 46 till 54 cm f\u00f6r optimal komfort<\/li>\n<li> 360\u00b0 roterande sits och sv\u00e4ngbara hjul f\u00f6r r\u00f6rlighet<\/li>\n<li> Hudv\u00e4nligt, andningsbart mikrofiber tyg p\u00e5 kontorsstolen ger komfort vid sittande<\/li>\n<li> F\u00f6r anv\u00e4ndning p\u00e5 kontor, arbetsrum och m\u00f6tesrum<\/li>\n<\/ul>\n<p> Tekniska data:<\/p>\n<ul>\n<li> F\u00e4rg: Ljusgr\u00e5<\/li>\n<li> Material: Mikrofiber tyg, skum, metall<\/li>\n<li> Totala dimensioner: 74L x 65B x 120-128H cm<\/li>\n<li> Liggande dimensioner: 74L x 148B x 93-101H cm<\/li>\n<li> Sitsstorlek: 53B x 52T cm<\/li>\n<li> Sitt h\u00f6jd: 46-54 cm<\/li>\n<li> Ryggstorlek: 60B x 80H cm<\/li>\n<li> Fotst\u00f6dsstorlek: 36L x 20B cm<\/li>\n<li> Belastningskapacitet: 120 kg<\/li>\n<\/ul>\n<p>Leveransinneh\u00e5ll:<\/p>\n<ul>\n<li> 1 x Kontorsstol<\/li>\n<li> 1 x Manual<\/li>\n<\/ul>\n","protected":false},"excerpt":{"rendered":"<p>Arbetar du ofta hemifr\u00e5n eller tillbringar mycket tid p\u00e5 kontoret? D\u00e5 \u00e4r den slitstarka h\u00f6gryggade snurrstolen med hjul fr\u00e5n TRUUSK&#8230;<\/p>\n","protected":false},"featured_media":88888,"template":"","meta":[],"product_brand":[],"product_cat":[872,871,516],"product_tag":[],"class_list":{"0":"post-88897","1":"product","2":"type-product","3":"status-publish","4":"has-post-thumbnail","6":"product_cat-hemmakontor-arbetsplats","7":"product_cat-hus-hem","8":"product_cat-kontorsstolar","10":"first","11":"instock","12":"sale","13":"taxable","14":"shipping-taxable","15":"purchasable","16":"product-type-simple"},"yoast_head":"<!-- This site is optimized with the Yoast SEO plugin v25.4 - https:\/\/yoast.com\/wordpress\/plugins\/seo\/ -->\n<title>TRUUSK Ergonomisk Kontorsstol - Vadderad - Med Fotst\u00f6d - Justerbart Ryggst\u00f6d - 360\u00b0 Roterbar - Ljusgr\u00e5 - TRUUSK - Hem, Tr\u00e4dg\u00e5rd &amp; Fritid<\/title>\n<meta name=\"robots\" content=\"index, follow, max-snippet:-1, max-image-preview:large, max-video-preview:-1\" \/>\n<link rel=\"canonical\" href=\"https:\/\/truusk.store\/sv\/produkt\/truusk-ergonomisk-kontorsstol-vadderad-med-fotstod-justerbart-ryggstod-360-roterbar-ljusgra\/\" \/>\n<meta property=\"og:locale\" content=\"sv_SE\" \/>\n<meta property=\"og:type\" content=\"article\" \/>\n<meta property=\"og:title\" content=\"TRUUSK Ergonomisk Kontorsstol - Vadderad - Med Fotst\u00f6d - Justerbart Ryggst\u00f6d - 360\u00b0 Roterbar - Ljusgr\u00e5 - TRUUSK - Hem, Tr\u00e4dg\u00e5rd &amp; Fritid\" \/>\n<meta property=\"og:description\" content=\"Arbetar du ofta hemifr\u00e5n eller tillbringar mycket tid p\u00e5 kontoret? D\u00e5 \u00e4r den slitstarka h\u00f6gryggade snurrstolen med hjul fr\u00e5n TRUUSK...\" \/>\n<meta property=\"og:url\" content=\"https:\/\/truusk.store\/sv\/produkt\/truusk-ergonomisk-kontorsstol-vadderad-med-fotstod-justerbart-ryggstod-360-roterbar-ljusgra\/\" \/>\n<meta property=\"og:site_name\" content=\"TRUUSK - Hem, Tr\u00e4dg\u00e5rd &amp; Fritid\" \/>\n<meta property=\"article:modified_time\" content=\"2026-03-12T08:44:17+00:00\" \/>\n<meta property=\"og:image\" content=\"https:\/\/i0.wp.com\/truusk.se\/wp-content\/uploads\/2025\/08\/ergonomisk-kontorsstol-vadderad-med-fotstod-justerbar-ryggstod-360-roterbar-ljusgra-1.webp?fit=2000%2C2000&ssl=1\" \/>\n\t<meta property=\"og:image:width\" content=\"2000\" \/>\n\t<meta property=\"og:image:height\" content=\"2000\" \/>\n\t<meta property=\"og:image:type\" content=\"image\/webp\" \/>\n<meta name=\"twitter:card\" content=\"summary_large_image\" \/>\n<meta name=\"twitter:label1\" content=\"Ber\u00e4knad l\u00e4stid\" \/>\n\t<meta name=\"twitter:data1\" content=\"1 minut\" \/>\n<!-- \/ Yoast SEO plugin. -->","yoast_head_json":{"title":"TRUUSK Ergonomisk Kontorsstol - Vadderad - Med Fotst\u00f6d - Justerbart Ryggst\u00f6d - 360\u00b0 Roterbar - Ljusgr\u00e5 - TRUUSK - Hem, Tr\u00e4dg\u00e5rd &amp; Fritid","robots":{"index":"index","follow":"follow","max-snippet":"max-snippet:-1","max-image-preview":"max-image-preview:large","max-video-preview":"max-video-preview:-1"},"canonical":"https:\/\/truusk.store\/sv\/produkt\/truusk-ergonomisk-kontorsstol-vadderad-med-fotstod-justerbart-ryggstod-360-roterbar-ljusgra\/","og_locale":"sv_SE","og_type":"article","og_title":"TRUUSK Ergonomisk Kontorsstol - Vadderad - Med Fotst\u00f6d - Justerbart Ryggst\u00f6d - 360\u00b0 Roterbar - Ljusgr\u00e5 - TRUUSK - Hem, Tr\u00e4dg\u00e5rd &amp; Fritid","og_description":"Arbetar du ofta hemifr\u00e5n eller tillbringar mycket tid p\u00e5 kontoret? D\u00e5 \u00e4r den slitstarka h\u00f6gryggade snurrstolen med hjul fr\u00e5n TRUUSK...","og_url":"https:\/\/truusk.store\/sv\/produkt\/truusk-ergonomisk-kontorsstol-vadderad-med-fotstod-justerbart-ryggstod-360-roterbar-ljusgra\/","og_site_name":"TRUUSK - Hem, Tr\u00e4dg\u00e5rd &amp; Fritid","article_modified_time":"2026-03-12T08:44:17+00:00","og_image":[{"width":2000,"height":2000,"url":"https:\/\/i0.wp.com\/truusk.se\/wp-content\/uploads\/2025\/08\/ergonomisk-kontorsstol-vadderad-med-fotstod-justerbar-ryggstod-360-roterbar-ljusgra-1.webp?fit=2000%2C2000&ssl=1","type":"image\/webp"}],"twitter_card":"summary_large_image","twitter_misc":{"Ber\u00e4knad l\u00e4stid":"1 minut"},"schema":{"@context":"https:\/\/schema.org","@graph":[{"@type":"WebPage","@id":"https:\/\/truusk.store\/sv\/produkt\/truusk-ergonomisk-kontorsstol-vadderad-med-fotstod-justerbart-ryggstod-360-roterbar-ljusgra\/","url":"https:\/\/truusk.store\/sv\/produkt\/truusk-ergonomisk-kontorsstol-vadderad-med-fotstod-justerbart-ryggstod-360-roterbar-ljusgra\/","name":"TRUUSK Ergonomisk Kontorsstol - Vadderad - Med Fotst\u00f6d - Justerbart Ryggst\u00f6d - 360\u00b0 Roterbar - Ljusgr\u00e5 - TRUUSK - Hem, Tr\u00e4dg\u00e5rd &amp; Fritid","isPartOf":{"@id":"https:\/\/truusk.store\/sv\/#website"},"primaryImageOfPage":{"@id":"https:\/\/truusk.store\/sv\/produkt\/truusk-ergonomisk-kontorsstol-vadderad-med-fotstod-justerbart-ryggstod-360-roterbar-ljusgra\/#primaryimage"},"image":{"@id":"https:\/\/truusk.store\/sv\/produkt\/truusk-ergonomisk-kontorsstol-vadderad-med-fotstod-justerbart-ryggstod-360-roterbar-ljusgra\/#primaryimage"},"thumbnailUrl":"https:\/\/i0.wp.com\/truusk.store\/wp-content\/uploads\/2025\/08\/ergonomisk-kontorsstol-vadderad-med-fotstod-justerbar-ryggstod-360-roterbar-ljusgra-1.webp?fit=2000%2C2000&ssl=1","datePublished":"2025-08-26T19:31:52+00:00","dateModified":"2026-03-12T08:44:17+00:00","breadcrumb":{"@id":"https:\/\/truusk.store\/sv\/produkt\/truusk-ergonomisk-kontorsstol-vadderad-med-fotstod-justerbart-ryggstod-360-roterbar-ljusgra\/#breadcrumb"},"inLanguage":"sv-SE","potentialAction":[{"@type":"ReadAction","target":["https:\/\/truusk.store\/sv\/produkt\/truusk-ergonomisk-kontorsstol-vadderad-med-fotstod-justerbart-ryggstod-360-roterbar-ljusgra\/"]}]},{"@type":"ImageObject","inLanguage":"sv-SE","@id":"https:\/\/truusk.store\/sv\/produkt\/truusk-ergonomisk-kontorsstol-vadderad-med-fotstod-justerbart-ryggstod-360-roterbar-ljusgra\/#primaryimage","url":"https:\/\/i0.wp.com\/truusk.store\/wp-content\/uploads\/2025\/08\/ergonomisk-kontorsstol-vadderad-med-fotstod-justerbar-ryggstod-360-roterbar-ljusgra-1.webp?fit=2000%2C2000&ssl=1","contentUrl":"https:\/\/i0.wp.com\/truusk.store\/wp-content\/uploads\/2025\/08\/ergonomisk-kontorsstol-vadderad-med-fotstod-justerbar-ryggstod-360-roterbar-ljusgra-1.webp?fit=2000%2C2000&ssl=1","width":2000,"height":2000},{"@type":"BreadcrumbList","@id":"https:\/\/truusk.store\/sv\/produkt\/truusk-ergonomisk-kontorsstol-vadderad-med-fotstod-justerbart-ryggstod-360-roterbar-ljusgra\/#breadcrumb","itemListElement":[{"@type":"ListItem","position":1,"name":"Home","item":"https:\/\/truusk.store\/sv\/"},{"@type":"ListItem","position":2,"name":"Shop","item":"https:\/\/truusk.store\/shop\/"},{"@type":"ListItem","position":3,"name":"TRUUSK Ergonomisk Kontorsstol &#8211; Vadderad &#8211; Med Fotst\u00f6d &#8211; Justerbart Ryggst\u00f6d &#8211; 360\u00b0 Roterbar &#8211; Ljusgr\u00e5"}]},{"@type":"WebSite","@id":"https:\/\/truusk.store\/sv\/#website","url":"https:\/\/truusk.store\/sv\/","name":"TRUUSK - Hem, Tr\u00e4dg\u00e5rd & Fritid","description":"","publisher":{"@id":"https:\/\/truusk.store\/sv\/#organization"},"potentialAction":[{"@type":"SearchAction","target":{"@type":"EntryPoint","urlTemplate":"https:\/\/truusk.store\/sv\/?s={search_term_string}"},"query-input":{"@type":"PropertyValueSpecification","valueRequired":true,"valueName":"search_term_string"}}],"inLanguage":"sv-SE"},{"@type":"Organization","@id":"https:\/\/truusk.store\/sv\/#organization","name":"TRUUSK - Hem, Tr\u00e4dg\u00e5rd & Fritid","url":"https:\/\/truusk.store\/sv\/","logo":{"@type":"ImageObject","inLanguage":"sv-SE","@id":"https:\/\/truusk.store\/sv\/#\/schema\/logo\/image\/","url":"https:\/\/i0.wp.com\/truusk.store\/wp-content\/uploads\/2026\/03\/cropped-TRUUSK.png?fit=2032%2C917&ssl=1","contentUrl":"https:\/\/i0.wp.com\/truusk.store\/wp-content\/uploads\/2026\/03\/cropped-TRUUSK.png?fit=2032%2C917&ssl=1","width":2032,"height":917,"caption":"TRUUSK - Hem, Tr\u00e4dg\u00e5rd & Fritid"},"image":{"@id":"https:\/\/truusk.store\/sv\/#\/schema\/logo\/image\/"}}]}},"jetpack_sharing_enabled":true,"_links":{"self":[{"href":"https:\/\/truusk.store\/sv\/wp-json\/wp\/v2\/product\/88897","targetHints":{"allow":["GET"]}}],"collection":[{"href":"https:\/\/truusk.store\/sv\/wp-json\/wp\/v2\/product"}],"about":[{"href":"https:\/\/truusk.store\/sv\/wp-json\/wp\/v2\/types\/product"}],"wp:featuredmedia":[{"embeddable":true,"href":"https:\/\/truusk.store\/sv\/wp-json\/wp\/v2\/media\/88888"}],"wp:attachment":[{"href":"https:\/\/truusk.store\/sv\/wp-json\/wp\/v2\/media?parent=88897"}],"wp:term":[{"taxonomy":"product_brand","embeddable":true,"href":"https:\/\/truusk.store\/sv\/wp-json\/wp\/v2\/product_brand?post=88897"},{"taxonomy":"product_cat","embeddable":true,"href":"https:\/\/truusk.store\/sv\/wp-json\/wp\/v2\/product_cat?post=88897"},{"taxonomy":"product_tag","embeddable":true,"href":"https:\/\/truusk.store\/sv\/wp-json\/wp\/v2\/product_tag?post=88897"}],"curies":[{"name":"wp","href":"https:\/\/api.w.org\/{rel}","templated":true}]}}