{"id":88937,"date":"2025-08-27T12:37:26","date_gmt":"2025-08-27T11:37:26","guid":{"rendered":"https:\/\/truusk.store\/product\/julgran-o90-x-180-cm-konstgjord-gran-realistisk-barrkladsel-gron\/"},"modified":"2026-03-12T09:42:19","modified_gmt":"2026-03-12T08:42:19","slug":"truusk-julgran-o90-x-180-cm-konstgjord-gran-realistisk-barrkladsel-gron-perfekt-for-juldekorationer","status":"publish","type":"product","link":"https:\/\/truusk.store\/sv\/produkt\/truusk-julgran-o90-x-180-cm-konstgjord-gran-realistisk-barrkladsel-gron-perfekt-for-juldekorationer\/","title":{"rendered":"TRUUSK Julgran \u00d890 X 180 cm &#8211; Konstgjord Gran &#8211; Realistisk Barrkl\u00e4dsel &#8211; Gr\u00f6n &#8211; Perfekt f\u00f6r Juldekorationer"},"content":{"rendered":"<p>Ge ditt hem en festlig glans med v\u00e5r julgran av h\u00f6gkvalitativ plast. Den t\u00e4ta, bedr\u00e4gligt \u00e4kta barrkl\u00e4dningen p\u00e5 julgranen ger ett imponerande utseende, medan den stabila metallst\u00e4llningen garanterar s\u00e4ker stabilitet. Perfekt f\u00f6r ditt vardagsrum, kontor eller julfester &#8211; denna julgran skapar en magisk atmosf\u00e4r som kommer att gl\u00e4dja dina g\u00e4ster. Njut av f\u00f6rv\u00e4ntan inf\u00f6r helgdagarna, helt utan att vattna eller barr som ligger runt.<\/p>\n<p>Beskrivning:<\/p>\n<ul>\n<li> Fantastisk julgran som ger ditt hem en magisk och festlig touch<\/li>\n<li> Perfekt f\u00f6r anv\u00e4ndning i ditt hem, kontor och p\u00e5 julfester<\/li>\n<li> 375 frodiga och realistiska grenar p\u00e5 julgranen f\u00f6r ett autentiskt utseende<\/li>\n<li> Tillverkad av h\u00f6gkvalitativa, h\u00e5llbara material<\/li>\n<li> Grenar av PET, tjocka och extremt slitstarka<\/li>\n<li> Stabil metallst\u00e4llning f\u00f6r julgranen f\u00f6r optimal stabilitet<\/li>\n<li> Snabb och enkel montering f\u00f6r stressfri installation<\/li>\n<\/ul>\n<p>Tekniska data:<\/p>\n<ul>\n<li> F\u00e4rg: Gr\u00f6n<\/li>\n<li> Material: Plast, Metall<\/li>\n<li> Totala m\u00e5tt: \u00d890 x 180H cm<\/li>\n<li> Basdimensioner: \u00d845 cm<\/li>\n<\/ul>\n<p>Leveransinneh\u00e5ll:<\/p>\n<ul>\n<li> 1 x Julgran<\/li>\n<li> 1 x Instruktioner<\/li>\n<\/ul>\n","protected":false},"excerpt":{"rendered":"<p>Ge ditt hem en festlig glans med v\u00e5r julgran av h\u00f6gkvalitativ plast. Den t\u00e4ta, bedr\u00e4gligt \u00e4kta barrkl\u00e4dningen p\u00e5 julgranen ger&#8230;<\/p>\n","protected":false},"featured_media":88928,"template":"","meta":[],"product_brand":[],"product_cat":[706,709,894],"product_tag":[],"class_list":{"0":"post-88937","1":"product","2":"type-product","3":"status-publish","4":"has-post-thumbnail","6":"product_cat-julgranar","7":"product_cat-julgranar-over-180cm","8":"product_cat-julvarld","10":"first","11":"instock","12":"sale","13":"taxable","14":"shipping-taxable","15":"purchasable","16":"product-type-simple"},"yoast_head":"<!-- This site is optimized with the Yoast SEO plugin v25.4 - https:\/\/yoast.com\/wordpress\/plugins\/seo\/ -->\n<title>TRUUSK Julgran \u00d890 X 180 cm - Konstgjord Gran - Realistisk Barrkl\u00e4dsel - Gr\u00f6n - Perfekt f\u00f6r Juldekorationer - TRUUSK - Hem, Tr\u00e4dg\u00e5rd &amp; Fritid<\/title>\n<meta name=\"robots\" content=\"index, follow, max-snippet:-1, max-image-preview:large, max-video-preview:-1\" \/>\n<link rel=\"canonical\" href=\"https:\/\/truusk.store\/sv\/produkt\/truusk-julgran-o90-x-180-cm-konstgjord-gran-realistisk-barrkladsel-gron-perfekt-for-juldekorationer\/\" \/>\n<meta property=\"og:locale\" content=\"sv_SE\" \/>\n<meta property=\"og:type\" content=\"article\" \/>\n<meta property=\"og:title\" content=\"TRUUSK Julgran \u00d890 X 180 cm - Konstgjord Gran - Realistisk Barrkl\u00e4dsel - Gr\u00f6n - Perfekt f\u00f6r Juldekorationer - TRUUSK - Hem, Tr\u00e4dg\u00e5rd &amp; Fritid\" \/>\n<meta property=\"og:description\" content=\"Ge ditt hem en festlig glans med v\u00e5r julgran av h\u00f6gkvalitativ plast. Den t\u00e4ta, bedr\u00e4gligt \u00e4kta barrkl\u00e4dningen p\u00e5 julgranen ger...\" \/>\n<meta property=\"og:url\" content=\"https:\/\/truusk.store\/sv\/produkt\/truusk-julgran-o90-x-180-cm-konstgjord-gran-realistisk-barrkladsel-gron-perfekt-for-juldekorationer\/\" \/>\n<meta property=\"og:site_name\" content=\"TRUUSK - Hem, Tr\u00e4dg\u00e5rd &amp; Fritid\" \/>\n<meta property=\"article:modified_time\" content=\"2026-03-12T08:42:19+00:00\" \/>\n<meta property=\"og:image\" content=\"https:\/\/i0.wp.com\/truusk.se\/wp-content\/uploads\/2025\/08\/julgran-o90-x-180-cm-konstgjord-gran-realistisk-barrkladsel-gron-1.webp?fit=2000%2C2000&ssl=1\" \/>\n\t<meta property=\"og:image:width\" content=\"2000\" \/>\n\t<meta property=\"og:image:height\" content=\"2000\" \/>\n\t<meta property=\"og:image:type\" content=\"image\/webp\" \/>\n<meta name=\"twitter:card\" content=\"summary_large_image\" \/>\n<meta name=\"twitter:label1\" content=\"Ber\u00e4knad l\u00e4stid\" \/>\n\t<meta name=\"twitter:data1\" content=\"1 minut\" \/>\n<!-- \/ Yoast SEO plugin. -->","yoast_head_json":{"title":"TRUUSK Julgran \u00d890 X 180 cm - Konstgjord Gran - Realistisk Barrkl\u00e4dsel - Gr\u00f6n - Perfekt f\u00f6r Juldekorationer - TRUUSK - Hem, Tr\u00e4dg\u00e5rd &amp; Fritid","robots":{"index":"index","follow":"follow","max-snippet":"max-snippet:-1","max-image-preview":"max-image-preview:large","max-video-preview":"max-video-preview:-1"},"canonical":"https:\/\/truusk.store\/sv\/produkt\/truusk-julgran-o90-x-180-cm-konstgjord-gran-realistisk-barrkladsel-gron-perfekt-for-juldekorationer\/","og_locale":"sv_SE","og_type":"article","og_title":"TRUUSK Julgran \u00d890 X 180 cm - Konstgjord Gran - Realistisk Barrkl\u00e4dsel - Gr\u00f6n - Perfekt f\u00f6r Juldekorationer - TRUUSK - Hem, Tr\u00e4dg\u00e5rd &amp; Fritid","og_description":"Ge ditt hem en festlig glans med v\u00e5r julgran av h\u00f6gkvalitativ plast. Den t\u00e4ta, bedr\u00e4gligt \u00e4kta barrkl\u00e4dningen p\u00e5 julgranen ger...","og_url":"https:\/\/truusk.store\/sv\/produkt\/truusk-julgran-o90-x-180-cm-konstgjord-gran-realistisk-barrkladsel-gron-perfekt-for-juldekorationer\/","og_site_name":"TRUUSK - Hem, Tr\u00e4dg\u00e5rd &amp; Fritid","article_modified_time":"2026-03-12T08:42:19+00:00","og_image":[{"width":2000,"height":2000,"url":"https:\/\/i0.wp.com\/truusk.se\/wp-content\/uploads\/2025\/08\/julgran-o90-x-180-cm-konstgjord-gran-realistisk-barrkladsel-gron-1.webp?fit=2000%2C2000&ssl=1","type":"image\/webp"}],"twitter_card":"summary_large_image","twitter_misc":{"Ber\u00e4knad l\u00e4stid":"1 minut"},"schema":{"@context":"https:\/\/schema.org","@graph":[{"@type":"WebPage","@id":"https:\/\/truusk.store\/sv\/produkt\/truusk-julgran-o90-x-180-cm-konstgjord-gran-realistisk-barrkladsel-gron-perfekt-for-juldekorationer\/","url":"https:\/\/truusk.store\/sv\/produkt\/truusk-julgran-o90-x-180-cm-konstgjord-gran-realistisk-barrkladsel-gron-perfekt-for-juldekorationer\/","name":"TRUUSK Julgran \u00d890 X 180 cm - Konstgjord Gran - Realistisk Barrkl\u00e4dsel - Gr\u00f6n - Perfekt f\u00f6r Juldekorationer - TRUUSK - Hem, Tr\u00e4dg\u00e5rd &amp; Fritid","isPartOf":{"@id":"https:\/\/truusk.store\/sv\/#website"},"primaryImageOfPage":{"@id":"https:\/\/truusk.store\/sv\/produkt\/truusk-julgran-o90-x-180-cm-konstgjord-gran-realistisk-barrkladsel-gron-perfekt-for-juldekorationer\/#primaryimage"},"image":{"@id":"https:\/\/truusk.store\/sv\/produkt\/truusk-julgran-o90-x-180-cm-konstgjord-gran-realistisk-barrkladsel-gron-perfekt-for-juldekorationer\/#primaryimage"},"thumbnailUrl":"https:\/\/i0.wp.com\/truusk.store\/wp-content\/uploads\/2025\/08\/julgran-o90-x-180-cm-konstgjord-gran-realistisk-barrkladsel-gron-1.webp?fit=2000%2C2000&ssl=1","datePublished":"2025-08-27T11:37:26+00:00","dateModified":"2026-03-12T08:42:19+00:00","breadcrumb":{"@id":"https:\/\/truusk.store\/sv\/produkt\/truusk-julgran-o90-x-180-cm-konstgjord-gran-realistisk-barrkladsel-gron-perfekt-for-juldekorationer\/#breadcrumb"},"inLanguage":"sv-SE","potentialAction":[{"@type":"ReadAction","target":["https:\/\/truusk.store\/sv\/produkt\/truusk-julgran-o90-x-180-cm-konstgjord-gran-realistisk-barrkladsel-gron-perfekt-for-juldekorationer\/"]}]},{"@type":"ImageObject","inLanguage":"sv-SE","@id":"https:\/\/truusk.store\/sv\/produkt\/truusk-julgran-o90-x-180-cm-konstgjord-gran-realistisk-barrkladsel-gron-perfekt-for-juldekorationer\/#primaryimage","url":"https:\/\/i0.wp.com\/truusk.store\/wp-content\/uploads\/2025\/08\/julgran-o90-x-180-cm-konstgjord-gran-realistisk-barrkladsel-gron-1.webp?fit=2000%2C2000&ssl=1","contentUrl":"https:\/\/i0.wp.com\/truusk.store\/wp-content\/uploads\/2025\/08\/julgran-o90-x-180-cm-konstgjord-gran-realistisk-barrkladsel-gron-1.webp?fit=2000%2C2000&ssl=1","width":2000,"height":2000},{"@type":"BreadcrumbList","@id":"https:\/\/truusk.store\/sv\/produkt\/truusk-julgran-o90-x-180-cm-konstgjord-gran-realistisk-barrkladsel-gron-perfekt-for-juldekorationer\/#breadcrumb","itemListElement":[{"@type":"ListItem","position":1,"name":"Home","item":"https:\/\/truusk.store\/sv\/"},{"@type":"ListItem","position":2,"name":"Shop","item":"https:\/\/truusk.store\/shop\/"},{"@type":"ListItem","position":3,"name":"TRUUSK Julgran \u00d890 X 180 cm &#8211; Konstgjord Gran &#8211; Realistisk Barrkl\u00e4dsel &#8211; Gr\u00f6n &#8211; Perfekt f\u00f6r Juldekorationer"}]},{"@type":"WebSite","@id":"https:\/\/truusk.store\/sv\/#website","url":"https:\/\/truusk.store\/sv\/","name":"TRUUSK - Hem, Tr\u00e4dg\u00e5rd & Fritid","description":"","publisher":{"@id":"https:\/\/truusk.store\/sv\/#organization"},"potentialAction":[{"@type":"SearchAction","target":{"@type":"EntryPoint","urlTemplate":"https:\/\/truusk.store\/sv\/?s={search_term_string}"},"query-input":{"@type":"PropertyValueSpecification","valueRequired":true,"valueName":"search_term_string"}}],"inLanguage":"sv-SE"},{"@type":"Organization","@id":"https:\/\/truusk.store\/sv\/#organization","name":"TRUUSK - Hem, Tr\u00e4dg\u00e5rd & Fritid","url":"https:\/\/truusk.store\/sv\/","logo":{"@type":"ImageObject","inLanguage":"sv-SE","@id":"https:\/\/truusk.store\/sv\/#\/schema\/logo\/image\/","url":"https:\/\/i0.wp.com\/truusk.store\/wp-content\/uploads\/2026\/03\/cropped-TRUUSK.png?fit=2032%2C917&ssl=1","contentUrl":"https:\/\/i0.wp.com\/truusk.store\/wp-content\/uploads\/2026\/03\/cropped-TRUUSK.png?fit=2032%2C917&ssl=1","width":2032,"height":917,"caption":"TRUUSK - Hem, Tr\u00e4dg\u00e5rd & Fritid"},"image":{"@id":"https:\/\/truusk.store\/sv\/#\/schema\/logo\/image\/"}}]}},"jetpack_sharing_enabled":true,"_links":{"self":[{"href":"https:\/\/truusk.store\/sv\/wp-json\/wp\/v2\/product\/88937","targetHints":{"allow":["GET"]}}],"collection":[{"href":"https:\/\/truusk.store\/sv\/wp-json\/wp\/v2\/product"}],"about":[{"href":"https:\/\/truusk.store\/sv\/wp-json\/wp\/v2\/types\/product"}],"wp:featuredmedia":[{"embeddable":true,"href":"https:\/\/truusk.store\/sv\/wp-json\/wp\/v2\/media\/88928"}],"wp:attachment":[{"href":"https:\/\/truusk.store\/sv\/wp-json\/wp\/v2\/media?parent=88937"}],"wp:term":[{"taxonomy":"product_brand","embeddable":true,"href":"https:\/\/truusk.store\/sv\/wp-json\/wp\/v2\/product_brand?post=88937"},{"taxonomy":"product_cat","embeddable":true,"href":"https:\/\/truusk.store\/sv\/wp-json\/wp\/v2\/product_cat?post=88937"},{"taxonomy":"product_tag","embeddable":true,"href":"https:\/\/truusk.store\/sv\/wp-json\/wp\/v2\/product_tag?post=88937"}],"curies":[{"name":"wp","href":"https:\/\/api.w.org\/{rel}","templated":true}]}}