{"id":89073,"date":"2025-09-01T20:36:43","date_gmt":"2025-09-01T19:36:43","guid":{"rendered":"https:\/\/truusk.store\/product\/18-m-konstgjord-julkrans-blomsterdekoration-med-160-toppar-gron\/"},"modified":"2026-03-12T09:41:33","modified_gmt":"2026-03-12T08:41:33","slug":"truusk-konstgjord-julkrans-18-m-blomsterdekoration-med-160-toppar-gron","status":"publish","type":"product","link":"https:\/\/truusk.store\/sv\/produkt\/truusk-konstgjord-julkrans-18-m-blomsterdekoration-med-160-toppar-gron\/","title":{"rendered":"TRUUSK Konstgjord Julkrans &#8211; 1,8 M &#8211; Blomsterdekoration Med 160 Toppar &#8211; Gr\u00f6n"},"content":{"rendered":"<p>F\u00f6rtrolla dina rum med TRUUSK julkrans. Denna 1,8 meter l\u00e5nga krans med naturtrogna barr f\u00f6rvandlar ditt hem till ett vinterland. Forma de flexibla grenarna helt enligt din smak och njut av en s\u00e4ker, festlig atmosf\u00e4r tack vare det flams\u00e4kra materialet.<\/p>\n<p>Beskrivning:<\/p>\n<ul>\n<li> 1,8 m l\u00e5ng julkrans imiterar vackert \u00e4kta granbarr<\/li>\n<li> Flexibel metalltr\u00e5d m\u00f6jligg\u00f6r enkel formning och arrangemang<\/li>\n<li> L\u00e4mplig f\u00f6r trappor, spiselhylla, \u00f6ppen spis, v\u00e4gg, f\u00f6nster, d\u00f6rr, staket, veranda osv.<\/li>\n<li> Sprid ut alla enskilda toppar f\u00f6r att f\u00e5 det optimala m\u00f6jliga utseendet<\/li>\n<li> Flams\u00e4kert material ger s\u00e4krare festdekorationer<\/li>\n<li> Ingen montering kr\u00e4vs f\u00f6r omedelbar julst\u00e4mning<\/li>\n<\/ul>\n<p>Tekniska data:<\/p>\n<ul>\n<li> F\u00e4rg: Gr\u00f6n<\/li>\n<li> Material: Plast, Metall<\/li>\n<li> Totala dimensioner: 180L x 30B x 30H cm<\/li>\n<li> Antal toppar: 160<\/li>\n<\/ul>\n<p>Leveransinneh\u00e5ll:<\/p>\n<ul>\n<li> 1 x Julkrans<\/li>\n<li> 1 x Bruksanvisning<\/li>\n<\/ul>\n","protected":false},"excerpt":{"rendered":"<p>F\u00f6rtrolla dina rum med TRUUSK julkrans. Denna 1,8 meter l\u00e5nga krans med naturtrogna barr f\u00f6rvandlar ditt hem till ett vinterland&#8230;.<\/p>\n","protected":false},"featured_media":89064,"template":"","meta":[],"product_brand":[],"product_cat":[718,985,894],"product_tag":[],"class_list":{"0":"post-89073","1":"product","2":"type-product","3":"status-publish","4":"has-post-thumbnail","6":"product_cat-adventskransar","7":"product_cat-juldekoration","8":"product_cat-julvarld","10":"first","11":"instock","12":"sale","13":"taxable","14":"shipping-taxable","15":"purchasable","16":"product-type-simple"},"yoast_head":"<!-- This site is optimized with the Yoast SEO plugin v25.4 - https:\/\/yoast.com\/wordpress\/plugins\/seo\/ -->\n<title>TRUUSK Konstgjord Julkrans - 1,8 M - Blomsterdekoration Med 160 Toppar - Gr\u00f6n - TRUUSK - Hem, Tr\u00e4dg\u00e5rd &amp; Fritid<\/title>\n<meta name=\"robots\" content=\"index, follow, max-snippet:-1, max-image-preview:large, max-video-preview:-1\" \/>\n<link rel=\"canonical\" href=\"https:\/\/truusk.store\/sv\/produkt\/truusk-konstgjord-julkrans-18-m-blomsterdekoration-med-160-toppar-gron\/\" \/>\n<meta property=\"og:locale\" content=\"sv_SE\" \/>\n<meta property=\"og:type\" content=\"article\" \/>\n<meta property=\"og:title\" content=\"TRUUSK Konstgjord Julkrans - 1,8 M - Blomsterdekoration Med 160 Toppar - Gr\u00f6n - TRUUSK - Hem, Tr\u00e4dg\u00e5rd &amp; Fritid\" \/>\n<meta property=\"og:description\" content=\"F\u00f6rtrolla dina rum med TRUUSK julkrans. Denna 1,8 meter l\u00e5nga krans med naturtrogna barr f\u00f6rvandlar ditt hem till ett vinterland....\" \/>\n<meta property=\"og:url\" content=\"https:\/\/truusk.store\/sv\/produkt\/truusk-konstgjord-julkrans-18-m-blomsterdekoration-med-160-toppar-gron\/\" \/>\n<meta property=\"og:site_name\" content=\"TRUUSK - Hem, Tr\u00e4dg\u00e5rd &amp; Fritid\" \/>\n<meta property=\"article:modified_time\" content=\"2026-03-12T08:41:33+00:00\" \/>\n<meta property=\"og:image\" content=\"https:\/\/i0.wp.com\/truusk.se\/wp-content\/uploads\/2025\/09\/18-m-konstgjord-julkrans-blomsterdekoration-med-160-toppar-gron-1.webp?fit=2000%2C2000&ssl=1\" \/>\n\t<meta property=\"og:image:width\" content=\"2000\" \/>\n\t<meta property=\"og:image:height\" content=\"2000\" \/>\n\t<meta property=\"og:image:type\" content=\"image\/webp\" \/>\n<meta name=\"twitter:card\" content=\"summary_large_image\" \/>\n<meta name=\"twitter:label1\" content=\"Ber\u00e4knad l\u00e4stid\" \/>\n\t<meta name=\"twitter:data1\" content=\"1 minut\" \/>\n<!-- \/ Yoast SEO plugin. -->","yoast_head_json":{"title":"TRUUSK Konstgjord Julkrans - 1,8 M - Blomsterdekoration Med 160 Toppar - Gr\u00f6n - TRUUSK - Hem, Tr\u00e4dg\u00e5rd &amp; Fritid","robots":{"index":"index","follow":"follow","max-snippet":"max-snippet:-1","max-image-preview":"max-image-preview:large","max-video-preview":"max-video-preview:-1"},"canonical":"https:\/\/truusk.store\/sv\/produkt\/truusk-konstgjord-julkrans-18-m-blomsterdekoration-med-160-toppar-gron\/","og_locale":"sv_SE","og_type":"article","og_title":"TRUUSK Konstgjord Julkrans - 1,8 M - Blomsterdekoration Med 160 Toppar - Gr\u00f6n - TRUUSK - Hem, Tr\u00e4dg\u00e5rd &amp; Fritid","og_description":"F\u00f6rtrolla dina rum med TRUUSK julkrans. Denna 1,8 meter l\u00e5nga krans med naturtrogna barr f\u00f6rvandlar ditt hem till ett vinterland....","og_url":"https:\/\/truusk.store\/sv\/produkt\/truusk-konstgjord-julkrans-18-m-blomsterdekoration-med-160-toppar-gron\/","og_site_name":"TRUUSK - Hem, Tr\u00e4dg\u00e5rd &amp; Fritid","article_modified_time":"2026-03-12T08:41:33+00:00","og_image":[{"width":2000,"height":2000,"url":"https:\/\/i0.wp.com\/truusk.se\/wp-content\/uploads\/2025\/09\/18-m-konstgjord-julkrans-blomsterdekoration-med-160-toppar-gron-1.webp?fit=2000%2C2000&ssl=1","type":"image\/webp"}],"twitter_card":"summary_large_image","twitter_misc":{"Ber\u00e4knad l\u00e4stid":"1 minut"},"schema":{"@context":"https:\/\/schema.org","@graph":[{"@type":"WebPage","@id":"https:\/\/truusk.store\/sv\/produkt\/truusk-konstgjord-julkrans-18-m-blomsterdekoration-med-160-toppar-gron\/","url":"https:\/\/truusk.store\/sv\/produkt\/truusk-konstgjord-julkrans-18-m-blomsterdekoration-med-160-toppar-gron\/","name":"TRUUSK Konstgjord Julkrans - 1,8 M - Blomsterdekoration Med 160 Toppar - Gr\u00f6n - TRUUSK - Hem, Tr\u00e4dg\u00e5rd &amp; Fritid","isPartOf":{"@id":"https:\/\/truusk.store\/sv\/#website"},"primaryImageOfPage":{"@id":"https:\/\/truusk.store\/sv\/produkt\/truusk-konstgjord-julkrans-18-m-blomsterdekoration-med-160-toppar-gron\/#primaryimage"},"image":{"@id":"https:\/\/truusk.store\/sv\/produkt\/truusk-konstgjord-julkrans-18-m-blomsterdekoration-med-160-toppar-gron\/#primaryimage"},"thumbnailUrl":"https:\/\/i0.wp.com\/truusk.store\/wp-content\/uploads\/2025\/09\/18-m-konstgjord-julkrans-blomsterdekoration-med-160-toppar-gron-1.webp?fit=2000%2C2000&ssl=1","datePublished":"2025-09-01T19:36:43+00:00","dateModified":"2026-03-12T08:41:33+00:00","breadcrumb":{"@id":"https:\/\/truusk.store\/sv\/produkt\/truusk-konstgjord-julkrans-18-m-blomsterdekoration-med-160-toppar-gron\/#breadcrumb"},"inLanguage":"sv-SE","potentialAction":[{"@type":"ReadAction","target":["https:\/\/truusk.store\/sv\/produkt\/truusk-konstgjord-julkrans-18-m-blomsterdekoration-med-160-toppar-gron\/"]}]},{"@type":"ImageObject","inLanguage":"sv-SE","@id":"https:\/\/truusk.store\/sv\/produkt\/truusk-konstgjord-julkrans-18-m-blomsterdekoration-med-160-toppar-gron\/#primaryimage","url":"https:\/\/i0.wp.com\/truusk.store\/wp-content\/uploads\/2025\/09\/18-m-konstgjord-julkrans-blomsterdekoration-med-160-toppar-gron-1.webp?fit=2000%2C2000&ssl=1","contentUrl":"https:\/\/i0.wp.com\/truusk.store\/wp-content\/uploads\/2025\/09\/18-m-konstgjord-julkrans-blomsterdekoration-med-160-toppar-gron-1.webp?fit=2000%2C2000&ssl=1","width":2000,"height":2000},{"@type":"BreadcrumbList","@id":"https:\/\/truusk.store\/sv\/produkt\/truusk-konstgjord-julkrans-18-m-blomsterdekoration-med-160-toppar-gron\/#breadcrumb","itemListElement":[{"@type":"ListItem","position":1,"name":"Home","item":"https:\/\/truusk.store\/sv\/"},{"@type":"ListItem","position":2,"name":"Shop","item":"https:\/\/truusk.store\/shop\/"},{"@type":"ListItem","position":3,"name":"TRUUSK Konstgjord Julkrans &#8211; 1,8 M &#8211; Blomsterdekoration Med 160 Toppar &#8211; Gr\u00f6n"}]},{"@type":"WebSite","@id":"https:\/\/truusk.store\/sv\/#website","url":"https:\/\/truusk.store\/sv\/","name":"TRUUSK - Hem, Tr\u00e4dg\u00e5rd & Fritid","description":"","publisher":{"@id":"https:\/\/truusk.store\/sv\/#organization"},"potentialAction":[{"@type":"SearchAction","target":{"@type":"EntryPoint","urlTemplate":"https:\/\/truusk.store\/sv\/?s={search_term_string}"},"query-input":{"@type":"PropertyValueSpecification","valueRequired":true,"valueName":"search_term_string"}}],"inLanguage":"sv-SE"},{"@type":"Organization","@id":"https:\/\/truusk.store\/sv\/#organization","name":"TRUUSK - Hem, Tr\u00e4dg\u00e5rd & Fritid","url":"https:\/\/truusk.store\/sv\/","logo":{"@type":"ImageObject","inLanguage":"sv-SE","@id":"https:\/\/truusk.store\/sv\/#\/schema\/logo\/image\/","url":"https:\/\/i0.wp.com\/truusk.store\/wp-content\/uploads\/2026\/03\/cropped-TRUUSK.png?fit=2032%2C917&ssl=1","contentUrl":"https:\/\/i0.wp.com\/truusk.store\/wp-content\/uploads\/2026\/03\/cropped-TRUUSK.png?fit=2032%2C917&ssl=1","width":2032,"height":917,"caption":"TRUUSK - Hem, Tr\u00e4dg\u00e5rd & Fritid"},"image":{"@id":"https:\/\/truusk.store\/sv\/#\/schema\/logo\/image\/"}}]}},"jetpack_sharing_enabled":true,"_links":{"self":[{"href":"https:\/\/truusk.store\/sv\/wp-json\/wp\/v2\/product\/89073","targetHints":{"allow":["GET"]}}],"collection":[{"href":"https:\/\/truusk.store\/sv\/wp-json\/wp\/v2\/product"}],"about":[{"href":"https:\/\/truusk.store\/sv\/wp-json\/wp\/v2\/types\/product"}],"wp:featuredmedia":[{"embeddable":true,"href":"https:\/\/truusk.store\/sv\/wp-json\/wp\/v2\/media\/89064"}],"wp:attachment":[{"href":"https:\/\/truusk.store\/sv\/wp-json\/wp\/v2\/media?parent=89073"}],"wp:term":[{"taxonomy":"product_brand","embeddable":true,"href":"https:\/\/truusk.store\/sv\/wp-json\/wp\/v2\/product_brand?post=89073"},{"taxonomy":"product_cat","embeddable":true,"href":"https:\/\/truusk.store\/sv\/wp-json\/wp\/v2\/product_cat?post=89073"},{"taxonomy":"product_tag","embeddable":true,"href":"https:\/\/truusk.store\/sv\/wp-json\/wp\/v2\/product_tag?post=89073"}],"curies":[{"name":"wp","href":"https:\/\/api.w.org\/{rel}","templated":true}]}}