{"id":89153,"date":"2025-09-02T12:22:11","date_gmt":"2025-09-02T11:22:11","guid":{"rendered":"https:\/\/truusk.store\/product\/elektrisk-barnmotorcykel-ljus-ljud-3-km-h-uppladdningsbar-plast-metall-svart-vit\/"},"modified":"2026-03-12T08:55:54","modified_gmt":"2026-03-12T07:55:54","slug":"truusk-elektrisk-barnmotorcykel-ljus-ljud-3-km-h-uppladdningsbar-svart-vit","status":"publish","type":"product","link":"https:\/\/truusk.store\/sv\/produkt\/truusk-elektrisk-barnmotorcykel-ljus-ljud-3-km-h-uppladdningsbar-svart-vit\/","title":{"rendered":"TRUUSK Elektrisk Barnmotorcykel &#8211; Ljus &amp; ljud &#8211; 3 km\/h &#8211; Uppladdningsbar &#8211; Svart\/Vit"},"content":{"rendered":"<p>Dina barn kommer att \u00e4lska att starta med TRUUSK barns elektriska motorcykel! Med en topphastighet p\u00e5 3 km\/h och en barnv\u00e4nlig hantering av barnmotorcykeln &#8211; bara tryck p\u00e5 pedalen och k\u00f6r &#8211; erbjuder detta elektriska fordon o\u00e4ndlig k\u00f6rning. De inbyggda ljusen och ljuden, som aktiveras med ett knapptryck, ger en realistisk k\u00f6rupplevelse. Perfekt f\u00f6r sm\u00e5 \u00e4ventyrare som vill vara s\u00e4kra och stiliga p\u00e5 v\u00e4gen!<\/p>\n<p>Beskrivning:<\/p>\n<ul>\n<li> Realistisk k\u00f6rupplevelse<\/li>\n<li> Med ljus och ljud<\/li>\n<li> Barnmotorcykelns maximala hastighet p\u00e5 3 km\/h<\/li>\n<li> Uppladdningsbart batteri (MSDS-certifierat) och laddare f\u00f6r den elektriska motorcykeln ing\u00e5r<\/li>\n<li> Driftstid p\u00e5 45 minuter vid full laddning<\/li>\n<li> 7,5 cm breda d\u00e4ck p\u00e5 den elektriska barnmotorcykeln f\u00f6r en stabil och j\u00e4mn k\u00f6rning<\/li>\n<li> L\u00e4mplig f\u00f6r barn mellan 3-5 \u00e5r och en vikt under 25 kg<\/li>\n<li> Enkel att montera<\/li>\n<\/ul>\n<p> Tekniska data:<\/p>\n<ul>\n<li> F\u00e4rg: Svart+Vit<\/li>\n<li> Material: Plast, Metall<\/li>\n<li> Totala dimensioner: 86L x 42B x 52H cm<\/li>\n<li> Hjuldimensioner: \u00d823 x 7,5B cm<\/li>\n<li> Laddningstid: 8-12 timmar<\/li>\n<li> Batteritid: vid full laddning 45 minuter<\/li>\n<li> Motor: 25W<\/li>\n<li> Laddare: 6V\/500MA<\/li>\n<li> Rekommenderad \u00e5lder: 3-5 \u00e5r<\/li>\n<li> B\u00e4rf\u00f6rm\u00e5ga: 25 kg<\/li>\n<\/ul>\n<p>Leverans:<\/p>\n<ul>\n<li> 1 x Elektrisk motorcykel f\u00f6r barn<\/li>\n<li> 1 x Instruktioner<\/li>\n<\/ul>\n","protected":false},"excerpt":{"rendered":"<p>Dina barn kommer att \u00e4lska att starta med TRUUSK barns elektriska motorcykel! Med en topphastighet p\u00e5 3 km\/h och en&#8230;<\/p>\n","protected":false},"featured_media":89144,"template":"","meta":[],"product_brand":[],"product_cat":[880,610,1070],"product_tag":[],"class_list":{"0":"post-89153","1":"product","2":"type-product","3":"status-publish","4":"has-post-thumbnail","6":"product_cat-baby-barn-2","7":"product_cat-barnfordon","8":"product_cat-barns-elektriska-motorcyklar","10":"first","11":"instock","12":"sale","13":"taxable","14":"shipping-taxable","15":"purchasable","16":"product-type-simple"},"yoast_head":"<!-- This site is optimized with the Yoast SEO plugin v25.4 - https:\/\/yoast.com\/wordpress\/plugins\/seo\/ -->\n<title>TRUUSK Elektrisk Barnmotorcykel - Ljus &amp; ljud - 3 km\/h - Uppladdningsbar - Svart\/Vit - TRUUSK - Hem, Tr\u00e4dg\u00e5rd &amp; Fritid<\/title>\n<meta name=\"robots\" content=\"index, follow, max-snippet:-1, max-image-preview:large, max-video-preview:-1\" \/>\n<link rel=\"canonical\" href=\"https:\/\/truusk.store\/sv\/produkt\/truusk-elektrisk-barnmotorcykel-ljus-ljud-3-km-h-uppladdningsbar-svart-vit\/\" \/>\n<meta property=\"og:locale\" content=\"sv_SE\" \/>\n<meta property=\"og:type\" content=\"article\" \/>\n<meta property=\"og:title\" content=\"TRUUSK Elektrisk Barnmotorcykel - Ljus &amp; ljud - 3 km\/h - Uppladdningsbar - Svart\/Vit - TRUUSK - Hem, Tr\u00e4dg\u00e5rd &amp; Fritid\" \/>\n<meta property=\"og:description\" content=\"Dina barn kommer att \u00e4lska att starta med TRUUSK barns elektriska motorcykel! Med en topphastighet p\u00e5 3 km\/h och en...\" \/>\n<meta property=\"og:url\" content=\"https:\/\/truusk.store\/sv\/produkt\/truusk-elektrisk-barnmotorcykel-ljus-ljud-3-km-h-uppladdningsbar-svart-vit\/\" \/>\n<meta property=\"og:site_name\" content=\"TRUUSK - Hem, Tr\u00e4dg\u00e5rd &amp; Fritid\" \/>\n<meta property=\"article:modified_time\" content=\"2026-03-12T07:55:54+00:00\" \/>\n<meta property=\"og:image\" content=\"https:\/\/i0.wp.com\/truusk.se\/wp-content\/uploads\/2025\/09\/elektrisk-barnmotorcykel-ljus-ljud-3-km-h-uppladdningsbar-plast-metall-svart-vit-1.webp?fit=2000%2C2000&ssl=1\" \/>\n\t<meta property=\"og:image:width\" content=\"2000\" \/>\n\t<meta property=\"og:image:height\" content=\"2000\" \/>\n\t<meta property=\"og:image:type\" content=\"image\/webp\" \/>\n<meta name=\"twitter:card\" content=\"summary_large_image\" \/>\n<meta name=\"twitter:label1\" content=\"Ber\u00e4knad l\u00e4stid\" \/>\n\t<meta name=\"twitter:data1\" content=\"1 minut\" \/>\n<!-- \/ Yoast SEO plugin. -->","yoast_head_json":{"title":"TRUUSK Elektrisk Barnmotorcykel - Ljus &amp; ljud - 3 km\/h - Uppladdningsbar - Svart\/Vit - TRUUSK - Hem, Tr\u00e4dg\u00e5rd &amp; Fritid","robots":{"index":"index","follow":"follow","max-snippet":"max-snippet:-1","max-image-preview":"max-image-preview:large","max-video-preview":"max-video-preview:-1"},"canonical":"https:\/\/truusk.store\/sv\/produkt\/truusk-elektrisk-barnmotorcykel-ljus-ljud-3-km-h-uppladdningsbar-svart-vit\/","og_locale":"sv_SE","og_type":"article","og_title":"TRUUSK Elektrisk Barnmotorcykel - Ljus &amp; ljud - 3 km\/h - Uppladdningsbar - Svart\/Vit - TRUUSK - Hem, Tr\u00e4dg\u00e5rd &amp; Fritid","og_description":"Dina barn kommer att \u00e4lska att starta med TRUUSK barns elektriska motorcykel! Med en topphastighet p\u00e5 3 km\/h och en...","og_url":"https:\/\/truusk.store\/sv\/produkt\/truusk-elektrisk-barnmotorcykel-ljus-ljud-3-km-h-uppladdningsbar-svart-vit\/","og_site_name":"TRUUSK - Hem, Tr\u00e4dg\u00e5rd &amp; Fritid","article_modified_time":"2026-03-12T07:55:54+00:00","og_image":[{"width":2000,"height":2000,"url":"https:\/\/i0.wp.com\/truusk.se\/wp-content\/uploads\/2025\/09\/elektrisk-barnmotorcykel-ljus-ljud-3-km-h-uppladdningsbar-plast-metall-svart-vit-1.webp?fit=2000%2C2000&ssl=1","type":"image\/webp"}],"twitter_card":"summary_large_image","twitter_misc":{"Ber\u00e4knad l\u00e4stid":"1 minut"},"schema":{"@context":"https:\/\/schema.org","@graph":[{"@type":"WebPage","@id":"https:\/\/truusk.store\/sv\/produkt\/truusk-elektrisk-barnmotorcykel-ljus-ljud-3-km-h-uppladdningsbar-svart-vit\/","url":"https:\/\/truusk.store\/sv\/produkt\/truusk-elektrisk-barnmotorcykel-ljus-ljud-3-km-h-uppladdningsbar-svart-vit\/","name":"TRUUSK Elektrisk Barnmotorcykel - Ljus &amp; ljud - 3 km\/h - Uppladdningsbar - Svart\/Vit - TRUUSK - Hem, Tr\u00e4dg\u00e5rd &amp; Fritid","isPartOf":{"@id":"https:\/\/truusk.store\/sv\/#website"},"primaryImageOfPage":{"@id":"https:\/\/truusk.store\/sv\/produkt\/truusk-elektrisk-barnmotorcykel-ljus-ljud-3-km-h-uppladdningsbar-svart-vit\/#primaryimage"},"image":{"@id":"https:\/\/truusk.store\/sv\/produkt\/truusk-elektrisk-barnmotorcykel-ljus-ljud-3-km-h-uppladdningsbar-svart-vit\/#primaryimage"},"thumbnailUrl":"https:\/\/i0.wp.com\/truusk.store\/wp-content\/uploads\/2025\/09\/elektrisk-barnmotorcykel-ljus-ljud-3-km-h-uppladdningsbar-plast-metall-svart-vit-1.webp?fit=2000%2C2000&ssl=1","datePublished":"2025-09-02T11:22:11+00:00","dateModified":"2026-03-12T07:55:54+00:00","breadcrumb":{"@id":"https:\/\/truusk.store\/sv\/produkt\/truusk-elektrisk-barnmotorcykel-ljus-ljud-3-km-h-uppladdningsbar-svart-vit\/#breadcrumb"},"inLanguage":"sv-SE","potentialAction":[{"@type":"ReadAction","target":["https:\/\/truusk.store\/sv\/produkt\/truusk-elektrisk-barnmotorcykel-ljus-ljud-3-km-h-uppladdningsbar-svart-vit\/"]}]},{"@type":"ImageObject","inLanguage":"sv-SE","@id":"https:\/\/truusk.store\/sv\/produkt\/truusk-elektrisk-barnmotorcykel-ljus-ljud-3-km-h-uppladdningsbar-svart-vit\/#primaryimage","url":"https:\/\/i0.wp.com\/truusk.store\/wp-content\/uploads\/2025\/09\/elektrisk-barnmotorcykel-ljus-ljud-3-km-h-uppladdningsbar-plast-metall-svart-vit-1.webp?fit=2000%2C2000&ssl=1","contentUrl":"https:\/\/i0.wp.com\/truusk.store\/wp-content\/uploads\/2025\/09\/elektrisk-barnmotorcykel-ljus-ljud-3-km-h-uppladdningsbar-plast-metall-svart-vit-1.webp?fit=2000%2C2000&ssl=1","width":2000,"height":2000},{"@type":"BreadcrumbList","@id":"https:\/\/truusk.store\/sv\/produkt\/truusk-elektrisk-barnmotorcykel-ljus-ljud-3-km-h-uppladdningsbar-svart-vit\/#breadcrumb","itemListElement":[{"@type":"ListItem","position":1,"name":"Home","item":"https:\/\/truusk.store\/sv\/"},{"@type":"ListItem","position":2,"name":"Shop","item":"https:\/\/truusk.store\/shop\/"},{"@type":"ListItem","position":3,"name":"TRUUSK Elektrisk Barnmotorcykel &#8211; Ljus &amp; ljud &#8211; 3 km\/h &#8211; Uppladdningsbar &#8211; Svart\/Vit"}]},{"@type":"WebSite","@id":"https:\/\/truusk.store\/sv\/#website","url":"https:\/\/truusk.store\/sv\/","name":"TRUUSK - Hem, Tr\u00e4dg\u00e5rd & Fritid","description":"","publisher":{"@id":"https:\/\/truusk.store\/sv\/#organization"},"potentialAction":[{"@type":"SearchAction","target":{"@type":"EntryPoint","urlTemplate":"https:\/\/truusk.store\/sv\/?s={search_term_string}"},"query-input":{"@type":"PropertyValueSpecification","valueRequired":true,"valueName":"search_term_string"}}],"inLanguage":"sv-SE"},{"@type":"Organization","@id":"https:\/\/truusk.store\/sv\/#organization","name":"TRUUSK - Hem, Tr\u00e4dg\u00e5rd & Fritid","url":"https:\/\/truusk.store\/sv\/","logo":{"@type":"ImageObject","inLanguage":"sv-SE","@id":"https:\/\/truusk.store\/sv\/#\/schema\/logo\/image\/","url":"https:\/\/i0.wp.com\/truusk.store\/wp-content\/uploads\/2026\/03\/cropped-TRUUSK.png?fit=2032%2C917&ssl=1","contentUrl":"https:\/\/i0.wp.com\/truusk.store\/wp-content\/uploads\/2026\/03\/cropped-TRUUSK.png?fit=2032%2C917&ssl=1","width":2032,"height":917,"caption":"TRUUSK - Hem, Tr\u00e4dg\u00e5rd & Fritid"},"image":{"@id":"https:\/\/truusk.store\/sv\/#\/schema\/logo\/image\/"}}]}},"jetpack_sharing_enabled":true,"_links":{"self":[{"href":"https:\/\/truusk.store\/sv\/wp-json\/wp\/v2\/product\/89153","targetHints":{"allow":["GET"]}}],"collection":[{"href":"https:\/\/truusk.store\/sv\/wp-json\/wp\/v2\/product"}],"about":[{"href":"https:\/\/truusk.store\/sv\/wp-json\/wp\/v2\/types\/product"}],"wp:featuredmedia":[{"embeddable":true,"href":"https:\/\/truusk.store\/sv\/wp-json\/wp\/v2\/media\/89144"}],"wp:attachment":[{"href":"https:\/\/truusk.store\/sv\/wp-json\/wp\/v2\/media?parent=89153"}],"wp:term":[{"taxonomy":"product_brand","embeddable":true,"href":"https:\/\/truusk.store\/sv\/wp-json\/wp\/v2\/product_brand?post=89153"},{"taxonomy":"product_cat","embeddable":true,"href":"https:\/\/truusk.store\/sv\/wp-json\/wp\/v2\/product_cat?post=89153"},{"taxonomy":"product_tag","embeddable":true,"href":"https:\/\/truusk.store\/sv\/wp-json\/wp\/v2\/product_tag?post=89153"}],"curies":[{"name":"wp","href":"https:\/\/api.w.org\/{rel}","templated":true}]}}