{"id":89173,"date":"2025-09-02T12:26:10","date_gmt":"2025-09-02T11:26:10","guid":{"rendered":"https:\/\/truusk.store\/product\/hojjusterbart-barbord-360-roterbart-repfria-fotter-stabil-metallbas-vit\/"},"modified":"2026-03-12T09:03:20","modified_gmt":"2026-03-12T08:03:20","slug":"truusk-hojjusterbart-barbord-360-roterbart-repfria-fotter-stabil-metallbas-vit","status":"publish","type":"product","link":"https:\/\/truusk.store\/sv\/produkt\/truusk-hojjusterbart-barbord-360-roterbart-repfria-fotter-stabil-metallbas-vit\/","title":{"rendered":"TRUUSK H\u00f6jjusterbart Barbord &#8211; 360\u00b0 Roterbart &#8211; Repfria F\u00f6tter &#8211; Stabil Metallbas &#8211; Vit"},"content":{"rendered":"<p>Uppt\u00e4ck den h\u00f6jdjusterbara barbordet fr\u00e5n TRUUSK &#8211; den perfekta kombinationen av minimalistisk design och praktisk funktionalitet. Oavsett om det \u00e4r f\u00f6r trevliga kv\u00e4llar med v\u00e4nner eller avkopplande timmar i hemmabaren, anpassar sig detta bord till dina behov. Det gener\u00f6sa runda basen p\u00e5 k\u00f6ksbordet ger stabilitet, medan den enkla reng\u00f6ringen och h\u00f6gkvalitativa materialen garanterar h\u00e5llbarhet.<\/p>\n<p>Beskrivning:<\/p>\n<ul>\n<li> Modern designbarbord, idealiskt f\u00f6r hemmabaren<\/li>\n<li> Kvadratiskt bord, h\u00f6jdjusterbart fr\u00e5n 69-91 cm, l\u00e4mpligt f\u00f6r stolar och pallar av olika storlekar<\/li>\n<li> 360\u00b0 roterande bordsskiva p\u00e5 st\u00e5bordet, som inte kan fixeras<\/li>\n<li> Tillverkat av metall och medeldensitet fiberboard f\u00f6r maximal h\u00e5llbarhet<\/li>\n<li> Repfria f\u00f6tter f\u00f6r att skydda golvet<\/li>\n<li> Bred rund bas f\u00f6r extra stabilitet<\/li>\n<li> F\u00f6rzinkad metallbas f\u00f6r att garantera rostbest\u00e4ndighet<\/li>\n<li> Montering kr\u00e4vs<\/li>\n<\/ul>\n<p> Tekniska data:<\/p>\n<ul>\n<li> F\u00e4rg: Vit+Silver<\/li>\n<li> Material: MDF, Metall<\/li>\n<li> M\u00e5tt: 60L x 60B x 69-91H cm<\/li>\n<li> B\u00e4rkapacitet: 50 kg<\/li>\n<\/ul>\n<p>Leveransinneh\u00e5ll:<\/p>\n<ul>\n<li> 1 x Barbord<\/li>\n<li> 1 x Instruktioner<\/li>\n<\/ul>\n","protected":false},"excerpt":{"rendered":"<p>Uppt\u00e4ck den h\u00f6jdjusterbara barbordet fr\u00e5n TRUUSK &#8211; den perfekta kombinationen av minimalistisk design och praktisk funktionalitet. Oavsett om det \u00e4r&#8230;<\/p>\n","protected":false},"featured_media":89164,"template":"","meta":[],"product_brand":[],"product_cat":[998,871,889],"product_tag":[],"class_list":{"0":"post-89173","1":"product","2":"type-product","3":"status-publish","4":"has-post-thumbnail","6":"product_cat-bardiskar","7":"product_cat-hus-hem","8":"product_cat-kok-matsal","10":"first","11":"instock","12":"sale","13":"taxable","14":"shipping-taxable","15":"purchasable","16":"product-type-simple"},"yoast_head":"<!-- This site is optimized with the Yoast SEO plugin v25.4 - https:\/\/yoast.com\/wordpress\/plugins\/seo\/ -->\n<title>TRUUSK H\u00f6jjusterbart Barbord - 360\u00b0 Roterbart - Repfria F\u00f6tter - Stabil Metallbas - Vit - TRUUSK - Hem, Tr\u00e4dg\u00e5rd &amp; Fritid<\/title>\n<meta name=\"robots\" content=\"index, follow, max-snippet:-1, max-image-preview:large, max-video-preview:-1\" \/>\n<link rel=\"canonical\" href=\"https:\/\/truusk.store\/sv\/produkt\/truusk-hojjusterbart-barbord-360-roterbart-repfria-fotter-stabil-metallbas-vit\/\" \/>\n<meta property=\"og:locale\" content=\"sv_SE\" \/>\n<meta property=\"og:type\" content=\"article\" \/>\n<meta property=\"og:title\" content=\"TRUUSK H\u00f6jjusterbart Barbord - 360\u00b0 Roterbart - Repfria F\u00f6tter - Stabil Metallbas - Vit - TRUUSK - Hem, Tr\u00e4dg\u00e5rd &amp; Fritid\" \/>\n<meta property=\"og:description\" content=\"Uppt\u00e4ck den h\u00f6jdjusterbara barbordet fr\u00e5n TRUUSK &#8211; den perfekta kombinationen av minimalistisk design och praktisk funktionalitet. Oavsett om det \u00e4r...\" \/>\n<meta property=\"og:url\" content=\"https:\/\/truusk.store\/sv\/produkt\/truusk-hojjusterbart-barbord-360-roterbart-repfria-fotter-stabil-metallbas-vit\/\" \/>\n<meta property=\"og:site_name\" content=\"TRUUSK - Hem, Tr\u00e4dg\u00e5rd &amp; Fritid\" \/>\n<meta property=\"article:modified_time\" content=\"2026-03-12T08:03:20+00:00\" \/>\n<meta property=\"og:image\" content=\"https:\/\/i0.wp.com\/truusk.se\/wp-content\/uploads\/2025\/09\/hojjusterbart-barbord-360-roterbart-repfria-fotter-stabil-metallbas-vit-1.webp?fit=2000%2C2000&ssl=1\" \/>\n\t<meta property=\"og:image:width\" content=\"2000\" \/>\n\t<meta property=\"og:image:height\" content=\"2000\" \/>\n\t<meta property=\"og:image:type\" content=\"image\/webp\" \/>\n<meta name=\"twitter:card\" content=\"summary_large_image\" \/>\n<meta name=\"twitter:label1\" content=\"Ber\u00e4knad l\u00e4stid\" \/>\n\t<meta name=\"twitter:data1\" content=\"1 minut\" \/>\n<!-- \/ Yoast SEO plugin. -->","yoast_head_json":{"title":"TRUUSK H\u00f6jjusterbart Barbord - 360\u00b0 Roterbart - Repfria F\u00f6tter - Stabil Metallbas - Vit - TRUUSK - Hem, Tr\u00e4dg\u00e5rd &amp; Fritid","robots":{"index":"index","follow":"follow","max-snippet":"max-snippet:-1","max-image-preview":"max-image-preview:large","max-video-preview":"max-video-preview:-1"},"canonical":"https:\/\/truusk.store\/sv\/produkt\/truusk-hojjusterbart-barbord-360-roterbart-repfria-fotter-stabil-metallbas-vit\/","og_locale":"sv_SE","og_type":"article","og_title":"TRUUSK H\u00f6jjusterbart Barbord - 360\u00b0 Roterbart - Repfria F\u00f6tter - Stabil Metallbas - Vit - TRUUSK - Hem, Tr\u00e4dg\u00e5rd &amp; Fritid","og_description":"Uppt\u00e4ck den h\u00f6jdjusterbara barbordet fr\u00e5n TRUUSK &#8211; den perfekta kombinationen av minimalistisk design och praktisk funktionalitet. Oavsett om det \u00e4r...","og_url":"https:\/\/truusk.store\/sv\/produkt\/truusk-hojjusterbart-barbord-360-roterbart-repfria-fotter-stabil-metallbas-vit\/","og_site_name":"TRUUSK - Hem, Tr\u00e4dg\u00e5rd &amp; Fritid","article_modified_time":"2026-03-12T08:03:20+00:00","og_image":[{"width":2000,"height":2000,"url":"https:\/\/i0.wp.com\/truusk.se\/wp-content\/uploads\/2025\/09\/hojjusterbart-barbord-360-roterbart-repfria-fotter-stabil-metallbas-vit-1.webp?fit=2000%2C2000&ssl=1","type":"image\/webp"}],"twitter_card":"summary_large_image","twitter_misc":{"Ber\u00e4knad l\u00e4stid":"1 minut"},"schema":{"@context":"https:\/\/schema.org","@graph":[{"@type":"WebPage","@id":"https:\/\/truusk.store\/sv\/produkt\/truusk-hojjusterbart-barbord-360-roterbart-repfria-fotter-stabil-metallbas-vit\/","url":"https:\/\/truusk.store\/sv\/produkt\/truusk-hojjusterbart-barbord-360-roterbart-repfria-fotter-stabil-metallbas-vit\/","name":"TRUUSK H\u00f6jjusterbart Barbord - 360\u00b0 Roterbart - Repfria F\u00f6tter - Stabil Metallbas - Vit - TRUUSK - Hem, Tr\u00e4dg\u00e5rd &amp; Fritid","isPartOf":{"@id":"https:\/\/truusk.store\/sv\/#website"},"primaryImageOfPage":{"@id":"https:\/\/truusk.store\/sv\/produkt\/truusk-hojjusterbart-barbord-360-roterbart-repfria-fotter-stabil-metallbas-vit\/#primaryimage"},"image":{"@id":"https:\/\/truusk.store\/sv\/produkt\/truusk-hojjusterbart-barbord-360-roterbart-repfria-fotter-stabil-metallbas-vit\/#primaryimage"},"thumbnailUrl":"https:\/\/i0.wp.com\/truusk.store\/wp-content\/uploads\/2025\/09\/hojjusterbart-barbord-360-roterbart-repfria-fotter-stabil-metallbas-vit-1.webp?fit=2000%2C2000&ssl=1","datePublished":"2025-09-02T11:26:10+00:00","dateModified":"2026-03-12T08:03:20+00:00","breadcrumb":{"@id":"https:\/\/truusk.store\/sv\/produkt\/truusk-hojjusterbart-barbord-360-roterbart-repfria-fotter-stabil-metallbas-vit\/#breadcrumb"},"inLanguage":"sv-SE","potentialAction":[{"@type":"ReadAction","target":["https:\/\/truusk.store\/sv\/produkt\/truusk-hojjusterbart-barbord-360-roterbart-repfria-fotter-stabil-metallbas-vit\/"]}]},{"@type":"ImageObject","inLanguage":"sv-SE","@id":"https:\/\/truusk.store\/sv\/produkt\/truusk-hojjusterbart-barbord-360-roterbart-repfria-fotter-stabil-metallbas-vit\/#primaryimage","url":"https:\/\/i0.wp.com\/truusk.store\/wp-content\/uploads\/2025\/09\/hojjusterbart-barbord-360-roterbart-repfria-fotter-stabil-metallbas-vit-1.webp?fit=2000%2C2000&ssl=1","contentUrl":"https:\/\/i0.wp.com\/truusk.store\/wp-content\/uploads\/2025\/09\/hojjusterbart-barbord-360-roterbart-repfria-fotter-stabil-metallbas-vit-1.webp?fit=2000%2C2000&ssl=1","width":2000,"height":2000},{"@type":"BreadcrumbList","@id":"https:\/\/truusk.store\/sv\/produkt\/truusk-hojjusterbart-barbord-360-roterbart-repfria-fotter-stabil-metallbas-vit\/#breadcrumb","itemListElement":[{"@type":"ListItem","position":1,"name":"Home","item":"https:\/\/truusk.store\/sv\/"},{"@type":"ListItem","position":2,"name":"Shop","item":"https:\/\/truusk.store\/shop\/"},{"@type":"ListItem","position":3,"name":"TRUUSK H\u00f6jjusterbart Barbord &#8211; 360\u00b0 Roterbart &#8211; Repfria F\u00f6tter &#8211; Stabil Metallbas &#8211; Vit"}]},{"@type":"WebSite","@id":"https:\/\/truusk.store\/sv\/#website","url":"https:\/\/truusk.store\/sv\/","name":"TRUUSK - Hem, Tr\u00e4dg\u00e5rd & Fritid","description":"","publisher":{"@id":"https:\/\/truusk.store\/sv\/#organization"},"potentialAction":[{"@type":"SearchAction","target":{"@type":"EntryPoint","urlTemplate":"https:\/\/truusk.store\/sv\/?s={search_term_string}"},"query-input":{"@type":"PropertyValueSpecification","valueRequired":true,"valueName":"search_term_string"}}],"inLanguage":"sv-SE"},{"@type":"Organization","@id":"https:\/\/truusk.store\/sv\/#organization","name":"TRUUSK - Hem, Tr\u00e4dg\u00e5rd & Fritid","url":"https:\/\/truusk.store\/sv\/","logo":{"@type":"ImageObject","inLanguage":"sv-SE","@id":"https:\/\/truusk.store\/sv\/#\/schema\/logo\/image\/","url":"https:\/\/i0.wp.com\/truusk.store\/wp-content\/uploads\/2026\/03\/cropped-TRUUSK.png?fit=2032%2C917&ssl=1","contentUrl":"https:\/\/i0.wp.com\/truusk.store\/wp-content\/uploads\/2026\/03\/cropped-TRUUSK.png?fit=2032%2C917&ssl=1","width":2032,"height":917,"caption":"TRUUSK - Hem, Tr\u00e4dg\u00e5rd & Fritid"},"image":{"@id":"https:\/\/truusk.store\/sv\/#\/schema\/logo\/image\/"}}]}},"jetpack_sharing_enabled":true,"_links":{"self":[{"href":"https:\/\/truusk.store\/sv\/wp-json\/wp\/v2\/product\/89173","targetHints":{"allow":["GET"]}}],"collection":[{"href":"https:\/\/truusk.store\/sv\/wp-json\/wp\/v2\/product"}],"about":[{"href":"https:\/\/truusk.store\/sv\/wp-json\/wp\/v2\/types\/product"}],"wp:featuredmedia":[{"embeddable":true,"href":"https:\/\/truusk.store\/sv\/wp-json\/wp\/v2\/media\/89164"}],"wp:attachment":[{"href":"https:\/\/truusk.store\/sv\/wp-json\/wp\/v2\/media?parent=89173"}],"wp:term":[{"taxonomy":"product_brand","embeddable":true,"href":"https:\/\/truusk.store\/sv\/wp-json\/wp\/v2\/product_brand?post=89173"},{"taxonomy":"product_cat","embeddable":true,"href":"https:\/\/truusk.store\/sv\/wp-json\/wp\/v2\/product_cat?post=89173"},{"taxonomy":"product_tag","embeddable":true,"href":"https:\/\/truusk.store\/sv\/wp-json\/wp\/v2\/product_tag?post=89173"}],"curies":[{"name":"wp","href":"https:\/\/api.w.org\/{rel}","templated":true}]}}