{"id":89193,"date":"2025-09-02T12:28:02","date_gmt":"2025-09-02T11:28:02","guid":{"rendered":"https:\/\/truusk.store\/product\/mannekang-torso-kladdocka-skyltdocka-skum-tra-metall-vit\/"},"modified":"2026-03-12T09:05:31","modified_gmt":"2026-03-12T08:05:31","slug":"truusk-mannekang-torso-kladdocka-i-vit-farg-skum-tra-metall-for-kladvisning-och-dekoration-hojd-170-cm","status":"publish","type":"product","link":"https:\/\/truusk.store\/sv\/produkt\/truusk-mannekang-torso-kladdocka-i-vit-farg-skum-tra-metall-for-kladvisning-och-dekoration-hojd-170-cm\/","title":{"rendered":"TRUUSK Mannek\u00e4ng-torso &#8211; Kl\u00e4ddocka i vit f\u00e4rg &#8211; Skum-Tr\u00e4-Metall &#8211; F\u00f6r kl\u00e4dvisning och dekoration &#8211; H\u00f6jd 170 cm"},"content":{"rendered":"<p>Presentera dina kl\u00e4der i b\u00e4sta ljus med v\u00e5r praktiska och stilfulla skr\u00e4ddardocka p\u00e5 ett stativ. H\u00f6jden kan justeras f\u00f6r olika kl\u00e4dstilar, med en attraktiv furufinish, passar den in i alla milj\u00f6er. Setet inkluderar b\u00e5de kl\u00e4ddockan och basen, utan att tv\u00e5 separata k\u00f6p beh\u00f6vs. Tillverkad av h\u00f6gdensitetsskum, \u00e4r den stabil, h\u00e5llbar och perfekt f\u00f6r att visa upp dina kl\u00e4der.<\/p>\n<p>Beskrivning:<\/p>\n<ul>\n<li> Mannek\u00e4ngtorso, perfekt f\u00f6r fotografering, modedesign och utst\u00e4llnings\u00e4ndam\u00e5l<\/li>\n<li> Justerbar st\u00e5ng i st\u00e5l g\u00f6r det m\u00f6jligt att anpassa torsens h\u00f6jd efter dina behov<\/li>\n<li> Stabil och h\u00e5llbar trefot f\u00f6r kl\u00e4ddockan i furu s\u00e4kerst\u00e4ller en s\u00e4ker st\u00e5nd f\u00f6r mannek\u00e4ngen<\/li>\n<li> T\u00e4ckt med ett skumtygskikt f\u00f6r att f\u00e4sta n\u00e5lar<\/li>\n<li> H\u00f6gkvalitativa material och noggrann tillverkning av skyltdockan f\u00f6r utm\u00e4rkt h\u00e5llbarhet<\/li>\n<li> L\u00e4mplig f\u00f6r alla typer av kl\u00e4der, l\u00e4tt att kl\u00e4 p\u00e5<\/li>\n<li> L\u00e4tt att reng\u00f6ra, lagra och transportera<\/li>\n<li> Enkel montering kr\u00e4vs<\/li>\n<\/ul>\n<p> Tekniska specifikationer:<\/p>\n<ul>\n<li> F\u00e4rg: Vit<\/li>\n<li> Material: Skum, st\u00e5l, MDF, furu<\/li>\n<li> Midja: 66 cm<\/li>\n<li> Bystomf\u00e5ng: 86 cm<\/li>\n<li> H\u00f6fter: 90 cm<\/li>\n<li> Axelbredd: 38 cm<\/li>\n<li> H\u00f6jdjusterbar: 130 cm till 168 cm<\/li>\n<li> Basdiameter: 46 cm<\/li>\n<\/ul>\n<p>Leverans inneh\u00e5ller:<\/p>\n<ul>\n<li> 1 x Skr\u00e4ddardocka<\/li>\n<li> 1 x Instruktioner<\/li>\n<\/ul>\n","protected":false},"excerpt":{"rendered":"<p>Presentera dina kl\u00e4der i b\u00e4sta ljus med v\u00e5r praktiska och stilfulla skr\u00e4ddardocka p\u00e5 ett stativ. H\u00f6jden kan justeras f\u00f6r olika&#8230;<\/p>\n","protected":false},"featured_media":89184,"template":"","meta":[],"product_brand":[],"product_cat":[871,975,897],"product_tag":[],"class_list":{"0":"post-89193","1":"product","2":"type-product","3":"status-publish","4":"has-post-thumbnail","6":"product_cat-hus-hem","7":"product_cat-kladstallningar","8":"product_cat-sovrum","10":"first","11":"instock","12":"sale","13":"taxable","14":"shipping-taxable","15":"purchasable","16":"product-type-simple"},"yoast_head":"<!-- This site is optimized with the Yoast SEO plugin v25.4 - https:\/\/yoast.com\/wordpress\/plugins\/seo\/ -->\n<title>TRUUSK Mannek\u00e4ng-torso - Kl\u00e4ddocka i vit f\u00e4rg - Skum-Tr\u00e4-Metall - F\u00f6r kl\u00e4dvisning och dekoration - H\u00f6jd 170 cm - TRUUSK - Hem, Tr\u00e4dg\u00e5rd &amp; Fritid<\/title>\n<meta name=\"robots\" content=\"index, follow, max-snippet:-1, max-image-preview:large, max-video-preview:-1\" \/>\n<link rel=\"canonical\" href=\"https:\/\/truusk.store\/sv\/produkt\/truusk-mannekang-torso-kladdocka-i-vit-farg-skum-tra-metall-for-kladvisning-och-dekoration-hojd-170-cm\/\" \/>\n<meta property=\"og:locale\" content=\"sv_SE\" \/>\n<meta property=\"og:type\" content=\"article\" \/>\n<meta property=\"og:title\" content=\"TRUUSK Mannek\u00e4ng-torso - Kl\u00e4ddocka i vit f\u00e4rg - Skum-Tr\u00e4-Metall - F\u00f6r kl\u00e4dvisning och dekoration - H\u00f6jd 170 cm - TRUUSK - Hem, Tr\u00e4dg\u00e5rd &amp; Fritid\" \/>\n<meta property=\"og:description\" content=\"Presentera dina kl\u00e4der i b\u00e4sta ljus med v\u00e5r praktiska och stilfulla skr\u00e4ddardocka p\u00e5 ett stativ. H\u00f6jden kan justeras f\u00f6r olika...\" \/>\n<meta property=\"og:url\" content=\"https:\/\/truusk.store\/sv\/produkt\/truusk-mannekang-torso-kladdocka-i-vit-farg-skum-tra-metall-for-kladvisning-och-dekoration-hojd-170-cm\/\" \/>\n<meta property=\"og:site_name\" content=\"TRUUSK - Hem, Tr\u00e4dg\u00e5rd &amp; Fritid\" \/>\n<meta property=\"article:modified_time\" content=\"2026-03-12T08:05:31+00:00\" \/>\n<meta property=\"og:image\" content=\"https:\/\/i0.wp.com\/truusk.se\/wp-content\/uploads\/2025\/09\/mannekang-torso-kladdocka-skyltdocka-skum-tra-metall-vit-1.webp?fit=1500%2C1500&ssl=1\" \/>\n\t<meta property=\"og:image:width\" content=\"1500\" \/>\n\t<meta property=\"og:image:height\" content=\"1500\" \/>\n\t<meta property=\"og:image:type\" content=\"image\/webp\" \/>\n<meta name=\"twitter:card\" content=\"summary_large_image\" \/>\n<meta name=\"twitter:label1\" content=\"Ber\u00e4knad l\u00e4stid\" \/>\n\t<meta name=\"twitter:data1\" content=\"1 minut\" \/>\n<!-- \/ Yoast SEO plugin. -->","yoast_head_json":{"title":"TRUUSK Mannek\u00e4ng-torso - Kl\u00e4ddocka i vit f\u00e4rg - Skum-Tr\u00e4-Metall - F\u00f6r kl\u00e4dvisning och dekoration - H\u00f6jd 170 cm - TRUUSK - Hem, Tr\u00e4dg\u00e5rd &amp; Fritid","robots":{"index":"index","follow":"follow","max-snippet":"max-snippet:-1","max-image-preview":"max-image-preview:large","max-video-preview":"max-video-preview:-1"},"canonical":"https:\/\/truusk.store\/sv\/produkt\/truusk-mannekang-torso-kladdocka-i-vit-farg-skum-tra-metall-for-kladvisning-och-dekoration-hojd-170-cm\/","og_locale":"sv_SE","og_type":"article","og_title":"TRUUSK Mannek\u00e4ng-torso - Kl\u00e4ddocka i vit f\u00e4rg - Skum-Tr\u00e4-Metall - F\u00f6r kl\u00e4dvisning och dekoration - H\u00f6jd 170 cm - TRUUSK - Hem, Tr\u00e4dg\u00e5rd &amp; Fritid","og_description":"Presentera dina kl\u00e4der i b\u00e4sta ljus med v\u00e5r praktiska och stilfulla skr\u00e4ddardocka p\u00e5 ett stativ. H\u00f6jden kan justeras f\u00f6r olika...","og_url":"https:\/\/truusk.store\/sv\/produkt\/truusk-mannekang-torso-kladdocka-i-vit-farg-skum-tra-metall-for-kladvisning-och-dekoration-hojd-170-cm\/","og_site_name":"TRUUSK - Hem, Tr\u00e4dg\u00e5rd &amp; Fritid","article_modified_time":"2026-03-12T08:05:31+00:00","og_image":[{"width":1500,"height":1500,"url":"https:\/\/i0.wp.com\/truusk.se\/wp-content\/uploads\/2025\/09\/mannekang-torso-kladdocka-skyltdocka-skum-tra-metall-vit-1.webp?fit=1500%2C1500&ssl=1","type":"image\/webp"}],"twitter_card":"summary_large_image","twitter_misc":{"Ber\u00e4knad l\u00e4stid":"1 minut"},"schema":{"@context":"https:\/\/schema.org","@graph":[{"@type":"WebPage","@id":"https:\/\/truusk.store\/sv\/produkt\/truusk-mannekang-torso-kladdocka-i-vit-farg-skum-tra-metall-for-kladvisning-och-dekoration-hojd-170-cm\/","url":"https:\/\/truusk.store\/sv\/produkt\/truusk-mannekang-torso-kladdocka-i-vit-farg-skum-tra-metall-for-kladvisning-och-dekoration-hojd-170-cm\/","name":"TRUUSK Mannek\u00e4ng-torso - Kl\u00e4ddocka i vit f\u00e4rg - Skum-Tr\u00e4-Metall - F\u00f6r kl\u00e4dvisning och dekoration - H\u00f6jd 170 cm - TRUUSK - Hem, Tr\u00e4dg\u00e5rd &amp; Fritid","isPartOf":{"@id":"https:\/\/truusk.store\/sv\/#website"},"primaryImageOfPage":{"@id":"https:\/\/truusk.store\/sv\/produkt\/truusk-mannekang-torso-kladdocka-i-vit-farg-skum-tra-metall-for-kladvisning-och-dekoration-hojd-170-cm\/#primaryimage"},"image":{"@id":"https:\/\/truusk.store\/sv\/produkt\/truusk-mannekang-torso-kladdocka-i-vit-farg-skum-tra-metall-for-kladvisning-och-dekoration-hojd-170-cm\/#primaryimage"},"thumbnailUrl":"https:\/\/i0.wp.com\/truusk.store\/wp-content\/uploads\/2025\/09\/mannekang-torso-kladdocka-skyltdocka-skum-tra-metall-vit-1.webp?fit=1500%2C1500&ssl=1","datePublished":"2025-09-02T11:28:02+00:00","dateModified":"2026-03-12T08:05:31+00:00","breadcrumb":{"@id":"https:\/\/truusk.store\/sv\/produkt\/truusk-mannekang-torso-kladdocka-i-vit-farg-skum-tra-metall-for-kladvisning-och-dekoration-hojd-170-cm\/#breadcrumb"},"inLanguage":"sv-SE","potentialAction":[{"@type":"ReadAction","target":["https:\/\/truusk.store\/sv\/produkt\/truusk-mannekang-torso-kladdocka-i-vit-farg-skum-tra-metall-for-kladvisning-och-dekoration-hojd-170-cm\/"]}]},{"@type":"ImageObject","inLanguage":"sv-SE","@id":"https:\/\/truusk.store\/sv\/produkt\/truusk-mannekang-torso-kladdocka-i-vit-farg-skum-tra-metall-for-kladvisning-och-dekoration-hojd-170-cm\/#primaryimage","url":"https:\/\/i0.wp.com\/truusk.store\/wp-content\/uploads\/2025\/09\/mannekang-torso-kladdocka-skyltdocka-skum-tra-metall-vit-1.webp?fit=1500%2C1500&ssl=1","contentUrl":"https:\/\/i0.wp.com\/truusk.store\/wp-content\/uploads\/2025\/09\/mannekang-torso-kladdocka-skyltdocka-skum-tra-metall-vit-1.webp?fit=1500%2C1500&ssl=1","width":1500,"height":1500},{"@type":"BreadcrumbList","@id":"https:\/\/truusk.store\/sv\/produkt\/truusk-mannekang-torso-kladdocka-i-vit-farg-skum-tra-metall-for-kladvisning-och-dekoration-hojd-170-cm\/#breadcrumb","itemListElement":[{"@type":"ListItem","position":1,"name":"Home","item":"https:\/\/truusk.store\/sv\/"},{"@type":"ListItem","position":2,"name":"Shop","item":"https:\/\/truusk.store\/shop\/"},{"@type":"ListItem","position":3,"name":"TRUUSK Mannek\u00e4ng-torso &#8211; Kl\u00e4ddocka i vit f\u00e4rg &#8211; Skum-Tr\u00e4-Metall &#8211; F\u00f6r kl\u00e4dvisning och dekoration &#8211; H\u00f6jd 170 cm"}]},{"@type":"WebSite","@id":"https:\/\/truusk.store\/sv\/#website","url":"https:\/\/truusk.store\/sv\/","name":"TRUUSK - Hem, Tr\u00e4dg\u00e5rd & Fritid","description":"","publisher":{"@id":"https:\/\/truusk.store\/sv\/#organization"},"potentialAction":[{"@type":"SearchAction","target":{"@type":"EntryPoint","urlTemplate":"https:\/\/truusk.store\/sv\/?s={search_term_string}"},"query-input":{"@type":"PropertyValueSpecification","valueRequired":true,"valueName":"search_term_string"}}],"inLanguage":"sv-SE"},{"@type":"Organization","@id":"https:\/\/truusk.store\/sv\/#organization","name":"TRUUSK - Hem, Tr\u00e4dg\u00e5rd & Fritid","url":"https:\/\/truusk.store\/sv\/","logo":{"@type":"ImageObject","inLanguage":"sv-SE","@id":"https:\/\/truusk.store\/sv\/#\/schema\/logo\/image\/","url":"https:\/\/i0.wp.com\/truusk.store\/wp-content\/uploads\/2026\/03\/cropped-TRUUSK.png?fit=2032%2C917&ssl=1","contentUrl":"https:\/\/i0.wp.com\/truusk.store\/wp-content\/uploads\/2026\/03\/cropped-TRUUSK.png?fit=2032%2C917&ssl=1","width":2032,"height":917,"caption":"TRUUSK - Hem, Tr\u00e4dg\u00e5rd & Fritid"},"image":{"@id":"https:\/\/truusk.store\/sv\/#\/schema\/logo\/image\/"}}]}},"jetpack_sharing_enabled":true,"_links":{"self":[{"href":"https:\/\/truusk.store\/sv\/wp-json\/wp\/v2\/product\/89193","targetHints":{"allow":["GET"]}}],"collection":[{"href":"https:\/\/truusk.store\/sv\/wp-json\/wp\/v2\/product"}],"about":[{"href":"https:\/\/truusk.store\/sv\/wp-json\/wp\/v2\/types\/product"}],"wp:featuredmedia":[{"embeddable":true,"href":"https:\/\/truusk.store\/sv\/wp-json\/wp\/v2\/media\/89184"}],"wp:attachment":[{"href":"https:\/\/truusk.store\/sv\/wp-json\/wp\/v2\/media?parent=89193"}],"wp:term":[{"taxonomy":"product_brand","embeddable":true,"href":"https:\/\/truusk.store\/sv\/wp-json\/wp\/v2\/product_brand?post=89193"},{"taxonomy":"product_cat","embeddable":true,"href":"https:\/\/truusk.store\/sv\/wp-json\/wp\/v2\/product_cat?post=89193"},{"taxonomy":"product_tag","embeddable":true,"href":"https:\/\/truusk.store\/sv\/wp-json\/wp\/v2\/product_tag?post=89193"}],"curies":[{"name":"wp","href":"https:\/\/api.w.org\/{rel}","templated":true}]}}