{"id":8925,"date":"2024-02-13T09:31:21","date_gmt":"2024-02-13T08:31:21","guid":{"rendered":"https:\/\/truusk.store\/product\/djursoffa-med-matta-hundsang-hundmatta-hundsoffa-med-forvaringsutrymme-naturligt-tra-plysch-ljusgra-76-x-45-x-415-cm\/"},"modified":"2026-03-12T08:55:53","modified_gmt":"2026-03-12T07:55:53","slug":"truusk-djursoffa-med-matta-hundsang-hundmatta-forvaringsutrymme-naturligt-tra-plysch-ljusgra-76-x-45-x-415-cm","status":"publish","type":"product","link":"https:\/\/truusk.store\/sv\/produkt\/truusk-djursoffa-med-matta-hundsang-hundmatta-forvaringsutrymme-naturligt-tra-plysch-ljusgra-76-x-45-x-415-cm\/","title":{"rendered":"TRUUSK Djursoffa Med Matta &#8211; Hunds\u00e4ng &#8211; Hundmatta &#8211; F\u00f6rvaringsutrymme &#8211; Naturligt Tr\u00e4 + Plysch &#8211; Ljusgr\u00e5 &#8211; 76 x 45 x 41,5 cm"},"content":{"rendered":"<p>V\u00e5r husdjurssoffa \u00e4r perfekt f\u00f6r ditt husdjur att koppla av och vila. Den best\u00e5r av en tr\u00e4ram och \u00e4r kl\u00e4dd med plyschtyg. Det \u00e4r inte bara en husdjurssoffa, utan ocks\u00e5 en f\u00f6rvaringsl\u00e5da d\u00e4r du kan l\u00e4gga husdjursf\u00f6rn\u00f6denheterna. Soffan har en tjock dyna som g\u00f6r den v\u00e4ldigt sk\u00f6n och mjuk. 4 ben p\u00e5 botten h\u00e5ller soffan stabil och lyfter s\u00e4ngen fr\u00e5n golvet. En plats som dina v\u00e4nner kommer att \u00e4lska i m\u00e5nga \u00e5r fram\u00f6ver.<\/p>\n<h3>Beskrivning:<\/h3>\n<ul>\n<li>Husdjurssoffa med modern design och plysch\u00f6verdrag, perfekt f\u00f6r sm\u00e5 hundar och olika katter<\/li>\n<li>Med f\u00f6rvaringsfunktion d\u00e4r du kan l\u00e4gga djurf\u00f6rr\u00e5den<\/li>\n<li>Stabil tr\u00e4konstruktion f\u00f6r l\u00e5ngvarig anv\u00e4ndning, kan h\u00e5lla upp till 15 kg<\/li>\n<li>Kudden f\u00e4sts ordentligt i soffan med ett elastiskt sn\u00f6re<\/li>\n<li>Den vadderade kudden med en mjuk plyschyta erbjuder h\u00f6gsta komfort<\/li>\n<li>Bred sits med h\u00f6gt armst\u00f6d och ryggst\u00f6d f\u00f6r \u00f6kad s\u00e4kerhet<\/li>\n<li>Montering kr\u00e4vs<\/li>\n<\/ul>\n<h3>Teknisk data:<\/h3>\n<ul>\n<li>F\u00e4rg: ljusgr\u00e5<\/li>\n<li>Material: naturligt tr\u00e4, plysch, skum<\/li>\n<li>\u00d6vergripande m\u00e5tt: 76W x 45D x 41,5H cm<\/li>\n<li>Sitsstorlek: 59,5W x 41D x 26H cm<\/li>\n<li>Kuddstorlek: 59,5L x 43W x 7,5H cm<\/li>\n<li>Storlek f\u00f6r f\u00f6rvaringsutrymme: 64L x 37,5W x 9,5H cm<\/li>\n<li>Lastkapacitet: 15 kg<\/li>\n<li>Nettovikt: 7 kg<\/li>\n<\/ul>\n<h3>Leveransens omfattning:<\/h3>\n<ul>\n<li>1 x Hundsoffa<\/li>\n<li>1 x Monteringsanvisning<\/li>\n<\/ul>\n","protected":false},"excerpt":{"rendered":"<p>V\u00e5r husdjurssoffa \u00e4r perfekt f\u00f6r ditt husdjur att koppla av och vila. Den best\u00e5r av en tr\u00e4ram och \u00e4r kl\u00e4dd&#8230;<\/p>\n","protected":false},"featured_media":8926,"template":"","meta":[],"product_brand":[],"product_cat":[576,574,573],"product_tag":[],"class_list":{"0":"post-8925","1":"product","2":"type-product","3":"status-publish","4":"has-post-thumbnail","6":"product_cat-hundsangar-hundsoffor","7":"product_cat-hundtillbehor","8":"product_cat-husdjursmaterial","10":"first","11":"instock","12":"sale","13":"taxable","14":"shipping-taxable","15":"purchasable","16":"product-type-simple"},"yoast_head":"<!-- This site is optimized with the Yoast SEO plugin v25.4 - https:\/\/yoast.com\/wordpress\/plugins\/seo\/ -->\n<title>TRUUSK Djursoffa Med Matta - Hunds\u00e4ng - Hundmatta - F\u00f6rvaringsutrymme - Naturligt Tr\u00e4 + Plysch - Ljusgr\u00e5 - 76 x 45 x 41,5 cm - TRUUSK - Hem, Tr\u00e4dg\u00e5rd &amp; Fritid<\/title>\n<meta name=\"robots\" content=\"index, follow, max-snippet:-1, max-image-preview:large, max-video-preview:-1\" \/>\n<link rel=\"canonical\" href=\"https:\/\/truusk.store\/sv\/produkt\/truusk-djursoffa-med-matta-hundsang-hundmatta-forvaringsutrymme-naturligt-tra-plysch-ljusgra-76-x-45-x-415-cm\/\" \/>\n<meta property=\"og:locale\" content=\"sv_SE\" \/>\n<meta property=\"og:type\" content=\"article\" \/>\n<meta property=\"og:title\" content=\"TRUUSK Djursoffa Med Matta - Hunds\u00e4ng - Hundmatta - F\u00f6rvaringsutrymme - Naturligt Tr\u00e4 + Plysch - Ljusgr\u00e5 - 76 x 45 x 41,5 cm - TRUUSK - Hem, Tr\u00e4dg\u00e5rd &amp; Fritid\" \/>\n<meta property=\"og:description\" content=\"V\u00e5r husdjurssoffa \u00e4r perfekt f\u00f6r ditt husdjur att koppla av och vila. Den best\u00e5r av en tr\u00e4ram och \u00e4r kl\u00e4dd...\" \/>\n<meta property=\"og:url\" content=\"https:\/\/truusk.store\/sv\/produkt\/truusk-djursoffa-med-matta-hundsang-hundmatta-forvaringsutrymme-naturligt-tra-plysch-ljusgra-76-x-45-x-415-cm\/\" \/>\n<meta property=\"og:site_name\" content=\"TRUUSK - Hem, Tr\u00e4dg\u00e5rd &amp; Fritid\" \/>\n<meta property=\"article:modified_time\" content=\"2026-03-12T07:55:53+00:00\" \/>\n<meta property=\"og:image\" content=\"https:\/\/i0.wp.com\/truusk.se\/wp-content\/uploads\/2024\/02\/djursoffa-med-matta-hundsang-hundmatta-hundsoffa-med-forvaringsutrymme-naturligt-tra-plysch-ljusgra-76-x-45-x-415-cm.webp?fit=800%2C800&ssl=1\" \/>\n\t<meta property=\"og:image:width\" content=\"800\" \/>\n\t<meta property=\"og:image:height\" content=\"800\" \/>\n\t<meta property=\"og:image:type\" content=\"image\/webp\" \/>\n<meta name=\"twitter:card\" content=\"summary_large_image\" \/>\n<meta name=\"twitter:label1\" content=\"Ber\u00e4knad l\u00e4stid\" \/>\n\t<meta name=\"twitter:data1\" content=\"1 minut\" \/>\n<!-- \/ Yoast SEO plugin. -->","yoast_head_json":{"title":"TRUUSK Djursoffa Med Matta - Hunds\u00e4ng - Hundmatta - F\u00f6rvaringsutrymme - Naturligt Tr\u00e4 + Plysch - Ljusgr\u00e5 - 76 x 45 x 41,5 cm - TRUUSK - Hem, Tr\u00e4dg\u00e5rd &amp; Fritid","robots":{"index":"index","follow":"follow","max-snippet":"max-snippet:-1","max-image-preview":"max-image-preview:large","max-video-preview":"max-video-preview:-1"},"canonical":"https:\/\/truusk.store\/sv\/produkt\/truusk-djursoffa-med-matta-hundsang-hundmatta-forvaringsutrymme-naturligt-tra-plysch-ljusgra-76-x-45-x-415-cm\/","og_locale":"sv_SE","og_type":"article","og_title":"TRUUSK Djursoffa Med Matta - Hunds\u00e4ng - Hundmatta - F\u00f6rvaringsutrymme - Naturligt Tr\u00e4 + Plysch - Ljusgr\u00e5 - 76 x 45 x 41,5 cm - TRUUSK - Hem, Tr\u00e4dg\u00e5rd &amp; Fritid","og_description":"V\u00e5r husdjurssoffa \u00e4r perfekt f\u00f6r ditt husdjur att koppla av och vila. Den best\u00e5r av en tr\u00e4ram och \u00e4r kl\u00e4dd...","og_url":"https:\/\/truusk.store\/sv\/produkt\/truusk-djursoffa-med-matta-hundsang-hundmatta-forvaringsutrymme-naturligt-tra-plysch-ljusgra-76-x-45-x-415-cm\/","og_site_name":"TRUUSK - Hem, Tr\u00e4dg\u00e5rd &amp; Fritid","article_modified_time":"2026-03-12T07:55:53+00:00","og_image":[{"width":800,"height":800,"url":"https:\/\/i0.wp.com\/truusk.se\/wp-content\/uploads\/2024\/02\/djursoffa-med-matta-hundsang-hundmatta-hundsoffa-med-forvaringsutrymme-naturligt-tra-plysch-ljusgra-76-x-45-x-415-cm.webp?fit=800%2C800&ssl=1","type":"image\/webp"}],"twitter_card":"summary_large_image","twitter_misc":{"Ber\u00e4knad l\u00e4stid":"1 minut"},"schema":{"@context":"https:\/\/schema.org","@graph":[{"@type":"WebPage","@id":"https:\/\/truusk.store\/sv\/produkt\/truusk-djursoffa-med-matta-hundsang-hundmatta-forvaringsutrymme-naturligt-tra-plysch-ljusgra-76-x-45-x-415-cm\/","url":"https:\/\/truusk.store\/sv\/produkt\/truusk-djursoffa-med-matta-hundsang-hundmatta-forvaringsutrymme-naturligt-tra-plysch-ljusgra-76-x-45-x-415-cm\/","name":"TRUUSK Djursoffa Med Matta - Hunds\u00e4ng - Hundmatta - F\u00f6rvaringsutrymme - Naturligt Tr\u00e4 + Plysch - Ljusgr\u00e5 - 76 x 45 x 41,5 cm - TRUUSK - Hem, Tr\u00e4dg\u00e5rd &amp; Fritid","isPartOf":{"@id":"https:\/\/truusk.store\/sv\/#website"},"primaryImageOfPage":{"@id":"https:\/\/truusk.store\/sv\/produkt\/truusk-djursoffa-med-matta-hundsang-hundmatta-forvaringsutrymme-naturligt-tra-plysch-ljusgra-76-x-45-x-415-cm\/#primaryimage"},"image":{"@id":"https:\/\/truusk.store\/sv\/produkt\/truusk-djursoffa-med-matta-hundsang-hundmatta-forvaringsutrymme-naturligt-tra-plysch-ljusgra-76-x-45-x-415-cm\/#primaryimage"},"thumbnailUrl":"https:\/\/i0.wp.com\/truusk.store\/wp-content\/uploads\/2024\/02\/djursoffa-med-matta-hundsang-hundmatta-hundsoffa-med-forvaringsutrymme-naturligt-tra-plysch-ljusgra-76-x-45-x-415-cm.webp?fit=800%2C800&ssl=1","datePublished":"2024-02-13T08:31:21+00:00","dateModified":"2026-03-12T07:55:53+00:00","breadcrumb":{"@id":"https:\/\/truusk.store\/sv\/produkt\/truusk-djursoffa-med-matta-hundsang-hundmatta-forvaringsutrymme-naturligt-tra-plysch-ljusgra-76-x-45-x-415-cm\/#breadcrumb"},"inLanguage":"sv-SE","potentialAction":[{"@type":"ReadAction","target":["https:\/\/truusk.store\/sv\/produkt\/truusk-djursoffa-med-matta-hundsang-hundmatta-forvaringsutrymme-naturligt-tra-plysch-ljusgra-76-x-45-x-415-cm\/"]}]},{"@type":"ImageObject","inLanguage":"sv-SE","@id":"https:\/\/truusk.store\/sv\/produkt\/truusk-djursoffa-med-matta-hundsang-hundmatta-forvaringsutrymme-naturligt-tra-plysch-ljusgra-76-x-45-x-415-cm\/#primaryimage","url":"https:\/\/i0.wp.com\/truusk.store\/wp-content\/uploads\/2024\/02\/djursoffa-med-matta-hundsang-hundmatta-hundsoffa-med-forvaringsutrymme-naturligt-tra-plysch-ljusgra-76-x-45-x-415-cm.webp?fit=800%2C800&ssl=1","contentUrl":"https:\/\/i0.wp.com\/truusk.store\/wp-content\/uploads\/2024\/02\/djursoffa-med-matta-hundsang-hundmatta-hundsoffa-med-forvaringsutrymme-naturligt-tra-plysch-ljusgra-76-x-45-x-415-cm.webp?fit=800%2C800&ssl=1","width":800,"height":800,"caption":"Djursoffa Med Matta, Hunds\u00e4ng, Hundmatta, Hundsoffa Med F\u00f6rvaringsutrymme, Naturligt Tr\u00e4 + Plysch, Ljusgr\u00e5, 76 X 45 X 41,5 Cm 1"},{"@type":"BreadcrumbList","@id":"https:\/\/truusk.store\/sv\/produkt\/truusk-djursoffa-med-matta-hundsang-hundmatta-forvaringsutrymme-naturligt-tra-plysch-ljusgra-76-x-45-x-415-cm\/#breadcrumb","itemListElement":[{"@type":"ListItem","position":1,"name":"Home","item":"https:\/\/truusk.store\/sv\/"},{"@type":"ListItem","position":2,"name":"Shop","item":"https:\/\/truusk.store\/shop\/"},{"@type":"ListItem","position":3,"name":"TRUUSK Djursoffa Med Matta &#8211; Hunds\u00e4ng &#8211; Hundmatta &#8211; F\u00f6rvaringsutrymme &#8211; Naturligt Tr\u00e4 + Plysch &#8211; Ljusgr\u00e5 &#8211; 76 x 45 x 41,5 cm"}]},{"@type":"WebSite","@id":"https:\/\/truusk.store\/sv\/#website","url":"https:\/\/truusk.store\/sv\/","name":"TRUUSK - Hem, Tr\u00e4dg\u00e5rd & Fritid","description":"","publisher":{"@id":"https:\/\/truusk.store\/sv\/#organization"},"potentialAction":[{"@type":"SearchAction","target":{"@type":"EntryPoint","urlTemplate":"https:\/\/truusk.store\/sv\/?s={search_term_string}"},"query-input":{"@type":"PropertyValueSpecification","valueRequired":true,"valueName":"search_term_string"}}],"inLanguage":"sv-SE"},{"@type":"Organization","@id":"https:\/\/truusk.store\/sv\/#organization","name":"TRUUSK - Hem, Tr\u00e4dg\u00e5rd & Fritid","url":"https:\/\/truusk.store\/sv\/","logo":{"@type":"ImageObject","inLanguage":"sv-SE","@id":"https:\/\/truusk.store\/sv\/#\/schema\/logo\/image\/","url":"https:\/\/i0.wp.com\/truusk.store\/wp-content\/uploads\/2026\/03\/cropped-TRUUSK.png?fit=2032%2C917&ssl=1","contentUrl":"https:\/\/i0.wp.com\/truusk.store\/wp-content\/uploads\/2026\/03\/cropped-TRUUSK.png?fit=2032%2C917&ssl=1","width":2032,"height":917,"caption":"TRUUSK - Hem, Tr\u00e4dg\u00e5rd & Fritid"},"image":{"@id":"https:\/\/truusk.store\/sv\/#\/schema\/logo\/image\/"}}]}},"jetpack_sharing_enabled":true,"_links":{"self":[{"href":"https:\/\/truusk.store\/sv\/wp-json\/wp\/v2\/product\/8925","targetHints":{"allow":["GET"]}}],"collection":[{"href":"https:\/\/truusk.store\/sv\/wp-json\/wp\/v2\/product"}],"about":[{"href":"https:\/\/truusk.store\/sv\/wp-json\/wp\/v2\/types\/product"}],"wp:featuredmedia":[{"embeddable":true,"href":"https:\/\/truusk.store\/sv\/wp-json\/wp\/v2\/media\/8926"}],"wp:attachment":[{"href":"https:\/\/truusk.store\/sv\/wp-json\/wp\/v2\/media?parent=8925"}],"wp:term":[{"taxonomy":"product_brand","embeddable":true,"href":"https:\/\/truusk.store\/sv\/wp-json\/wp\/v2\/product_brand?post=8925"},{"taxonomy":"product_cat","embeddable":true,"href":"https:\/\/truusk.store\/sv\/wp-json\/wp\/v2\/product_cat?post=8925"},{"taxonomy":"product_tag","embeddable":true,"href":"https:\/\/truusk.store\/sv\/wp-json\/wp\/v2\/product_tag?post=8925"}],"curies":[{"name":"wp","href":"https:\/\/api.w.org\/{rel}","templated":true}]}}