{"id":89253,"date":"2025-09-02T12:35:04","date_gmt":"2025-09-02T11:35:04","guid":{"rendered":"https:\/\/truusk.store\/product\/2-delat-set-med-barstolar-i-retrodesign-inkl-fotstod-hojdjusterbar-gaslift-gra-svart\/"},"modified":"2026-03-12T09:13:25","modified_gmt":"2026-03-12T08:13:25","slug":"truusk-retrodesign-barstolar-set-inkl-fotstod-hojdjusterbar-gaslift-gra-svart","status":"publish","type":"product","link":"https:\/\/truusk.store\/sv\/produkt\/truusk-retrodesign-barstolar-set-inkl-fotstod-hojdjusterbar-gaslift-gra-svart\/","title":{"rendered":"TRUUSK Retrodesign Barstolar Set &#8211; Inkl. Fotst\u00f6d &#8211; H\u00f6jdjusterbar &#8211; Gaslift &#8211; Gr\u00e5 + Svart"},"content":{"rendered":"<p>Med dessa barstolar fr\u00e5n TRUUSK kan du ta in en sofistikerad retrostil i ditt matomr\u00e5de. 2-pack, passar bra in i olika heminredningar. Designen utan armst\u00f6d ger mycket r\u00f6relsefrihet och \u00e4r bekv\u00e4m. Den bekv\u00e4ma ryggst\u00f6det ger din rygg ett mysigt st\u00f6d.<\/p>\n<p>Beskrivning:<\/p>\n<ul>\n<li> 2-pack barstolar i retrodesign f\u00f6r en stilfull look<\/li>\n<li> Perfekt f\u00f6r k\u00f6ksdisken eller andra matomr\u00e5den<\/li>\n<li> Det pulverlackerade metallramen \u00e4r solid och h\u00e5llbar och ger dig s\u00e4kert st\u00f6d n\u00e4r du sitter<\/li>\n<li> Barstolar utan armst\u00f6d, med en h\u00f6g ryggst\u00f6d och mjuk stoppning<\/li>\n<li> Med ett l\u00e4ttsk\u00f6tt \u00f6verdrag av mikrofiber, i en mjuk gr\u00e5 ton.<\/li>\n<li> Stor rund bas h\u00e5ller balansen<\/li>\n<li> Maximal vikt 120 kg, montering kr\u00e4vs<\/li>\n<\/ul>\n<p> Tekniska data:<\/p>\n<ul>\n<li> F\u00e4rg: Gr\u00e5+Svart<\/li>\n<li> Material: Mikrofibertyg(60 % polyuretan, 40 % polyester), skum, st\u00e5l<\/li>\n<li> M\u00e5tt: 43L x 46,5B x 89-110H cm<\/li>\n<li> Sits: 43L x 36,5B x 59-80H cm<\/li>\n<li> Sits till golv: 59-80 cm<\/li>\n<li> Fotst\u00f6d: 21-42 cm<\/li>\n<li> Maximal belastning: 120 kg<\/li>\n<\/ul>\n<p>Leveransinneh\u00e5ll:<\/p>\n<ul>\n<li> 2 x Barstolar<\/li>\n<li> 1 x Instruktioner<\/li>\n<\/ul>\n","protected":false},"excerpt":{"rendered":"<p>Med dessa barstolar fr\u00e5n TRUUSK kan du ta in en sofistikerad retrostil i ditt matomr\u00e5de. 2-pack, passar bra in i&#8230;<\/p>\n","protected":false},"featured_media":89239,"template":"","meta":[],"product_brand":[],"product_cat":[643,871,889],"product_tag":[],"class_list":{"0":"post-89253","1":"product","2":"type-product","3":"status-publish","4":"has-post-thumbnail","6":"product_cat-barnstolar","7":"product_cat-hus-hem","8":"product_cat-kok-matsal","10":"first","11":"instock","12":"sale","13":"taxable","14":"shipping-taxable","15":"purchasable","16":"product-type-simple"},"yoast_head":"<!-- This site is optimized with the Yoast SEO plugin v25.4 - https:\/\/yoast.com\/wordpress\/plugins\/seo\/ -->\n<title>TRUUSK Retrodesign Barstolar Set - Inkl. Fotst\u00f6d - H\u00f6jdjusterbar - Gaslift - Gr\u00e5 + Svart - TRUUSK - Hem, Tr\u00e4dg\u00e5rd &amp; Fritid<\/title>\n<meta name=\"robots\" content=\"index, follow, max-snippet:-1, max-image-preview:large, max-video-preview:-1\" \/>\n<link rel=\"canonical\" href=\"https:\/\/truusk.store\/sv\/produkt\/truusk-retrodesign-barstolar-set-inkl-fotstod-hojdjusterbar-gaslift-gra-svart\/\" \/>\n<meta property=\"og:locale\" content=\"sv_SE\" \/>\n<meta property=\"og:type\" content=\"article\" \/>\n<meta property=\"og:title\" content=\"TRUUSK Retrodesign Barstolar Set - Inkl. Fotst\u00f6d - H\u00f6jdjusterbar - Gaslift - Gr\u00e5 + Svart - TRUUSK - Hem, Tr\u00e4dg\u00e5rd &amp; Fritid\" \/>\n<meta property=\"og:description\" content=\"Med dessa barstolar fr\u00e5n TRUUSK kan du ta in en sofistikerad retrostil i ditt matomr\u00e5de. 2-pack, passar bra in i...\" \/>\n<meta property=\"og:url\" content=\"https:\/\/truusk.store\/sv\/produkt\/truusk-retrodesign-barstolar-set-inkl-fotstod-hojdjusterbar-gaslift-gra-svart\/\" \/>\n<meta property=\"og:site_name\" content=\"TRUUSK - Hem, Tr\u00e4dg\u00e5rd &amp; Fritid\" \/>\n<meta property=\"article:modified_time\" content=\"2026-03-12T08:13:25+00:00\" \/>\n<meta property=\"og:image\" content=\"https:\/\/i0.wp.com\/truusk.se\/wp-content\/uploads\/2025\/09\/2-delat-set-med-barstolar-i-retrodesign-inkl-fotstod-hojdjusterbar-gaslift-gra-svart-1.webp?fit=2000%2C2000&ssl=1\" \/>\n\t<meta property=\"og:image:width\" content=\"2000\" \/>\n\t<meta property=\"og:image:height\" content=\"2000\" \/>\n\t<meta property=\"og:image:type\" content=\"image\/webp\" \/>\n<meta name=\"twitter:card\" content=\"summary_large_image\" \/>\n<meta name=\"twitter:label1\" content=\"Ber\u00e4knad l\u00e4stid\" \/>\n\t<meta name=\"twitter:data1\" content=\"1 minut\" \/>\n<!-- \/ Yoast SEO plugin. -->","yoast_head_json":{"title":"TRUUSK Retrodesign Barstolar Set - Inkl. Fotst\u00f6d - H\u00f6jdjusterbar - Gaslift - Gr\u00e5 + Svart - TRUUSK - Hem, Tr\u00e4dg\u00e5rd &amp; Fritid","robots":{"index":"index","follow":"follow","max-snippet":"max-snippet:-1","max-image-preview":"max-image-preview:large","max-video-preview":"max-video-preview:-1"},"canonical":"https:\/\/truusk.store\/sv\/produkt\/truusk-retrodesign-barstolar-set-inkl-fotstod-hojdjusterbar-gaslift-gra-svart\/","og_locale":"sv_SE","og_type":"article","og_title":"TRUUSK Retrodesign Barstolar Set - Inkl. Fotst\u00f6d - H\u00f6jdjusterbar - Gaslift - Gr\u00e5 + Svart - TRUUSK - Hem, Tr\u00e4dg\u00e5rd &amp; Fritid","og_description":"Med dessa barstolar fr\u00e5n TRUUSK kan du ta in en sofistikerad retrostil i ditt matomr\u00e5de. 2-pack, passar bra in i...","og_url":"https:\/\/truusk.store\/sv\/produkt\/truusk-retrodesign-barstolar-set-inkl-fotstod-hojdjusterbar-gaslift-gra-svart\/","og_site_name":"TRUUSK - Hem, Tr\u00e4dg\u00e5rd &amp; Fritid","article_modified_time":"2026-03-12T08:13:25+00:00","og_image":[{"width":2000,"height":2000,"url":"https:\/\/i0.wp.com\/truusk.se\/wp-content\/uploads\/2025\/09\/2-delat-set-med-barstolar-i-retrodesign-inkl-fotstod-hojdjusterbar-gaslift-gra-svart-1.webp?fit=2000%2C2000&ssl=1","type":"image\/webp"}],"twitter_card":"summary_large_image","twitter_misc":{"Ber\u00e4knad l\u00e4stid":"1 minut"},"schema":{"@context":"https:\/\/schema.org","@graph":[{"@type":"WebPage","@id":"https:\/\/truusk.store\/sv\/produkt\/truusk-retrodesign-barstolar-set-inkl-fotstod-hojdjusterbar-gaslift-gra-svart\/","url":"https:\/\/truusk.store\/sv\/produkt\/truusk-retrodesign-barstolar-set-inkl-fotstod-hojdjusterbar-gaslift-gra-svart\/","name":"TRUUSK Retrodesign Barstolar Set - Inkl. Fotst\u00f6d - H\u00f6jdjusterbar - Gaslift - Gr\u00e5 + Svart - TRUUSK - Hem, Tr\u00e4dg\u00e5rd &amp; Fritid","isPartOf":{"@id":"https:\/\/truusk.store\/sv\/#website"},"primaryImageOfPage":{"@id":"https:\/\/truusk.store\/sv\/produkt\/truusk-retrodesign-barstolar-set-inkl-fotstod-hojdjusterbar-gaslift-gra-svart\/#primaryimage"},"image":{"@id":"https:\/\/truusk.store\/sv\/produkt\/truusk-retrodesign-barstolar-set-inkl-fotstod-hojdjusterbar-gaslift-gra-svart\/#primaryimage"},"thumbnailUrl":"https:\/\/i0.wp.com\/truusk.store\/wp-content\/uploads\/2025\/09\/2-delat-set-med-barstolar-i-retrodesign-inkl-fotstod-hojdjusterbar-gaslift-gra-svart-1.webp?fit=2000%2C2000&ssl=1","datePublished":"2025-09-02T11:35:04+00:00","dateModified":"2026-03-12T08:13:25+00:00","breadcrumb":{"@id":"https:\/\/truusk.store\/sv\/produkt\/truusk-retrodesign-barstolar-set-inkl-fotstod-hojdjusterbar-gaslift-gra-svart\/#breadcrumb"},"inLanguage":"sv-SE","potentialAction":[{"@type":"ReadAction","target":["https:\/\/truusk.store\/sv\/produkt\/truusk-retrodesign-barstolar-set-inkl-fotstod-hojdjusterbar-gaslift-gra-svart\/"]}]},{"@type":"ImageObject","inLanguage":"sv-SE","@id":"https:\/\/truusk.store\/sv\/produkt\/truusk-retrodesign-barstolar-set-inkl-fotstod-hojdjusterbar-gaslift-gra-svart\/#primaryimage","url":"https:\/\/i0.wp.com\/truusk.store\/wp-content\/uploads\/2025\/09\/2-delat-set-med-barstolar-i-retrodesign-inkl-fotstod-hojdjusterbar-gaslift-gra-svart-1.webp?fit=2000%2C2000&ssl=1","contentUrl":"https:\/\/i0.wp.com\/truusk.store\/wp-content\/uploads\/2025\/09\/2-delat-set-med-barstolar-i-retrodesign-inkl-fotstod-hojdjusterbar-gaslift-gra-svart-1.webp?fit=2000%2C2000&ssl=1","width":2000,"height":2000},{"@type":"BreadcrumbList","@id":"https:\/\/truusk.store\/sv\/produkt\/truusk-retrodesign-barstolar-set-inkl-fotstod-hojdjusterbar-gaslift-gra-svart\/#breadcrumb","itemListElement":[{"@type":"ListItem","position":1,"name":"Home","item":"https:\/\/truusk.store\/sv\/"},{"@type":"ListItem","position":2,"name":"Shop","item":"https:\/\/truusk.store\/shop\/"},{"@type":"ListItem","position":3,"name":"TRUUSK Retrodesign Barstolar Set &#8211; Inkl. Fotst\u00f6d &#8211; H\u00f6jdjusterbar &#8211; Gaslift &#8211; Gr\u00e5 + Svart"}]},{"@type":"WebSite","@id":"https:\/\/truusk.store\/sv\/#website","url":"https:\/\/truusk.store\/sv\/","name":"TRUUSK - Hem, Tr\u00e4dg\u00e5rd & Fritid","description":"","publisher":{"@id":"https:\/\/truusk.store\/sv\/#organization"},"potentialAction":[{"@type":"SearchAction","target":{"@type":"EntryPoint","urlTemplate":"https:\/\/truusk.store\/sv\/?s={search_term_string}"},"query-input":{"@type":"PropertyValueSpecification","valueRequired":true,"valueName":"search_term_string"}}],"inLanguage":"sv-SE"},{"@type":"Organization","@id":"https:\/\/truusk.store\/sv\/#organization","name":"TRUUSK - Hem, Tr\u00e4dg\u00e5rd & Fritid","url":"https:\/\/truusk.store\/sv\/","logo":{"@type":"ImageObject","inLanguage":"sv-SE","@id":"https:\/\/truusk.store\/sv\/#\/schema\/logo\/image\/","url":"https:\/\/i0.wp.com\/truusk.store\/wp-content\/uploads\/2026\/03\/cropped-TRUUSK.png?fit=2032%2C917&ssl=1","contentUrl":"https:\/\/i0.wp.com\/truusk.store\/wp-content\/uploads\/2026\/03\/cropped-TRUUSK.png?fit=2032%2C917&ssl=1","width":2032,"height":917,"caption":"TRUUSK - Hem, Tr\u00e4dg\u00e5rd & Fritid"},"image":{"@id":"https:\/\/truusk.store\/sv\/#\/schema\/logo\/image\/"}}]}},"jetpack_sharing_enabled":true,"_links":{"self":[{"href":"https:\/\/truusk.store\/sv\/wp-json\/wp\/v2\/product\/89253","targetHints":{"allow":["GET"]}}],"collection":[{"href":"https:\/\/truusk.store\/sv\/wp-json\/wp\/v2\/product"}],"about":[{"href":"https:\/\/truusk.store\/sv\/wp-json\/wp\/v2\/types\/product"}],"wp:featuredmedia":[{"embeddable":true,"href":"https:\/\/truusk.store\/sv\/wp-json\/wp\/v2\/media\/89239"}],"wp:attachment":[{"href":"https:\/\/truusk.store\/sv\/wp-json\/wp\/v2\/media?parent=89253"}],"wp:term":[{"taxonomy":"product_brand","embeddable":true,"href":"https:\/\/truusk.store\/sv\/wp-json\/wp\/v2\/product_brand?post=89253"},{"taxonomy":"product_cat","embeddable":true,"href":"https:\/\/truusk.store\/sv\/wp-json\/wp\/v2\/product_cat?post=89253"},{"taxonomy":"product_tag","embeddable":true,"href":"https:\/\/truusk.store\/sv\/wp-json\/wp\/v2\/product_tag?post=89253"}],"curies":[{"name":"wp","href":"https:\/\/api.w.org\/{rel}","templated":true}]}}