{"id":89313,"date":"2025-09-02T12:42:29","date_gmt":"2025-09-02T11:42:29","guid":{"rendered":"https:\/\/truusk.store\/product\/2-pack-barstolar-stoppade-saten-stalram-120-kg-barkapacitet-gra\/"},"modified":"2026-03-12T09:27:10","modified_gmt":"2026-03-12T08:27:10","slug":"truusk-2-pack-barstolar-stoppade-saten-stalram-120-kg-barkapacitet-gra","status":"publish","type":"product","link":"https:\/\/truusk.store\/sv\/produkt\/truusk-2-pack-barstolar-stoppade-saten-stalram-120-kg-barkapacitet-gra\/","title":{"rendered":"TRUUSK 2-pack Barstolar &#8211; Stoppade S\u00e4ten &#8211; St\u00e5lram &#8211; 120 Kg B\u00e4rkapacitet &#8211; Gr\u00e5"},"content":{"rendered":"<p>Slappna av en stund i din matplats p\u00e5 dessa TRUUSK barstolar. Deras robusta st\u00e5lram ger utm\u00e4rkt st\u00f6d och de vadderade s\u00e4tena \u00f6kar sittkomforten. De m\u00f6rka f\u00e4rgtonerna skapar en m\u00e5ngsidig industriell design &#8211; perfekt f\u00f6r en m\u00e4ngd olika inredningar. Dessa bardiskstolar f\u00f6r frukostb\u00e4nken har ocks\u00e5 en fotst\u00f6d.<\/p>\n<p>Beskrivning:<\/p>\n<ul>\n<li> Set med tv\u00e5 stycken: ett matchande utseende i din matplats hemma eller p\u00e5 kontoret<\/li>\n<li> M\u00f6rk f\u00e4rg f\u00f6r m\u00e5ngsidig industriell stil<\/li>\n<li> Vadderade s\u00e4ten p\u00e5 bardisken f\u00f6r komfort, med l\u00e4der-look mikrofiber\u00f6verdrag: stilfullt och sl\u00e4tt<\/li>\n<li> L\u00e4mplig f\u00f6r diskar fr\u00e5n 89-99 cm<\/li>\n<li> Nedre st\u00e5ng f\u00f6r att vila ben och f\u00f6tter<\/li>\n<li> Stark och st\u00f6djande ram p\u00e5 k\u00f6ksstolen av pulverlackerat st\u00e5l<\/li>\n<li> Maximal belastning 120 kg, montering kr\u00e4vs<\/li>\n<\/ul>\n<p> Tekniska data:<\/p>\n<ul>\n<li> F\u00e4rg: Gr\u00e5+Svart<\/li>\n<li> Material: Mikrofiber (100% Polyester), St\u00e5l, Skum, Flerlagerskiva<\/li>\n<li> Totala dimensioner: 48,5B x 38,5T x 68,5H cm<\/li>\n<li> Sitsstorlek: 44B x 33T x 66H cm<\/li>\n<li> H\u00f6jd p\u00e5 fotst\u00f6d: 17 cm<\/li>\n<li> Till\u00e4mplig barbordsh\u00f6jd: 89-99 cm<\/li>\n<li> Belastningskapacitet: 120 kg<\/li>\n<\/ul>\n<p>Leveransinneh\u00e5ll:<\/p>\n<ul>\n<li> 2 x Barstolar<\/li>\n<li> 1 x Bruksanvisning<\/li>\n<\/ul>\n","protected":false},"excerpt":{"rendered":"<p>Slappna av en stund i din matplats p\u00e5 dessa TRUUSK barstolar. Deras robusta st\u00e5lram ger utm\u00e4rkt st\u00f6d och de vadderade&#8230;<\/p>\n","protected":false},"featured_media":89304,"template":"","meta":[],"product_brand":[],"product_cat":[643,871,889],"product_tag":[],"class_list":{"0":"post-89313","1":"product","2":"type-product","3":"status-publish","4":"has-post-thumbnail","6":"product_cat-barnstolar","7":"product_cat-hus-hem","8":"product_cat-kok-matsal","10":"first","11":"instock","12":"sale","13":"taxable","14":"shipping-taxable","15":"purchasable","16":"product-type-simple"},"yoast_head":"<!-- This site is optimized with the Yoast SEO plugin v25.4 - https:\/\/yoast.com\/wordpress\/plugins\/seo\/ -->\n<title>TRUUSK 2-pack Barstolar - Stoppade S\u00e4ten - St\u00e5lram - 120 Kg B\u00e4rkapacitet - Gr\u00e5 - TRUUSK - Hem, Tr\u00e4dg\u00e5rd &amp; Fritid<\/title>\n<meta name=\"robots\" content=\"index, follow, max-snippet:-1, max-image-preview:large, max-video-preview:-1\" \/>\n<link rel=\"canonical\" href=\"https:\/\/truusk.store\/sv\/produkt\/truusk-2-pack-barstolar-stoppade-saten-stalram-120-kg-barkapacitet-gra\/\" \/>\n<meta property=\"og:locale\" content=\"sv_SE\" \/>\n<meta property=\"og:type\" content=\"article\" \/>\n<meta property=\"og:title\" content=\"TRUUSK 2-pack Barstolar - Stoppade S\u00e4ten - St\u00e5lram - 120 Kg B\u00e4rkapacitet - Gr\u00e5 - TRUUSK - Hem, Tr\u00e4dg\u00e5rd &amp; Fritid\" \/>\n<meta property=\"og:description\" content=\"Slappna av en stund i din matplats p\u00e5 dessa TRUUSK barstolar. Deras robusta st\u00e5lram ger utm\u00e4rkt st\u00f6d och de vadderade...\" \/>\n<meta property=\"og:url\" content=\"https:\/\/truusk.store\/sv\/produkt\/truusk-2-pack-barstolar-stoppade-saten-stalram-120-kg-barkapacitet-gra\/\" \/>\n<meta property=\"og:site_name\" content=\"TRUUSK - Hem, Tr\u00e4dg\u00e5rd &amp; Fritid\" \/>\n<meta property=\"article:modified_time\" content=\"2026-03-12T08:27:10+00:00\" \/>\n<meta property=\"og:image\" content=\"https:\/\/i0.wp.com\/truusk.se\/wp-content\/uploads\/2025\/09\/2-pack-barstolar-stoppade-saten-stalram-120-kg-barkapacitet-gra-1.webp?fit=2000%2C2000&ssl=1\" \/>\n\t<meta property=\"og:image:width\" content=\"2000\" \/>\n\t<meta property=\"og:image:height\" content=\"2000\" \/>\n\t<meta property=\"og:image:type\" content=\"image\/webp\" \/>\n<meta name=\"twitter:card\" content=\"summary_large_image\" \/>\n<meta name=\"twitter:label1\" content=\"Ber\u00e4knad l\u00e4stid\" \/>\n\t<meta name=\"twitter:data1\" content=\"1 minut\" \/>\n<!-- \/ Yoast SEO plugin. -->","yoast_head_json":{"title":"TRUUSK 2-pack Barstolar - Stoppade S\u00e4ten - St\u00e5lram - 120 Kg B\u00e4rkapacitet - Gr\u00e5 - TRUUSK - Hem, Tr\u00e4dg\u00e5rd &amp; Fritid","robots":{"index":"index","follow":"follow","max-snippet":"max-snippet:-1","max-image-preview":"max-image-preview:large","max-video-preview":"max-video-preview:-1"},"canonical":"https:\/\/truusk.store\/sv\/produkt\/truusk-2-pack-barstolar-stoppade-saten-stalram-120-kg-barkapacitet-gra\/","og_locale":"sv_SE","og_type":"article","og_title":"TRUUSK 2-pack Barstolar - Stoppade S\u00e4ten - St\u00e5lram - 120 Kg B\u00e4rkapacitet - Gr\u00e5 - TRUUSK - Hem, Tr\u00e4dg\u00e5rd &amp; Fritid","og_description":"Slappna av en stund i din matplats p\u00e5 dessa TRUUSK barstolar. Deras robusta st\u00e5lram ger utm\u00e4rkt st\u00f6d och de vadderade...","og_url":"https:\/\/truusk.store\/sv\/produkt\/truusk-2-pack-barstolar-stoppade-saten-stalram-120-kg-barkapacitet-gra\/","og_site_name":"TRUUSK - Hem, Tr\u00e4dg\u00e5rd &amp; Fritid","article_modified_time":"2026-03-12T08:27:10+00:00","og_image":[{"width":2000,"height":2000,"url":"https:\/\/i0.wp.com\/truusk.se\/wp-content\/uploads\/2025\/09\/2-pack-barstolar-stoppade-saten-stalram-120-kg-barkapacitet-gra-1.webp?fit=2000%2C2000&ssl=1","type":"image\/webp"}],"twitter_card":"summary_large_image","twitter_misc":{"Ber\u00e4knad l\u00e4stid":"1 minut"},"schema":{"@context":"https:\/\/schema.org","@graph":[{"@type":"WebPage","@id":"https:\/\/truusk.store\/sv\/produkt\/truusk-2-pack-barstolar-stoppade-saten-stalram-120-kg-barkapacitet-gra\/","url":"https:\/\/truusk.store\/sv\/produkt\/truusk-2-pack-barstolar-stoppade-saten-stalram-120-kg-barkapacitet-gra\/","name":"TRUUSK 2-pack Barstolar - Stoppade S\u00e4ten - St\u00e5lram - 120 Kg B\u00e4rkapacitet - Gr\u00e5 - TRUUSK - Hem, Tr\u00e4dg\u00e5rd &amp; Fritid","isPartOf":{"@id":"https:\/\/truusk.store\/sv\/#website"},"primaryImageOfPage":{"@id":"https:\/\/truusk.store\/sv\/produkt\/truusk-2-pack-barstolar-stoppade-saten-stalram-120-kg-barkapacitet-gra\/#primaryimage"},"image":{"@id":"https:\/\/truusk.store\/sv\/produkt\/truusk-2-pack-barstolar-stoppade-saten-stalram-120-kg-barkapacitet-gra\/#primaryimage"},"thumbnailUrl":"https:\/\/i0.wp.com\/truusk.store\/wp-content\/uploads\/2025\/09\/2-pack-barstolar-stoppade-saten-stalram-120-kg-barkapacitet-gra-1.webp?fit=2000%2C2000&ssl=1","datePublished":"2025-09-02T11:42:29+00:00","dateModified":"2026-03-12T08:27:10+00:00","breadcrumb":{"@id":"https:\/\/truusk.store\/sv\/produkt\/truusk-2-pack-barstolar-stoppade-saten-stalram-120-kg-barkapacitet-gra\/#breadcrumb"},"inLanguage":"sv-SE","potentialAction":[{"@type":"ReadAction","target":["https:\/\/truusk.store\/sv\/produkt\/truusk-2-pack-barstolar-stoppade-saten-stalram-120-kg-barkapacitet-gra\/"]}]},{"@type":"ImageObject","inLanguage":"sv-SE","@id":"https:\/\/truusk.store\/sv\/produkt\/truusk-2-pack-barstolar-stoppade-saten-stalram-120-kg-barkapacitet-gra\/#primaryimage","url":"https:\/\/i0.wp.com\/truusk.store\/wp-content\/uploads\/2025\/09\/2-pack-barstolar-stoppade-saten-stalram-120-kg-barkapacitet-gra-1.webp?fit=2000%2C2000&ssl=1","contentUrl":"https:\/\/i0.wp.com\/truusk.store\/wp-content\/uploads\/2025\/09\/2-pack-barstolar-stoppade-saten-stalram-120-kg-barkapacitet-gra-1.webp?fit=2000%2C2000&ssl=1","width":2000,"height":2000},{"@type":"BreadcrumbList","@id":"https:\/\/truusk.store\/sv\/produkt\/truusk-2-pack-barstolar-stoppade-saten-stalram-120-kg-barkapacitet-gra\/#breadcrumb","itemListElement":[{"@type":"ListItem","position":1,"name":"Home","item":"https:\/\/truusk.store\/sv\/"},{"@type":"ListItem","position":2,"name":"Shop","item":"https:\/\/truusk.store\/shop\/"},{"@type":"ListItem","position":3,"name":"TRUUSK 2-pack Barstolar &#8211; Stoppade S\u00e4ten &#8211; St\u00e5lram &#8211; 120 Kg B\u00e4rkapacitet &#8211; Gr\u00e5"}]},{"@type":"WebSite","@id":"https:\/\/truusk.store\/sv\/#website","url":"https:\/\/truusk.store\/sv\/","name":"TRUUSK - Hem, Tr\u00e4dg\u00e5rd & Fritid","description":"","publisher":{"@id":"https:\/\/truusk.store\/sv\/#organization"},"potentialAction":[{"@type":"SearchAction","target":{"@type":"EntryPoint","urlTemplate":"https:\/\/truusk.store\/sv\/?s={search_term_string}"},"query-input":{"@type":"PropertyValueSpecification","valueRequired":true,"valueName":"search_term_string"}}],"inLanguage":"sv-SE"},{"@type":"Organization","@id":"https:\/\/truusk.store\/sv\/#organization","name":"TRUUSK - Hem, Tr\u00e4dg\u00e5rd & Fritid","url":"https:\/\/truusk.store\/sv\/","logo":{"@type":"ImageObject","inLanguage":"sv-SE","@id":"https:\/\/truusk.store\/sv\/#\/schema\/logo\/image\/","url":"https:\/\/i0.wp.com\/truusk.store\/wp-content\/uploads\/2026\/03\/cropped-TRUUSK.png?fit=2032%2C917&ssl=1","contentUrl":"https:\/\/i0.wp.com\/truusk.store\/wp-content\/uploads\/2026\/03\/cropped-TRUUSK.png?fit=2032%2C917&ssl=1","width":2032,"height":917,"caption":"TRUUSK - Hem, Tr\u00e4dg\u00e5rd & Fritid"},"image":{"@id":"https:\/\/truusk.store\/sv\/#\/schema\/logo\/image\/"}}]}},"jetpack_sharing_enabled":true,"_links":{"self":[{"href":"https:\/\/truusk.store\/sv\/wp-json\/wp\/v2\/product\/89313","targetHints":{"allow":["GET"]}}],"collection":[{"href":"https:\/\/truusk.store\/sv\/wp-json\/wp\/v2\/product"}],"about":[{"href":"https:\/\/truusk.store\/sv\/wp-json\/wp\/v2\/types\/product"}],"wp:featuredmedia":[{"embeddable":true,"href":"https:\/\/truusk.store\/sv\/wp-json\/wp\/v2\/media\/89304"}],"wp:attachment":[{"href":"https:\/\/truusk.store\/sv\/wp-json\/wp\/v2\/media?parent=89313"}],"wp:term":[{"taxonomy":"product_brand","embeddable":true,"href":"https:\/\/truusk.store\/sv\/wp-json\/wp\/v2\/product_brand?post=89313"},{"taxonomy":"product_cat","embeddable":true,"href":"https:\/\/truusk.store\/sv\/wp-json\/wp\/v2\/product_cat?post=89313"},{"taxonomy":"product_tag","embeddable":true,"href":"https:\/\/truusk.store\/sv\/wp-json\/wp\/v2\/product_tag?post=89313"}],"curies":[{"name":"wp","href":"https:\/\/api.w.org\/{rel}","templated":true}]}}