{"id":89373,"date":"2025-09-02T12:48:33","date_gmt":"2025-09-02T11:48:33","guid":{"rendered":"https:\/\/truusk.store\/product\/multifunktionsvagn-rullvagn-koksvagn-3-hyllor-4-hjul-45-cm-x-306-cm-x-79-cm-ljusbla\/"},"modified":"2026-03-12T09:37:24","modified_gmt":"2026-03-12T08:37:24","slug":"truusk-multifunktionsvagn-rullvagn-med-3-hyllor-4-hjul-45-cm-x-306-cm-x-79-cm-ljusbla","status":"publish","type":"product","link":"https:\/\/truusk.store\/sv\/produkt\/truusk-multifunktionsvagn-rullvagn-med-3-hyllor-4-hjul-45-cm-x-306-cm-x-79-cm-ljusbla\/","title":{"rendered":"TRUUSK Multifunktionsvagn &#8211; Rullvagn med 3 hyllor &#8211; 4 hjul &#8211; 45 cm x 30,6 cm x 79 cm &#8211; Ljusbl\u00e5"},"content":{"rendered":"<p>Den h\u00e4r kompakta rullvagnen fr\u00e5n TRUUSK \u00e4r idealisk f\u00f6r sm\u00e5 utrymmen d\u00e4r mer f\u00f6rvaringsutrymme beh\u00f6vs. Korgarna och de sidomonterade krokarna erbjuder gott om plats f\u00f6r olika livsmedel eller tillbeh\u00f6r. Utrustad med l\u00e4ttdragna handtag f\u00f6r enkel transport. Fyra smidiga hjul med tv\u00e5 bromsar g\u00f6r att du kan flytta vagnen dit du beh\u00f6ver den. Den kan anv\u00e4ndas som badrumsvagn, servicevagn, k\u00f6ksvagn och tv\u00e4ttvagn.<\/p>\n<p>Beskrivning:<\/p>\n<ul>\n<li> 3 hyllor p\u00e5 f\u00f6rvaringsvagnen f\u00f6r f\u00f6rn\u00f6denheter och tillbeh\u00f6r<\/li>\n<li> 4 smidiga hjul f\u00f6r r\u00f6rlighet, varav 2 \u00e4r l\u00e5sbara<\/li>\n<li> Inbyggda handtag f\u00f6r bekv\u00e4m hantering<\/li>\n<li> Den lackerade st\u00e5lramen p\u00e5 vagnen \u00e4r robust och l\u00e4tt att reng\u00f6ra<\/li>\n<li> Montering kr\u00e4vs<\/li>\n<\/ul>\n<p> Tekniska data:<\/p>\n<ul>\n<li> F\u00e4rg: Ljusbl\u00e5<\/li>\n<li> Material: St\u00e5l<\/li>\n<li> Totala dimensioner: 45L x 30,6B x 79H cm<\/li>\n<li> Storlek p\u00e5 f\u00f6rvaringskorg: 41,5B x 30,6D x 7,5H cm, 40,5B x 29,6D x 7H cm, 39,5B x 28,6D x 6,5H cm<\/li>\n<li> Viktkapacitet: 9kg (totalt), 3kg (per hylla)<\/li>\n<\/ul>\n<p>Leverans inneh\u00e5ller:<\/p>\n<ul>\n<li> 1 x k\u00f6ksvagn<\/li>\n<li> 1 x manual<\/li>\n<\/ul>\n","protected":false},"excerpt":{"rendered":"<p>Den h\u00e4r kompakta rullvagnen fr\u00e5n TRUUSK \u00e4r idealisk f\u00f6r sm\u00e5 utrymmen d\u00e4r mer f\u00f6rvaringsutrymme beh\u00f6vs. Korgarna och de sidomonterade krokarna&#8230;<\/p>\n","protected":false},"featured_media":89356,"template":"","meta":[],"product_brand":[],"product_cat":[871,889,503],"product_tag":[],"class_list":{"0":"post-89373","1":"product","2":"type-product","3":"status-publish","4":"has-post-thumbnail","6":"product_cat-hus-hem","7":"product_cat-kok-matsal","8":"product_cat-serveringsvagn","10":"first","11":"instock","12":"sale","13":"taxable","14":"shipping-taxable","15":"purchasable","16":"product-type-simple"},"yoast_head":"<!-- This site is optimized with the Yoast SEO plugin v25.4 - https:\/\/yoast.com\/wordpress\/plugins\/seo\/ -->\n<title>TRUUSK Multifunktionsvagn - Rullvagn med 3 hyllor - 4 hjul - 45 cm x 30,6 cm x 79 cm - Ljusbl\u00e5 - TRUUSK - Hem, Tr\u00e4dg\u00e5rd &amp; Fritid<\/title>\n<meta name=\"robots\" content=\"index, follow, max-snippet:-1, max-image-preview:large, max-video-preview:-1\" \/>\n<link rel=\"canonical\" href=\"https:\/\/truusk.store\/sv\/produkt\/truusk-multifunktionsvagn-rullvagn-med-3-hyllor-4-hjul-45-cm-x-306-cm-x-79-cm-ljusbla\/\" \/>\n<meta property=\"og:locale\" content=\"sv_SE\" \/>\n<meta property=\"og:type\" content=\"article\" \/>\n<meta property=\"og:title\" content=\"TRUUSK Multifunktionsvagn - Rullvagn med 3 hyllor - 4 hjul - 45 cm x 30,6 cm x 79 cm - Ljusbl\u00e5 - TRUUSK - Hem, Tr\u00e4dg\u00e5rd &amp; Fritid\" \/>\n<meta property=\"og:description\" content=\"Den h\u00e4r kompakta rullvagnen fr\u00e5n TRUUSK \u00e4r idealisk f\u00f6r sm\u00e5 utrymmen d\u00e4r mer f\u00f6rvaringsutrymme beh\u00f6vs. Korgarna och de sidomonterade krokarna...\" \/>\n<meta property=\"og:url\" content=\"https:\/\/truusk.store\/sv\/produkt\/truusk-multifunktionsvagn-rullvagn-med-3-hyllor-4-hjul-45-cm-x-306-cm-x-79-cm-ljusbla\/\" \/>\n<meta property=\"og:site_name\" content=\"TRUUSK - Hem, Tr\u00e4dg\u00e5rd &amp; Fritid\" \/>\n<meta property=\"article:modified_time\" content=\"2026-03-12T08:37:24+00:00\" \/>\n<meta property=\"og:image\" content=\"https:\/\/i0.wp.com\/truusk.se\/wp-content\/uploads\/2025\/09\/multifunktionsvagn-rullvagn-koksvagn-3-hyllor-4-hjul-45-cm-x-306-cm-x-79-cm-ljusbla-1.webp?fit=2000%2C2000&ssl=1\" \/>\n\t<meta property=\"og:image:width\" content=\"2000\" \/>\n\t<meta property=\"og:image:height\" content=\"2000\" \/>\n\t<meta property=\"og:image:type\" content=\"image\/webp\" \/>\n<meta name=\"twitter:card\" content=\"summary_large_image\" \/>\n<meta name=\"twitter:label1\" content=\"Ber\u00e4knad l\u00e4stid\" \/>\n\t<meta name=\"twitter:data1\" content=\"1 minut\" \/>\n<!-- \/ Yoast SEO plugin. -->","yoast_head_json":{"title":"TRUUSK Multifunktionsvagn - Rullvagn med 3 hyllor - 4 hjul - 45 cm x 30,6 cm x 79 cm - Ljusbl\u00e5 - TRUUSK - Hem, Tr\u00e4dg\u00e5rd &amp; Fritid","robots":{"index":"index","follow":"follow","max-snippet":"max-snippet:-1","max-image-preview":"max-image-preview:large","max-video-preview":"max-video-preview:-1"},"canonical":"https:\/\/truusk.store\/sv\/produkt\/truusk-multifunktionsvagn-rullvagn-med-3-hyllor-4-hjul-45-cm-x-306-cm-x-79-cm-ljusbla\/","og_locale":"sv_SE","og_type":"article","og_title":"TRUUSK Multifunktionsvagn - Rullvagn med 3 hyllor - 4 hjul - 45 cm x 30,6 cm x 79 cm - Ljusbl\u00e5 - TRUUSK - Hem, Tr\u00e4dg\u00e5rd &amp; Fritid","og_description":"Den h\u00e4r kompakta rullvagnen fr\u00e5n TRUUSK \u00e4r idealisk f\u00f6r sm\u00e5 utrymmen d\u00e4r mer f\u00f6rvaringsutrymme beh\u00f6vs. Korgarna och de sidomonterade krokarna...","og_url":"https:\/\/truusk.store\/sv\/produkt\/truusk-multifunktionsvagn-rullvagn-med-3-hyllor-4-hjul-45-cm-x-306-cm-x-79-cm-ljusbla\/","og_site_name":"TRUUSK - Hem, Tr\u00e4dg\u00e5rd &amp; Fritid","article_modified_time":"2026-03-12T08:37:24+00:00","og_image":[{"width":2000,"height":2000,"url":"https:\/\/i0.wp.com\/truusk.se\/wp-content\/uploads\/2025\/09\/multifunktionsvagn-rullvagn-koksvagn-3-hyllor-4-hjul-45-cm-x-306-cm-x-79-cm-ljusbla-1.webp?fit=2000%2C2000&ssl=1","type":"image\/webp"}],"twitter_card":"summary_large_image","twitter_misc":{"Ber\u00e4knad l\u00e4stid":"1 minut"},"schema":{"@context":"https:\/\/schema.org","@graph":[{"@type":"WebPage","@id":"https:\/\/truusk.store\/sv\/produkt\/truusk-multifunktionsvagn-rullvagn-med-3-hyllor-4-hjul-45-cm-x-306-cm-x-79-cm-ljusbla\/","url":"https:\/\/truusk.store\/sv\/produkt\/truusk-multifunktionsvagn-rullvagn-med-3-hyllor-4-hjul-45-cm-x-306-cm-x-79-cm-ljusbla\/","name":"TRUUSK Multifunktionsvagn - Rullvagn med 3 hyllor - 4 hjul - 45 cm x 30,6 cm x 79 cm - Ljusbl\u00e5 - TRUUSK - Hem, Tr\u00e4dg\u00e5rd &amp; Fritid","isPartOf":{"@id":"https:\/\/truusk.store\/sv\/#website"},"primaryImageOfPage":{"@id":"https:\/\/truusk.store\/sv\/produkt\/truusk-multifunktionsvagn-rullvagn-med-3-hyllor-4-hjul-45-cm-x-306-cm-x-79-cm-ljusbla\/#primaryimage"},"image":{"@id":"https:\/\/truusk.store\/sv\/produkt\/truusk-multifunktionsvagn-rullvagn-med-3-hyllor-4-hjul-45-cm-x-306-cm-x-79-cm-ljusbla\/#primaryimage"},"thumbnailUrl":"https:\/\/i0.wp.com\/truusk.store\/wp-content\/uploads\/2025\/09\/multifunktionsvagn-rullvagn-koksvagn-3-hyllor-4-hjul-45-cm-x-306-cm-x-79-cm-ljusbla-1.webp?fit=2000%2C2000&ssl=1","datePublished":"2025-09-02T11:48:33+00:00","dateModified":"2026-03-12T08:37:24+00:00","breadcrumb":{"@id":"https:\/\/truusk.store\/sv\/produkt\/truusk-multifunktionsvagn-rullvagn-med-3-hyllor-4-hjul-45-cm-x-306-cm-x-79-cm-ljusbla\/#breadcrumb"},"inLanguage":"sv-SE","potentialAction":[{"@type":"ReadAction","target":["https:\/\/truusk.store\/sv\/produkt\/truusk-multifunktionsvagn-rullvagn-med-3-hyllor-4-hjul-45-cm-x-306-cm-x-79-cm-ljusbla\/"]}]},{"@type":"ImageObject","inLanguage":"sv-SE","@id":"https:\/\/truusk.store\/sv\/produkt\/truusk-multifunktionsvagn-rullvagn-med-3-hyllor-4-hjul-45-cm-x-306-cm-x-79-cm-ljusbla\/#primaryimage","url":"https:\/\/i0.wp.com\/truusk.store\/wp-content\/uploads\/2025\/09\/multifunktionsvagn-rullvagn-koksvagn-3-hyllor-4-hjul-45-cm-x-306-cm-x-79-cm-ljusbla-1.webp?fit=2000%2C2000&ssl=1","contentUrl":"https:\/\/i0.wp.com\/truusk.store\/wp-content\/uploads\/2025\/09\/multifunktionsvagn-rullvagn-koksvagn-3-hyllor-4-hjul-45-cm-x-306-cm-x-79-cm-ljusbla-1.webp?fit=2000%2C2000&ssl=1","width":2000,"height":2000},{"@type":"BreadcrumbList","@id":"https:\/\/truusk.store\/sv\/produkt\/truusk-multifunktionsvagn-rullvagn-med-3-hyllor-4-hjul-45-cm-x-306-cm-x-79-cm-ljusbla\/#breadcrumb","itemListElement":[{"@type":"ListItem","position":1,"name":"Home","item":"https:\/\/truusk.store\/sv\/"},{"@type":"ListItem","position":2,"name":"Shop","item":"https:\/\/truusk.store\/shop\/"},{"@type":"ListItem","position":3,"name":"TRUUSK Multifunktionsvagn &#8211; Rullvagn med 3 hyllor &#8211; 4 hjul &#8211; 45 cm x 30,6 cm x 79 cm &#8211; Ljusbl\u00e5"}]},{"@type":"WebSite","@id":"https:\/\/truusk.store\/sv\/#website","url":"https:\/\/truusk.store\/sv\/","name":"TRUUSK - Hem, Tr\u00e4dg\u00e5rd & Fritid","description":"","publisher":{"@id":"https:\/\/truusk.store\/sv\/#organization"},"potentialAction":[{"@type":"SearchAction","target":{"@type":"EntryPoint","urlTemplate":"https:\/\/truusk.store\/sv\/?s={search_term_string}"},"query-input":{"@type":"PropertyValueSpecification","valueRequired":true,"valueName":"search_term_string"}}],"inLanguage":"sv-SE"},{"@type":"Organization","@id":"https:\/\/truusk.store\/sv\/#organization","name":"TRUUSK - Hem, Tr\u00e4dg\u00e5rd & Fritid","url":"https:\/\/truusk.store\/sv\/","logo":{"@type":"ImageObject","inLanguage":"sv-SE","@id":"https:\/\/truusk.store\/sv\/#\/schema\/logo\/image\/","url":"https:\/\/i0.wp.com\/truusk.store\/wp-content\/uploads\/2026\/03\/cropped-TRUUSK.png?fit=2032%2C917&ssl=1","contentUrl":"https:\/\/i0.wp.com\/truusk.store\/wp-content\/uploads\/2026\/03\/cropped-TRUUSK.png?fit=2032%2C917&ssl=1","width":2032,"height":917,"caption":"TRUUSK - Hem, Tr\u00e4dg\u00e5rd & Fritid"},"image":{"@id":"https:\/\/truusk.store\/sv\/#\/schema\/logo\/image\/"}}]}},"jetpack_sharing_enabled":true,"_links":{"self":[{"href":"https:\/\/truusk.store\/sv\/wp-json\/wp\/v2\/product\/89373","targetHints":{"allow":["GET"]}}],"collection":[{"href":"https:\/\/truusk.store\/sv\/wp-json\/wp\/v2\/product"}],"about":[{"href":"https:\/\/truusk.store\/sv\/wp-json\/wp\/v2\/types\/product"}],"wp:featuredmedia":[{"embeddable":true,"href":"https:\/\/truusk.store\/sv\/wp-json\/wp\/v2\/media\/89356"}],"wp:attachment":[{"href":"https:\/\/truusk.store\/sv\/wp-json\/wp\/v2\/media?parent=89373"}],"wp:term":[{"taxonomy":"product_brand","embeddable":true,"href":"https:\/\/truusk.store\/sv\/wp-json\/wp\/v2\/product_brand?post=89373"},{"taxonomy":"product_cat","embeddable":true,"href":"https:\/\/truusk.store\/sv\/wp-json\/wp\/v2\/product_cat?post=89373"},{"taxonomy":"product_tag","embeddable":true,"href":"https:\/\/truusk.store\/sv\/wp-json\/wp\/v2\/product_tag?post=89373"}],"curies":[{"name":"wp","href":"https:\/\/api.w.org\/{rel}","templated":true}]}}