{"id":89413,"date":"2025-09-02T12:53:36","date_gmt":"2025-09-02T11:53:36","guid":{"rendered":"https:\/\/truusk.store\/product\/barstolar-2-pack-retrodesign-hojdjusterbar-konstlader-linneutseende-creme-svart\/"},"modified":"2026-03-12T09:41:24","modified_gmt":"2026-03-12T08:41:24","slug":"truusk-2-pack-retrodesign-barstolar-hojdjusterbar-konstlader-linneutseende-creme-svart","status":"publish","type":"product","link":"https:\/\/truusk.store\/sv\/produkt\/truusk-2-pack-retrodesign-barstolar-hojdjusterbar-konstlader-linneutseende-creme-svart\/","title":{"rendered":"TRUUSK 2-pack Retrodesign Barstolar &#8211; H\u00f6jdjusterbar &#8211; Konstl\u00e4der &#8211; Linneutseende &#8211; Creme + Svart"},"content":{"rendered":"<p>Oavsett om du vill b\u00f6rja morgonen med en mysig frukost eller avsluta kv\u00e4llen med drinkar, \u00e4r dessa eleganta barstolar fr\u00e5n TRUUSK alltid en bekv\u00e4m och stilfull sittplats. Barstolarna \u00e4r h\u00f6jdjusterbara, s\u00e5 att du kan anpassa h\u00f6jden till bordet eller baren. Den ergonomiskt formade ryggst\u00f6det, den vadderade sittytan och fotst\u00f6det erbjuder en bekv\u00e4m sittupplevelse och inbjuder till att sitta och stanna kvar.<\/p>\n<p>Beskrivning:<\/p>\n<ul>\n<li> 2-pack barstolar i retrodesign<\/li>\n<li> L\u00e4mplig f\u00f6r bardiskar, k\u00f6ksdiskar och mycket mer<\/li>\n<li> H\u00f6jdjusterbar och kan rotera 360 grader<\/li>\n<li> Med ett fotst\u00f6d f\u00f6r h\u00f6g komfort n\u00e4r du sitter<\/li>\n<li> Med ett \u00f6verdrag av konstl\u00e4der och tyg i linneutseende<\/li>\n<li> Stabil bas av pulverlackerat st\u00e5l, f\u00f6r en fast och s\u00e4ker st\u00e5nd<\/li>\n<li> Halkfria plastf\u00f6tter f\u00f6rhindrar att den glider och skyddar golvet mot repor.<\/li>\n<li> Montering kr\u00e4vs<\/li>\n<\/ul>\n<p> Tekniska data:<\/p>\n<ul>\n<li> F\u00e4rg: Kr\u00e4mvit+Svart<\/li>\n<li> Material: Konstl\u00e4der(60% polyuretan, 40% basmaterial), tyg med linneutseende(100% polyester), skum, st\u00e5l<\/li>\n<li> Totala m\u00e5tt: 57,5L x 52,5B x 93-114H cm<\/li>\n<li> Produktdimensioner f\u00f6r s\u00e4tet: 37,5L x 36B x 64-85H cm<\/li>\n<li> Tjocklek p\u00e5 sittytan: 10 cm<\/li>\n<li> Basdiameter: \u00d841cm<\/li>\n<li> Viktkapacitet: 120 kg<\/li>\n<\/ul>\n<p>Leveransinneh\u00e5ll:<\/p>\n<ul>\n<li> 2 x Barstolar<\/li>\n<li> 1 x Instruktioner<\/li>\n<\/ul>\n","protected":false},"excerpt":{"rendered":"<p>Oavsett om du vill b\u00f6rja morgonen med en mysig frukost eller avsluta kv\u00e4llen med drinkar, \u00e4r dessa eleganta barstolar fr\u00e5n&#8230;<\/p>\n","protected":false},"featured_media":89404,"template":"","meta":[],"product_brand":[],"product_cat":[643,871,889],"product_tag":[],"class_list":{"0":"post-89413","1":"product","2":"type-product","3":"status-publish","4":"has-post-thumbnail","6":"product_cat-barnstolar","7":"product_cat-hus-hem","8":"product_cat-kok-matsal","10":"first","11":"instock","12":"sale","13":"taxable","14":"shipping-taxable","15":"purchasable","16":"product-type-simple"},"yoast_head":"<!-- This site is optimized with the Yoast SEO plugin v25.4 - https:\/\/yoast.com\/wordpress\/plugins\/seo\/ -->\n<title>TRUUSK 2-pack Retrodesign Barstolar - H\u00f6jdjusterbar - Konstl\u00e4der - Linneutseende - Creme + Svart - TRUUSK - Hem, Tr\u00e4dg\u00e5rd &amp; Fritid<\/title>\n<meta name=\"robots\" content=\"index, follow, max-snippet:-1, max-image-preview:large, max-video-preview:-1\" \/>\n<link rel=\"canonical\" href=\"https:\/\/truusk.store\/sv\/produkt\/truusk-2-pack-retrodesign-barstolar-hojdjusterbar-konstlader-linneutseende-creme-svart\/\" \/>\n<meta property=\"og:locale\" content=\"sv_SE\" \/>\n<meta property=\"og:type\" content=\"article\" \/>\n<meta property=\"og:title\" content=\"TRUUSK 2-pack Retrodesign Barstolar - H\u00f6jdjusterbar - Konstl\u00e4der - Linneutseende - Creme + Svart - TRUUSK - Hem, Tr\u00e4dg\u00e5rd &amp; Fritid\" \/>\n<meta property=\"og:description\" content=\"Oavsett om du vill b\u00f6rja morgonen med en mysig frukost eller avsluta kv\u00e4llen med drinkar, \u00e4r dessa eleganta barstolar fr\u00e5n...\" \/>\n<meta property=\"og:url\" content=\"https:\/\/truusk.store\/sv\/produkt\/truusk-2-pack-retrodesign-barstolar-hojdjusterbar-konstlader-linneutseende-creme-svart\/\" \/>\n<meta property=\"og:site_name\" content=\"TRUUSK - Hem, Tr\u00e4dg\u00e5rd &amp; Fritid\" \/>\n<meta property=\"article:modified_time\" content=\"2026-03-12T08:41:24+00:00\" \/>\n<meta property=\"og:image\" content=\"https:\/\/i0.wp.com\/truusk.se\/wp-content\/uploads\/2025\/09\/barstolar-2-pack-retrodesign-hojdjusterbar-konstlader-linneutseende-creme-svart-1.webp?fit=2000%2C2000&ssl=1\" \/>\n\t<meta property=\"og:image:width\" content=\"2000\" \/>\n\t<meta property=\"og:image:height\" content=\"2000\" \/>\n\t<meta property=\"og:image:type\" content=\"image\/webp\" \/>\n<meta name=\"twitter:card\" content=\"summary_large_image\" \/>\n<meta name=\"twitter:label1\" content=\"Ber\u00e4knad l\u00e4stid\" \/>\n\t<meta name=\"twitter:data1\" content=\"1 minut\" \/>\n<!-- \/ Yoast SEO plugin. -->","yoast_head_json":{"title":"TRUUSK 2-pack Retrodesign Barstolar - H\u00f6jdjusterbar - Konstl\u00e4der - Linneutseende - Creme + Svart - TRUUSK - Hem, Tr\u00e4dg\u00e5rd &amp; Fritid","robots":{"index":"index","follow":"follow","max-snippet":"max-snippet:-1","max-image-preview":"max-image-preview:large","max-video-preview":"max-video-preview:-1"},"canonical":"https:\/\/truusk.store\/sv\/produkt\/truusk-2-pack-retrodesign-barstolar-hojdjusterbar-konstlader-linneutseende-creme-svart\/","og_locale":"sv_SE","og_type":"article","og_title":"TRUUSK 2-pack Retrodesign Barstolar - H\u00f6jdjusterbar - Konstl\u00e4der - Linneutseende - Creme + Svart - TRUUSK - Hem, Tr\u00e4dg\u00e5rd &amp; Fritid","og_description":"Oavsett om du vill b\u00f6rja morgonen med en mysig frukost eller avsluta kv\u00e4llen med drinkar, \u00e4r dessa eleganta barstolar fr\u00e5n...","og_url":"https:\/\/truusk.store\/sv\/produkt\/truusk-2-pack-retrodesign-barstolar-hojdjusterbar-konstlader-linneutseende-creme-svart\/","og_site_name":"TRUUSK - Hem, Tr\u00e4dg\u00e5rd &amp; Fritid","article_modified_time":"2026-03-12T08:41:24+00:00","og_image":[{"width":2000,"height":2000,"url":"https:\/\/i0.wp.com\/truusk.se\/wp-content\/uploads\/2025\/09\/barstolar-2-pack-retrodesign-hojdjusterbar-konstlader-linneutseende-creme-svart-1.webp?fit=2000%2C2000&ssl=1","type":"image\/webp"}],"twitter_card":"summary_large_image","twitter_misc":{"Ber\u00e4knad l\u00e4stid":"1 minut"},"schema":{"@context":"https:\/\/schema.org","@graph":[{"@type":"WebPage","@id":"https:\/\/truusk.store\/sv\/produkt\/truusk-2-pack-retrodesign-barstolar-hojdjusterbar-konstlader-linneutseende-creme-svart\/","url":"https:\/\/truusk.store\/sv\/produkt\/truusk-2-pack-retrodesign-barstolar-hojdjusterbar-konstlader-linneutseende-creme-svart\/","name":"TRUUSK 2-pack Retrodesign Barstolar - H\u00f6jdjusterbar - Konstl\u00e4der - Linneutseende - Creme + Svart - TRUUSK - Hem, Tr\u00e4dg\u00e5rd &amp; Fritid","isPartOf":{"@id":"https:\/\/truusk.store\/sv\/#website"},"primaryImageOfPage":{"@id":"https:\/\/truusk.store\/sv\/produkt\/truusk-2-pack-retrodesign-barstolar-hojdjusterbar-konstlader-linneutseende-creme-svart\/#primaryimage"},"image":{"@id":"https:\/\/truusk.store\/sv\/produkt\/truusk-2-pack-retrodesign-barstolar-hojdjusterbar-konstlader-linneutseende-creme-svart\/#primaryimage"},"thumbnailUrl":"https:\/\/i0.wp.com\/truusk.store\/wp-content\/uploads\/2025\/09\/barstolar-2-pack-retrodesign-hojdjusterbar-konstlader-linneutseende-creme-svart-1.webp?fit=2000%2C2000&ssl=1","datePublished":"2025-09-02T11:53:36+00:00","dateModified":"2026-03-12T08:41:24+00:00","breadcrumb":{"@id":"https:\/\/truusk.store\/sv\/produkt\/truusk-2-pack-retrodesign-barstolar-hojdjusterbar-konstlader-linneutseende-creme-svart\/#breadcrumb"},"inLanguage":"sv-SE","potentialAction":[{"@type":"ReadAction","target":["https:\/\/truusk.store\/sv\/produkt\/truusk-2-pack-retrodesign-barstolar-hojdjusterbar-konstlader-linneutseende-creme-svart\/"]}]},{"@type":"ImageObject","inLanguage":"sv-SE","@id":"https:\/\/truusk.store\/sv\/produkt\/truusk-2-pack-retrodesign-barstolar-hojdjusterbar-konstlader-linneutseende-creme-svart\/#primaryimage","url":"https:\/\/i0.wp.com\/truusk.store\/wp-content\/uploads\/2025\/09\/barstolar-2-pack-retrodesign-hojdjusterbar-konstlader-linneutseende-creme-svart-1.webp?fit=2000%2C2000&ssl=1","contentUrl":"https:\/\/i0.wp.com\/truusk.store\/wp-content\/uploads\/2025\/09\/barstolar-2-pack-retrodesign-hojdjusterbar-konstlader-linneutseende-creme-svart-1.webp?fit=2000%2C2000&ssl=1","width":2000,"height":2000},{"@type":"BreadcrumbList","@id":"https:\/\/truusk.store\/sv\/produkt\/truusk-2-pack-retrodesign-barstolar-hojdjusterbar-konstlader-linneutseende-creme-svart\/#breadcrumb","itemListElement":[{"@type":"ListItem","position":1,"name":"Home","item":"https:\/\/truusk.store\/sv\/"},{"@type":"ListItem","position":2,"name":"Shop","item":"https:\/\/truusk.store\/shop\/"},{"@type":"ListItem","position":3,"name":"TRUUSK 2-pack Retrodesign Barstolar &#8211; H\u00f6jdjusterbar &#8211; Konstl\u00e4der &#8211; Linneutseende &#8211; Creme + Svart"}]},{"@type":"WebSite","@id":"https:\/\/truusk.store\/sv\/#website","url":"https:\/\/truusk.store\/sv\/","name":"TRUUSK - Hem, Tr\u00e4dg\u00e5rd & Fritid","description":"","publisher":{"@id":"https:\/\/truusk.store\/sv\/#organization"},"potentialAction":[{"@type":"SearchAction","target":{"@type":"EntryPoint","urlTemplate":"https:\/\/truusk.store\/sv\/?s={search_term_string}"},"query-input":{"@type":"PropertyValueSpecification","valueRequired":true,"valueName":"search_term_string"}}],"inLanguage":"sv-SE"},{"@type":"Organization","@id":"https:\/\/truusk.store\/sv\/#organization","name":"TRUUSK - Hem, Tr\u00e4dg\u00e5rd & Fritid","url":"https:\/\/truusk.store\/sv\/","logo":{"@type":"ImageObject","inLanguage":"sv-SE","@id":"https:\/\/truusk.store\/sv\/#\/schema\/logo\/image\/","url":"https:\/\/i0.wp.com\/truusk.store\/wp-content\/uploads\/2026\/03\/cropped-TRUUSK.png?fit=2032%2C917&ssl=1","contentUrl":"https:\/\/i0.wp.com\/truusk.store\/wp-content\/uploads\/2026\/03\/cropped-TRUUSK.png?fit=2032%2C917&ssl=1","width":2032,"height":917,"caption":"TRUUSK - Hem, Tr\u00e4dg\u00e5rd & Fritid"},"image":{"@id":"https:\/\/truusk.store\/sv\/#\/schema\/logo\/image\/"}}]}},"jetpack_sharing_enabled":true,"_links":{"self":[{"href":"https:\/\/truusk.store\/sv\/wp-json\/wp\/v2\/product\/89413","targetHints":{"allow":["GET"]}}],"collection":[{"href":"https:\/\/truusk.store\/sv\/wp-json\/wp\/v2\/product"}],"about":[{"href":"https:\/\/truusk.store\/sv\/wp-json\/wp\/v2\/types\/product"}],"wp:featuredmedia":[{"embeddable":true,"href":"https:\/\/truusk.store\/sv\/wp-json\/wp\/v2\/media\/89404"}],"wp:attachment":[{"href":"https:\/\/truusk.store\/sv\/wp-json\/wp\/v2\/media?parent=89413"}],"wp:term":[{"taxonomy":"product_brand","embeddable":true,"href":"https:\/\/truusk.store\/sv\/wp-json\/wp\/v2\/product_brand?post=89413"},{"taxonomy":"product_cat","embeddable":true,"href":"https:\/\/truusk.store\/sv\/wp-json\/wp\/v2\/product_cat?post=89413"},{"taxonomy":"product_tag","embeddable":true,"href":"https:\/\/truusk.store\/sv\/wp-json\/wp\/v2\/product_tag?post=89413"}],"curies":[{"name":"wp","href":"https:\/\/api.w.org\/{rel}","templated":true}]}}