{"id":89493,"date":"2025-09-02T13:01:58","date_gmt":"2025-09-02T12:01:58","guid":{"rendered":"https:\/\/truusk.store\/product\/skrivbordsstol-roterbar-rullbar-natbak-skumkudde-gra\/"},"modified":"2026-03-12T09:44:39","modified_gmt":"2026-03-12T08:44:39","slug":"truusk-skrivbordsstol-roterbar-och-rullbar-med-natbak-och-skumkudde-gra","status":"publish","type":"product","link":"https:\/\/truusk.store\/sv\/produkt\/truusk-skrivbordsstol-roterbar-och-rullbar-med-natbak-och-skumkudde-gra\/","title":{"rendered":"TRUUSK Skrivbordsstol &#8211; Roterbar och Rullbar &#8211; Med N\u00e4tbak och Skumkudde &#8211; Gr\u00e5"},"content":{"rendered":"<p>Njut av komfort i en ny dimension med TRUUSK skrivbordsstol. Den sv\u00e4ngda ryggst\u00f6det och det luftiga n\u00e4tmaterial ger svalka och st\u00f6d. Det mjuka kudden erbjuder bekv\u00e4m sittkomfort. Sitt h\u00f6jden kan justeras idealiskt fr\u00e5n 63,5 till 77,5 cm. Med v\u00e5ra mjukt glidande 360\u00b0 roterande PU-hjul p\u00e5 sv\u00e4ngstolen r\u00f6r du dig utan anstr\u00e4ngning. En elegant till\u00e4gg till varje arbetsomr\u00e5de!<\/p>\n<p>Beskrivning:<\/p>\n<ul>\n<li> Den b\u00f6jda ryggst\u00f6det och fotst\u00f6det p\u00e5 kontorsstolen \u00f6kar sittkomforten och st\u00f6det<\/li>\n<li> Den andningsbara n\u00e4t ryggen p\u00e5 datorstolen h\u00e5ller dig sval under l\u00e5nga arbetstimmar<\/li>\n<li> Det h\u00f6gdensitetsskumkudden erbjuder p\u00e5litlig sittkomfort<\/li>\n<li> Sitt h\u00f6jden kan justeras fr\u00e5n 63,5 till 77,5 cm f\u00f6r m\u00e5ngsidighet<\/li>\n<li> 360\u00b0 roterbarhet och konstl\u00e4derhjul glider mjukt p\u00e5 olika golv<\/li>\n<li> Montering kr\u00e4vs<\/li>\n<\/ul>\n<p> Tekniska data:<\/p>\n<ul>\n<li> F\u00e4rg: Gr\u00e5<\/li>\n<li> Material: N\u00e4ttyg (100% polyester), skum, nylon<\/li>\n<li> Totala dimensioner: 61,5B x 57,5T x 107-121H cm<\/li>\n<li> Sittm\u00e5tt: 48,5B x 45,5T x 63,5-77,5H cm<\/li>\n<li> Ryggst\u00f6dets storlek: 44,5L x 45,5B cm<\/li>\n<li> Armst\u00f6dets h\u00f6jd till sittplats: 22 cm<\/li>\n<li> B\u00e4rkapacitet: 120 kg<\/li>\n<li> Artikelnummer: 921-769V00GY<\/li>\n<\/ul>\n<p>Leverans:<\/p>\n<ul>\n<li> 1 x ritstol<\/li>\n<li> 1 x handbok<\/li>\n<\/ul>\n","protected":false},"excerpt":{"rendered":"<p>Njut av komfort i en ny dimension med TRUUSK skrivbordsstol. Den sv\u00e4ngda ryggst\u00f6det och det luftiga n\u00e4tmaterial ger svalka och&#8230;<\/p>\n","protected":false},"featured_media":89484,"template":"","meta":[],"product_brand":[],"product_cat":[872,871,516],"product_tag":[],"class_list":{"0":"post-89493","1":"product","2":"type-product","3":"status-publish","4":"has-post-thumbnail","6":"product_cat-hemmakontor-arbetsplats","7":"product_cat-hus-hem","8":"product_cat-kontorsstolar","10":"first","11":"instock","12":"sale","13":"taxable","14":"shipping-taxable","15":"purchasable","16":"product-type-simple"},"yoast_head":"<!-- This site is optimized with the Yoast SEO plugin v25.4 - https:\/\/yoast.com\/wordpress\/plugins\/seo\/ -->\n<title>TRUUSK Skrivbordsstol - Roterbar och Rullbar - Med N\u00e4tbak och Skumkudde - Gr\u00e5 - TRUUSK - Hem, Tr\u00e4dg\u00e5rd &amp; Fritid<\/title>\n<meta name=\"robots\" content=\"index, follow, max-snippet:-1, max-image-preview:large, max-video-preview:-1\" \/>\n<link rel=\"canonical\" href=\"https:\/\/truusk.store\/sv\/produkt\/truusk-skrivbordsstol-roterbar-och-rullbar-med-natbak-och-skumkudde-gra\/\" \/>\n<meta property=\"og:locale\" content=\"sv_SE\" \/>\n<meta property=\"og:type\" content=\"article\" \/>\n<meta property=\"og:title\" content=\"TRUUSK Skrivbordsstol - Roterbar och Rullbar - Med N\u00e4tbak och Skumkudde - Gr\u00e5 - TRUUSK - Hem, Tr\u00e4dg\u00e5rd &amp; Fritid\" \/>\n<meta property=\"og:description\" content=\"Njut av komfort i en ny dimension med TRUUSK skrivbordsstol. Den sv\u00e4ngda ryggst\u00f6det och det luftiga n\u00e4tmaterial ger svalka och...\" \/>\n<meta property=\"og:url\" content=\"https:\/\/truusk.store\/sv\/produkt\/truusk-skrivbordsstol-roterbar-och-rullbar-med-natbak-och-skumkudde-gra\/\" \/>\n<meta property=\"og:site_name\" content=\"TRUUSK - Hem, Tr\u00e4dg\u00e5rd &amp; Fritid\" \/>\n<meta property=\"article:modified_time\" content=\"2026-03-12T08:44:39+00:00\" \/>\n<meta property=\"og:image\" content=\"https:\/\/i0.wp.com\/truusk.se\/wp-content\/uploads\/2025\/09\/skrivbordsstol-roterbar-rullbar-natbak-skumkudde-gra-1.webp?fit=2000%2C2000&ssl=1\" \/>\n\t<meta property=\"og:image:width\" content=\"2000\" \/>\n\t<meta property=\"og:image:height\" content=\"2000\" \/>\n\t<meta property=\"og:image:type\" content=\"image\/webp\" \/>\n<meta name=\"twitter:card\" content=\"summary_large_image\" \/>\n<meta name=\"twitter:label1\" content=\"Ber\u00e4knad l\u00e4stid\" \/>\n\t<meta name=\"twitter:data1\" content=\"1 minut\" \/>\n<!-- \/ Yoast SEO plugin. -->","yoast_head_json":{"title":"TRUUSK Skrivbordsstol - Roterbar och Rullbar - Med N\u00e4tbak och Skumkudde - Gr\u00e5 - TRUUSK - Hem, Tr\u00e4dg\u00e5rd &amp; Fritid","robots":{"index":"index","follow":"follow","max-snippet":"max-snippet:-1","max-image-preview":"max-image-preview:large","max-video-preview":"max-video-preview:-1"},"canonical":"https:\/\/truusk.store\/sv\/produkt\/truusk-skrivbordsstol-roterbar-och-rullbar-med-natbak-och-skumkudde-gra\/","og_locale":"sv_SE","og_type":"article","og_title":"TRUUSK Skrivbordsstol - Roterbar och Rullbar - Med N\u00e4tbak och Skumkudde - Gr\u00e5 - TRUUSK - Hem, Tr\u00e4dg\u00e5rd &amp; Fritid","og_description":"Njut av komfort i en ny dimension med TRUUSK skrivbordsstol. Den sv\u00e4ngda ryggst\u00f6det och det luftiga n\u00e4tmaterial ger svalka och...","og_url":"https:\/\/truusk.store\/sv\/produkt\/truusk-skrivbordsstol-roterbar-och-rullbar-med-natbak-och-skumkudde-gra\/","og_site_name":"TRUUSK - Hem, Tr\u00e4dg\u00e5rd &amp; Fritid","article_modified_time":"2026-03-12T08:44:39+00:00","og_image":[{"width":2000,"height":2000,"url":"https:\/\/i0.wp.com\/truusk.se\/wp-content\/uploads\/2025\/09\/skrivbordsstol-roterbar-rullbar-natbak-skumkudde-gra-1.webp?fit=2000%2C2000&ssl=1","type":"image\/webp"}],"twitter_card":"summary_large_image","twitter_misc":{"Ber\u00e4knad l\u00e4stid":"1 minut"},"schema":{"@context":"https:\/\/schema.org","@graph":[{"@type":"WebPage","@id":"https:\/\/truusk.store\/sv\/produkt\/truusk-skrivbordsstol-roterbar-och-rullbar-med-natbak-och-skumkudde-gra\/","url":"https:\/\/truusk.store\/sv\/produkt\/truusk-skrivbordsstol-roterbar-och-rullbar-med-natbak-och-skumkudde-gra\/","name":"TRUUSK Skrivbordsstol - Roterbar och Rullbar - Med N\u00e4tbak och Skumkudde - Gr\u00e5 - TRUUSK - Hem, Tr\u00e4dg\u00e5rd &amp; Fritid","isPartOf":{"@id":"https:\/\/truusk.store\/sv\/#website"},"primaryImageOfPage":{"@id":"https:\/\/truusk.store\/sv\/produkt\/truusk-skrivbordsstol-roterbar-och-rullbar-med-natbak-och-skumkudde-gra\/#primaryimage"},"image":{"@id":"https:\/\/truusk.store\/sv\/produkt\/truusk-skrivbordsstol-roterbar-och-rullbar-med-natbak-och-skumkudde-gra\/#primaryimage"},"thumbnailUrl":"https:\/\/i0.wp.com\/truusk.store\/wp-content\/uploads\/2025\/09\/skrivbordsstol-roterbar-rullbar-natbak-skumkudde-gra-1.webp?fit=2000%2C2000&ssl=1","datePublished":"2025-09-02T12:01:58+00:00","dateModified":"2026-03-12T08:44:39+00:00","breadcrumb":{"@id":"https:\/\/truusk.store\/sv\/produkt\/truusk-skrivbordsstol-roterbar-och-rullbar-med-natbak-och-skumkudde-gra\/#breadcrumb"},"inLanguage":"sv-SE","potentialAction":[{"@type":"ReadAction","target":["https:\/\/truusk.store\/sv\/produkt\/truusk-skrivbordsstol-roterbar-och-rullbar-med-natbak-och-skumkudde-gra\/"]}]},{"@type":"ImageObject","inLanguage":"sv-SE","@id":"https:\/\/truusk.store\/sv\/produkt\/truusk-skrivbordsstol-roterbar-och-rullbar-med-natbak-och-skumkudde-gra\/#primaryimage","url":"https:\/\/i0.wp.com\/truusk.store\/wp-content\/uploads\/2025\/09\/skrivbordsstol-roterbar-rullbar-natbak-skumkudde-gra-1.webp?fit=2000%2C2000&ssl=1","contentUrl":"https:\/\/i0.wp.com\/truusk.store\/wp-content\/uploads\/2025\/09\/skrivbordsstol-roterbar-rullbar-natbak-skumkudde-gra-1.webp?fit=2000%2C2000&ssl=1","width":2000,"height":2000},{"@type":"BreadcrumbList","@id":"https:\/\/truusk.store\/sv\/produkt\/truusk-skrivbordsstol-roterbar-och-rullbar-med-natbak-och-skumkudde-gra\/#breadcrumb","itemListElement":[{"@type":"ListItem","position":1,"name":"Home","item":"https:\/\/truusk.store\/sv\/"},{"@type":"ListItem","position":2,"name":"Shop","item":"https:\/\/truusk.store\/shop\/"},{"@type":"ListItem","position":3,"name":"TRUUSK Skrivbordsstol &#8211; Roterbar och Rullbar &#8211; Med N\u00e4tbak och Skumkudde &#8211; Gr\u00e5"}]},{"@type":"WebSite","@id":"https:\/\/truusk.store\/sv\/#website","url":"https:\/\/truusk.store\/sv\/","name":"TRUUSK - Hem, Tr\u00e4dg\u00e5rd & Fritid","description":"","publisher":{"@id":"https:\/\/truusk.store\/sv\/#organization"},"potentialAction":[{"@type":"SearchAction","target":{"@type":"EntryPoint","urlTemplate":"https:\/\/truusk.store\/sv\/?s={search_term_string}"},"query-input":{"@type":"PropertyValueSpecification","valueRequired":true,"valueName":"search_term_string"}}],"inLanguage":"sv-SE"},{"@type":"Organization","@id":"https:\/\/truusk.store\/sv\/#organization","name":"TRUUSK - Hem, Tr\u00e4dg\u00e5rd & Fritid","url":"https:\/\/truusk.store\/sv\/","logo":{"@type":"ImageObject","inLanguage":"sv-SE","@id":"https:\/\/truusk.store\/sv\/#\/schema\/logo\/image\/","url":"https:\/\/i0.wp.com\/truusk.store\/wp-content\/uploads\/2026\/03\/cropped-TRUUSK.png?fit=2032%2C917&ssl=1","contentUrl":"https:\/\/i0.wp.com\/truusk.store\/wp-content\/uploads\/2026\/03\/cropped-TRUUSK.png?fit=2032%2C917&ssl=1","width":2032,"height":917,"caption":"TRUUSK - Hem, Tr\u00e4dg\u00e5rd & Fritid"},"image":{"@id":"https:\/\/truusk.store\/sv\/#\/schema\/logo\/image\/"}}]}},"jetpack_sharing_enabled":true,"_links":{"self":[{"href":"https:\/\/truusk.store\/sv\/wp-json\/wp\/v2\/product\/89493","targetHints":{"allow":["GET"]}}],"collection":[{"href":"https:\/\/truusk.store\/sv\/wp-json\/wp\/v2\/product"}],"about":[{"href":"https:\/\/truusk.store\/sv\/wp-json\/wp\/v2\/types\/product"}],"wp:featuredmedia":[{"embeddable":true,"href":"https:\/\/truusk.store\/sv\/wp-json\/wp\/v2\/media\/89484"}],"wp:attachment":[{"href":"https:\/\/truusk.store\/sv\/wp-json\/wp\/v2\/media?parent=89493"}],"wp:term":[{"taxonomy":"product_brand","embeddable":true,"href":"https:\/\/truusk.store\/sv\/wp-json\/wp\/v2\/product_brand?post=89493"},{"taxonomy":"product_cat","embeddable":true,"href":"https:\/\/truusk.store\/sv\/wp-json\/wp\/v2\/product_cat?post=89493"},{"taxonomy":"product_tag","embeddable":true,"href":"https:\/\/truusk.store\/sv\/wp-json\/wp\/v2\/product_tag?post=89493"}],"curies":[{"name":"wp","href":"https:\/\/api.w.org\/{rel}","templated":true}]}}