{"id":89503,"date":"2025-09-02T13:03:01","date_gmt":"2025-09-02T12:03:01","guid":{"rendered":"https:\/\/truusk.store\/product\/tradgardshus-tradgardsskjul-med-fonster-lasbar-dorr-plast-gra\/"},"modified":"2026-03-12T09:45:29","modified_gmt":"2026-03-12T08:45:29","slug":"truusk-tradgardshus-tradgardsskjul-med-fonster-lasbar-dorr-plast-gra","status":"publish","type":"product","link":"https:\/\/truusk.store\/sv\/produkt\/truusk-tradgardshus-tradgardsskjul-med-fonster-lasbar-dorr-plast-gra\/","title":{"rendered":"TRUUSK Tr\u00e4dg\u00e5rdshus &#8211; Tr\u00e4dg\u00e5rdsskjul med F\u00f6nster &#8211; L\u00e5sbar D\u00f6rr &#8211; Plast &#8211; Gr\u00e5"},"content":{"rendered":"<p>Upplev praktisk charm med TRUUSK redskapsskjul! Detta tr\u00e4dg\u00e5rdsskjul erbjuder ett gener\u00f6st inre koncept av 12mm tjock polypropenharz, f\u00f6rst\u00e4rkt med aluminium &#8211; vattent\u00e4tt och UV-resistent. Utrustad med golvskydd mot regn, ett f\u00f6nster f\u00f6r dagsljus och effektiva ventilationer, kombinerar detta redskapshus estetik och nytta perfekt.<\/p>\n<p>Beskrivning:<\/p>\n<ul>\n<li> Rymligt tr\u00e4dg\u00e5rdsskjul erbjuder mycket f\u00f6rvaringsutrymme<\/li>\n<li> Konstruktionen av polypropenharz med tr\u00e4\u00e5dring f\u00f6rhindrar rost och flagning<\/li>\n<li> Det medf\u00f6ljande golvet i tr\u00e4dg\u00e5rdshuset skyddar inneh\u00e5llet mot regnvatten<\/li>\n<li> Genom det transparenta f\u00f6nstret kommer naturligt ljus in<\/li>\n<li> Tv\u00e5 ventilations\u00f6ppningar i redskapsskjulet s\u00e4kerst\u00e4ller tillr\u00e4cklig luftcirkulation<\/li>\n<li> Designen med sluttande tak f\u00f6rhindrar ansamling av vatten och sn\u00f6<\/li>\n<li> Dubbeld\u00f6rrar, g\u00e5ngj\u00e4rnsd\u00f6rrar med sp\u00e4rr och l\u00e5s p\u00e5 redskapsskjulet \u00f6kar s\u00e4kerheten<\/li>\n<li> Montering kr\u00e4ver 2-3 personer, handskar ing\u00e5r<\/li>\n<\/ul>\n<p> Tekniska data:<\/p>\n<ul>\n<li> F\u00e4rg: Gr\u00e5<\/li>\n<li> Material: Plast, Aluminium<\/li>\n<li> Totala dimensioner: 181L x 181B x 220H cm<\/li>\n<li> Takfotsh\u00f6jd: 181H cm<\/li>\n<li> Golvyta: 170,5B x 170,5T cm, 2,91m\u00b2<\/li>\n<li> Inre dimensioner: 161,5B x 161,5T cm<\/li>\n<li> Enkeld\u00f6rrstorlek: 58B x 172H cm<\/li>\n<li> F\u00f6nsterstorlek: 38,5B x 61,5H cm<\/li>\n<li> Ventilationsm\u00e5tt: 22,5B x 9H cm<\/li>\n<li> Sn\u00f6belastning: 40 kg\/m\u00b2<\/li>\n<\/ul>\n<p>Leveransinneh\u00e5ll:<\/p>\n<ul>\n<li> 1 x Tr\u00e4dg\u00e5rdshus med golv<\/li>\n<li> L\u00e5s och nyckel<\/li>\n<li> 1 x Par handskar<\/li>\n<li> 1 x Bruksanvisning<\/li>\n<\/ul>\n","protected":false},"excerpt":{"rendered":"<p>Upplev praktisk charm med TRUUSK redskapsskjul! Detta tr\u00e4dg\u00e5rdsskjul erbjuder ett gener\u00f6st inre koncept av 12mm tjock polypropenharz, f\u00f6rst\u00e4rkt med aluminium&#8230;<\/p>\n","protected":false},"featured_media":89494,"template":"","meta":[],"product_brand":[],"product_cat":[901,858,1019],"product_tag":[],"class_list":{"0":"post-89503","1":"product","2":"type-product","3":"status-publish","4":"has-post-thumbnail","6":"product_cat-ordning-i-tradgarden","7":"product_cat-tradgard-terrass","8":"product_cat-verktygsskjul-och-verktygshus","10":"first","11":"instock","12":"sale","13":"taxable","14":"shipping-taxable","15":"purchasable","16":"product-type-simple"},"yoast_head":"<!-- This site is optimized with the Yoast SEO plugin v25.4 - https:\/\/yoast.com\/wordpress\/plugins\/seo\/ -->\n<title>TRUUSK Tr\u00e4dg\u00e5rdshus - Tr\u00e4dg\u00e5rdsskjul med F\u00f6nster - L\u00e5sbar D\u00f6rr - Plast - Gr\u00e5 - TRUUSK - Hem, Tr\u00e4dg\u00e5rd &amp; Fritid<\/title>\n<meta name=\"robots\" content=\"index, follow, max-snippet:-1, max-image-preview:large, max-video-preview:-1\" \/>\n<link rel=\"canonical\" href=\"https:\/\/truusk.store\/sv\/produkt\/truusk-tradgardshus-tradgardsskjul-med-fonster-lasbar-dorr-plast-gra\/\" \/>\n<meta property=\"og:locale\" content=\"sv_SE\" \/>\n<meta property=\"og:type\" content=\"article\" \/>\n<meta property=\"og:title\" content=\"TRUUSK Tr\u00e4dg\u00e5rdshus - Tr\u00e4dg\u00e5rdsskjul med F\u00f6nster - L\u00e5sbar D\u00f6rr - Plast - Gr\u00e5 - TRUUSK - Hem, Tr\u00e4dg\u00e5rd &amp; Fritid\" \/>\n<meta property=\"og:description\" content=\"Upplev praktisk charm med TRUUSK redskapsskjul! Detta tr\u00e4dg\u00e5rdsskjul erbjuder ett gener\u00f6st inre koncept av 12mm tjock polypropenharz, f\u00f6rst\u00e4rkt med aluminium...\" \/>\n<meta property=\"og:url\" content=\"https:\/\/truusk.store\/sv\/produkt\/truusk-tradgardshus-tradgardsskjul-med-fonster-lasbar-dorr-plast-gra\/\" \/>\n<meta property=\"og:site_name\" content=\"TRUUSK - Hem, Tr\u00e4dg\u00e5rd &amp; Fritid\" \/>\n<meta property=\"article:modified_time\" content=\"2026-03-12T08:45:29+00:00\" \/>\n<meta property=\"og:image\" content=\"https:\/\/i0.wp.com\/truusk.se\/wp-content\/uploads\/2025\/09\/tradgardshus-tradgardsskjul-med-fonster-lasbar-dorr-plast-gra-1.webp?fit=2000%2C2000&ssl=1\" \/>\n\t<meta property=\"og:image:width\" content=\"2000\" \/>\n\t<meta property=\"og:image:height\" content=\"2000\" \/>\n\t<meta property=\"og:image:type\" content=\"image\/webp\" \/>\n<meta name=\"twitter:card\" content=\"summary_large_image\" \/>\n<meta name=\"twitter:label1\" content=\"Ber\u00e4knad l\u00e4stid\" \/>\n\t<meta name=\"twitter:data1\" content=\"1 minut\" \/>\n<!-- \/ Yoast SEO plugin. -->","yoast_head_json":{"title":"TRUUSK Tr\u00e4dg\u00e5rdshus - Tr\u00e4dg\u00e5rdsskjul med F\u00f6nster - L\u00e5sbar D\u00f6rr - Plast - Gr\u00e5 - TRUUSK - Hem, Tr\u00e4dg\u00e5rd &amp; Fritid","robots":{"index":"index","follow":"follow","max-snippet":"max-snippet:-1","max-image-preview":"max-image-preview:large","max-video-preview":"max-video-preview:-1"},"canonical":"https:\/\/truusk.store\/sv\/produkt\/truusk-tradgardshus-tradgardsskjul-med-fonster-lasbar-dorr-plast-gra\/","og_locale":"sv_SE","og_type":"article","og_title":"TRUUSK Tr\u00e4dg\u00e5rdshus - Tr\u00e4dg\u00e5rdsskjul med F\u00f6nster - L\u00e5sbar D\u00f6rr - Plast - Gr\u00e5 - TRUUSK - Hem, Tr\u00e4dg\u00e5rd &amp; Fritid","og_description":"Upplev praktisk charm med TRUUSK redskapsskjul! Detta tr\u00e4dg\u00e5rdsskjul erbjuder ett gener\u00f6st inre koncept av 12mm tjock polypropenharz, f\u00f6rst\u00e4rkt med aluminium...","og_url":"https:\/\/truusk.store\/sv\/produkt\/truusk-tradgardshus-tradgardsskjul-med-fonster-lasbar-dorr-plast-gra\/","og_site_name":"TRUUSK - Hem, Tr\u00e4dg\u00e5rd &amp; Fritid","article_modified_time":"2026-03-12T08:45:29+00:00","og_image":[{"width":2000,"height":2000,"url":"https:\/\/i0.wp.com\/truusk.se\/wp-content\/uploads\/2025\/09\/tradgardshus-tradgardsskjul-med-fonster-lasbar-dorr-plast-gra-1.webp?fit=2000%2C2000&ssl=1","type":"image\/webp"}],"twitter_card":"summary_large_image","twitter_misc":{"Ber\u00e4knad l\u00e4stid":"1 minut"},"schema":{"@context":"https:\/\/schema.org","@graph":[{"@type":"WebPage","@id":"https:\/\/truusk.store\/sv\/produkt\/truusk-tradgardshus-tradgardsskjul-med-fonster-lasbar-dorr-plast-gra\/","url":"https:\/\/truusk.store\/sv\/produkt\/truusk-tradgardshus-tradgardsskjul-med-fonster-lasbar-dorr-plast-gra\/","name":"TRUUSK Tr\u00e4dg\u00e5rdshus - Tr\u00e4dg\u00e5rdsskjul med F\u00f6nster - L\u00e5sbar D\u00f6rr - Plast - Gr\u00e5 - TRUUSK - Hem, Tr\u00e4dg\u00e5rd &amp; Fritid","isPartOf":{"@id":"https:\/\/truusk.store\/sv\/#website"},"primaryImageOfPage":{"@id":"https:\/\/truusk.store\/sv\/produkt\/truusk-tradgardshus-tradgardsskjul-med-fonster-lasbar-dorr-plast-gra\/#primaryimage"},"image":{"@id":"https:\/\/truusk.store\/sv\/produkt\/truusk-tradgardshus-tradgardsskjul-med-fonster-lasbar-dorr-plast-gra\/#primaryimage"},"thumbnailUrl":"https:\/\/i0.wp.com\/truusk.store\/wp-content\/uploads\/2025\/09\/tradgardshus-tradgardsskjul-med-fonster-lasbar-dorr-plast-gra-1.webp?fit=2000%2C2000&ssl=1","datePublished":"2025-09-02T12:03:01+00:00","dateModified":"2026-03-12T08:45:29+00:00","breadcrumb":{"@id":"https:\/\/truusk.store\/sv\/produkt\/truusk-tradgardshus-tradgardsskjul-med-fonster-lasbar-dorr-plast-gra\/#breadcrumb"},"inLanguage":"sv-SE","potentialAction":[{"@type":"ReadAction","target":["https:\/\/truusk.store\/sv\/produkt\/truusk-tradgardshus-tradgardsskjul-med-fonster-lasbar-dorr-plast-gra\/"]}]},{"@type":"ImageObject","inLanguage":"sv-SE","@id":"https:\/\/truusk.store\/sv\/produkt\/truusk-tradgardshus-tradgardsskjul-med-fonster-lasbar-dorr-plast-gra\/#primaryimage","url":"https:\/\/i0.wp.com\/truusk.store\/wp-content\/uploads\/2025\/09\/tradgardshus-tradgardsskjul-med-fonster-lasbar-dorr-plast-gra-1.webp?fit=2000%2C2000&ssl=1","contentUrl":"https:\/\/i0.wp.com\/truusk.store\/wp-content\/uploads\/2025\/09\/tradgardshus-tradgardsskjul-med-fonster-lasbar-dorr-plast-gra-1.webp?fit=2000%2C2000&ssl=1","width":2000,"height":2000},{"@type":"BreadcrumbList","@id":"https:\/\/truusk.store\/sv\/produkt\/truusk-tradgardshus-tradgardsskjul-med-fonster-lasbar-dorr-plast-gra\/#breadcrumb","itemListElement":[{"@type":"ListItem","position":1,"name":"Home","item":"https:\/\/truusk.store\/sv\/"},{"@type":"ListItem","position":2,"name":"Shop","item":"https:\/\/truusk.store\/shop\/"},{"@type":"ListItem","position":3,"name":"TRUUSK Tr\u00e4dg\u00e5rdshus &#8211; Tr\u00e4dg\u00e5rdsskjul med F\u00f6nster &#8211; L\u00e5sbar D\u00f6rr &#8211; Plast &#8211; Gr\u00e5"}]},{"@type":"WebSite","@id":"https:\/\/truusk.store\/sv\/#website","url":"https:\/\/truusk.store\/sv\/","name":"TRUUSK - Hem, Tr\u00e4dg\u00e5rd & Fritid","description":"","publisher":{"@id":"https:\/\/truusk.store\/sv\/#organization"},"potentialAction":[{"@type":"SearchAction","target":{"@type":"EntryPoint","urlTemplate":"https:\/\/truusk.store\/sv\/?s={search_term_string}"},"query-input":{"@type":"PropertyValueSpecification","valueRequired":true,"valueName":"search_term_string"}}],"inLanguage":"sv-SE"},{"@type":"Organization","@id":"https:\/\/truusk.store\/sv\/#organization","name":"TRUUSK - Hem, Tr\u00e4dg\u00e5rd & Fritid","url":"https:\/\/truusk.store\/sv\/","logo":{"@type":"ImageObject","inLanguage":"sv-SE","@id":"https:\/\/truusk.store\/sv\/#\/schema\/logo\/image\/","url":"https:\/\/i0.wp.com\/truusk.store\/wp-content\/uploads\/2026\/03\/cropped-TRUUSK.png?fit=2032%2C917&ssl=1","contentUrl":"https:\/\/i0.wp.com\/truusk.store\/wp-content\/uploads\/2026\/03\/cropped-TRUUSK.png?fit=2032%2C917&ssl=1","width":2032,"height":917,"caption":"TRUUSK - Hem, Tr\u00e4dg\u00e5rd & Fritid"},"image":{"@id":"https:\/\/truusk.store\/sv\/#\/schema\/logo\/image\/"}}]}},"jetpack_sharing_enabled":true,"_links":{"self":[{"href":"https:\/\/truusk.store\/sv\/wp-json\/wp\/v2\/product\/89503","targetHints":{"allow":["GET"]}}],"collection":[{"href":"https:\/\/truusk.store\/sv\/wp-json\/wp\/v2\/product"}],"about":[{"href":"https:\/\/truusk.store\/sv\/wp-json\/wp\/v2\/types\/product"}],"wp:featuredmedia":[{"embeddable":true,"href":"https:\/\/truusk.store\/sv\/wp-json\/wp\/v2\/media\/89494"}],"wp:attachment":[{"href":"https:\/\/truusk.store\/sv\/wp-json\/wp\/v2\/media?parent=89503"}],"wp:term":[{"taxonomy":"product_brand","embeddable":true,"href":"https:\/\/truusk.store\/sv\/wp-json\/wp\/v2\/product_brand?post=89503"},{"taxonomy":"product_cat","embeddable":true,"href":"https:\/\/truusk.store\/sv\/wp-json\/wp\/v2\/product_cat?post=89503"},{"taxonomy":"product_tag","embeddable":true,"href":"https:\/\/truusk.store\/sv\/wp-json\/wp\/v2\/product_tag?post=89503"}],"curies":[{"name":"wp","href":"https:\/\/api.w.org\/{rel}","templated":true}]}}