{"id":89513,"date":"2025-09-02T13:04:13","date_gmt":"2025-09-02T12:04:13","guid":{"rendered":"https:\/\/truusk.store\/product\/garage-talt-vattentatt-taltgarage-med-dorr-uv-resistent-220-x-157-x-165-cm-svart\/"},"modified":"2026-03-12T09:46:33","modified_gmt":"2026-03-12T08:46:33","slug":"truusk-garage-talt-vattentatt-med-dorr-uv-resistent-220-x-157-x-165-cm-svart","status":"publish","type":"product","link":"https:\/\/truusk.store\/sv\/produkt\/truusk-garage-talt-vattentatt-med-dorr-uv-resistent-220-x-157-x-165-cm-svart\/","title":{"rendered":"TRUUSK Garage T\u00e4lt &#8211; Vattent\u00e4tt med D\u00f6rr &#8211; UV-resistent &#8211; 220 x 157 x 165 cm &#8211; Svart"},"content":{"rendered":"<p>Upplev TRUUSK vinterfasta lagert\u00e4lt \u2013 den ideala l\u00f6sningen f\u00f6r f\u00f6rvaring av allt fr\u00e5n cyklar till pooltillbeh\u00f6r. Tillverkat av UV-resistent PE-duk och en stabil galvaniserad metallram, skyddar detta cykelt\u00e4lt dina artiklar s\u00e4kert mot v\u00e4derp\u00e5verkan. Den upprullbara d\u00f6rren med dragkedja p\u00e5 betest\u00e4ltet fr\u00e4mjar ocks\u00e5 god ventilation och underl\u00e4ttar \u00e5tkomst. Perfekt f\u00f6r alla som s\u00f6ker ett multifunktionellt utomhusskjul.<\/p>\n<p>Beskrivning:<\/p>\n<ul>\n<li> Detta betest\u00e4lt erbjuder gener\u00f6st lagringsutrymme f\u00f6r cyklar, motorcyklar, pooltillbeh\u00f6r och mer<\/li>\n<li> Plastv\u00e4v p\u00e5 utrustningst\u00e4ltet skyddar mot vatten och UV-skador<\/li>\n<li> Galvaniserad ram p\u00e5 utrustningst\u00e4ltet motst\u00e5r sprickor, rost och korrosion<\/li>\n<li> Jordspikar och f\u00f6rankringslinor f\u00f6rb\u00e4ttrar den strukturella stabiliteten<\/li>\n<li> Avtagbar dragkedjed\u00f6rr m\u00f6jligg\u00f6r l\u00e4tt \u00e5tkomst och ventilation<\/li>\n<li> Montering kr\u00e4vs<\/li>\n<\/ul>\n<p> Tekniska data:<\/p>\n<ul>\n<li> F\u00e4rg: Svart<\/li>\n<li> Material: Galvaniserat metall, PE-duk<\/li>\n<li> Totala dimensioner: 220L x 157B x 165H cm<\/li>\n<li> Takets h\u00f6jd: 131 cm<\/li>\n<li> Pelaravst\u00e5nd: 213 cm<\/li>\n<li> D\u00f6rrstorlek: 126B x 135H cm<\/li>\n<\/ul>\n<p>Leveransinneh\u00e5ll:<\/p>\n<ul>\n<li> 1 x Tr\u00e4dg\u00e5rdsf\u00f6rvaringst\u00e4lt<\/li>\n<li> 6 x U-formad jordspik<\/li>\n<li> 4 x L-formad jordspik<\/li>\n<li> 4 x F\u00f6rankringslina<\/li>\n<li> 1 x Bruksanvisning<\/li>\n<\/ul>\n","protected":false},"excerpt":{"rendered":"<p>Upplev TRUUSK vinterfasta lagert\u00e4lt \u2013 den ideala l\u00f6sningen f\u00f6r f\u00f6rvaring av allt fr\u00e5n cyklar till pooltillbeh\u00f6r. Tillverkat av UV-resistent PE-duk&#8230;<\/p>\n","protected":false},"featured_media":89504,"template":"","meta":[],"product_brand":[],"product_cat":[901,902,858],"product_tag":[],"class_list":{"0":"post-89513","1":"product","2":"type-product","3":"status-publish","4":"has-post-thumbnail","6":"product_cat-ordning-i-tradgarden","7":"product_cat-redskapsskjul-och-redskapshus","8":"product_cat-tradgard-terrass","10":"first","11":"instock","12":"sale","13":"taxable","14":"shipping-taxable","15":"purchasable","16":"product-type-simple"},"yoast_head":"<!-- This site is optimized with the Yoast SEO plugin v25.4 - https:\/\/yoast.com\/wordpress\/plugins\/seo\/ -->\n<title>TRUUSK Garage T\u00e4lt - Vattent\u00e4tt med D\u00f6rr - UV-resistent - 220 x 157 x 165 cm - Svart - TRUUSK - Hem, Tr\u00e4dg\u00e5rd &amp; Fritid<\/title>\n<meta name=\"robots\" content=\"index, follow, max-snippet:-1, max-image-preview:large, max-video-preview:-1\" \/>\n<link rel=\"canonical\" href=\"https:\/\/truusk.store\/sv\/produkt\/truusk-garage-talt-vattentatt-med-dorr-uv-resistent-220-x-157-x-165-cm-svart\/\" \/>\n<meta property=\"og:locale\" content=\"sv_SE\" \/>\n<meta property=\"og:type\" content=\"article\" \/>\n<meta property=\"og:title\" content=\"TRUUSK Garage T\u00e4lt - Vattent\u00e4tt med D\u00f6rr - UV-resistent - 220 x 157 x 165 cm - Svart - TRUUSK - Hem, Tr\u00e4dg\u00e5rd &amp; Fritid\" \/>\n<meta property=\"og:description\" content=\"Upplev TRUUSK vinterfasta lagert\u00e4lt \u2013 den ideala l\u00f6sningen f\u00f6r f\u00f6rvaring av allt fr\u00e5n cyklar till pooltillbeh\u00f6r. Tillverkat av UV-resistent PE-duk...\" \/>\n<meta property=\"og:url\" content=\"https:\/\/truusk.store\/sv\/produkt\/truusk-garage-talt-vattentatt-med-dorr-uv-resistent-220-x-157-x-165-cm-svart\/\" \/>\n<meta property=\"og:site_name\" content=\"TRUUSK - Hem, Tr\u00e4dg\u00e5rd &amp; Fritid\" \/>\n<meta property=\"article:modified_time\" content=\"2026-03-12T08:46:33+00:00\" \/>\n<meta property=\"og:image\" content=\"https:\/\/i0.wp.com\/truusk.se\/wp-content\/uploads\/2025\/09\/garage-talt-vattentatt-taltgarage-med-dorr-uv-resistent-220-x-157-x-165-cm-svart-1.webp?fit=2000%2C2000&ssl=1\" \/>\n\t<meta property=\"og:image:width\" content=\"2000\" \/>\n\t<meta property=\"og:image:height\" content=\"2000\" \/>\n\t<meta property=\"og:image:type\" content=\"image\/webp\" \/>\n<meta name=\"twitter:card\" content=\"summary_large_image\" \/>\n<meta name=\"twitter:label1\" content=\"Ber\u00e4knad l\u00e4stid\" \/>\n\t<meta name=\"twitter:data1\" content=\"1 minut\" \/>\n<!-- \/ Yoast SEO plugin. -->","yoast_head_json":{"title":"TRUUSK Garage T\u00e4lt - Vattent\u00e4tt med D\u00f6rr - UV-resistent - 220 x 157 x 165 cm - Svart - TRUUSK - Hem, Tr\u00e4dg\u00e5rd &amp; Fritid","robots":{"index":"index","follow":"follow","max-snippet":"max-snippet:-1","max-image-preview":"max-image-preview:large","max-video-preview":"max-video-preview:-1"},"canonical":"https:\/\/truusk.store\/sv\/produkt\/truusk-garage-talt-vattentatt-med-dorr-uv-resistent-220-x-157-x-165-cm-svart\/","og_locale":"sv_SE","og_type":"article","og_title":"TRUUSK Garage T\u00e4lt - Vattent\u00e4tt med D\u00f6rr - UV-resistent - 220 x 157 x 165 cm - Svart - TRUUSK - Hem, Tr\u00e4dg\u00e5rd &amp; Fritid","og_description":"Upplev TRUUSK vinterfasta lagert\u00e4lt \u2013 den ideala l\u00f6sningen f\u00f6r f\u00f6rvaring av allt fr\u00e5n cyklar till pooltillbeh\u00f6r. Tillverkat av UV-resistent PE-duk...","og_url":"https:\/\/truusk.store\/sv\/produkt\/truusk-garage-talt-vattentatt-med-dorr-uv-resistent-220-x-157-x-165-cm-svart\/","og_site_name":"TRUUSK - Hem, Tr\u00e4dg\u00e5rd &amp; Fritid","article_modified_time":"2026-03-12T08:46:33+00:00","og_image":[{"width":2000,"height":2000,"url":"https:\/\/i0.wp.com\/truusk.se\/wp-content\/uploads\/2025\/09\/garage-talt-vattentatt-taltgarage-med-dorr-uv-resistent-220-x-157-x-165-cm-svart-1.webp?fit=2000%2C2000&ssl=1","type":"image\/webp"}],"twitter_card":"summary_large_image","twitter_misc":{"Ber\u00e4knad l\u00e4stid":"1 minut"},"schema":{"@context":"https:\/\/schema.org","@graph":[{"@type":"WebPage","@id":"https:\/\/truusk.store\/sv\/produkt\/truusk-garage-talt-vattentatt-med-dorr-uv-resistent-220-x-157-x-165-cm-svart\/","url":"https:\/\/truusk.store\/sv\/produkt\/truusk-garage-talt-vattentatt-med-dorr-uv-resistent-220-x-157-x-165-cm-svart\/","name":"TRUUSK Garage T\u00e4lt - Vattent\u00e4tt med D\u00f6rr - UV-resistent - 220 x 157 x 165 cm - Svart - TRUUSK - Hem, Tr\u00e4dg\u00e5rd &amp; Fritid","isPartOf":{"@id":"https:\/\/truusk.store\/sv\/#website"},"primaryImageOfPage":{"@id":"https:\/\/truusk.store\/sv\/produkt\/truusk-garage-talt-vattentatt-med-dorr-uv-resistent-220-x-157-x-165-cm-svart\/#primaryimage"},"image":{"@id":"https:\/\/truusk.store\/sv\/produkt\/truusk-garage-talt-vattentatt-med-dorr-uv-resistent-220-x-157-x-165-cm-svart\/#primaryimage"},"thumbnailUrl":"https:\/\/i0.wp.com\/truusk.store\/wp-content\/uploads\/2025\/09\/garage-talt-vattentatt-taltgarage-med-dorr-uv-resistent-220-x-157-x-165-cm-svart-1.webp?fit=2000%2C2000&ssl=1","datePublished":"2025-09-02T12:04:13+00:00","dateModified":"2026-03-12T08:46:33+00:00","breadcrumb":{"@id":"https:\/\/truusk.store\/sv\/produkt\/truusk-garage-talt-vattentatt-med-dorr-uv-resistent-220-x-157-x-165-cm-svart\/#breadcrumb"},"inLanguage":"sv-SE","potentialAction":[{"@type":"ReadAction","target":["https:\/\/truusk.store\/sv\/produkt\/truusk-garage-talt-vattentatt-med-dorr-uv-resistent-220-x-157-x-165-cm-svart\/"]}]},{"@type":"ImageObject","inLanguage":"sv-SE","@id":"https:\/\/truusk.store\/sv\/produkt\/truusk-garage-talt-vattentatt-med-dorr-uv-resistent-220-x-157-x-165-cm-svart\/#primaryimage","url":"https:\/\/i0.wp.com\/truusk.store\/wp-content\/uploads\/2025\/09\/garage-talt-vattentatt-taltgarage-med-dorr-uv-resistent-220-x-157-x-165-cm-svart-1.webp?fit=2000%2C2000&ssl=1","contentUrl":"https:\/\/i0.wp.com\/truusk.store\/wp-content\/uploads\/2025\/09\/garage-talt-vattentatt-taltgarage-med-dorr-uv-resistent-220-x-157-x-165-cm-svart-1.webp?fit=2000%2C2000&ssl=1","width":2000,"height":2000},{"@type":"BreadcrumbList","@id":"https:\/\/truusk.store\/sv\/produkt\/truusk-garage-talt-vattentatt-med-dorr-uv-resistent-220-x-157-x-165-cm-svart\/#breadcrumb","itemListElement":[{"@type":"ListItem","position":1,"name":"Home","item":"https:\/\/truusk.store\/sv\/"},{"@type":"ListItem","position":2,"name":"Shop","item":"https:\/\/truusk.store\/shop\/"},{"@type":"ListItem","position":3,"name":"TRUUSK Garage T\u00e4lt &#8211; Vattent\u00e4tt med D\u00f6rr &#8211; UV-resistent &#8211; 220 x 157 x 165 cm &#8211; Svart"}]},{"@type":"WebSite","@id":"https:\/\/truusk.store\/sv\/#website","url":"https:\/\/truusk.store\/sv\/","name":"TRUUSK - Hem, Tr\u00e4dg\u00e5rd & Fritid","description":"","publisher":{"@id":"https:\/\/truusk.store\/sv\/#organization"},"potentialAction":[{"@type":"SearchAction","target":{"@type":"EntryPoint","urlTemplate":"https:\/\/truusk.store\/sv\/?s={search_term_string}"},"query-input":{"@type":"PropertyValueSpecification","valueRequired":true,"valueName":"search_term_string"}}],"inLanguage":"sv-SE"},{"@type":"Organization","@id":"https:\/\/truusk.store\/sv\/#organization","name":"TRUUSK - Hem, Tr\u00e4dg\u00e5rd & Fritid","url":"https:\/\/truusk.store\/sv\/","logo":{"@type":"ImageObject","inLanguage":"sv-SE","@id":"https:\/\/truusk.store\/sv\/#\/schema\/logo\/image\/","url":"https:\/\/i0.wp.com\/truusk.store\/wp-content\/uploads\/2026\/03\/cropped-TRUUSK.png?fit=2032%2C917&ssl=1","contentUrl":"https:\/\/i0.wp.com\/truusk.store\/wp-content\/uploads\/2026\/03\/cropped-TRUUSK.png?fit=2032%2C917&ssl=1","width":2032,"height":917,"caption":"TRUUSK - Hem, Tr\u00e4dg\u00e5rd & Fritid"},"image":{"@id":"https:\/\/truusk.store\/sv\/#\/schema\/logo\/image\/"}}]}},"jetpack_sharing_enabled":true,"_links":{"self":[{"href":"https:\/\/truusk.store\/sv\/wp-json\/wp\/v2\/product\/89513","targetHints":{"allow":["GET"]}}],"collection":[{"href":"https:\/\/truusk.store\/sv\/wp-json\/wp\/v2\/product"}],"about":[{"href":"https:\/\/truusk.store\/sv\/wp-json\/wp\/v2\/types\/product"}],"wp:featuredmedia":[{"embeddable":true,"href":"https:\/\/truusk.store\/sv\/wp-json\/wp\/v2\/media\/89504"}],"wp:attachment":[{"href":"https:\/\/truusk.store\/sv\/wp-json\/wp\/v2\/media?parent=89513"}],"wp:term":[{"taxonomy":"product_brand","embeddable":true,"href":"https:\/\/truusk.store\/sv\/wp-json\/wp\/v2\/product_brand?post=89513"},{"taxonomy":"product_cat","embeddable":true,"href":"https:\/\/truusk.store\/sv\/wp-json\/wp\/v2\/product_cat?post=89513"},{"taxonomy":"product_tag","embeddable":true,"href":"https:\/\/truusk.store\/sv\/wp-json\/wp\/v2\/product_tag?post=89513"}],"curies":[{"name":"wp","href":"https:\/\/api.w.org\/{rel}","templated":true}]}}