{"id":89534,"date":"2025-09-02T13:06:47","date_gmt":"2025-09-02T12:06:47","guid":{"rendered":"https:\/\/truusk.store\/product\/19-x-19-m-tradgardsskjul-verktygsskjul-av-plast-lasbara-dorrar-2-ventilationsoppningar-morkgra\/"},"modified":"2026-03-12T08:42:17","modified_gmt":"2026-03-12T07:42:17","slug":"truusk-tradgardsskjul-19-x-19-m-plastmaterial-lasbara-dorrar-ventilationsoppningar-morkgra","status":"publish","type":"product","link":"https:\/\/truusk.store\/sv\/produkt\/truusk-tradgardsskjul-19-x-19-m-plastmaterial-lasbara-dorrar-ventilationsoppningar-morkgra\/","title":{"rendered":"TRUUSK Tr\u00e4dg\u00e5rdsskjul 1,9 x 1,9 m &#8211; Plastmaterial &#8211; L\u00e5sbara d\u00f6rrar &#8211; Ventilations\u00f6ppningar &#8211; M\u00f6rkgr\u00e5"},"content":{"rendered":"<p>Upplev enkel ordning med TRUUSK cykelskjul gjort av l\u00e4tt, vattent\u00e4t plastharts och stabil aluminiumram. Tv\u00e5 transparenta f\u00f6nster p\u00e5 cykelskjulet ger dagsljus, medan dubbla ventilationer h\u00e5ller luften ren. Skjulets sadeltak f\u00f6rhindrar effektivt ansamling av vatten och sn\u00f6 &#8211; en perfekt till\u00e4gg till varje tr\u00e4dg\u00e5rd.<\/p>\n<p>Beskrivning:<\/p>\n<ul>\n<li> Plastharts och aluminiumramen p\u00e5 cykelskjulet garanterar h\u00e5llbarhet utomhus<\/li>\n<li> F\u00f6rzinkade st\u00e5lf\u00f6rst\u00e4rkningar p\u00e5 metallverktygshuset f\u00f6rb\u00e4ttrar den strukturella integriteten<\/li>\n<li> Transparenta f\u00f6nster p\u00e5 metalltr\u00e4dg\u00e5rdshuset l\u00e5ter naturligt ljus tr\u00e4nga in<\/li>\n<li> Ventilations\u00f6ppningar hj\u00e4lper till att uppr\u00e4tth\u00e5lla en l\u00e4mplig luftcirkulation<\/li>\n<li> Sadeltaksdesignen f\u00f6rhindrar ansamling av vatten och sn\u00f6<\/li>\n<li> Dubbla g\u00e5ngj\u00e4rnsd\u00f6rrar underl\u00e4ttar enkel in- och utg\u00e5ng<\/li>\n<li> D\u00f6rrarna \u00e4r f\u00f6rsedda med en sp\u00e4rr f\u00f6r extra s\u00e4kerhet (l\u00e5s ing\u00e5r inte)<\/li>\n<li> Montering kr\u00e4vs<\/li>\n<\/ul>\n<p> Tekniska data:<\/p>\n<ul>\n<li> F\u00e4rg: M\u00f6rkgr\u00e5<\/li>\n<li> Material: Plast, Aluminium, F\u00f6rzinkat St\u00e5l<\/li>\n<li> Totala dimensioner: 190L x 191B x 215H cm<\/li>\n<li> Takfotsh\u00f6jd: 180\/206 cm<\/li>\n<li> Golvstorlek: 180B x 180T cm, 3,24 m\u00b2<\/li>\n<li> Inre dimensioner: 177B x 177T cm<\/li>\n<li> Enkel d\u00f6rrstorlek: 124B x 182H cm<\/li>\n<li> F\u00f6nsterstorlek: 85B x 20H cm<\/li>\n<li> Ventilationsstorlek: 21B x 11H cm<\/li>\n<li> Sn\u00f6last: 70 kg\/m\u00b2<\/li>\n<\/ul>\n<p>Leverans inneh\u00e5ller:<\/p>\n<ul>\n<li> 1 x Verktygsskjul f\u00f6r tr\u00e4dg\u00e5rden<\/li>\n<li> 1 x Bruksanvisning<\/li>\n<\/ul>\n","protected":false},"excerpt":{"rendered":"<p>Upplev enkel ordning med TRUUSK cykelskjul gjort av l\u00e4tt, vattent\u00e4t plastharts och stabil aluminiumram. Tv\u00e5 transparenta f\u00f6nster p\u00e5 cykelskjulet ger&#8230;<\/p>\n","protected":false},"featured_media":89524,"template":"","meta":[],"product_brand":[],"product_cat":[901,902,858],"product_tag":[],"class_list":{"0":"post-89534","1":"product","2":"type-product","3":"status-publish","4":"has-post-thumbnail","6":"product_cat-ordning-i-tradgarden","7":"product_cat-redskapsskjul-och-redskapshus","8":"product_cat-tradgard-terrass","10":"first","11":"instock","12":"sale","13":"taxable","14":"shipping-taxable","15":"purchasable","16":"product-type-simple"},"yoast_head":"<!-- This site is optimized with the Yoast SEO plugin v25.4 - https:\/\/yoast.com\/wordpress\/plugins\/seo\/ -->\n<title>TRUUSK Tr\u00e4dg\u00e5rdsskjul 1,9 x 1,9 m - Plastmaterial - L\u00e5sbara d\u00f6rrar - Ventilations\u00f6ppningar - M\u00f6rkgr\u00e5 - TRUUSK - Hem, Tr\u00e4dg\u00e5rd &amp; Fritid<\/title>\n<meta name=\"robots\" content=\"index, follow, max-snippet:-1, max-image-preview:large, max-video-preview:-1\" \/>\n<link rel=\"canonical\" href=\"https:\/\/truusk.store\/sv\/produkt\/truusk-tradgardsskjul-19-x-19-m-plastmaterial-lasbara-dorrar-ventilationsoppningar-morkgra\/\" \/>\n<meta property=\"og:locale\" content=\"sv_SE\" \/>\n<meta property=\"og:type\" content=\"article\" \/>\n<meta property=\"og:title\" content=\"TRUUSK Tr\u00e4dg\u00e5rdsskjul 1,9 x 1,9 m - Plastmaterial - L\u00e5sbara d\u00f6rrar - Ventilations\u00f6ppningar - M\u00f6rkgr\u00e5 - TRUUSK - Hem, Tr\u00e4dg\u00e5rd &amp; Fritid\" \/>\n<meta property=\"og:description\" content=\"Upplev enkel ordning med TRUUSK cykelskjul gjort av l\u00e4tt, vattent\u00e4t plastharts och stabil aluminiumram. Tv\u00e5 transparenta f\u00f6nster p\u00e5 cykelskjulet ger...\" \/>\n<meta property=\"og:url\" content=\"https:\/\/truusk.store\/sv\/produkt\/truusk-tradgardsskjul-19-x-19-m-plastmaterial-lasbara-dorrar-ventilationsoppningar-morkgra\/\" \/>\n<meta property=\"og:site_name\" content=\"TRUUSK - Hem, Tr\u00e4dg\u00e5rd &amp; Fritid\" \/>\n<meta property=\"article:modified_time\" content=\"2026-03-12T07:42:17+00:00\" \/>\n<meta property=\"og:image\" content=\"https:\/\/i0.wp.com\/truusk.se\/wp-content\/uploads\/2025\/09\/19-x-19-m-tradgardsskjul-verktygsskjul-av-plast-lasbara-dorrar-2-ventilationsoppningar-morkgra-1.webp?fit=2000%2C2000&ssl=1\" \/>\n\t<meta property=\"og:image:width\" content=\"2000\" \/>\n\t<meta property=\"og:image:height\" content=\"2000\" \/>\n\t<meta property=\"og:image:type\" content=\"image\/webp\" \/>\n<meta name=\"twitter:card\" content=\"summary_large_image\" \/>\n<meta name=\"twitter:label1\" content=\"Ber\u00e4knad l\u00e4stid\" \/>\n\t<meta name=\"twitter:data1\" content=\"1 minut\" \/>\n<!-- \/ Yoast SEO plugin. -->","yoast_head_json":{"title":"TRUUSK Tr\u00e4dg\u00e5rdsskjul 1,9 x 1,9 m - Plastmaterial - L\u00e5sbara d\u00f6rrar - Ventilations\u00f6ppningar - M\u00f6rkgr\u00e5 - TRUUSK - Hem, Tr\u00e4dg\u00e5rd &amp; Fritid","robots":{"index":"index","follow":"follow","max-snippet":"max-snippet:-1","max-image-preview":"max-image-preview:large","max-video-preview":"max-video-preview:-1"},"canonical":"https:\/\/truusk.store\/sv\/produkt\/truusk-tradgardsskjul-19-x-19-m-plastmaterial-lasbara-dorrar-ventilationsoppningar-morkgra\/","og_locale":"sv_SE","og_type":"article","og_title":"TRUUSK Tr\u00e4dg\u00e5rdsskjul 1,9 x 1,9 m - Plastmaterial - L\u00e5sbara d\u00f6rrar - Ventilations\u00f6ppningar - M\u00f6rkgr\u00e5 - TRUUSK - Hem, Tr\u00e4dg\u00e5rd &amp; Fritid","og_description":"Upplev enkel ordning med TRUUSK cykelskjul gjort av l\u00e4tt, vattent\u00e4t plastharts och stabil aluminiumram. Tv\u00e5 transparenta f\u00f6nster p\u00e5 cykelskjulet ger...","og_url":"https:\/\/truusk.store\/sv\/produkt\/truusk-tradgardsskjul-19-x-19-m-plastmaterial-lasbara-dorrar-ventilationsoppningar-morkgra\/","og_site_name":"TRUUSK - Hem, Tr\u00e4dg\u00e5rd &amp; Fritid","article_modified_time":"2026-03-12T07:42:17+00:00","og_image":[{"width":2000,"height":2000,"url":"https:\/\/i0.wp.com\/truusk.se\/wp-content\/uploads\/2025\/09\/19-x-19-m-tradgardsskjul-verktygsskjul-av-plast-lasbara-dorrar-2-ventilationsoppningar-morkgra-1.webp?fit=2000%2C2000&ssl=1","type":"image\/webp"}],"twitter_card":"summary_large_image","twitter_misc":{"Ber\u00e4knad l\u00e4stid":"1 minut"},"schema":{"@context":"https:\/\/schema.org","@graph":[{"@type":"WebPage","@id":"https:\/\/truusk.store\/sv\/produkt\/truusk-tradgardsskjul-19-x-19-m-plastmaterial-lasbara-dorrar-ventilationsoppningar-morkgra\/","url":"https:\/\/truusk.store\/sv\/produkt\/truusk-tradgardsskjul-19-x-19-m-plastmaterial-lasbara-dorrar-ventilationsoppningar-morkgra\/","name":"TRUUSK Tr\u00e4dg\u00e5rdsskjul 1,9 x 1,9 m - Plastmaterial - L\u00e5sbara d\u00f6rrar - Ventilations\u00f6ppningar - M\u00f6rkgr\u00e5 - TRUUSK - Hem, Tr\u00e4dg\u00e5rd &amp; Fritid","isPartOf":{"@id":"https:\/\/truusk.store\/sv\/#website"},"primaryImageOfPage":{"@id":"https:\/\/truusk.store\/sv\/produkt\/truusk-tradgardsskjul-19-x-19-m-plastmaterial-lasbara-dorrar-ventilationsoppningar-morkgra\/#primaryimage"},"image":{"@id":"https:\/\/truusk.store\/sv\/produkt\/truusk-tradgardsskjul-19-x-19-m-plastmaterial-lasbara-dorrar-ventilationsoppningar-morkgra\/#primaryimage"},"thumbnailUrl":"https:\/\/i0.wp.com\/truusk.store\/wp-content\/uploads\/2025\/09\/19-x-19-m-tradgardsskjul-verktygsskjul-av-plast-lasbara-dorrar-2-ventilationsoppningar-morkgra-1.webp?fit=2000%2C2000&ssl=1","datePublished":"2025-09-02T12:06:47+00:00","dateModified":"2026-03-12T07:42:17+00:00","breadcrumb":{"@id":"https:\/\/truusk.store\/sv\/produkt\/truusk-tradgardsskjul-19-x-19-m-plastmaterial-lasbara-dorrar-ventilationsoppningar-morkgra\/#breadcrumb"},"inLanguage":"sv-SE","potentialAction":[{"@type":"ReadAction","target":["https:\/\/truusk.store\/sv\/produkt\/truusk-tradgardsskjul-19-x-19-m-plastmaterial-lasbara-dorrar-ventilationsoppningar-morkgra\/"]}]},{"@type":"ImageObject","inLanguage":"sv-SE","@id":"https:\/\/truusk.store\/sv\/produkt\/truusk-tradgardsskjul-19-x-19-m-plastmaterial-lasbara-dorrar-ventilationsoppningar-morkgra\/#primaryimage","url":"https:\/\/i0.wp.com\/truusk.store\/wp-content\/uploads\/2025\/09\/19-x-19-m-tradgardsskjul-verktygsskjul-av-plast-lasbara-dorrar-2-ventilationsoppningar-morkgra-1.webp?fit=2000%2C2000&ssl=1","contentUrl":"https:\/\/i0.wp.com\/truusk.store\/wp-content\/uploads\/2025\/09\/19-x-19-m-tradgardsskjul-verktygsskjul-av-plast-lasbara-dorrar-2-ventilationsoppningar-morkgra-1.webp?fit=2000%2C2000&ssl=1","width":2000,"height":2000},{"@type":"BreadcrumbList","@id":"https:\/\/truusk.store\/sv\/produkt\/truusk-tradgardsskjul-19-x-19-m-plastmaterial-lasbara-dorrar-ventilationsoppningar-morkgra\/#breadcrumb","itemListElement":[{"@type":"ListItem","position":1,"name":"Home","item":"https:\/\/truusk.store\/sv\/"},{"@type":"ListItem","position":2,"name":"Shop","item":"https:\/\/truusk.store\/shop\/"},{"@type":"ListItem","position":3,"name":"TRUUSK Tr\u00e4dg\u00e5rdsskjul 1,9 x 1,9 m &#8211; Plastmaterial &#8211; L\u00e5sbara d\u00f6rrar &#8211; Ventilations\u00f6ppningar &#8211; M\u00f6rkgr\u00e5"}]},{"@type":"WebSite","@id":"https:\/\/truusk.store\/sv\/#website","url":"https:\/\/truusk.store\/sv\/","name":"TRUUSK - Hem, Tr\u00e4dg\u00e5rd & Fritid","description":"","publisher":{"@id":"https:\/\/truusk.store\/sv\/#organization"},"potentialAction":[{"@type":"SearchAction","target":{"@type":"EntryPoint","urlTemplate":"https:\/\/truusk.store\/sv\/?s={search_term_string}"},"query-input":{"@type":"PropertyValueSpecification","valueRequired":true,"valueName":"search_term_string"}}],"inLanguage":"sv-SE"},{"@type":"Organization","@id":"https:\/\/truusk.store\/sv\/#organization","name":"TRUUSK - Hem, Tr\u00e4dg\u00e5rd & Fritid","url":"https:\/\/truusk.store\/sv\/","logo":{"@type":"ImageObject","inLanguage":"sv-SE","@id":"https:\/\/truusk.store\/sv\/#\/schema\/logo\/image\/","url":"https:\/\/i0.wp.com\/truusk.store\/wp-content\/uploads\/2026\/03\/cropped-TRUUSK.png?fit=2032%2C917&ssl=1","contentUrl":"https:\/\/i0.wp.com\/truusk.store\/wp-content\/uploads\/2026\/03\/cropped-TRUUSK.png?fit=2032%2C917&ssl=1","width":2032,"height":917,"caption":"TRUUSK - Hem, Tr\u00e4dg\u00e5rd & Fritid"},"image":{"@id":"https:\/\/truusk.store\/sv\/#\/schema\/logo\/image\/"}}]}},"jetpack_sharing_enabled":true,"_links":{"self":[{"href":"https:\/\/truusk.store\/sv\/wp-json\/wp\/v2\/product\/89534","targetHints":{"allow":["GET"]}}],"collection":[{"href":"https:\/\/truusk.store\/sv\/wp-json\/wp\/v2\/product"}],"about":[{"href":"https:\/\/truusk.store\/sv\/wp-json\/wp\/v2\/types\/product"}],"wp:featuredmedia":[{"embeddable":true,"href":"https:\/\/truusk.store\/sv\/wp-json\/wp\/v2\/media\/89524"}],"wp:attachment":[{"href":"https:\/\/truusk.store\/sv\/wp-json\/wp\/v2\/media?parent=89534"}],"wp:term":[{"taxonomy":"product_brand","embeddable":true,"href":"https:\/\/truusk.store\/sv\/wp-json\/wp\/v2\/product_brand?post=89534"},{"taxonomy":"product_cat","embeddable":true,"href":"https:\/\/truusk.store\/sv\/wp-json\/wp\/v2\/product_cat?post=89534"},{"taxonomy":"product_tag","embeddable":true,"href":"https:\/\/truusk.store\/sv\/wp-json\/wp\/v2\/product_tag?post=89534"}],"curies":[{"name":"wp","href":"https:\/\/api.w.org\/{rel}","templated":true}]}}