{"id":89584,"date":"2025-09-02T13:12:11","date_gmt":"2025-09-02T12:12:11","guid":{"rendered":"https:\/\/truusk.store\/product\/aiyaplay-barnstol-barnsoffa-med-traram-corduroy-look-stoppad-barnstol-for-barn-mellan-3-8-ar-for-barnrum-lekrum-rosa\/"},"modified":"2026-03-12T08:46:10","modified_gmt":"2026-03-12T07:46:10","slug":"truusk-barnstol-barnsoffa-med-traram-corduroy-look-stoppad-for-barn-3-8-ar-rosa-for-barnrum-och-lekrum","status":"publish","type":"product","link":"https:\/\/truusk.store\/sv\/produkt\/truusk-barnstol-barnsoffa-med-traram-corduroy-look-stoppad-for-barn-3-8-ar-rosa-for-barnrum-och-lekrum\/","title":{"rendered":"TRUUSK Barnstol &#8211; Barnsoffa med Tr\u00e4ram &#8211; Corduroy-look &#8211; Stoppad &#8211; F\u00f6r Barn 3-8 \u00e5r &#8211; Rosa &#8211; F\u00f6r Barnrum och Lekrum"},"content":{"rendered":"<p>F\u00f6rvandla ditt barns omr\u00e5de med AIYAPLAY barnstol, speciellt designad f\u00f6r barn mellan tre och \u00e5tta \u00e5r. Utrustad med robusta plattor, b\u00e4r denna barnstol upp till 45 kg och \u00f6verlever alla \u00e4ventyr. Den mjuka cord\u00f6verdraget och skumfyllningen i barnsoffan skapar ett mysigt h\u00f6rn f\u00f6r l\u00e4sning, lek och timmar av skoj.<\/p>\n<p>Beskrivning:<\/p>\n<ul>\n<li> L\u00e4mplig f\u00f6r barn mellan 3-8 \u00e5r, st\u00f6djer en h\u00e4lsosam kroppsh\u00e5llning och fr\u00e4mjar barnets sj\u00e4lvst\u00e4ndighet<\/li>\n<li> Robust ram p\u00e5 barnsoffan b\u00e4r upp till 45 kg<\/li>\n<li> Mjukt cordtyg och h\u00f6gkvalitativt skum i barnstolen, mjukt och bekv\u00e4mt<\/li>\n<li> Tillverkad av P2-plattor, s\u00e4kert f\u00f6r barn<\/li>\n<li> Rosa stoppning p\u00e5 barnstolen berikar alla inredningsstilar<\/li>\n<li> Avrundade h\u00f6rn p\u00e5 barnsoffan ger extra s\u00e4kerhet f\u00f6r aktiva barn<\/li>\n<li> Montering kr\u00e4vs, tar bara 15 minuter<\/li>\n<\/ul>\n<p> Tekniska data:<\/p>\n<ul>\n<li> F\u00e4rg: Rosa<\/li>\n<li> Material: Tr\u00e4ram, skum, cord, gummitr\u00e4<\/li>\n<li> Totala dimensioner: 46,5B x 44D x 45H cm<\/li>\n<li> Sitsstorlek: 41B x 29D x 25H cm<\/li>\n<li> Sitt tjocklek: 8,5 cm<\/li>\n<li> Ryggst\u00f6dsstorlek: 41L x 38,5B x 24,5H cm<\/li>\n<li> Armst\u00f6dsstorlek: 38L x 4,2B x 33,5H cm<\/li>\n<li> Rekommenderad \u00e5lder: 3-8 \u00e5r<\/li>\n<li> Godk\u00e4nd \u00e5lder: 18 m\u00e5nader+<\/li>\n<li> Maximal belastning: 45 kg<\/li>\n<\/ul>\n<p>Leverans inneh\u00e5ller:<\/p>\n<ul>\n<li> 1 x Barnsoffa<\/li>\n<li> 1 x Bruksanvisning<\/li>\n<\/ul>\n","protected":false},"excerpt":{"rendered":"<p>F\u00f6rvandla ditt barns omr\u00e5de med AIYAPLAY barnstol, speciellt designad f\u00f6r barn mellan tre och \u00e5tta \u00e5r. Utrustad med robusta plattor,&#8230;<\/p>\n","protected":false},"featured_media":89574,"template":"","meta":[],"product_brand":[],"product_cat":[880,631,881,882],"product_tag":[],"class_list":{"0":"post-89584","1":"product","2":"type-product","3":"status-publish","4":"has-post-thumbnail","6":"product_cat-baby-barn-2","7":"product_cat-barnmobler","8":"product_cat-barnsittmobler","9":"product_cat-kindersessel","11":"first","12":"instock","13":"sale","14":"taxable","15":"shipping-taxable","16":"purchasable","17":"product-type-simple"},"yoast_head":"<!-- This site is optimized with the Yoast SEO plugin v25.4 - https:\/\/yoast.com\/wordpress\/plugins\/seo\/ -->\n<title>TRUUSK Barnstol - Barnsoffa med Tr\u00e4ram - Corduroy-look - Stoppad - F\u00f6r Barn 3-8 \u00e5r - Rosa - F\u00f6r Barnrum och Lekrum - TRUUSK - Hem, Tr\u00e4dg\u00e5rd &amp; Fritid<\/title>\n<meta name=\"robots\" content=\"index, follow, max-snippet:-1, max-image-preview:large, max-video-preview:-1\" \/>\n<link rel=\"canonical\" href=\"https:\/\/truusk.store\/sv\/produkt\/truusk-barnstol-barnsoffa-med-traram-corduroy-look-stoppad-for-barn-3-8-ar-rosa-for-barnrum-och-lekrum\/\" \/>\n<meta property=\"og:locale\" content=\"sv_SE\" \/>\n<meta property=\"og:type\" content=\"article\" \/>\n<meta property=\"og:title\" content=\"TRUUSK Barnstol - Barnsoffa med Tr\u00e4ram - Corduroy-look - Stoppad - F\u00f6r Barn 3-8 \u00e5r - Rosa - F\u00f6r Barnrum och Lekrum - TRUUSK - Hem, Tr\u00e4dg\u00e5rd &amp; Fritid\" \/>\n<meta property=\"og:description\" content=\"F\u00f6rvandla ditt barns omr\u00e5de med AIYAPLAY barnstol, speciellt designad f\u00f6r barn mellan tre och \u00e5tta \u00e5r. Utrustad med robusta plattor,...\" \/>\n<meta property=\"og:url\" content=\"https:\/\/truusk.store\/sv\/produkt\/truusk-barnstol-barnsoffa-med-traram-corduroy-look-stoppad-for-barn-3-8-ar-rosa-for-barnrum-och-lekrum\/\" \/>\n<meta property=\"og:site_name\" content=\"TRUUSK - Hem, Tr\u00e4dg\u00e5rd &amp; Fritid\" \/>\n<meta property=\"article:modified_time\" content=\"2026-03-12T07:46:10+00:00\" \/>\n<meta property=\"og:image\" content=\"https:\/\/i0.wp.com\/truusk.se\/wp-content\/uploads\/2025\/09\/aiyaplay-barnstol-barnsoffa-med-traram-corduroy-look-stoppad-barnstol-for-barn-mellan-3-8-ar-for-barnrum-lekrum-rosa-1.webp?fit=2000%2C2000&ssl=1\" \/>\n\t<meta property=\"og:image:width\" content=\"2000\" \/>\n\t<meta property=\"og:image:height\" content=\"2000\" \/>\n\t<meta property=\"og:image:type\" content=\"image\/webp\" \/>\n<meta name=\"twitter:card\" content=\"summary_large_image\" \/>\n<meta name=\"twitter:label1\" content=\"Ber\u00e4knad l\u00e4stid\" \/>\n\t<meta name=\"twitter:data1\" content=\"1 minut\" \/>\n<!-- \/ Yoast SEO plugin. -->","yoast_head_json":{"title":"TRUUSK Barnstol - Barnsoffa med Tr\u00e4ram - Corduroy-look - Stoppad - F\u00f6r Barn 3-8 \u00e5r - Rosa - F\u00f6r Barnrum och Lekrum - TRUUSK - Hem, Tr\u00e4dg\u00e5rd &amp; Fritid","robots":{"index":"index","follow":"follow","max-snippet":"max-snippet:-1","max-image-preview":"max-image-preview:large","max-video-preview":"max-video-preview:-1"},"canonical":"https:\/\/truusk.store\/sv\/produkt\/truusk-barnstol-barnsoffa-med-traram-corduroy-look-stoppad-for-barn-3-8-ar-rosa-for-barnrum-och-lekrum\/","og_locale":"sv_SE","og_type":"article","og_title":"TRUUSK Barnstol - Barnsoffa med Tr\u00e4ram - Corduroy-look - Stoppad - F\u00f6r Barn 3-8 \u00e5r - Rosa - F\u00f6r Barnrum och Lekrum - TRUUSK - Hem, Tr\u00e4dg\u00e5rd &amp; Fritid","og_description":"F\u00f6rvandla ditt barns omr\u00e5de med AIYAPLAY barnstol, speciellt designad f\u00f6r barn mellan tre och \u00e5tta \u00e5r. Utrustad med robusta plattor,...","og_url":"https:\/\/truusk.store\/sv\/produkt\/truusk-barnstol-barnsoffa-med-traram-corduroy-look-stoppad-for-barn-3-8-ar-rosa-for-barnrum-och-lekrum\/","og_site_name":"TRUUSK - Hem, Tr\u00e4dg\u00e5rd &amp; Fritid","article_modified_time":"2026-03-12T07:46:10+00:00","og_image":[{"width":2000,"height":2000,"url":"https:\/\/i0.wp.com\/truusk.se\/wp-content\/uploads\/2025\/09\/aiyaplay-barnstol-barnsoffa-med-traram-corduroy-look-stoppad-barnstol-for-barn-mellan-3-8-ar-for-barnrum-lekrum-rosa-1.webp?fit=2000%2C2000&ssl=1","type":"image\/webp"}],"twitter_card":"summary_large_image","twitter_misc":{"Ber\u00e4knad l\u00e4stid":"1 minut"},"schema":{"@context":"https:\/\/schema.org","@graph":[{"@type":"WebPage","@id":"https:\/\/truusk.store\/sv\/produkt\/truusk-barnstol-barnsoffa-med-traram-corduroy-look-stoppad-for-barn-3-8-ar-rosa-for-barnrum-och-lekrum\/","url":"https:\/\/truusk.store\/sv\/produkt\/truusk-barnstol-barnsoffa-med-traram-corduroy-look-stoppad-for-barn-3-8-ar-rosa-for-barnrum-och-lekrum\/","name":"TRUUSK Barnstol - Barnsoffa med Tr\u00e4ram - Corduroy-look - Stoppad - F\u00f6r Barn 3-8 \u00e5r - Rosa - F\u00f6r Barnrum och Lekrum - TRUUSK - Hem, Tr\u00e4dg\u00e5rd &amp; Fritid","isPartOf":{"@id":"https:\/\/truusk.store\/sv\/#website"},"primaryImageOfPage":{"@id":"https:\/\/truusk.store\/sv\/produkt\/truusk-barnstol-barnsoffa-med-traram-corduroy-look-stoppad-for-barn-3-8-ar-rosa-for-barnrum-och-lekrum\/#primaryimage"},"image":{"@id":"https:\/\/truusk.store\/sv\/produkt\/truusk-barnstol-barnsoffa-med-traram-corduroy-look-stoppad-for-barn-3-8-ar-rosa-for-barnrum-och-lekrum\/#primaryimage"},"thumbnailUrl":"https:\/\/i0.wp.com\/truusk.store\/wp-content\/uploads\/2025\/09\/aiyaplay-barnstol-barnsoffa-med-traram-corduroy-look-stoppad-barnstol-for-barn-mellan-3-8-ar-for-barnrum-lekrum-rosa-1.webp?fit=2000%2C2000&ssl=1","datePublished":"2025-09-02T12:12:11+00:00","dateModified":"2026-03-12T07:46:10+00:00","breadcrumb":{"@id":"https:\/\/truusk.store\/sv\/produkt\/truusk-barnstol-barnsoffa-med-traram-corduroy-look-stoppad-for-barn-3-8-ar-rosa-for-barnrum-och-lekrum\/#breadcrumb"},"inLanguage":"sv-SE","potentialAction":[{"@type":"ReadAction","target":["https:\/\/truusk.store\/sv\/produkt\/truusk-barnstol-barnsoffa-med-traram-corduroy-look-stoppad-for-barn-3-8-ar-rosa-for-barnrum-och-lekrum\/"]}]},{"@type":"ImageObject","inLanguage":"sv-SE","@id":"https:\/\/truusk.store\/sv\/produkt\/truusk-barnstol-barnsoffa-med-traram-corduroy-look-stoppad-for-barn-3-8-ar-rosa-for-barnrum-och-lekrum\/#primaryimage","url":"https:\/\/i0.wp.com\/truusk.store\/wp-content\/uploads\/2025\/09\/aiyaplay-barnstol-barnsoffa-med-traram-corduroy-look-stoppad-barnstol-for-barn-mellan-3-8-ar-for-barnrum-lekrum-rosa-1.webp?fit=2000%2C2000&ssl=1","contentUrl":"https:\/\/i0.wp.com\/truusk.store\/wp-content\/uploads\/2025\/09\/aiyaplay-barnstol-barnsoffa-med-traram-corduroy-look-stoppad-barnstol-for-barn-mellan-3-8-ar-for-barnrum-lekrum-rosa-1.webp?fit=2000%2C2000&ssl=1","width":2000,"height":2000},{"@type":"BreadcrumbList","@id":"https:\/\/truusk.store\/sv\/produkt\/truusk-barnstol-barnsoffa-med-traram-corduroy-look-stoppad-for-barn-3-8-ar-rosa-for-barnrum-och-lekrum\/#breadcrumb","itemListElement":[{"@type":"ListItem","position":1,"name":"Home","item":"https:\/\/truusk.store\/sv\/"},{"@type":"ListItem","position":2,"name":"Shop","item":"https:\/\/truusk.store\/shop\/"},{"@type":"ListItem","position":3,"name":"TRUUSK Barnstol &#8211; Barnsoffa med Tr\u00e4ram &#8211; Corduroy-look &#8211; Stoppad &#8211; F\u00f6r Barn 3-8 \u00e5r &#8211; Rosa &#8211; F\u00f6r Barnrum och Lekrum"}]},{"@type":"WebSite","@id":"https:\/\/truusk.store\/sv\/#website","url":"https:\/\/truusk.store\/sv\/","name":"TRUUSK - Hem, Tr\u00e4dg\u00e5rd & Fritid","description":"","publisher":{"@id":"https:\/\/truusk.store\/sv\/#organization"},"potentialAction":[{"@type":"SearchAction","target":{"@type":"EntryPoint","urlTemplate":"https:\/\/truusk.store\/sv\/?s={search_term_string}"},"query-input":{"@type":"PropertyValueSpecification","valueRequired":true,"valueName":"search_term_string"}}],"inLanguage":"sv-SE"},{"@type":"Organization","@id":"https:\/\/truusk.store\/sv\/#organization","name":"TRUUSK - Hem, Tr\u00e4dg\u00e5rd & Fritid","url":"https:\/\/truusk.store\/sv\/","logo":{"@type":"ImageObject","inLanguage":"sv-SE","@id":"https:\/\/truusk.store\/sv\/#\/schema\/logo\/image\/","url":"https:\/\/i0.wp.com\/truusk.store\/wp-content\/uploads\/2026\/03\/cropped-TRUUSK.png?fit=2032%2C917&ssl=1","contentUrl":"https:\/\/i0.wp.com\/truusk.store\/wp-content\/uploads\/2026\/03\/cropped-TRUUSK.png?fit=2032%2C917&ssl=1","width":2032,"height":917,"caption":"TRUUSK - Hem, Tr\u00e4dg\u00e5rd & Fritid"},"image":{"@id":"https:\/\/truusk.store\/sv\/#\/schema\/logo\/image\/"}}]}},"jetpack_sharing_enabled":true,"_links":{"self":[{"href":"https:\/\/truusk.store\/sv\/wp-json\/wp\/v2\/product\/89584","targetHints":{"allow":["GET"]}}],"collection":[{"href":"https:\/\/truusk.store\/sv\/wp-json\/wp\/v2\/product"}],"about":[{"href":"https:\/\/truusk.store\/sv\/wp-json\/wp\/v2\/types\/product"}],"wp:featuredmedia":[{"embeddable":true,"href":"https:\/\/truusk.store\/sv\/wp-json\/wp\/v2\/media\/89574"}],"wp:attachment":[{"href":"https:\/\/truusk.store\/sv\/wp-json\/wp\/v2\/media?parent=89584"}],"wp:term":[{"taxonomy":"product_brand","embeddable":true,"href":"https:\/\/truusk.store\/sv\/wp-json\/wp\/v2\/product_brand?post=89584"},{"taxonomy":"product_cat","embeddable":true,"href":"https:\/\/truusk.store\/sv\/wp-json\/wp\/v2\/product_cat?post=89584"},{"taxonomy":"product_tag","embeddable":true,"href":"https:\/\/truusk.store\/sv\/wp-json\/wp\/v2\/product_tag?post=89584"}],"curies":[{"name":"wp","href":"https:\/\/api.w.org\/{rel}","templated":true}]}}