{"id":89593,"date":"2025-09-02T13:12:46","date_gmt":"2025-09-02T12:12:46","guid":{"rendered":"https:\/\/truusk.store\/product\/sportnow-bordtennisracket-bordtennis-set-med-4-bordtennisracket-8-bordtennisbollar-barpase-for-inomhus-utomhus\/"},"modified":"2026-03-12T08:46:11","modified_gmt":"2026-03-12T07:46:11","slug":"truusk-bordtennis-set-4-racketar-8-bollar-for-inomhus-utomhus-praktisk-barpase-hog-kvalitet","status":"publish","type":"product","link":"https:\/\/truusk.store\/sv\/produkt\/truusk-bordtennis-set-4-racketar-8-bollar-for-inomhus-utomhus-praktisk-barpase-hog-kvalitet\/","title":{"rendered":"TRUUSK Bordtennis Set &#8211; 4 Racketar, 8 Bollar &#8211; F\u00f6r Inomhus &amp; Utomhus &#8211; Praktisk B\u00e4rp\u00e5se &#8211; H\u00f6g Kvalitet"},"content":{"rendered":"<p>Uppt\u00e4ck den perfekta blandningen av h\u00e5llbarhet och komfort med SPORTNOW bordtennisracket-setet. Varje bordtennisracket \u00e4r gjord av robust E1-kryssfaner och 1,5 mm gummi, vilket garanterar en utm\u00e4rkt studs och l\u00e5ngvarig prestanda. De ergonomiskt formade handtagen ger ett s\u00e4kert grepp vid snabba spel. I den b\u00e4rbara Oxford-v\u00e4skan med EVA-vaddering f\u00f6rblir dina racketar och bollar repfria &#8211; perfekt f\u00f6r familjeskoj, tr\u00e4ning eller turneringar!<\/p>\n<p>Beskrivning:<\/p>\n<ul>\n<li> E1 kryssfaner och 1,5 mm gummi f\u00f6r utm\u00e4rkt grepp och h\u00e5llbarhet<\/li>\n<li> De utflippade handtagen p\u00e5 bordtennisracketarna ger ett bekv\u00e4mt grepp<\/li>\n<li> Inneh\u00e5ller 4 racketar och 8 bollar &#8211; perfekt f\u00f6r m\u00e5ngsidiga spelalternativ<\/li>\n<li> L\u00e4tta bordtennisracketar f\u00f6r ungdomar och vuxna<\/li>\n<li> B\u00e4rbar Oxford-tygv\u00e4ska med EVA-vaddering f\u00f6r skydd<\/li>\n<li> Ingen montering kr\u00e4vs<\/li>\n<\/ul>\n<p> Tekniska specifikationer:<\/p>\n<ul>\n<li> F\u00e4rg: Svart+R\u00f6d<\/li>\n<li> Material: Kryssfaner, Oxford-tyg, EVA, Plast<\/li>\n<li> Totala dimensioner: 25,8L x 15,2B x 0,7H cm<\/li>\n<li> Handtagsdimensioner: 10,2L x 3,3B cm<\/li>\n<li> Boll dimensioner: \u00d84 cm<\/li>\n<li> V\u00e4skans dimensioner: 28L x 28B x 7,5H cm<\/li>\n<\/ul>\n<p>Leverans inneh\u00e5ller:<\/p>\n<ul>\n<li> 4 x Bordtennisracketar<\/li>\n<li> 8 x Bollar<\/li>\n<li> 1 x B\u00e4rbar v\u00e4ska<\/li>\n<\/ul>\n","protected":false},"excerpt":{"rendered":"<p>Uppt\u00e4ck den perfekta blandningen av h\u00e5llbarhet och komfort med SPORTNOW bordtennisracket-setet. Varje bordtennisracket \u00e4r gjord av robust E1-kryssfaner och 1,5&#8230;<\/p>\n","protected":false},"featured_media":89583,"template":"","meta":[],"product_brand":[],"product_cat":[982,647],"product_tag":[],"class_list":{"0":"post-89593","1":"product","2":"type-product","3":"status-publish","4":"has-post-thumbnail","6":"product_cat-bollsport","7":"product_cat-sport-fritid","9":"first","10":"instock","11":"sale","12":"taxable","13":"shipping-taxable","14":"purchasable","15":"product-type-simple"},"yoast_head":"<!-- This site is optimized with the Yoast SEO plugin v25.4 - https:\/\/yoast.com\/wordpress\/plugins\/seo\/ -->\n<title>TRUUSK Bordtennis Set - 4 Racketar, 8 Bollar - F\u00f6r Inomhus &amp; Utomhus - Praktisk B\u00e4rp\u00e5se - H\u00f6g Kvalitet - TRUUSK - Hem, Tr\u00e4dg\u00e5rd &amp; Fritid<\/title>\n<meta name=\"robots\" content=\"index, follow, max-snippet:-1, max-image-preview:large, max-video-preview:-1\" \/>\n<link rel=\"canonical\" href=\"https:\/\/truusk.store\/sv\/produkt\/truusk-bordtennis-set-4-racketar-8-bollar-for-inomhus-utomhus-praktisk-barpase-hog-kvalitet\/\" \/>\n<meta property=\"og:locale\" content=\"sv_SE\" \/>\n<meta property=\"og:type\" content=\"article\" \/>\n<meta property=\"og:title\" content=\"TRUUSK Bordtennis Set - 4 Racketar, 8 Bollar - F\u00f6r Inomhus &amp; Utomhus - Praktisk B\u00e4rp\u00e5se - H\u00f6g Kvalitet - TRUUSK - Hem, Tr\u00e4dg\u00e5rd &amp; Fritid\" \/>\n<meta property=\"og:description\" content=\"Uppt\u00e4ck den perfekta blandningen av h\u00e5llbarhet och komfort med SPORTNOW bordtennisracket-setet. Varje bordtennisracket \u00e4r gjord av robust E1-kryssfaner och 1,5...\" \/>\n<meta property=\"og:url\" content=\"https:\/\/truusk.store\/sv\/produkt\/truusk-bordtennis-set-4-racketar-8-bollar-for-inomhus-utomhus-praktisk-barpase-hog-kvalitet\/\" \/>\n<meta property=\"og:site_name\" content=\"TRUUSK - Hem, Tr\u00e4dg\u00e5rd &amp; Fritid\" \/>\n<meta property=\"article:modified_time\" content=\"2026-03-12T07:46:11+00:00\" \/>\n<meta property=\"og:image\" content=\"https:\/\/i0.wp.com\/truusk.se\/wp-content\/uploads\/2025\/09\/sportnow-bordtennisracket-bordtennis-set-med-4-bordtennisracket-8-bordtennisbollar-barpase-for-inomhus-utomhus-1.webp?fit=2000%2C2000&ssl=1\" \/>\n\t<meta property=\"og:image:width\" content=\"2000\" \/>\n\t<meta property=\"og:image:height\" content=\"2000\" \/>\n\t<meta property=\"og:image:type\" content=\"image\/webp\" \/>\n<meta name=\"twitter:card\" content=\"summary_large_image\" \/>\n<meta name=\"twitter:label1\" content=\"Ber\u00e4knad l\u00e4stid\" \/>\n\t<meta name=\"twitter:data1\" content=\"1 minut\" \/>\n<!-- \/ Yoast SEO plugin. -->","yoast_head_json":{"title":"TRUUSK Bordtennis Set - 4 Racketar, 8 Bollar - F\u00f6r Inomhus &amp; Utomhus - Praktisk B\u00e4rp\u00e5se - H\u00f6g Kvalitet - TRUUSK - Hem, Tr\u00e4dg\u00e5rd &amp; Fritid","robots":{"index":"index","follow":"follow","max-snippet":"max-snippet:-1","max-image-preview":"max-image-preview:large","max-video-preview":"max-video-preview:-1"},"canonical":"https:\/\/truusk.store\/sv\/produkt\/truusk-bordtennis-set-4-racketar-8-bollar-for-inomhus-utomhus-praktisk-barpase-hog-kvalitet\/","og_locale":"sv_SE","og_type":"article","og_title":"TRUUSK Bordtennis Set - 4 Racketar, 8 Bollar - F\u00f6r Inomhus &amp; Utomhus - Praktisk B\u00e4rp\u00e5se - H\u00f6g Kvalitet - TRUUSK - Hem, Tr\u00e4dg\u00e5rd &amp; Fritid","og_description":"Uppt\u00e4ck den perfekta blandningen av h\u00e5llbarhet och komfort med SPORTNOW bordtennisracket-setet. Varje bordtennisracket \u00e4r gjord av robust E1-kryssfaner och 1,5...","og_url":"https:\/\/truusk.store\/sv\/produkt\/truusk-bordtennis-set-4-racketar-8-bollar-for-inomhus-utomhus-praktisk-barpase-hog-kvalitet\/","og_site_name":"TRUUSK - Hem, Tr\u00e4dg\u00e5rd &amp; Fritid","article_modified_time":"2026-03-12T07:46:11+00:00","og_image":[{"width":2000,"height":2000,"url":"https:\/\/i0.wp.com\/truusk.se\/wp-content\/uploads\/2025\/09\/sportnow-bordtennisracket-bordtennis-set-med-4-bordtennisracket-8-bordtennisbollar-barpase-for-inomhus-utomhus-1.webp?fit=2000%2C2000&ssl=1","type":"image\/webp"}],"twitter_card":"summary_large_image","twitter_misc":{"Ber\u00e4knad l\u00e4stid":"1 minut"},"schema":{"@context":"https:\/\/schema.org","@graph":[{"@type":"WebPage","@id":"https:\/\/truusk.store\/sv\/produkt\/truusk-bordtennis-set-4-racketar-8-bollar-for-inomhus-utomhus-praktisk-barpase-hog-kvalitet\/","url":"https:\/\/truusk.store\/sv\/produkt\/truusk-bordtennis-set-4-racketar-8-bollar-for-inomhus-utomhus-praktisk-barpase-hog-kvalitet\/","name":"TRUUSK Bordtennis Set - 4 Racketar, 8 Bollar - F\u00f6r Inomhus &amp; Utomhus - Praktisk B\u00e4rp\u00e5se - H\u00f6g Kvalitet - TRUUSK - Hem, Tr\u00e4dg\u00e5rd &amp; Fritid","isPartOf":{"@id":"https:\/\/truusk.store\/sv\/#website"},"primaryImageOfPage":{"@id":"https:\/\/truusk.store\/sv\/produkt\/truusk-bordtennis-set-4-racketar-8-bollar-for-inomhus-utomhus-praktisk-barpase-hog-kvalitet\/#primaryimage"},"image":{"@id":"https:\/\/truusk.store\/sv\/produkt\/truusk-bordtennis-set-4-racketar-8-bollar-for-inomhus-utomhus-praktisk-barpase-hog-kvalitet\/#primaryimage"},"thumbnailUrl":"https:\/\/i0.wp.com\/truusk.store\/wp-content\/uploads\/2025\/09\/sportnow-bordtennisracket-bordtennis-set-med-4-bordtennisracket-8-bordtennisbollar-barpase-for-inomhus-utomhus-1.webp?fit=2000%2C2000&ssl=1","datePublished":"2025-09-02T12:12:46+00:00","dateModified":"2026-03-12T07:46:11+00:00","breadcrumb":{"@id":"https:\/\/truusk.store\/sv\/produkt\/truusk-bordtennis-set-4-racketar-8-bollar-for-inomhus-utomhus-praktisk-barpase-hog-kvalitet\/#breadcrumb"},"inLanguage":"sv-SE","potentialAction":[{"@type":"ReadAction","target":["https:\/\/truusk.store\/sv\/produkt\/truusk-bordtennis-set-4-racketar-8-bollar-for-inomhus-utomhus-praktisk-barpase-hog-kvalitet\/"]}]},{"@type":"ImageObject","inLanguage":"sv-SE","@id":"https:\/\/truusk.store\/sv\/produkt\/truusk-bordtennis-set-4-racketar-8-bollar-for-inomhus-utomhus-praktisk-barpase-hog-kvalitet\/#primaryimage","url":"https:\/\/i0.wp.com\/truusk.store\/wp-content\/uploads\/2025\/09\/sportnow-bordtennisracket-bordtennis-set-med-4-bordtennisracket-8-bordtennisbollar-barpase-for-inomhus-utomhus-1.webp?fit=2000%2C2000&ssl=1","contentUrl":"https:\/\/i0.wp.com\/truusk.store\/wp-content\/uploads\/2025\/09\/sportnow-bordtennisracket-bordtennis-set-med-4-bordtennisracket-8-bordtennisbollar-barpase-for-inomhus-utomhus-1.webp?fit=2000%2C2000&ssl=1","width":2000,"height":2000},{"@type":"BreadcrumbList","@id":"https:\/\/truusk.store\/sv\/produkt\/truusk-bordtennis-set-4-racketar-8-bollar-for-inomhus-utomhus-praktisk-barpase-hog-kvalitet\/#breadcrumb","itemListElement":[{"@type":"ListItem","position":1,"name":"Home","item":"https:\/\/truusk.store\/sv\/"},{"@type":"ListItem","position":2,"name":"Shop","item":"https:\/\/truusk.store\/shop\/"},{"@type":"ListItem","position":3,"name":"TRUUSK Bordtennis Set &#8211; 4 Racketar, 8 Bollar &#8211; F\u00f6r Inomhus &amp; Utomhus &#8211; Praktisk B\u00e4rp\u00e5se &#8211; H\u00f6g Kvalitet"}]},{"@type":"WebSite","@id":"https:\/\/truusk.store\/sv\/#website","url":"https:\/\/truusk.store\/sv\/","name":"TRUUSK - Hem, Tr\u00e4dg\u00e5rd & Fritid","description":"","publisher":{"@id":"https:\/\/truusk.store\/sv\/#organization"},"potentialAction":[{"@type":"SearchAction","target":{"@type":"EntryPoint","urlTemplate":"https:\/\/truusk.store\/sv\/?s={search_term_string}"},"query-input":{"@type":"PropertyValueSpecification","valueRequired":true,"valueName":"search_term_string"}}],"inLanguage":"sv-SE"},{"@type":"Organization","@id":"https:\/\/truusk.store\/sv\/#organization","name":"TRUUSK - Hem, Tr\u00e4dg\u00e5rd & Fritid","url":"https:\/\/truusk.store\/sv\/","logo":{"@type":"ImageObject","inLanguage":"sv-SE","@id":"https:\/\/truusk.store\/sv\/#\/schema\/logo\/image\/","url":"https:\/\/i0.wp.com\/truusk.store\/wp-content\/uploads\/2026\/03\/cropped-TRUUSK.png?fit=2032%2C917&ssl=1","contentUrl":"https:\/\/i0.wp.com\/truusk.store\/wp-content\/uploads\/2026\/03\/cropped-TRUUSK.png?fit=2032%2C917&ssl=1","width":2032,"height":917,"caption":"TRUUSK - Hem, Tr\u00e4dg\u00e5rd & Fritid"},"image":{"@id":"https:\/\/truusk.store\/sv\/#\/schema\/logo\/image\/"}}]}},"jetpack_sharing_enabled":true,"_links":{"self":[{"href":"https:\/\/truusk.store\/sv\/wp-json\/wp\/v2\/product\/89593","targetHints":{"allow":["GET"]}}],"collection":[{"href":"https:\/\/truusk.store\/sv\/wp-json\/wp\/v2\/product"}],"about":[{"href":"https:\/\/truusk.store\/sv\/wp-json\/wp\/v2\/types\/product"}],"wp:featuredmedia":[{"embeddable":true,"href":"https:\/\/truusk.store\/sv\/wp-json\/wp\/v2\/media\/89583"}],"wp:attachment":[{"href":"https:\/\/truusk.store\/sv\/wp-json\/wp\/v2\/media?parent=89593"}],"wp:term":[{"taxonomy":"product_brand","embeddable":true,"href":"https:\/\/truusk.store\/sv\/wp-json\/wp\/v2\/product_brand?post=89593"},{"taxonomy":"product_cat","embeddable":true,"href":"https:\/\/truusk.store\/sv\/wp-json\/wp\/v2\/product_cat?post=89593"},{"taxonomy":"product_tag","embeddable":true,"href":"https:\/\/truusk.store\/sv\/wp-json\/wp\/v2\/product_tag?post=89593"}],"curies":[{"name":"wp","href":"https:\/\/api.w.org\/{rel}","templated":true}]}}