{"id":89643,"date":"2025-09-02T13:17:46","date_gmt":"2025-09-02T12:17:46","guid":{"rendered":"https:\/\/truusk.store\/product\/aiyaplay-barns-elektriska-motorcykel-6v-barnmotorcykel-med-musik-bubblor-25-3-km-h-for-2-5-ar-gamla-barn\/"},"modified":"2026-03-12T08:46:19","modified_gmt":"2026-03-12T07:46:19","slug":"truusk-elektrisk-barnmotorcykel-6v-med-musik-bubblor-for-barn-2-5-ar-bla","status":"publish","type":"product","link":"https:\/\/truusk.store\/sv\/produkt\/truusk-elektrisk-barnmotorcykel-6v-med-musik-bubblor-for-barn-2-5-ar-bla\/","title":{"rendered":"TRUUSK Elektrisk Barnmotorcykel 6V &#8211; Med Musik &#8211; Bubblor &#8211; F\u00f6r Barn 2-5 \u00c5r &#8211; Bl\u00e5"},"content":{"rendered":"<p>Upplev AIYAPLAY barnmotorcykel! Denna barns elektriska motorcykel k\u00f6r fram\u00e5t och bak\u00e5t och producerar musikbubblor (v\u00e4tska ing\u00e5r inte). Med realistisk str\u00e5lkastare f\u00f6r s\u00e4ker k\u00f6rning vid 2,5-3 km\/h. G\u00f6r dig redo f\u00f6r timmar av lekgl\u00e4dje med den elektriska motorcykeln!<\/p>\n<p>Beskrivning:<\/p>\n<ul>\n<li> Bl\u00e5s bubblor i takt med musiken n\u00e4r du g\u00e5r fram\u00e5t<\/li>\n<li> Elektrisk motorcykel f\u00f6r barn k\u00f6r fram\u00e5t och bak\u00e5t, f\u00f6rb\u00e4ttrar motoriska f\u00e4rdigheter<\/li>\n<li> En ljus str\u00e5lkastarljus p\u00e5 det elektriska fordonet f\u00f6rb\u00e4ttrar synligheten och gl\u00e4djer barnen<\/li>\n<li> Tre hjul p\u00e5 barnmotorcykeln garanterar en stabil och balanserad k\u00f6rning<\/li>\n<li> En bed\u00e5rande design med smutsskydd f\u00e5ngar unga hj\u00e4rtan<\/li>\n<li> En s\u00e4ker hastighet motsvarar vuxnas g\u00e5ngtempo och garanterar s\u00e4kerhet<\/li>\n<li> Montering kr\u00e4vs stimulerar praktiskt l\u00e4rande och st\u00e4rker familjeband.<\/li>\n<\/ul>\n<p> Tekniska data:<\/p>\n<ul>\n<li> F\u00e4rg: R\u00f6d<\/li>\n<li> Material: Plast, metall<\/li>\n<li> Totala dimensioner: 80L x 36B x 43,5H cm<\/li>\n<li> Hastighet: 2,5-3 km\/h<\/li>\n<li> Sitsstorlek: 23L x 12B x 25H cm (fr\u00e5n golvet)<\/li>\n<li> Hjuldiameter: \u00d8 20 cm<\/li>\n<li> Laddningstid: 8-12 timmar<\/li>\n<li> Drifttid: 45 min<\/li>\n<li> Batteri: 6V 4,5AH<\/li>\n<li> Max. belastningskapacitet: 30 kg<\/li>\n<li> Kvalificerad \u00e5lder: \u00f6ver 18 m\u00e5nader<\/li>\n<li> Rekommenderad \u00e5lder: 2-5 \u00e5r<\/li>\n<li> Obs: \u00d6vervaka alltid dina barn n\u00e4r de anv\u00e4nder denna produkt<\/li>\n<\/ul>\n<p>Leveransinneh\u00e5ll:<\/p>\n<ul>\n<li> 1 x Elektrisk motorcykel f\u00f6r barn<\/li>\n<li> 1 x Monteringsanvisning<\/li>\n<\/ul>\n","protected":false},"excerpt":{"rendered":"<p>Upplev AIYAPLAY barnmotorcykel! Denna barns elektriska motorcykel k\u00f6r fram\u00e5t och bak\u00e5t och producerar musikbubblor (v\u00e4tska ing\u00e5r inte). Med realistisk str\u00e5lkastare&#8230;<\/p>\n","protected":false},"featured_media":89634,"template":"","meta":[],"product_brand":[],"product_cat":[880,610,1066],"product_tag":[],"class_list":{"0":"post-89643","1":"product","2":"type-product","3":"status-publish","4":"has-post-thumbnail","6":"product_cat-baby-barn-2","7":"product_cat-barnfordon","8":"product_cat-barns-elbilar","10":"first","11":"instock","12":"sale","13":"taxable","14":"shipping-taxable","15":"purchasable","16":"product-type-simple"},"yoast_head":"<!-- This site is optimized with the Yoast SEO plugin v25.4 - https:\/\/yoast.com\/wordpress\/plugins\/seo\/ -->\n<title>TRUUSK Elektrisk Barnmotorcykel 6V - Med Musik - Bubblor - F\u00f6r Barn 2-5 \u00c5r - Bl\u00e5 - TRUUSK - Hem, Tr\u00e4dg\u00e5rd &amp; Fritid<\/title>\n<meta name=\"robots\" content=\"index, follow, max-snippet:-1, max-image-preview:large, max-video-preview:-1\" \/>\n<link rel=\"canonical\" href=\"https:\/\/truusk.store\/sv\/produkt\/truusk-elektrisk-barnmotorcykel-6v-med-musik-bubblor-for-barn-2-5-ar-bla\/\" \/>\n<meta property=\"og:locale\" content=\"sv_SE\" \/>\n<meta property=\"og:type\" content=\"article\" \/>\n<meta property=\"og:title\" content=\"TRUUSK Elektrisk Barnmotorcykel 6V - Med Musik - Bubblor - F\u00f6r Barn 2-5 \u00c5r - Bl\u00e5 - TRUUSK - Hem, Tr\u00e4dg\u00e5rd &amp; Fritid\" \/>\n<meta property=\"og:description\" content=\"Upplev AIYAPLAY barnmotorcykel! Denna barns elektriska motorcykel k\u00f6r fram\u00e5t och bak\u00e5t och producerar musikbubblor (v\u00e4tska ing\u00e5r inte). Med realistisk str\u00e5lkastare...\" \/>\n<meta property=\"og:url\" content=\"https:\/\/truusk.store\/sv\/produkt\/truusk-elektrisk-barnmotorcykel-6v-med-musik-bubblor-for-barn-2-5-ar-bla\/\" \/>\n<meta property=\"og:site_name\" content=\"TRUUSK - Hem, Tr\u00e4dg\u00e5rd &amp; Fritid\" \/>\n<meta property=\"article:modified_time\" content=\"2026-03-12T07:46:19+00:00\" \/>\n<meta property=\"og:image\" content=\"https:\/\/i0.wp.com\/truusk.se\/wp-content\/uploads\/2025\/09\/aiyaplay-barns-elektriska-motorcykel-6v-barnmotorcykel-med-musik-bubblor-25-3-km-h-for-2-5-ar-gamla-barn-1.webp?fit=2000%2C2000&ssl=1\" \/>\n\t<meta property=\"og:image:width\" content=\"2000\" \/>\n\t<meta property=\"og:image:height\" content=\"2000\" \/>\n\t<meta property=\"og:image:type\" content=\"image\/webp\" \/>\n<meta name=\"twitter:card\" content=\"summary_large_image\" \/>\n<meta name=\"twitter:label1\" content=\"Ber\u00e4knad l\u00e4stid\" \/>\n\t<meta name=\"twitter:data1\" content=\"1 minut\" \/>\n<!-- \/ Yoast SEO plugin. -->","yoast_head_json":{"title":"TRUUSK Elektrisk Barnmotorcykel 6V - Med Musik - Bubblor - F\u00f6r Barn 2-5 \u00c5r - Bl\u00e5 - TRUUSK - Hem, Tr\u00e4dg\u00e5rd &amp; Fritid","robots":{"index":"index","follow":"follow","max-snippet":"max-snippet:-1","max-image-preview":"max-image-preview:large","max-video-preview":"max-video-preview:-1"},"canonical":"https:\/\/truusk.store\/sv\/produkt\/truusk-elektrisk-barnmotorcykel-6v-med-musik-bubblor-for-barn-2-5-ar-bla\/","og_locale":"sv_SE","og_type":"article","og_title":"TRUUSK Elektrisk Barnmotorcykel 6V - Med Musik - Bubblor - F\u00f6r Barn 2-5 \u00c5r - Bl\u00e5 - TRUUSK - Hem, Tr\u00e4dg\u00e5rd &amp; Fritid","og_description":"Upplev AIYAPLAY barnmotorcykel! Denna barns elektriska motorcykel k\u00f6r fram\u00e5t och bak\u00e5t och producerar musikbubblor (v\u00e4tska ing\u00e5r inte). Med realistisk str\u00e5lkastare...","og_url":"https:\/\/truusk.store\/sv\/produkt\/truusk-elektrisk-barnmotorcykel-6v-med-musik-bubblor-for-barn-2-5-ar-bla\/","og_site_name":"TRUUSK - Hem, Tr\u00e4dg\u00e5rd &amp; Fritid","article_modified_time":"2026-03-12T07:46:19+00:00","og_image":[{"width":2000,"height":2000,"url":"https:\/\/i0.wp.com\/truusk.se\/wp-content\/uploads\/2025\/09\/aiyaplay-barns-elektriska-motorcykel-6v-barnmotorcykel-med-musik-bubblor-25-3-km-h-for-2-5-ar-gamla-barn-1.webp?fit=2000%2C2000&ssl=1","type":"image\/webp"}],"twitter_card":"summary_large_image","twitter_misc":{"Ber\u00e4knad l\u00e4stid":"1 minut"},"schema":{"@context":"https:\/\/schema.org","@graph":[{"@type":"WebPage","@id":"https:\/\/truusk.store\/sv\/produkt\/truusk-elektrisk-barnmotorcykel-6v-med-musik-bubblor-for-barn-2-5-ar-bla\/","url":"https:\/\/truusk.store\/sv\/produkt\/truusk-elektrisk-barnmotorcykel-6v-med-musik-bubblor-for-barn-2-5-ar-bla\/","name":"TRUUSK Elektrisk Barnmotorcykel 6V - Med Musik - Bubblor - F\u00f6r Barn 2-5 \u00c5r - Bl\u00e5 - TRUUSK - Hem, Tr\u00e4dg\u00e5rd &amp; Fritid","isPartOf":{"@id":"https:\/\/truusk.store\/sv\/#website"},"primaryImageOfPage":{"@id":"https:\/\/truusk.store\/sv\/produkt\/truusk-elektrisk-barnmotorcykel-6v-med-musik-bubblor-for-barn-2-5-ar-bla\/#primaryimage"},"image":{"@id":"https:\/\/truusk.store\/sv\/produkt\/truusk-elektrisk-barnmotorcykel-6v-med-musik-bubblor-for-barn-2-5-ar-bla\/#primaryimage"},"thumbnailUrl":"https:\/\/i0.wp.com\/truusk.store\/wp-content\/uploads\/2025\/09\/aiyaplay-barns-elektriska-motorcykel-6v-barnmotorcykel-med-musik-bubblor-25-3-km-h-for-2-5-ar-gamla-barn-1.webp?fit=2000%2C2000&ssl=1","datePublished":"2025-09-02T12:17:46+00:00","dateModified":"2026-03-12T07:46:19+00:00","breadcrumb":{"@id":"https:\/\/truusk.store\/sv\/produkt\/truusk-elektrisk-barnmotorcykel-6v-med-musik-bubblor-for-barn-2-5-ar-bla\/#breadcrumb"},"inLanguage":"sv-SE","potentialAction":[{"@type":"ReadAction","target":["https:\/\/truusk.store\/sv\/produkt\/truusk-elektrisk-barnmotorcykel-6v-med-musik-bubblor-for-barn-2-5-ar-bla\/"]}]},{"@type":"ImageObject","inLanguage":"sv-SE","@id":"https:\/\/truusk.store\/sv\/produkt\/truusk-elektrisk-barnmotorcykel-6v-med-musik-bubblor-for-barn-2-5-ar-bla\/#primaryimage","url":"https:\/\/i0.wp.com\/truusk.store\/wp-content\/uploads\/2025\/09\/aiyaplay-barns-elektriska-motorcykel-6v-barnmotorcykel-med-musik-bubblor-25-3-km-h-for-2-5-ar-gamla-barn-1.webp?fit=2000%2C2000&ssl=1","contentUrl":"https:\/\/i0.wp.com\/truusk.store\/wp-content\/uploads\/2025\/09\/aiyaplay-barns-elektriska-motorcykel-6v-barnmotorcykel-med-musik-bubblor-25-3-km-h-for-2-5-ar-gamla-barn-1.webp?fit=2000%2C2000&ssl=1","width":2000,"height":2000},{"@type":"BreadcrumbList","@id":"https:\/\/truusk.store\/sv\/produkt\/truusk-elektrisk-barnmotorcykel-6v-med-musik-bubblor-for-barn-2-5-ar-bla\/#breadcrumb","itemListElement":[{"@type":"ListItem","position":1,"name":"Home","item":"https:\/\/truusk.store\/sv\/"},{"@type":"ListItem","position":2,"name":"Shop","item":"https:\/\/truusk.store\/shop\/"},{"@type":"ListItem","position":3,"name":"TRUUSK Elektrisk Barnmotorcykel 6V &#8211; Med Musik &#8211; Bubblor &#8211; F\u00f6r Barn 2-5 \u00c5r &#8211; Bl\u00e5"}]},{"@type":"WebSite","@id":"https:\/\/truusk.store\/sv\/#website","url":"https:\/\/truusk.store\/sv\/","name":"TRUUSK - Hem, Tr\u00e4dg\u00e5rd & Fritid","description":"","publisher":{"@id":"https:\/\/truusk.store\/sv\/#organization"},"potentialAction":[{"@type":"SearchAction","target":{"@type":"EntryPoint","urlTemplate":"https:\/\/truusk.store\/sv\/?s={search_term_string}"},"query-input":{"@type":"PropertyValueSpecification","valueRequired":true,"valueName":"search_term_string"}}],"inLanguage":"sv-SE"},{"@type":"Organization","@id":"https:\/\/truusk.store\/sv\/#organization","name":"TRUUSK - Hem, Tr\u00e4dg\u00e5rd & Fritid","url":"https:\/\/truusk.store\/sv\/","logo":{"@type":"ImageObject","inLanguage":"sv-SE","@id":"https:\/\/truusk.store\/sv\/#\/schema\/logo\/image\/","url":"https:\/\/i0.wp.com\/truusk.store\/wp-content\/uploads\/2026\/03\/cropped-TRUUSK.png?fit=2032%2C917&ssl=1","contentUrl":"https:\/\/i0.wp.com\/truusk.store\/wp-content\/uploads\/2026\/03\/cropped-TRUUSK.png?fit=2032%2C917&ssl=1","width":2032,"height":917,"caption":"TRUUSK - Hem, Tr\u00e4dg\u00e5rd & Fritid"},"image":{"@id":"https:\/\/truusk.store\/sv\/#\/schema\/logo\/image\/"}}]}},"jetpack_sharing_enabled":true,"_links":{"self":[{"href":"https:\/\/truusk.store\/sv\/wp-json\/wp\/v2\/product\/89643","targetHints":{"allow":["GET"]}}],"collection":[{"href":"https:\/\/truusk.store\/sv\/wp-json\/wp\/v2\/product"}],"about":[{"href":"https:\/\/truusk.store\/sv\/wp-json\/wp\/v2\/types\/product"}],"wp:featuredmedia":[{"embeddable":true,"href":"https:\/\/truusk.store\/sv\/wp-json\/wp\/v2\/media\/89634"}],"wp:attachment":[{"href":"https:\/\/truusk.store\/sv\/wp-json\/wp\/v2\/media?parent=89643"}],"wp:term":[{"taxonomy":"product_brand","embeddable":true,"href":"https:\/\/truusk.store\/sv\/wp-json\/wp\/v2\/product_brand?post=89643"},{"taxonomy":"product_cat","embeddable":true,"href":"https:\/\/truusk.store\/sv\/wp-json\/wp\/v2\/product_cat?post=89643"},{"taxonomy":"product_tag","embeddable":true,"href":"https:\/\/truusk.store\/sv\/wp-json\/wp\/v2\/product_tag?post=89643"}],"curies":[{"name":"wp","href":"https:\/\/api.w.org\/{rel}","templated":true}]}}