{"id":89653,"date":"2025-09-02T13:18:32","date_gmt":"2025-09-02T12:18:32","guid":{"rendered":"https:\/\/truusk.store\/product\/aiyaplay-barns-elektriska-bil-12v-barnbil-med-fjarrkontroll-mjukstart-mp3-spelare-led-lampor-horn-energiindikator-gul\/"},"modified":"2026-03-12T08:46:21","modified_gmt":"2026-03-12T07:46:21","slug":"truusk-elektrisk-bil-for-barn-12v-med-fjarrkontroll-mjukstart-mp3-spelare-led-lampor-horn-energiindikator-gul","status":"publish","type":"product","link":"https:\/\/truusk.store\/sv\/produkt\/truusk-elektrisk-bil-for-barn-12v-med-fjarrkontroll-mjukstart-mp3-spelare-led-lampor-horn-energiindikator-gul\/","title":{"rendered":"TRUUSK Elektrisk bil f\u00f6r barn, 12V med fj\u00e4rrkontroll &#8211; Mjukstart &#8211; MP3-spelare &#8211; LED-lampor &#8211; Horn &#8211; Energiindikator &#8211; Gul"},"content":{"rendered":"<p>Gl\u00e4d ditt barn med AIYAPLAY RUF CTR 2017-Yellowbird barns elbil. De kraftfulla dubbla motorerna med 25W var garanterar sp\u00e4nnande \u00e5kturer och en mjuk start f\u00f6r \u00f6kad s\u00e4kerhet. Med tv\u00e5 styrningsl\u00e4gen: fj\u00e4rrkontroll f\u00f6r de sm\u00e5 och direkt kontroll via ratt och pedal f\u00f6r \u00e4ldre barn. En elbil som ger stor gl\u00e4dje.<\/p>\n<p>Beskrivning:<\/p>\n<ul>\n<li> Officiellt licensierad design av barnens elbil, en stilfull och sp\u00e4nnande present f\u00f6r unga bilfans<\/li>\n<li> Tv\u00e5 25W motorer ger kraftfull, mjuk och s\u00e4ker acceleration<\/li>\n<li> Tv\u00e5 l\u00e4gen: fj\u00e4rrkontroll av f\u00f6r\u00e4ldrar garanterar s\u00e4kerhet, \u00e4ldre barn k\u00f6r sj\u00e4lvst\u00e4ndigt<\/li>\n<li> N\u00e5r upp till 5 km\/h \u2013 s\u00e4kert men \u00e4nd\u00e5 sp\u00e4nnande f\u00f6r unga f\u00f6rare<\/li>\n<li> 12V batteri i elbilen ger 60-80 minuter f\u00f6rl\u00e4ngd drifttid<\/li>\n<li> MP3-musik, horn och ljus ger realistisk k\u00f6rupplevelse<\/li>\n<li> Tydlig energiindikator l\u00e5ter f\u00f6r\u00e4ldrar \u00f6vervaka batteriet f\u00f6r att undvika avbrott<\/li>\n<li> Montering kr\u00e4vs<\/li>\n<\/ul>\n<p> Tekniska data:<\/p>\n<ul>\n<li> F\u00e4rg: Gul<\/li>\n<li> Material: Plast, metall<\/li>\n<li> Totala dimensioner: 103L x 55B x 44H cm<\/li>\n<li> Sitsstorlek: 32B x 19,5T cm<\/li>\n<li> Sitth\u00f6jd: 13 cm<\/li>\n<li> Hjulstorlek: \u00d821,5 cm<\/li>\n<li> Fj\u00e4rrkontrollavst\u00e5nd: \u226415 m<\/li>\n<li> Batteri: 12V 4,5Ah<\/li>\n<li> Laddningstid: 8-10 timmar (f\u00f6rsta g\u00e5ngen), 10-12 timmar (regelbundet)<\/li>\n<li> Speltid: 60-80 minuter<\/li>\n<li> Till\u00e5ten\/rekommenderad \u00e5lder: 3\u20136 \u00e5r<\/li>\n<li> Maximal belastning: 25 kg<\/li>\n<\/ul>\n<p>Leveransinneh\u00e5ll:<\/p>\n<ul>\n<li> 1 x El-barnbil<\/li>\n<li> 1 x Fj\u00e4rrkontroll<\/li>\n<li> 1 x Bruksanvisning<\/li>\n<\/ul>\n","protected":false},"excerpt":{"rendered":"<p>Gl\u00e4d ditt barn med AIYAPLAY RUF CTR 2017-Yellowbird barns elbil. De kraftfulla dubbla motorerna med 25W var garanterar sp\u00e4nnande \u00e5kturer&#8230;<\/p>\n","protected":false},"featured_media":89644,"template":"","meta":[],"product_brand":[],"product_cat":[880,610,1066],"product_tag":[],"class_list":{"0":"post-89653","1":"product","2":"type-product","3":"status-publish","4":"has-post-thumbnail","6":"product_cat-baby-barn-2","7":"product_cat-barnfordon","8":"product_cat-barns-elbilar","10":"first","11":"instock","12":"sale","13":"taxable","14":"shipping-taxable","15":"purchasable","16":"product-type-simple"},"yoast_head":"<!-- This site is optimized with the Yoast SEO plugin v25.4 - https:\/\/yoast.com\/wordpress\/plugins\/seo\/ -->\n<title>TRUUSK Elektrisk bil f\u00f6r barn, 12V med fj\u00e4rrkontroll - Mjukstart - MP3-spelare - LED-lampor - Horn - Energiindikator - Gul - TRUUSK - Hem, Tr\u00e4dg\u00e5rd &amp; Fritid<\/title>\n<meta name=\"robots\" content=\"index, follow, max-snippet:-1, max-image-preview:large, max-video-preview:-1\" \/>\n<link rel=\"canonical\" href=\"https:\/\/truusk.store\/sv\/produkt\/truusk-elektrisk-bil-for-barn-12v-med-fjarrkontroll-mjukstart-mp3-spelare-led-lampor-horn-energiindikator-gul\/\" \/>\n<meta property=\"og:locale\" content=\"sv_SE\" \/>\n<meta property=\"og:type\" content=\"article\" \/>\n<meta property=\"og:title\" content=\"TRUUSK Elektrisk bil f\u00f6r barn, 12V med fj\u00e4rrkontroll - Mjukstart - MP3-spelare - LED-lampor - Horn - Energiindikator - Gul - TRUUSK - Hem, Tr\u00e4dg\u00e5rd &amp; Fritid\" \/>\n<meta property=\"og:description\" content=\"Gl\u00e4d ditt barn med AIYAPLAY RUF CTR 2017-Yellowbird barns elbil. De kraftfulla dubbla motorerna med 25W var garanterar sp\u00e4nnande \u00e5kturer...\" \/>\n<meta property=\"og:url\" content=\"https:\/\/truusk.store\/sv\/produkt\/truusk-elektrisk-bil-for-barn-12v-med-fjarrkontroll-mjukstart-mp3-spelare-led-lampor-horn-energiindikator-gul\/\" \/>\n<meta property=\"og:site_name\" content=\"TRUUSK - Hem, Tr\u00e4dg\u00e5rd &amp; Fritid\" \/>\n<meta property=\"article:modified_time\" content=\"2026-03-12T07:46:21+00:00\" \/>\n<meta property=\"og:image\" content=\"https:\/\/i0.wp.com\/truusk.se\/wp-content\/uploads\/2025\/09\/aiyaplay-barns-elektriska-bil-12v-barnbil-med-fjarrkontroll-mjukstart-mp3-spelare-led-lampor-horn-energiindikator-gul-1.webp?fit=2000%2C2000&ssl=1\" \/>\n\t<meta property=\"og:image:width\" content=\"2000\" \/>\n\t<meta property=\"og:image:height\" content=\"2000\" \/>\n\t<meta property=\"og:image:type\" content=\"image\/webp\" \/>\n<meta name=\"twitter:card\" content=\"summary_large_image\" \/>\n<meta name=\"twitter:label1\" content=\"Ber\u00e4knad l\u00e4stid\" \/>\n\t<meta name=\"twitter:data1\" content=\"1 minut\" \/>\n<!-- \/ Yoast SEO plugin. -->","yoast_head_json":{"title":"TRUUSK Elektrisk bil f\u00f6r barn, 12V med fj\u00e4rrkontroll - Mjukstart - MP3-spelare - LED-lampor - Horn - Energiindikator - Gul - TRUUSK - Hem, Tr\u00e4dg\u00e5rd &amp; Fritid","robots":{"index":"index","follow":"follow","max-snippet":"max-snippet:-1","max-image-preview":"max-image-preview:large","max-video-preview":"max-video-preview:-1"},"canonical":"https:\/\/truusk.store\/sv\/produkt\/truusk-elektrisk-bil-for-barn-12v-med-fjarrkontroll-mjukstart-mp3-spelare-led-lampor-horn-energiindikator-gul\/","og_locale":"sv_SE","og_type":"article","og_title":"TRUUSK Elektrisk bil f\u00f6r barn, 12V med fj\u00e4rrkontroll - Mjukstart - MP3-spelare - LED-lampor - Horn - Energiindikator - Gul - TRUUSK - Hem, Tr\u00e4dg\u00e5rd &amp; Fritid","og_description":"Gl\u00e4d ditt barn med AIYAPLAY RUF CTR 2017-Yellowbird barns elbil. De kraftfulla dubbla motorerna med 25W var garanterar sp\u00e4nnande \u00e5kturer...","og_url":"https:\/\/truusk.store\/sv\/produkt\/truusk-elektrisk-bil-for-barn-12v-med-fjarrkontroll-mjukstart-mp3-spelare-led-lampor-horn-energiindikator-gul\/","og_site_name":"TRUUSK - Hem, Tr\u00e4dg\u00e5rd &amp; Fritid","article_modified_time":"2026-03-12T07:46:21+00:00","og_image":[{"width":2000,"height":2000,"url":"https:\/\/i0.wp.com\/truusk.se\/wp-content\/uploads\/2025\/09\/aiyaplay-barns-elektriska-bil-12v-barnbil-med-fjarrkontroll-mjukstart-mp3-spelare-led-lampor-horn-energiindikator-gul-1.webp?fit=2000%2C2000&ssl=1","type":"image\/webp"}],"twitter_card":"summary_large_image","twitter_misc":{"Ber\u00e4knad l\u00e4stid":"1 minut"},"schema":{"@context":"https:\/\/schema.org","@graph":[{"@type":"WebPage","@id":"https:\/\/truusk.store\/sv\/produkt\/truusk-elektrisk-bil-for-barn-12v-med-fjarrkontroll-mjukstart-mp3-spelare-led-lampor-horn-energiindikator-gul\/","url":"https:\/\/truusk.store\/sv\/produkt\/truusk-elektrisk-bil-for-barn-12v-med-fjarrkontroll-mjukstart-mp3-spelare-led-lampor-horn-energiindikator-gul\/","name":"TRUUSK Elektrisk bil f\u00f6r barn, 12V med fj\u00e4rrkontroll - Mjukstart - MP3-spelare - LED-lampor - Horn - Energiindikator - Gul - TRUUSK - Hem, Tr\u00e4dg\u00e5rd &amp; Fritid","isPartOf":{"@id":"https:\/\/truusk.store\/sv\/#website"},"primaryImageOfPage":{"@id":"https:\/\/truusk.store\/sv\/produkt\/truusk-elektrisk-bil-for-barn-12v-med-fjarrkontroll-mjukstart-mp3-spelare-led-lampor-horn-energiindikator-gul\/#primaryimage"},"image":{"@id":"https:\/\/truusk.store\/sv\/produkt\/truusk-elektrisk-bil-for-barn-12v-med-fjarrkontroll-mjukstart-mp3-spelare-led-lampor-horn-energiindikator-gul\/#primaryimage"},"thumbnailUrl":"https:\/\/i0.wp.com\/truusk.store\/wp-content\/uploads\/2025\/09\/aiyaplay-barns-elektriska-bil-12v-barnbil-med-fjarrkontroll-mjukstart-mp3-spelare-led-lampor-horn-energiindikator-gul-1.webp?fit=2000%2C2000&ssl=1","datePublished":"2025-09-02T12:18:32+00:00","dateModified":"2026-03-12T07:46:21+00:00","breadcrumb":{"@id":"https:\/\/truusk.store\/sv\/produkt\/truusk-elektrisk-bil-for-barn-12v-med-fjarrkontroll-mjukstart-mp3-spelare-led-lampor-horn-energiindikator-gul\/#breadcrumb"},"inLanguage":"sv-SE","potentialAction":[{"@type":"ReadAction","target":["https:\/\/truusk.store\/sv\/produkt\/truusk-elektrisk-bil-for-barn-12v-med-fjarrkontroll-mjukstart-mp3-spelare-led-lampor-horn-energiindikator-gul\/"]}]},{"@type":"ImageObject","inLanguage":"sv-SE","@id":"https:\/\/truusk.store\/sv\/produkt\/truusk-elektrisk-bil-for-barn-12v-med-fjarrkontroll-mjukstart-mp3-spelare-led-lampor-horn-energiindikator-gul\/#primaryimage","url":"https:\/\/i0.wp.com\/truusk.store\/wp-content\/uploads\/2025\/09\/aiyaplay-barns-elektriska-bil-12v-barnbil-med-fjarrkontroll-mjukstart-mp3-spelare-led-lampor-horn-energiindikator-gul-1.webp?fit=2000%2C2000&ssl=1","contentUrl":"https:\/\/i0.wp.com\/truusk.store\/wp-content\/uploads\/2025\/09\/aiyaplay-barns-elektriska-bil-12v-barnbil-med-fjarrkontroll-mjukstart-mp3-spelare-led-lampor-horn-energiindikator-gul-1.webp?fit=2000%2C2000&ssl=1","width":2000,"height":2000},{"@type":"BreadcrumbList","@id":"https:\/\/truusk.store\/sv\/produkt\/truusk-elektrisk-bil-for-barn-12v-med-fjarrkontroll-mjukstart-mp3-spelare-led-lampor-horn-energiindikator-gul\/#breadcrumb","itemListElement":[{"@type":"ListItem","position":1,"name":"Home","item":"https:\/\/truusk.store\/sv\/"},{"@type":"ListItem","position":2,"name":"Shop","item":"https:\/\/truusk.store\/shop\/"},{"@type":"ListItem","position":3,"name":"TRUUSK Elektrisk bil f\u00f6r barn, 12V med fj\u00e4rrkontroll &#8211; Mjukstart &#8211; MP3-spelare &#8211; LED-lampor &#8211; Horn &#8211; Energiindikator &#8211; Gul"}]},{"@type":"WebSite","@id":"https:\/\/truusk.store\/sv\/#website","url":"https:\/\/truusk.store\/sv\/","name":"TRUUSK - Hem, Tr\u00e4dg\u00e5rd & Fritid","description":"","publisher":{"@id":"https:\/\/truusk.store\/sv\/#organization"},"potentialAction":[{"@type":"SearchAction","target":{"@type":"EntryPoint","urlTemplate":"https:\/\/truusk.store\/sv\/?s={search_term_string}"},"query-input":{"@type":"PropertyValueSpecification","valueRequired":true,"valueName":"search_term_string"}}],"inLanguage":"sv-SE"},{"@type":"Organization","@id":"https:\/\/truusk.store\/sv\/#organization","name":"TRUUSK - Hem, Tr\u00e4dg\u00e5rd & Fritid","url":"https:\/\/truusk.store\/sv\/","logo":{"@type":"ImageObject","inLanguage":"sv-SE","@id":"https:\/\/truusk.store\/sv\/#\/schema\/logo\/image\/","url":"https:\/\/i0.wp.com\/truusk.store\/wp-content\/uploads\/2026\/03\/cropped-TRUUSK.png?fit=2032%2C917&ssl=1","contentUrl":"https:\/\/i0.wp.com\/truusk.store\/wp-content\/uploads\/2026\/03\/cropped-TRUUSK.png?fit=2032%2C917&ssl=1","width":2032,"height":917,"caption":"TRUUSK - Hem, Tr\u00e4dg\u00e5rd & Fritid"},"image":{"@id":"https:\/\/truusk.store\/sv\/#\/schema\/logo\/image\/"}}]}},"jetpack_sharing_enabled":true,"_links":{"self":[{"href":"https:\/\/truusk.store\/sv\/wp-json\/wp\/v2\/product\/89653","targetHints":{"allow":["GET"]}}],"collection":[{"href":"https:\/\/truusk.store\/sv\/wp-json\/wp\/v2\/product"}],"about":[{"href":"https:\/\/truusk.store\/sv\/wp-json\/wp\/v2\/types\/product"}],"wp:featuredmedia":[{"embeddable":true,"href":"https:\/\/truusk.store\/sv\/wp-json\/wp\/v2\/media\/89644"}],"wp:attachment":[{"href":"https:\/\/truusk.store\/sv\/wp-json\/wp\/v2\/media?parent=89653"}],"wp:term":[{"taxonomy":"product_brand","embeddable":true,"href":"https:\/\/truusk.store\/sv\/wp-json\/wp\/v2\/product_brand?post=89653"},{"taxonomy":"product_cat","embeddable":true,"href":"https:\/\/truusk.store\/sv\/wp-json\/wp\/v2\/product_cat?post=89653"},{"taxonomy":"product_tag","embeddable":true,"href":"https:\/\/truusk.store\/sv\/wp-json\/wp\/v2\/product_tag?post=89653"}],"curies":[{"name":"wp","href":"https:\/\/api.w.org\/{rel}","templated":true}]}}