{"id":89673,"date":"2025-09-02T13:20:38","date_gmt":"2025-09-02T12:20:38","guid":{"rendered":"https:\/\/truusk.store\/product\/aiyaplay-elektrisk-barntraktor-sitt-pa-traktor-med-fjarrkontroll-mjukstart-for-barn-i-aldern-3-8-ar-gron\/"},"modified":"2026-03-12T08:46:21","modified_gmt":"2026-03-12T07:46:21","slug":"truusk-elektrisk-barntraktor-med-fjarrkontroll-mjukstart-for-barn-3-8-ar-gron","status":"publish","type":"product","link":"https:\/\/truusk.store\/sv\/produkt\/truusk-elektrisk-barntraktor-med-fjarrkontroll-mjukstart-for-barn-3-8-ar-gron\/","title":{"rendered":"TRUUSK Elektrisk Barntraktor &#8211; Med Fj\u00e4rrkontroll &#8211; Mjukstart &#8211; F\u00f6r Barn 3-8 \u00e5r &#8211; Gr\u00f6n"},"content":{"rendered":"<p>AIYAPLAY barntraktorn med avtagbar sl\u00e4pvagn lovar obegr\u00e4nsad kul! Barn kan transportera leksaker, sand eller l\u00f6v och f\u00f6rdjupa sig i rollspel kring byggande och jordbruk. Tv\u00e5 k\u00f6rl\u00e4gen och justerbara hastigheter s\u00e4kerst\u00e4ller s\u00e4ker, individuell uppt\u00e4ckt f\u00f6r alla \u00e5ldersgrupper. Tack vare det l\u00e5ngvariga batteriet och snabbladdningsfunktionen p\u00e5 den elektriska traktorn \u00e4r stor k\u00f6rnjutning garanterad!<\/p>\n<p>Beskrivning:<\/p>\n<ul>\n<li> Den avtagbara sl\u00e4pvagnen p\u00e5 barnets elektriska bil m\u00f6jligg\u00f6r transport av f\u00f6rem\u00e5l, fr\u00e4mjar rollspel och erbjuder extra f\u00f6rvaringsutrymme<\/li>\n<li> Tv\u00e5 l\u00e4gen p\u00e5 den elektriska bilen ger barnen kontroll eller f\u00f6r\u00e4ldrarna m\u00f6jlighet att fj\u00e4rrstyra<\/li>\n<li> Sex greppv\u00e4nliga hjul bem\u00e4strar olika utomhusterr\u00e4nger utan anstr\u00e4ngning<\/li>\n<li> H\u00e5llbart 12V batteri erbjuder 60 minuter oavbruten k\u00f6rnjutning<\/li>\n<li> Den l\u00e5ngsamma startfunktionen \u00f6kar s\u00e4kerheten<\/li>\n<li> Realistisk design, ljud, ljus och MP3-musik ger en uppslukande njutning<\/li>\n<li> Montering kr\u00e4vs<\/li>\n<\/ul>\n<p> Tekniska data:<\/p>\n<ul>\n<li> F\u00e4rg: Gr\u00f6n<\/li>\n<li> Material: Plast, Metall<\/li>\n<li> Totala dimensioner: 139L x 58B x 55H cm<\/li>\n<li> Sitsstorlek: 29B x 19,5T cm<\/li>\n<li> Sl\u00e4pvagnsstorlek: 51,5B x 52T x 32H cm<\/li>\n<li> Framhjulets diameter: \u00d823 cm<\/li>\n<li> Mittenhjulets diameter: \u00d826 cm<\/li>\n<li> Bakhjulets diameter: \u00d821 cm<\/li>\n<li> Fj\u00e4rrstyrningsavst\u00e5nd: \u226415 m<\/li>\n<li> Hastighet: 3-5 km\/h<\/li>\n<li> Batteri: 12V 4,5AH<\/li>\n<li> Laddningstid: 8-10h (f\u00f6rsta g\u00e5ngen), 10-12h (regelbundet)<\/li>\n<li> Maximal belastning: 30 kg<\/li>\n<li> Rekommenderad \u00e5lder: 3-8 \u00e5r<\/li>\n<\/ul>\n<p>Leveransinneh\u00e5ll:<\/p>\n<ul>\n<li> 1 x Elektrisk sit-on traktor<\/li>\n<li> 1 x Fj\u00e4rrkontroll<\/li>\n<li> 1 x Bruksanvisning<\/li>\n<\/ul>\n","protected":false},"excerpt":{"rendered":"<p>AIYAPLAY barntraktorn med avtagbar sl\u00e4pvagn lovar obegr\u00e4nsad kul! Barn kan transportera leksaker, sand eller l\u00f6v och f\u00f6rdjupa sig i rollspel&#8230;<\/p>\n","protected":false},"featured_media":89664,"template":"","meta":[],"product_brand":[],"product_cat":[880,610,1066],"product_tag":[],"class_list":{"0":"post-89673","1":"product","2":"type-product","3":"status-publish","4":"has-post-thumbnail","6":"product_cat-baby-barn-2","7":"product_cat-barnfordon","8":"product_cat-barns-elbilar","10":"first","11":"instock","12":"sale","13":"taxable","14":"shipping-taxable","15":"purchasable","16":"product-type-simple"},"yoast_head":"<!-- This site is optimized with the Yoast SEO plugin v25.4 - https:\/\/yoast.com\/wordpress\/plugins\/seo\/ -->\n<title>TRUUSK Elektrisk Barntraktor - Med Fj\u00e4rrkontroll - Mjukstart - F\u00f6r Barn 3-8 \u00e5r - Gr\u00f6n - TRUUSK - Hem, Tr\u00e4dg\u00e5rd &amp; Fritid<\/title>\n<meta name=\"robots\" content=\"index, follow, max-snippet:-1, max-image-preview:large, max-video-preview:-1\" \/>\n<link rel=\"canonical\" href=\"https:\/\/truusk.store\/sv\/produkt\/truusk-elektrisk-barntraktor-med-fjarrkontroll-mjukstart-for-barn-3-8-ar-gron\/\" \/>\n<meta property=\"og:locale\" content=\"sv_SE\" \/>\n<meta property=\"og:type\" content=\"article\" \/>\n<meta property=\"og:title\" content=\"TRUUSK Elektrisk Barntraktor - Med Fj\u00e4rrkontroll - Mjukstart - F\u00f6r Barn 3-8 \u00e5r - Gr\u00f6n - TRUUSK - Hem, Tr\u00e4dg\u00e5rd &amp; Fritid\" \/>\n<meta property=\"og:description\" content=\"AIYAPLAY barntraktorn med avtagbar sl\u00e4pvagn lovar obegr\u00e4nsad kul! Barn kan transportera leksaker, sand eller l\u00f6v och f\u00f6rdjupa sig i rollspel...\" \/>\n<meta property=\"og:url\" content=\"https:\/\/truusk.store\/sv\/produkt\/truusk-elektrisk-barntraktor-med-fjarrkontroll-mjukstart-for-barn-3-8-ar-gron\/\" \/>\n<meta property=\"og:site_name\" content=\"TRUUSK - Hem, Tr\u00e4dg\u00e5rd &amp; Fritid\" \/>\n<meta property=\"article:modified_time\" content=\"2026-03-12T07:46:21+00:00\" \/>\n<meta property=\"og:image\" content=\"https:\/\/i0.wp.com\/truusk.se\/wp-content\/uploads\/2025\/09\/aiyaplay-elektrisk-barntraktor-sitt-pa-traktor-med-fjarrkontroll-mjukstart-for-barn-i-aldern-3-8-ar-gron-1.webp?fit=2000%2C2000&ssl=1\" \/>\n\t<meta property=\"og:image:width\" content=\"2000\" \/>\n\t<meta property=\"og:image:height\" content=\"2000\" \/>\n\t<meta property=\"og:image:type\" content=\"image\/webp\" \/>\n<meta name=\"twitter:card\" content=\"summary_large_image\" \/>\n<meta name=\"twitter:label1\" content=\"Ber\u00e4knad l\u00e4stid\" \/>\n\t<meta name=\"twitter:data1\" content=\"1 minut\" \/>\n<!-- \/ Yoast SEO plugin. -->","yoast_head_json":{"title":"TRUUSK Elektrisk Barntraktor - Med Fj\u00e4rrkontroll - Mjukstart - F\u00f6r Barn 3-8 \u00e5r - Gr\u00f6n - TRUUSK - Hem, Tr\u00e4dg\u00e5rd &amp; Fritid","robots":{"index":"index","follow":"follow","max-snippet":"max-snippet:-1","max-image-preview":"max-image-preview:large","max-video-preview":"max-video-preview:-1"},"canonical":"https:\/\/truusk.store\/sv\/produkt\/truusk-elektrisk-barntraktor-med-fjarrkontroll-mjukstart-for-barn-3-8-ar-gron\/","og_locale":"sv_SE","og_type":"article","og_title":"TRUUSK Elektrisk Barntraktor - Med Fj\u00e4rrkontroll - Mjukstart - F\u00f6r Barn 3-8 \u00e5r - Gr\u00f6n - TRUUSK - Hem, Tr\u00e4dg\u00e5rd &amp; Fritid","og_description":"AIYAPLAY barntraktorn med avtagbar sl\u00e4pvagn lovar obegr\u00e4nsad kul! Barn kan transportera leksaker, sand eller l\u00f6v och f\u00f6rdjupa sig i rollspel...","og_url":"https:\/\/truusk.store\/sv\/produkt\/truusk-elektrisk-barntraktor-med-fjarrkontroll-mjukstart-for-barn-3-8-ar-gron\/","og_site_name":"TRUUSK - Hem, Tr\u00e4dg\u00e5rd &amp; Fritid","article_modified_time":"2026-03-12T07:46:21+00:00","og_image":[{"width":2000,"height":2000,"url":"https:\/\/i0.wp.com\/truusk.se\/wp-content\/uploads\/2025\/09\/aiyaplay-elektrisk-barntraktor-sitt-pa-traktor-med-fjarrkontroll-mjukstart-for-barn-i-aldern-3-8-ar-gron-1.webp?fit=2000%2C2000&ssl=1","type":"image\/webp"}],"twitter_card":"summary_large_image","twitter_misc":{"Ber\u00e4knad l\u00e4stid":"1 minut"},"schema":{"@context":"https:\/\/schema.org","@graph":[{"@type":"WebPage","@id":"https:\/\/truusk.store\/sv\/produkt\/truusk-elektrisk-barntraktor-med-fjarrkontroll-mjukstart-for-barn-3-8-ar-gron\/","url":"https:\/\/truusk.store\/sv\/produkt\/truusk-elektrisk-barntraktor-med-fjarrkontroll-mjukstart-for-barn-3-8-ar-gron\/","name":"TRUUSK Elektrisk Barntraktor - Med Fj\u00e4rrkontroll - Mjukstart - F\u00f6r Barn 3-8 \u00e5r - Gr\u00f6n - TRUUSK - Hem, Tr\u00e4dg\u00e5rd &amp; Fritid","isPartOf":{"@id":"https:\/\/truusk.store\/sv\/#website"},"primaryImageOfPage":{"@id":"https:\/\/truusk.store\/sv\/produkt\/truusk-elektrisk-barntraktor-med-fjarrkontroll-mjukstart-for-barn-3-8-ar-gron\/#primaryimage"},"image":{"@id":"https:\/\/truusk.store\/sv\/produkt\/truusk-elektrisk-barntraktor-med-fjarrkontroll-mjukstart-for-barn-3-8-ar-gron\/#primaryimage"},"thumbnailUrl":"https:\/\/i0.wp.com\/truusk.store\/wp-content\/uploads\/2025\/09\/aiyaplay-elektrisk-barntraktor-sitt-pa-traktor-med-fjarrkontroll-mjukstart-for-barn-i-aldern-3-8-ar-gron-1.webp?fit=2000%2C2000&ssl=1","datePublished":"2025-09-02T12:20:38+00:00","dateModified":"2026-03-12T07:46:21+00:00","breadcrumb":{"@id":"https:\/\/truusk.store\/sv\/produkt\/truusk-elektrisk-barntraktor-med-fjarrkontroll-mjukstart-for-barn-3-8-ar-gron\/#breadcrumb"},"inLanguage":"sv-SE","potentialAction":[{"@type":"ReadAction","target":["https:\/\/truusk.store\/sv\/produkt\/truusk-elektrisk-barntraktor-med-fjarrkontroll-mjukstart-for-barn-3-8-ar-gron\/"]}]},{"@type":"ImageObject","inLanguage":"sv-SE","@id":"https:\/\/truusk.store\/sv\/produkt\/truusk-elektrisk-barntraktor-med-fjarrkontroll-mjukstart-for-barn-3-8-ar-gron\/#primaryimage","url":"https:\/\/i0.wp.com\/truusk.store\/wp-content\/uploads\/2025\/09\/aiyaplay-elektrisk-barntraktor-sitt-pa-traktor-med-fjarrkontroll-mjukstart-for-barn-i-aldern-3-8-ar-gron-1.webp?fit=2000%2C2000&ssl=1","contentUrl":"https:\/\/i0.wp.com\/truusk.store\/wp-content\/uploads\/2025\/09\/aiyaplay-elektrisk-barntraktor-sitt-pa-traktor-med-fjarrkontroll-mjukstart-for-barn-i-aldern-3-8-ar-gron-1.webp?fit=2000%2C2000&ssl=1","width":2000,"height":2000},{"@type":"BreadcrumbList","@id":"https:\/\/truusk.store\/sv\/produkt\/truusk-elektrisk-barntraktor-med-fjarrkontroll-mjukstart-for-barn-3-8-ar-gron\/#breadcrumb","itemListElement":[{"@type":"ListItem","position":1,"name":"Home","item":"https:\/\/truusk.store\/sv\/"},{"@type":"ListItem","position":2,"name":"Shop","item":"https:\/\/truusk.store\/shop\/"},{"@type":"ListItem","position":3,"name":"TRUUSK Elektrisk Barntraktor &#8211; Med Fj\u00e4rrkontroll &#8211; Mjukstart &#8211; F\u00f6r Barn 3-8 \u00e5r &#8211; Gr\u00f6n"}]},{"@type":"WebSite","@id":"https:\/\/truusk.store\/sv\/#website","url":"https:\/\/truusk.store\/sv\/","name":"TRUUSK - Hem, Tr\u00e4dg\u00e5rd & Fritid","description":"","publisher":{"@id":"https:\/\/truusk.store\/sv\/#organization"},"potentialAction":[{"@type":"SearchAction","target":{"@type":"EntryPoint","urlTemplate":"https:\/\/truusk.store\/sv\/?s={search_term_string}"},"query-input":{"@type":"PropertyValueSpecification","valueRequired":true,"valueName":"search_term_string"}}],"inLanguage":"sv-SE"},{"@type":"Organization","@id":"https:\/\/truusk.store\/sv\/#organization","name":"TRUUSK - Hem, Tr\u00e4dg\u00e5rd & Fritid","url":"https:\/\/truusk.store\/sv\/","logo":{"@type":"ImageObject","inLanguage":"sv-SE","@id":"https:\/\/truusk.store\/sv\/#\/schema\/logo\/image\/","url":"https:\/\/i0.wp.com\/truusk.store\/wp-content\/uploads\/2026\/03\/cropped-TRUUSK.png?fit=2032%2C917&ssl=1","contentUrl":"https:\/\/i0.wp.com\/truusk.store\/wp-content\/uploads\/2026\/03\/cropped-TRUUSK.png?fit=2032%2C917&ssl=1","width":2032,"height":917,"caption":"TRUUSK - Hem, Tr\u00e4dg\u00e5rd & Fritid"},"image":{"@id":"https:\/\/truusk.store\/sv\/#\/schema\/logo\/image\/"}}]}},"jetpack_sharing_enabled":true,"_links":{"self":[{"href":"https:\/\/truusk.store\/sv\/wp-json\/wp\/v2\/product\/89673","targetHints":{"allow":["GET"]}}],"collection":[{"href":"https:\/\/truusk.store\/sv\/wp-json\/wp\/v2\/product"}],"about":[{"href":"https:\/\/truusk.store\/sv\/wp-json\/wp\/v2\/types\/product"}],"wp:featuredmedia":[{"embeddable":true,"href":"https:\/\/truusk.store\/sv\/wp-json\/wp\/v2\/media\/89664"}],"wp:attachment":[{"href":"https:\/\/truusk.store\/sv\/wp-json\/wp\/v2\/media?parent=89673"}],"wp:term":[{"taxonomy":"product_brand","embeddable":true,"href":"https:\/\/truusk.store\/sv\/wp-json\/wp\/v2\/product_brand?post=89673"},{"taxonomy":"product_cat","embeddable":true,"href":"https:\/\/truusk.store\/sv\/wp-json\/wp\/v2\/product_cat?post=89673"},{"taxonomy":"product_tag","embeddable":true,"href":"https:\/\/truusk.store\/sv\/wp-json\/wp\/v2\/product_tag?post=89673"}],"curies":[{"name":"wp","href":"https:\/\/api.w.org\/{rel}","templated":true}]}}