{"id":89713,"date":"2025-09-02T13:24:25","date_gmt":"2025-09-02T12:24:25","guid":{"rendered":"https:\/\/truusk.store\/product\/aiyaplay-balansbalk-6-bojda-segment-sensoriska-hojningar-50-kg-barformaga-gron\/"},"modified":"2026-03-12T08:46:27","modified_gmt":"2026-03-12T07:46:27","slug":"truusk-balansbalk-for-barn-6-bojda-segment-sensoriska-hojningar-50-kg-barformaga-gron","status":"publish","type":"product","link":"https:\/\/truusk.store\/sv\/produkt\/truusk-balansbalk-for-barn-6-bojda-segment-sensoriska-hojningar-50-kg-barformaga-gron\/","title":{"rendered":"TRUUSK Balansbalk f\u00f6r Barn &#8211; 6 B\u00f6jda Segment &#8211; Sensoriska H\u00f6jningar &#8211; 50 Kg B\u00e4rf\u00f6rm\u00e5ga &#8211; Gr\u00f6n"},"content":{"rendered":"<p>V\u00e4ck ditt barns lektid till liv med AIYAPLAY balansbalk. Se deras entusiasm n\u00e4r de s\u00e4tter ihop sex b\u00f6jda sektioner till kreativa former, vilket uppmuntrar kreativitet och lekfullhet. Varje element \u00e4r utrustat med sensoriska punkter som g\u00f6r varje steg interaktivt. F\u00f6r\u00e4ldrar kan k\u00e4nna sig lugna eftersom detta set fr\u00e4mjar s\u00e4kert och glatt spel. Tillverkad av h\u00e5llbara material, perfekt f\u00f6r inomhus och utomhus.<\/p>\n<p>Beskrivning:<\/p>\n<ul>\n<li> Sex b\u00f6jda segment m\u00f6jligg\u00f6r kreativa kombinationer f\u00f6r o\u00e4ndlig balansbalksrolighet<\/li>\n<li> Unika taktila h\u00f6jningar p\u00e5 varje segment fr\u00e4mjar sensoriskt spel och fotkoordination<\/li>\n<li> Robusta plastmaterial, s\u00e4kra f\u00f6r inomhus- eller utomhusaktiviteter med balansbalken<\/li>\n<li> B\u00e4r upp till 50 kg, garanterar stabilitet och s\u00e4kerhet f\u00f6r barnens aktiva spel<\/li>\n<li> Utformad f\u00f6r barn mellan 3-8 \u00e5r, fr\u00e4mjar balans, koordination och sj\u00e4lvf\u00f6rtroende<\/li>\n<li> Avtagbar och stapelbar design underl\u00e4ttar f\u00f6rvaring av barnens balansbalk<\/li>\n<li> Montering kr\u00e4vs<\/li>\n<\/ul>\n<p> Tekniska specifikationer:<\/p>\n<ul>\n<li> F\u00e4rg: Gr\u00f6n<\/li>\n<li> Material: TPE, plast<\/li>\n<li> Totala dimensioner: \u00d8101 x 7H cm<\/li>\n<li> Storlek p\u00e5 enskilda objekt: 48,5L x 12,5B x 7H cm<\/li>\n<li> Storlek p\u00e5 broyta: 48L x 10B cm<\/li>\n<li> Rekommenderad \u00e5lder: 3-8 \u00e5r<\/li>\n<li> Godk\u00e4nd \u00e5lder: 3+ \u00e5r<\/li>\n<li> Maximal belastning: 50 kg<\/li>\n<\/ul>\n<p>Leveransinneh\u00e5ll:<\/p>\n<ul>\n<li> 1 x Barnbalansbalk<\/li>\n<li> 1 x Bruksanvisning<\/li>\n<\/ul>\n","protected":false},"excerpt":{"rendered":"<p>V\u00e4ck ditt barns lektid till liv med AIYAPLAY balansbalk. Se deras entusiasm n\u00e4r de s\u00e4tter ihop sex b\u00f6jda sektioner till&#8230;<\/p>\n","protected":false},"featured_media":89700,"template":"","meta":[],"product_brand":[],"product_cat":[880,939,616],"product_tag":[],"class_list":{"0":"post-89713","1":"product","2":"type-product","3":"status-publish","4":"has-post-thumbnail","6":"product_cat-baby-barn-2","7":"product_cat-barnsport","8":"product_cat-utomhusleksaker","10":"first","11":"instock","12":"sale","13":"taxable","14":"shipping-taxable","15":"purchasable","16":"product-type-simple"},"yoast_head":"<!-- This site is optimized with the Yoast SEO plugin v25.4 - https:\/\/yoast.com\/wordpress\/plugins\/seo\/ -->\n<title>TRUUSK Balansbalk f\u00f6r Barn - 6 B\u00f6jda Segment - Sensoriska H\u00f6jningar - 50 Kg B\u00e4rf\u00f6rm\u00e5ga - Gr\u00f6n - TRUUSK - Hem, Tr\u00e4dg\u00e5rd &amp; Fritid<\/title>\n<meta name=\"robots\" content=\"index, follow, max-snippet:-1, max-image-preview:large, max-video-preview:-1\" \/>\n<link rel=\"canonical\" href=\"https:\/\/truusk.store\/sv\/produkt\/truusk-balansbalk-for-barn-6-bojda-segment-sensoriska-hojningar-50-kg-barformaga-gron\/\" \/>\n<meta property=\"og:locale\" content=\"sv_SE\" \/>\n<meta property=\"og:type\" content=\"article\" \/>\n<meta property=\"og:title\" content=\"TRUUSK Balansbalk f\u00f6r Barn - 6 B\u00f6jda Segment - Sensoriska H\u00f6jningar - 50 Kg B\u00e4rf\u00f6rm\u00e5ga - Gr\u00f6n - TRUUSK - Hem, Tr\u00e4dg\u00e5rd &amp; Fritid\" \/>\n<meta property=\"og:description\" content=\"V\u00e4ck ditt barns lektid till liv med AIYAPLAY balansbalk. Se deras entusiasm n\u00e4r de s\u00e4tter ihop sex b\u00f6jda sektioner till...\" \/>\n<meta property=\"og:url\" content=\"https:\/\/truusk.store\/sv\/produkt\/truusk-balansbalk-for-barn-6-bojda-segment-sensoriska-hojningar-50-kg-barformaga-gron\/\" \/>\n<meta property=\"og:site_name\" content=\"TRUUSK - Hem, Tr\u00e4dg\u00e5rd &amp; Fritid\" \/>\n<meta property=\"article:modified_time\" content=\"2026-03-12T07:46:27+00:00\" \/>\n<meta property=\"og:image\" content=\"https:\/\/i0.wp.com\/truusk.se\/wp-content\/uploads\/2025\/09\/aiyaplay-balansbalk-6-bojda-segment-sensoriska-hojningar-50-kg-barformaga-gron-1.webp?fit=2000%2C2000&ssl=1\" \/>\n\t<meta property=\"og:image:width\" content=\"2000\" \/>\n\t<meta property=\"og:image:height\" content=\"2000\" \/>\n\t<meta property=\"og:image:type\" content=\"image\/webp\" \/>\n<meta name=\"twitter:card\" content=\"summary_large_image\" \/>\n<meta name=\"twitter:label1\" content=\"Ber\u00e4knad l\u00e4stid\" \/>\n\t<meta name=\"twitter:data1\" content=\"1 minut\" \/>\n<!-- \/ Yoast SEO plugin. -->","yoast_head_json":{"title":"TRUUSK Balansbalk f\u00f6r Barn - 6 B\u00f6jda Segment - Sensoriska H\u00f6jningar - 50 Kg B\u00e4rf\u00f6rm\u00e5ga - Gr\u00f6n - TRUUSK - Hem, Tr\u00e4dg\u00e5rd &amp; Fritid","robots":{"index":"index","follow":"follow","max-snippet":"max-snippet:-1","max-image-preview":"max-image-preview:large","max-video-preview":"max-video-preview:-1"},"canonical":"https:\/\/truusk.store\/sv\/produkt\/truusk-balansbalk-for-barn-6-bojda-segment-sensoriska-hojningar-50-kg-barformaga-gron\/","og_locale":"sv_SE","og_type":"article","og_title":"TRUUSK Balansbalk f\u00f6r Barn - 6 B\u00f6jda Segment - Sensoriska H\u00f6jningar - 50 Kg B\u00e4rf\u00f6rm\u00e5ga - Gr\u00f6n - TRUUSK - Hem, Tr\u00e4dg\u00e5rd &amp; Fritid","og_description":"V\u00e4ck ditt barns lektid till liv med AIYAPLAY balansbalk. Se deras entusiasm n\u00e4r de s\u00e4tter ihop sex b\u00f6jda sektioner till...","og_url":"https:\/\/truusk.store\/sv\/produkt\/truusk-balansbalk-for-barn-6-bojda-segment-sensoriska-hojningar-50-kg-barformaga-gron\/","og_site_name":"TRUUSK - Hem, Tr\u00e4dg\u00e5rd &amp; Fritid","article_modified_time":"2026-03-12T07:46:27+00:00","og_image":[{"width":2000,"height":2000,"url":"https:\/\/i0.wp.com\/truusk.se\/wp-content\/uploads\/2025\/09\/aiyaplay-balansbalk-6-bojda-segment-sensoriska-hojningar-50-kg-barformaga-gron-1.webp?fit=2000%2C2000&ssl=1","type":"image\/webp"}],"twitter_card":"summary_large_image","twitter_misc":{"Ber\u00e4knad l\u00e4stid":"1 minut"},"schema":{"@context":"https:\/\/schema.org","@graph":[{"@type":"WebPage","@id":"https:\/\/truusk.store\/sv\/produkt\/truusk-balansbalk-for-barn-6-bojda-segment-sensoriska-hojningar-50-kg-barformaga-gron\/","url":"https:\/\/truusk.store\/sv\/produkt\/truusk-balansbalk-for-barn-6-bojda-segment-sensoriska-hojningar-50-kg-barformaga-gron\/","name":"TRUUSK Balansbalk f\u00f6r Barn - 6 B\u00f6jda Segment - Sensoriska H\u00f6jningar - 50 Kg B\u00e4rf\u00f6rm\u00e5ga - Gr\u00f6n - TRUUSK - Hem, Tr\u00e4dg\u00e5rd &amp; Fritid","isPartOf":{"@id":"https:\/\/truusk.store\/sv\/#website"},"primaryImageOfPage":{"@id":"https:\/\/truusk.store\/sv\/produkt\/truusk-balansbalk-for-barn-6-bojda-segment-sensoriska-hojningar-50-kg-barformaga-gron\/#primaryimage"},"image":{"@id":"https:\/\/truusk.store\/sv\/produkt\/truusk-balansbalk-for-barn-6-bojda-segment-sensoriska-hojningar-50-kg-barformaga-gron\/#primaryimage"},"thumbnailUrl":"https:\/\/i0.wp.com\/truusk.store\/wp-content\/uploads\/2025\/09\/aiyaplay-balansbalk-6-bojda-segment-sensoriska-hojningar-50-kg-barformaga-gron-1.webp?fit=2000%2C2000&ssl=1","datePublished":"2025-09-02T12:24:25+00:00","dateModified":"2026-03-12T07:46:27+00:00","breadcrumb":{"@id":"https:\/\/truusk.store\/sv\/produkt\/truusk-balansbalk-for-barn-6-bojda-segment-sensoriska-hojningar-50-kg-barformaga-gron\/#breadcrumb"},"inLanguage":"sv-SE","potentialAction":[{"@type":"ReadAction","target":["https:\/\/truusk.store\/sv\/produkt\/truusk-balansbalk-for-barn-6-bojda-segment-sensoriska-hojningar-50-kg-barformaga-gron\/"]}]},{"@type":"ImageObject","inLanguage":"sv-SE","@id":"https:\/\/truusk.store\/sv\/produkt\/truusk-balansbalk-for-barn-6-bojda-segment-sensoriska-hojningar-50-kg-barformaga-gron\/#primaryimage","url":"https:\/\/i0.wp.com\/truusk.store\/wp-content\/uploads\/2025\/09\/aiyaplay-balansbalk-6-bojda-segment-sensoriska-hojningar-50-kg-barformaga-gron-1.webp?fit=2000%2C2000&ssl=1","contentUrl":"https:\/\/i0.wp.com\/truusk.store\/wp-content\/uploads\/2025\/09\/aiyaplay-balansbalk-6-bojda-segment-sensoriska-hojningar-50-kg-barformaga-gron-1.webp?fit=2000%2C2000&ssl=1","width":2000,"height":2000},{"@type":"BreadcrumbList","@id":"https:\/\/truusk.store\/sv\/produkt\/truusk-balansbalk-for-barn-6-bojda-segment-sensoriska-hojningar-50-kg-barformaga-gron\/#breadcrumb","itemListElement":[{"@type":"ListItem","position":1,"name":"Home","item":"https:\/\/truusk.store\/sv\/"},{"@type":"ListItem","position":2,"name":"Shop","item":"https:\/\/truusk.store\/shop\/"},{"@type":"ListItem","position":3,"name":"TRUUSK Balansbalk f\u00f6r Barn &#8211; 6 B\u00f6jda Segment &#8211; Sensoriska H\u00f6jningar &#8211; 50 Kg B\u00e4rf\u00f6rm\u00e5ga &#8211; Gr\u00f6n"}]},{"@type":"WebSite","@id":"https:\/\/truusk.store\/sv\/#website","url":"https:\/\/truusk.store\/sv\/","name":"TRUUSK - Hem, Tr\u00e4dg\u00e5rd & Fritid","description":"","publisher":{"@id":"https:\/\/truusk.store\/sv\/#organization"},"potentialAction":[{"@type":"SearchAction","target":{"@type":"EntryPoint","urlTemplate":"https:\/\/truusk.store\/sv\/?s={search_term_string}"},"query-input":{"@type":"PropertyValueSpecification","valueRequired":true,"valueName":"search_term_string"}}],"inLanguage":"sv-SE"},{"@type":"Organization","@id":"https:\/\/truusk.store\/sv\/#organization","name":"TRUUSK - Hem, Tr\u00e4dg\u00e5rd & Fritid","url":"https:\/\/truusk.store\/sv\/","logo":{"@type":"ImageObject","inLanguage":"sv-SE","@id":"https:\/\/truusk.store\/sv\/#\/schema\/logo\/image\/","url":"https:\/\/i0.wp.com\/truusk.store\/wp-content\/uploads\/2026\/03\/cropped-TRUUSK.png?fit=2032%2C917&ssl=1","contentUrl":"https:\/\/i0.wp.com\/truusk.store\/wp-content\/uploads\/2026\/03\/cropped-TRUUSK.png?fit=2032%2C917&ssl=1","width":2032,"height":917,"caption":"TRUUSK - Hem, Tr\u00e4dg\u00e5rd & Fritid"},"image":{"@id":"https:\/\/truusk.store\/sv\/#\/schema\/logo\/image\/"}}]}},"jetpack_sharing_enabled":true,"_links":{"self":[{"href":"https:\/\/truusk.store\/sv\/wp-json\/wp\/v2\/product\/89713","targetHints":{"allow":["GET"]}}],"collection":[{"href":"https:\/\/truusk.store\/sv\/wp-json\/wp\/v2\/product"}],"about":[{"href":"https:\/\/truusk.store\/sv\/wp-json\/wp\/v2\/types\/product"}],"wp:featuredmedia":[{"embeddable":true,"href":"https:\/\/truusk.store\/sv\/wp-json\/wp\/v2\/media\/89700"}],"wp:attachment":[{"href":"https:\/\/truusk.store\/sv\/wp-json\/wp\/v2\/media?parent=89713"}],"wp:term":[{"taxonomy":"product_brand","embeddable":true,"href":"https:\/\/truusk.store\/sv\/wp-json\/wp\/v2\/product_brand?post=89713"},{"taxonomy":"product_cat","embeddable":true,"href":"https:\/\/truusk.store\/sv\/wp-json\/wp\/v2\/product_cat?post=89713"},{"taxonomy":"product_tag","embeddable":true,"href":"https:\/\/truusk.store\/sv\/wp-json\/wp\/v2\/product_tag?post=89713"}],"curies":[{"name":"wp","href":"https:\/\/api.w.org\/{rel}","templated":true}]}}