{"id":89723,"date":"2025-09-02T13:25:40","date_gmt":"2025-09-02T12:25:40","guid":{"rendered":"https:\/\/truusk.store\/product\/aiyaplay-balansstenar-for-barn-5-stycken-halkfria-stapelbara-2-8-ar-for-inomhus-utomhus\/"},"modified":"2026-03-12T08:46:31","modified_gmt":"2026-03-12T07:46:31","slug":"truusk-barbar-barn-balanssten-5-pack-halkfri-stapelbar-for-inomhus-och-utomhus-2-8-ar","status":"publish","type":"product","link":"https:\/\/truusk.store\/sv\/produkt\/truusk-barbar-barn-balanssten-5-pack-halkfri-stapelbar-for-inomhus-och-utomhus-2-8-ar\/","title":{"rendered":"TRUUSK B\u00e4rbar Barn Balanssten &#8211; 5-pack &#8211; Halkfri &#8211; Stapelbar &#8211; F\u00f6r Inomhus och Utomhus &#8211; 2-8 \u00e5r"},"content":{"rendered":"<p>F\u00f6rvandla ditt barns lek med balansstenarna f\u00f6r barn, designade som nyckelpigor f\u00f6r att stimulera fantasin. Dessa flodstenar erbjuder en s\u00e4ker och stabil bana med halkfri TPE-kant och plastkonstruktion, perfekt f\u00f6r aktivt n\u00f6je inomhus och utomhus. Dessa staplingsstenar f\u00f6r sm\u00e5barn fr\u00e4mjar balanstr\u00e4ning, st\u00e4rker sj\u00e4lvf\u00f6rtroendet och koordinationen genom daglig, gl\u00e4djande r\u00f6relse.<\/p>\n<p>Beskrivning:<\/p>\n<ul>\n<li> Det s\u00f6ta nyckelpiga-designen inspirerar till fantasi och kreativt spel hos barn<\/li>\n<li> TPE-halkfria kanter och plastkropp ger s\u00e4kert och stabilt st\u00e5ende<\/li>\n<li> B\u00e4r upp till 80 kg, l\u00e4mplig f\u00f6r staplingsstenar f\u00f6r f\u00f6r\u00e4lder-barn-interaktiva hinderbanor<\/li>\n<li> Fr\u00e4mjar balans, koordination och motoriska f\u00e4rdigheter under aktivt spel<\/li>\n<li> De ljusa f\u00e4rgerna p\u00e5 balansstenarna st\u00f6djer visuell utveckling och f\u00e4rgigenk\u00e4nning hos sm\u00e5barn<\/li>\n<li> Staplingsbart set med fem flodstenar f\u00f6r barn sparar utrymme vid f\u00f6rvaring<\/li>\n<li> L\u00e4mplig f\u00f6r anv\u00e4ndning inomhus och utomhus, passar med sensoriska leksaker f\u00f6r sm\u00e5barnsaktiviteter<\/li>\n<li> Montering kr\u00e4vs<\/li>\n<\/ul>\n<p> Tekniska data:<\/p>\n<ul>\n<li> F\u00e4rg: Flerf\u00e4rgad<\/li>\n<li> Material: Plast<\/li>\n<li> Totala dimensioner: 37,8L x 33,5B x 28H cm<\/li>\n<li> Basstorlek: 37,8L x 33,5B x 8,5H cm<\/li>\n<li> Storlek p\u00e5 andra niv\u00e5n: 31L x 31B x 8,5H cm<\/li>\n<li> Storlek p\u00e5 tredje niv\u00e5n: 29L x 29B x 7,5H cm<\/li>\n<li> Storlek p\u00e5 fj\u00e4rde niv\u00e5n: 24,5L x 24,5B x 7H cm<\/li>\n<li> Storlek p\u00e5 femte niv\u00e5n: 18L x 18B x 5H cm<\/li>\n<li> Rekommenderad \u00e5lder: 2-8 \u00e5r<\/li>\n<li> Godk\u00e4nd \u00e5lder: 2+ \u00e5r<\/li>\n<li> Maximal belastning: 80 kg<\/li>\n<\/ul>\n<p>Leveransinneh\u00e5ll:<\/p>\n<ul>\n<li> 5 x balansstegstenar<\/li>\n<li> 1 x bruksanvisning<\/li>\n<\/ul>\n","protected":false},"excerpt":{"rendered":"<p>F\u00f6rvandla ditt barns lek med balansstenarna f\u00f6r barn, designade som nyckelpigor f\u00f6r att stimulera fantasin. Dessa flodstenar erbjuder en s\u00e4ker&#8230;<\/p>\n","protected":false},"featured_media":89714,"template":"","meta":[],"product_brand":[],"product_cat":[880,939,616],"product_tag":[],"class_list":{"0":"post-89723","1":"product","2":"type-product","3":"status-publish","4":"has-post-thumbnail","6":"product_cat-baby-barn-2","7":"product_cat-barnsport","8":"product_cat-utomhusleksaker","10":"first","11":"instock","12":"sale","13":"taxable","14":"shipping-taxable","15":"purchasable","16":"product-type-simple"},"yoast_head":"<!-- This site is optimized with the Yoast SEO plugin v25.4 - https:\/\/yoast.com\/wordpress\/plugins\/seo\/ -->\n<title>TRUUSK B\u00e4rbar Barn Balanssten - 5-pack - Halkfri - Stapelbar - F\u00f6r Inomhus och Utomhus - 2-8 \u00e5r - TRUUSK - Hem, Tr\u00e4dg\u00e5rd &amp; Fritid<\/title>\n<meta name=\"robots\" content=\"index, follow, max-snippet:-1, max-image-preview:large, max-video-preview:-1\" \/>\n<link rel=\"canonical\" href=\"https:\/\/truusk.store\/sv\/produkt\/truusk-barbar-barn-balanssten-5-pack-halkfri-stapelbar-for-inomhus-och-utomhus-2-8-ar\/\" \/>\n<meta property=\"og:locale\" content=\"sv_SE\" \/>\n<meta property=\"og:type\" content=\"article\" \/>\n<meta property=\"og:title\" content=\"TRUUSK B\u00e4rbar Barn Balanssten - 5-pack - Halkfri - Stapelbar - F\u00f6r Inomhus och Utomhus - 2-8 \u00e5r - TRUUSK - Hem, Tr\u00e4dg\u00e5rd &amp; Fritid\" \/>\n<meta property=\"og:description\" content=\"F\u00f6rvandla ditt barns lek med balansstenarna f\u00f6r barn, designade som nyckelpigor f\u00f6r att stimulera fantasin. Dessa flodstenar erbjuder en s\u00e4ker...\" \/>\n<meta property=\"og:url\" content=\"https:\/\/truusk.store\/sv\/produkt\/truusk-barbar-barn-balanssten-5-pack-halkfri-stapelbar-for-inomhus-och-utomhus-2-8-ar\/\" \/>\n<meta property=\"og:site_name\" content=\"TRUUSK - Hem, Tr\u00e4dg\u00e5rd &amp; Fritid\" \/>\n<meta property=\"article:modified_time\" content=\"2026-03-12T07:46:31+00:00\" \/>\n<meta property=\"og:image\" content=\"https:\/\/i0.wp.com\/truusk.se\/wp-content\/uploads\/2025\/09\/aiyaplay-balansstenar-for-barn-5-stycken-halkfria-stapelbara-2-8-ar-for-inomhus-utomhus-1.webp?fit=2000%2C2000&ssl=1\" \/>\n\t<meta property=\"og:image:width\" content=\"2000\" \/>\n\t<meta property=\"og:image:height\" content=\"2000\" \/>\n\t<meta property=\"og:image:type\" content=\"image\/webp\" \/>\n<meta name=\"twitter:card\" content=\"summary_large_image\" \/>\n<meta name=\"twitter:label1\" content=\"Ber\u00e4knad l\u00e4stid\" \/>\n\t<meta name=\"twitter:data1\" content=\"1 minut\" \/>\n<!-- \/ Yoast SEO plugin. -->","yoast_head_json":{"title":"TRUUSK B\u00e4rbar Barn Balanssten - 5-pack - Halkfri - Stapelbar - F\u00f6r Inomhus och Utomhus - 2-8 \u00e5r - TRUUSK - Hem, Tr\u00e4dg\u00e5rd &amp; Fritid","robots":{"index":"index","follow":"follow","max-snippet":"max-snippet:-1","max-image-preview":"max-image-preview:large","max-video-preview":"max-video-preview:-1"},"canonical":"https:\/\/truusk.store\/sv\/produkt\/truusk-barbar-barn-balanssten-5-pack-halkfri-stapelbar-for-inomhus-och-utomhus-2-8-ar\/","og_locale":"sv_SE","og_type":"article","og_title":"TRUUSK B\u00e4rbar Barn Balanssten - 5-pack - Halkfri - Stapelbar - F\u00f6r Inomhus och Utomhus - 2-8 \u00e5r - TRUUSK - Hem, Tr\u00e4dg\u00e5rd &amp; Fritid","og_description":"F\u00f6rvandla ditt barns lek med balansstenarna f\u00f6r barn, designade som nyckelpigor f\u00f6r att stimulera fantasin. Dessa flodstenar erbjuder en s\u00e4ker...","og_url":"https:\/\/truusk.store\/sv\/produkt\/truusk-barbar-barn-balanssten-5-pack-halkfri-stapelbar-for-inomhus-och-utomhus-2-8-ar\/","og_site_name":"TRUUSK - Hem, Tr\u00e4dg\u00e5rd &amp; Fritid","article_modified_time":"2026-03-12T07:46:31+00:00","og_image":[{"width":2000,"height":2000,"url":"https:\/\/i0.wp.com\/truusk.se\/wp-content\/uploads\/2025\/09\/aiyaplay-balansstenar-for-barn-5-stycken-halkfria-stapelbara-2-8-ar-for-inomhus-utomhus-1.webp?fit=2000%2C2000&ssl=1","type":"image\/webp"}],"twitter_card":"summary_large_image","twitter_misc":{"Ber\u00e4knad l\u00e4stid":"1 minut"},"schema":{"@context":"https:\/\/schema.org","@graph":[{"@type":"WebPage","@id":"https:\/\/truusk.store\/sv\/produkt\/truusk-barbar-barn-balanssten-5-pack-halkfri-stapelbar-for-inomhus-och-utomhus-2-8-ar\/","url":"https:\/\/truusk.store\/sv\/produkt\/truusk-barbar-barn-balanssten-5-pack-halkfri-stapelbar-for-inomhus-och-utomhus-2-8-ar\/","name":"TRUUSK B\u00e4rbar Barn Balanssten - 5-pack - Halkfri - Stapelbar - F\u00f6r Inomhus och Utomhus - 2-8 \u00e5r - TRUUSK - Hem, Tr\u00e4dg\u00e5rd &amp; Fritid","isPartOf":{"@id":"https:\/\/truusk.store\/sv\/#website"},"primaryImageOfPage":{"@id":"https:\/\/truusk.store\/sv\/produkt\/truusk-barbar-barn-balanssten-5-pack-halkfri-stapelbar-for-inomhus-och-utomhus-2-8-ar\/#primaryimage"},"image":{"@id":"https:\/\/truusk.store\/sv\/produkt\/truusk-barbar-barn-balanssten-5-pack-halkfri-stapelbar-for-inomhus-och-utomhus-2-8-ar\/#primaryimage"},"thumbnailUrl":"https:\/\/i0.wp.com\/truusk.store\/wp-content\/uploads\/2025\/09\/aiyaplay-balansstenar-for-barn-5-stycken-halkfria-stapelbara-2-8-ar-for-inomhus-utomhus-1.webp?fit=2000%2C2000&ssl=1","datePublished":"2025-09-02T12:25:40+00:00","dateModified":"2026-03-12T07:46:31+00:00","breadcrumb":{"@id":"https:\/\/truusk.store\/sv\/produkt\/truusk-barbar-barn-balanssten-5-pack-halkfri-stapelbar-for-inomhus-och-utomhus-2-8-ar\/#breadcrumb"},"inLanguage":"sv-SE","potentialAction":[{"@type":"ReadAction","target":["https:\/\/truusk.store\/sv\/produkt\/truusk-barbar-barn-balanssten-5-pack-halkfri-stapelbar-for-inomhus-och-utomhus-2-8-ar\/"]}]},{"@type":"ImageObject","inLanguage":"sv-SE","@id":"https:\/\/truusk.store\/sv\/produkt\/truusk-barbar-barn-balanssten-5-pack-halkfri-stapelbar-for-inomhus-och-utomhus-2-8-ar\/#primaryimage","url":"https:\/\/i0.wp.com\/truusk.store\/wp-content\/uploads\/2025\/09\/aiyaplay-balansstenar-for-barn-5-stycken-halkfria-stapelbara-2-8-ar-for-inomhus-utomhus-1.webp?fit=2000%2C2000&ssl=1","contentUrl":"https:\/\/i0.wp.com\/truusk.store\/wp-content\/uploads\/2025\/09\/aiyaplay-balansstenar-for-barn-5-stycken-halkfria-stapelbara-2-8-ar-for-inomhus-utomhus-1.webp?fit=2000%2C2000&ssl=1","width":2000,"height":2000},{"@type":"BreadcrumbList","@id":"https:\/\/truusk.store\/sv\/produkt\/truusk-barbar-barn-balanssten-5-pack-halkfri-stapelbar-for-inomhus-och-utomhus-2-8-ar\/#breadcrumb","itemListElement":[{"@type":"ListItem","position":1,"name":"Home","item":"https:\/\/truusk.store\/sv\/"},{"@type":"ListItem","position":2,"name":"Shop","item":"https:\/\/truusk.store\/shop\/"},{"@type":"ListItem","position":3,"name":"TRUUSK B\u00e4rbar Barn Balanssten &#8211; 5-pack &#8211; Halkfri &#8211; Stapelbar &#8211; F\u00f6r Inomhus och Utomhus &#8211; 2-8 \u00e5r"}]},{"@type":"WebSite","@id":"https:\/\/truusk.store\/sv\/#website","url":"https:\/\/truusk.store\/sv\/","name":"TRUUSK - Hem, Tr\u00e4dg\u00e5rd & Fritid","description":"","publisher":{"@id":"https:\/\/truusk.store\/sv\/#organization"},"potentialAction":[{"@type":"SearchAction","target":{"@type":"EntryPoint","urlTemplate":"https:\/\/truusk.store\/sv\/?s={search_term_string}"},"query-input":{"@type":"PropertyValueSpecification","valueRequired":true,"valueName":"search_term_string"}}],"inLanguage":"sv-SE"},{"@type":"Organization","@id":"https:\/\/truusk.store\/sv\/#organization","name":"TRUUSK - Hem, Tr\u00e4dg\u00e5rd & Fritid","url":"https:\/\/truusk.store\/sv\/","logo":{"@type":"ImageObject","inLanguage":"sv-SE","@id":"https:\/\/truusk.store\/sv\/#\/schema\/logo\/image\/","url":"https:\/\/i0.wp.com\/truusk.store\/wp-content\/uploads\/2026\/03\/cropped-TRUUSK.png?fit=2032%2C917&ssl=1","contentUrl":"https:\/\/i0.wp.com\/truusk.store\/wp-content\/uploads\/2026\/03\/cropped-TRUUSK.png?fit=2032%2C917&ssl=1","width":2032,"height":917,"caption":"TRUUSK - Hem, Tr\u00e4dg\u00e5rd & Fritid"},"image":{"@id":"https:\/\/truusk.store\/sv\/#\/schema\/logo\/image\/"}}]}},"jetpack_sharing_enabled":true,"_links":{"self":[{"href":"https:\/\/truusk.store\/sv\/wp-json\/wp\/v2\/product\/89723","targetHints":{"allow":["GET"]}}],"collection":[{"href":"https:\/\/truusk.store\/sv\/wp-json\/wp\/v2\/product"}],"about":[{"href":"https:\/\/truusk.store\/sv\/wp-json\/wp\/v2\/types\/product"}],"wp:featuredmedia":[{"embeddable":true,"href":"https:\/\/truusk.store\/sv\/wp-json\/wp\/v2\/media\/89714"}],"wp:attachment":[{"href":"https:\/\/truusk.store\/sv\/wp-json\/wp\/v2\/media?parent=89723"}],"wp:term":[{"taxonomy":"product_brand","embeddable":true,"href":"https:\/\/truusk.store\/sv\/wp-json\/wp\/v2\/product_brand?post=89723"},{"taxonomy":"product_cat","embeddable":true,"href":"https:\/\/truusk.store\/sv\/wp-json\/wp\/v2\/product_cat?post=89723"},{"taxonomy":"product_tag","embeddable":true,"href":"https:\/\/truusk.store\/sv\/wp-json\/wp\/v2\/product_tag?post=89723"}],"curies":[{"name":"wp","href":"https:\/\/api.w.org\/{rel}","templated":true}]}}