{"id":89753,"date":"2025-09-02T13:28:33","date_gmt":"2025-09-02T12:28:33","guid":{"rendered":"https:\/\/truusk.store\/product\/aiyaplay-12v-elektrisk-bil-for-barn-fjarrstyrningsfunktion-balte-horn-led-lampor-usb-port-for-3-5-ar-orange\/"},"modified":"2026-03-12T08:46:39","modified_gmt":"2026-03-12T07:46:39","slug":"truusk-elektrisk-bil-for-barn-fjarrstyrning-sakerhetsbalte-led-lampor-usb-port-for-3-5-ar-orange","status":"publish","type":"product","link":"https:\/\/truusk.store\/sv\/produkt\/truusk-elektrisk-bil-for-barn-fjarrstyrning-sakerhetsbalte-led-lampor-usb-port-for-3-5-ar-orange\/","title":{"rendered":"TRUUSK Elektrisk Bil f\u00f6r Barn &#8211; Fj\u00e4rrstyrning &#8211; S\u00e4kerhetsb\u00e4lte &#8211; LED-lampor &#8211; USB-port &#8211; F\u00f6r 3-5 \u00e5r &#8211; Orange"},"content":{"rendered":"<p>AIYAPLAY barns elbil \u00e4r utrustad med en fj\u00e4rrstyrningsfunktion f\u00f6r f\u00f6r\u00e4ldrar, men erbjuder ocks\u00e5 tillr\u00e4cklig s\u00e4kerhet tack vare fj\u00e4dring p\u00e5 alla fyra hjul och en mjuk startfunktion, s\u00e5 att dina barn kan k\u00f6ra sj\u00e4lvst\u00e4ndigt. Extrafunktioner p\u00e5 elbilen f\u00f6r barn, som musik, MP3 och str\u00e5lkastare, g\u00f6r varje resa of\u00f6rgl\u00f6mlig och behagligt realistisk.<\/p>\n<p>Beskrivning:<\/p>\n<ul>\n<li> Hastighetsomr\u00e5den f\u00f6r elbilen f\u00f6r barn fr\u00e5n 3-7 km\/h med 2 manuella hastigheter och 3 fj\u00e4rrhastigheter<\/li>\n<li> N\u00e4r den \u00e4r fulladdad ger den barnen m\u00e5nga m\u00f6jligheter till utomhuskul<\/li>\n<li> Har manuella och fj\u00e4rrstyrda l\u00e4gen som kombinerar kul med f\u00f6r\u00e4ldra\u00f6vervakning<\/li>\n<li> 4-hjulsfj\u00e4dring och kraftfulla motorer p\u00e5 elbilen ger en mjuk \u00e5ktur p\u00e5 olika terr\u00e4nger<\/li>\n<li> Den l\u00e5ngsamma startfunktionen och s\u00e4kerhetsb\u00e4ltet f\u00f6rhindrar en pl\u00f6tslig ryckning, f\u00f6r en mycket s\u00e4krare \u00e5ktur<\/li>\n<li> Fungerande str\u00e5lkastare, horn och musik ger en rolig, uppslukande UTV-k\u00f6rupplevelse<\/li>\n<li> Anslut din enhet via USB f\u00f6r att spela dina favoritl\u00e5tar<\/li>\n<li> Den coola och realistiska UTV-designen g\u00f6r den till ett framst\u00e5ende leksak f\u00f6r barn<\/li>\n<\/ul>\n<p> Tekniska specifikationer:<\/p>\n<ul>\n<li> F\u00e4rg: Orange<\/li>\n<li> Material: Plast, Metall<\/li>\n<li> Totala dimensioner: 96L x 61B x 56H cm<\/li>\n<li> Sitsstorlek: 36B x 18T cm<\/li>\n<li> Hjulstorlek: \u00d824 cm<\/li>\n<li> Hastighet: 3-7 km\/h<\/li>\n<li> Fj\u00e4rrstyrningsavst\u00e5nd: 15 m<\/li>\n<li> Motor: 2 x 12V 25W<\/li>\n<li> Batteri: 12V 4,5AH<\/li>\n<li> Laddare: 12V\/0,5A<\/li>\n<li> Laddningstid: 8-12 timmar<\/li>\n<li> Drifttid: 45 minuter<\/li>\n<li> Maximal belastning: 30 kg<\/li>\n<li> Rekommenderad \u00e5lder: 3-5 \u00e5r<\/li>\n<\/ul>\n<p>Leveransinneh\u00e5ll:<\/p>\n<ul>\n<li> 1 x Elbil f\u00f6r barn<\/li>\n<li> 1 x Fj\u00e4rrkontroll<\/li>\n<li> 1 x Laddare<\/li>\n<li> 1 x Bruksanvisning<\/li>\n<\/ul>\n","protected":false},"excerpt":{"rendered":"<p>AIYAPLAY barns elbil \u00e4r utrustad med en fj\u00e4rrstyrningsfunktion f\u00f6r f\u00f6r\u00e4ldrar, men erbjuder ocks\u00e5 tillr\u00e4cklig s\u00e4kerhet tack vare fj\u00e4dring p\u00e5 alla&#8230;<\/p>\n","protected":false},"featured_media":89744,"template":"","meta":[],"product_brand":[],"product_cat":[880,610,1066],"product_tag":[],"class_list":{"0":"post-89753","1":"product","2":"type-product","3":"status-publish","4":"has-post-thumbnail","6":"product_cat-baby-barn-2","7":"product_cat-barnfordon","8":"product_cat-barns-elbilar","10":"first","11":"instock","12":"sale","13":"taxable","14":"shipping-taxable","15":"purchasable","16":"product-type-simple"},"yoast_head":"<!-- This site is optimized with the Yoast SEO plugin v25.4 - https:\/\/yoast.com\/wordpress\/plugins\/seo\/ -->\n<title>TRUUSK Elektrisk Bil f\u00f6r Barn - Fj\u00e4rrstyrning - S\u00e4kerhetsb\u00e4lte - LED-lampor - USB-port - F\u00f6r 3-5 \u00e5r - Orange - TRUUSK - Hem, Tr\u00e4dg\u00e5rd &amp; Fritid<\/title>\n<meta name=\"robots\" content=\"index, follow, max-snippet:-1, max-image-preview:large, max-video-preview:-1\" \/>\n<link rel=\"canonical\" href=\"https:\/\/truusk.store\/sv\/produkt\/truusk-elektrisk-bil-for-barn-fjarrstyrning-sakerhetsbalte-led-lampor-usb-port-for-3-5-ar-orange\/\" \/>\n<meta property=\"og:locale\" content=\"sv_SE\" \/>\n<meta property=\"og:type\" content=\"article\" \/>\n<meta property=\"og:title\" content=\"TRUUSK Elektrisk Bil f\u00f6r Barn - Fj\u00e4rrstyrning - S\u00e4kerhetsb\u00e4lte - LED-lampor - USB-port - F\u00f6r 3-5 \u00e5r - Orange - TRUUSK - Hem, Tr\u00e4dg\u00e5rd &amp; Fritid\" \/>\n<meta property=\"og:description\" content=\"AIYAPLAY barns elbil \u00e4r utrustad med en fj\u00e4rrstyrningsfunktion f\u00f6r f\u00f6r\u00e4ldrar, men erbjuder ocks\u00e5 tillr\u00e4cklig s\u00e4kerhet tack vare fj\u00e4dring p\u00e5 alla...\" \/>\n<meta property=\"og:url\" content=\"https:\/\/truusk.store\/sv\/produkt\/truusk-elektrisk-bil-for-barn-fjarrstyrning-sakerhetsbalte-led-lampor-usb-port-for-3-5-ar-orange\/\" \/>\n<meta property=\"og:site_name\" content=\"TRUUSK - Hem, Tr\u00e4dg\u00e5rd &amp; Fritid\" \/>\n<meta property=\"article:modified_time\" content=\"2026-03-12T07:46:39+00:00\" \/>\n<meta property=\"og:image\" content=\"https:\/\/i0.wp.com\/truusk.se\/wp-content\/uploads\/2025\/09\/aiyaplay-12v-elektrisk-bil-for-barn-fjarrstyrningsfunktion-balte-horn-led-lampor-usb-port-for-3-5-ar-orange-1.webp?fit=2000%2C2000&ssl=1\" \/>\n\t<meta property=\"og:image:width\" content=\"2000\" \/>\n\t<meta property=\"og:image:height\" content=\"2000\" \/>\n\t<meta property=\"og:image:type\" content=\"image\/webp\" \/>\n<meta name=\"twitter:card\" content=\"summary_large_image\" \/>\n<meta name=\"twitter:label1\" content=\"Ber\u00e4knad l\u00e4stid\" \/>\n\t<meta name=\"twitter:data1\" content=\"1 minut\" \/>\n<!-- \/ Yoast SEO plugin. -->","yoast_head_json":{"title":"TRUUSK Elektrisk Bil f\u00f6r Barn - Fj\u00e4rrstyrning - S\u00e4kerhetsb\u00e4lte - LED-lampor - USB-port - F\u00f6r 3-5 \u00e5r - Orange - TRUUSK - Hem, Tr\u00e4dg\u00e5rd &amp; Fritid","robots":{"index":"index","follow":"follow","max-snippet":"max-snippet:-1","max-image-preview":"max-image-preview:large","max-video-preview":"max-video-preview:-1"},"canonical":"https:\/\/truusk.store\/sv\/produkt\/truusk-elektrisk-bil-for-barn-fjarrstyrning-sakerhetsbalte-led-lampor-usb-port-for-3-5-ar-orange\/","og_locale":"sv_SE","og_type":"article","og_title":"TRUUSK Elektrisk Bil f\u00f6r Barn - Fj\u00e4rrstyrning - S\u00e4kerhetsb\u00e4lte - LED-lampor - USB-port - F\u00f6r 3-5 \u00e5r - Orange - TRUUSK - Hem, Tr\u00e4dg\u00e5rd &amp; Fritid","og_description":"AIYAPLAY barns elbil \u00e4r utrustad med en fj\u00e4rrstyrningsfunktion f\u00f6r f\u00f6r\u00e4ldrar, men erbjuder ocks\u00e5 tillr\u00e4cklig s\u00e4kerhet tack vare fj\u00e4dring p\u00e5 alla...","og_url":"https:\/\/truusk.store\/sv\/produkt\/truusk-elektrisk-bil-for-barn-fjarrstyrning-sakerhetsbalte-led-lampor-usb-port-for-3-5-ar-orange\/","og_site_name":"TRUUSK - Hem, Tr\u00e4dg\u00e5rd &amp; Fritid","article_modified_time":"2026-03-12T07:46:39+00:00","og_image":[{"width":2000,"height":2000,"url":"https:\/\/i0.wp.com\/truusk.se\/wp-content\/uploads\/2025\/09\/aiyaplay-12v-elektrisk-bil-for-barn-fjarrstyrningsfunktion-balte-horn-led-lampor-usb-port-for-3-5-ar-orange-1.webp?fit=2000%2C2000&ssl=1","type":"image\/webp"}],"twitter_card":"summary_large_image","twitter_misc":{"Ber\u00e4knad l\u00e4stid":"1 minut"},"schema":{"@context":"https:\/\/schema.org","@graph":[{"@type":"WebPage","@id":"https:\/\/truusk.store\/sv\/produkt\/truusk-elektrisk-bil-for-barn-fjarrstyrning-sakerhetsbalte-led-lampor-usb-port-for-3-5-ar-orange\/","url":"https:\/\/truusk.store\/sv\/produkt\/truusk-elektrisk-bil-for-barn-fjarrstyrning-sakerhetsbalte-led-lampor-usb-port-for-3-5-ar-orange\/","name":"TRUUSK Elektrisk Bil f\u00f6r Barn - Fj\u00e4rrstyrning - S\u00e4kerhetsb\u00e4lte - LED-lampor - USB-port - F\u00f6r 3-5 \u00e5r - Orange - TRUUSK - Hem, Tr\u00e4dg\u00e5rd &amp; Fritid","isPartOf":{"@id":"https:\/\/truusk.store\/sv\/#website"},"primaryImageOfPage":{"@id":"https:\/\/truusk.store\/sv\/produkt\/truusk-elektrisk-bil-for-barn-fjarrstyrning-sakerhetsbalte-led-lampor-usb-port-for-3-5-ar-orange\/#primaryimage"},"image":{"@id":"https:\/\/truusk.store\/sv\/produkt\/truusk-elektrisk-bil-for-barn-fjarrstyrning-sakerhetsbalte-led-lampor-usb-port-for-3-5-ar-orange\/#primaryimage"},"thumbnailUrl":"https:\/\/i0.wp.com\/truusk.store\/wp-content\/uploads\/2025\/09\/aiyaplay-12v-elektrisk-bil-for-barn-fjarrstyrningsfunktion-balte-horn-led-lampor-usb-port-for-3-5-ar-orange-1.webp?fit=2000%2C2000&ssl=1","datePublished":"2025-09-02T12:28:33+00:00","dateModified":"2026-03-12T07:46:39+00:00","breadcrumb":{"@id":"https:\/\/truusk.store\/sv\/produkt\/truusk-elektrisk-bil-for-barn-fjarrstyrning-sakerhetsbalte-led-lampor-usb-port-for-3-5-ar-orange\/#breadcrumb"},"inLanguage":"sv-SE","potentialAction":[{"@type":"ReadAction","target":["https:\/\/truusk.store\/sv\/produkt\/truusk-elektrisk-bil-for-barn-fjarrstyrning-sakerhetsbalte-led-lampor-usb-port-for-3-5-ar-orange\/"]}]},{"@type":"ImageObject","inLanguage":"sv-SE","@id":"https:\/\/truusk.store\/sv\/produkt\/truusk-elektrisk-bil-for-barn-fjarrstyrning-sakerhetsbalte-led-lampor-usb-port-for-3-5-ar-orange\/#primaryimage","url":"https:\/\/i0.wp.com\/truusk.store\/wp-content\/uploads\/2025\/09\/aiyaplay-12v-elektrisk-bil-for-barn-fjarrstyrningsfunktion-balte-horn-led-lampor-usb-port-for-3-5-ar-orange-1.webp?fit=2000%2C2000&ssl=1","contentUrl":"https:\/\/i0.wp.com\/truusk.store\/wp-content\/uploads\/2025\/09\/aiyaplay-12v-elektrisk-bil-for-barn-fjarrstyrningsfunktion-balte-horn-led-lampor-usb-port-for-3-5-ar-orange-1.webp?fit=2000%2C2000&ssl=1","width":2000,"height":2000},{"@type":"BreadcrumbList","@id":"https:\/\/truusk.store\/sv\/produkt\/truusk-elektrisk-bil-for-barn-fjarrstyrning-sakerhetsbalte-led-lampor-usb-port-for-3-5-ar-orange\/#breadcrumb","itemListElement":[{"@type":"ListItem","position":1,"name":"Home","item":"https:\/\/truusk.store\/sv\/"},{"@type":"ListItem","position":2,"name":"Shop","item":"https:\/\/truusk.store\/shop\/"},{"@type":"ListItem","position":3,"name":"TRUUSK Elektrisk Bil f\u00f6r Barn &#8211; Fj\u00e4rrstyrning &#8211; S\u00e4kerhetsb\u00e4lte &#8211; LED-lampor &#8211; USB-port &#8211; F\u00f6r 3-5 \u00e5r &#8211; Orange"}]},{"@type":"WebSite","@id":"https:\/\/truusk.store\/sv\/#website","url":"https:\/\/truusk.store\/sv\/","name":"TRUUSK - Hem, Tr\u00e4dg\u00e5rd & Fritid","description":"","publisher":{"@id":"https:\/\/truusk.store\/sv\/#organization"},"potentialAction":[{"@type":"SearchAction","target":{"@type":"EntryPoint","urlTemplate":"https:\/\/truusk.store\/sv\/?s={search_term_string}"},"query-input":{"@type":"PropertyValueSpecification","valueRequired":true,"valueName":"search_term_string"}}],"inLanguage":"sv-SE"},{"@type":"Organization","@id":"https:\/\/truusk.store\/sv\/#organization","name":"TRUUSK - Hem, Tr\u00e4dg\u00e5rd & Fritid","url":"https:\/\/truusk.store\/sv\/","logo":{"@type":"ImageObject","inLanguage":"sv-SE","@id":"https:\/\/truusk.store\/sv\/#\/schema\/logo\/image\/","url":"https:\/\/i0.wp.com\/truusk.store\/wp-content\/uploads\/2026\/03\/cropped-TRUUSK.png?fit=2032%2C917&ssl=1","contentUrl":"https:\/\/i0.wp.com\/truusk.store\/wp-content\/uploads\/2026\/03\/cropped-TRUUSK.png?fit=2032%2C917&ssl=1","width":2032,"height":917,"caption":"TRUUSK - Hem, Tr\u00e4dg\u00e5rd & Fritid"},"image":{"@id":"https:\/\/truusk.store\/sv\/#\/schema\/logo\/image\/"}}]}},"jetpack_sharing_enabled":true,"_links":{"self":[{"href":"https:\/\/truusk.store\/sv\/wp-json\/wp\/v2\/product\/89753","targetHints":{"allow":["GET"]}}],"collection":[{"href":"https:\/\/truusk.store\/sv\/wp-json\/wp\/v2\/product"}],"about":[{"href":"https:\/\/truusk.store\/sv\/wp-json\/wp\/v2\/types\/product"}],"wp:featuredmedia":[{"embeddable":true,"href":"https:\/\/truusk.store\/sv\/wp-json\/wp\/v2\/media\/89744"}],"wp:attachment":[{"href":"https:\/\/truusk.store\/sv\/wp-json\/wp\/v2\/media?parent=89753"}],"wp:term":[{"taxonomy":"product_brand","embeddable":true,"href":"https:\/\/truusk.store\/sv\/wp-json\/wp\/v2\/product_brand?post=89753"},{"taxonomy":"product_cat","embeddable":true,"href":"https:\/\/truusk.store\/sv\/wp-json\/wp\/v2\/product_cat?post=89753"},{"taxonomy":"product_tag","embeddable":true,"href":"https:\/\/truusk.store\/sv\/wp-json\/wp\/v2\/product_tag?post=89753"}],"curies":[{"name":"wp","href":"https:\/\/api.w.org\/{rel}","templated":true}]}}