{"id":89763,"date":"2025-09-02T13:29:37","date_gmt":"2025-09-02T12:29:37","guid":{"rendered":"https:\/\/truusk.store\/product\/aiyaplay-inomhus-klatterstallning-5-i-1-klattringstriangel-med-rutschkana-klatterbage-inkl-dubbelsidig-ramp-inomhus-lekplats-for-barn-18-48-manader-gravit\/"},"modified":"2026-03-12T08:46:41","modified_gmt":"2026-03-12T07:46:41","slug":"truusk-inomhus-klatterstallning-5-i-1-design-rutschkana-klatterbage-dubbelsidig-ramp-lekplats-for-barn-18-48-manader","status":"publish","type":"product","link":"https:\/\/truusk.store\/sv\/produkt\/truusk-inomhus-klatterstallning-5-i-1-design-rutschkana-klatterbage-dubbelsidig-ramp-lekplats-for-barn-18-48-manader\/","title":{"rendered":"TRUUSK Inomhus Kl\u00e4tterst\u00e4llning &#8211; 5 i 1 Design &#8211; Rutschkana &#8211; Kl\u00e4tterb\u00e5ge &#8211; Dubbelsidig Ramp &#8211; Lekplats f\u00f6r Barn 18-48 M\u00e5nader &#8211;"},"content":{"rendered":"<p>Letar du efter s\u00e4kert och engagerande leksaker? Det \u00e4r en utmaning att uppt\u00e4cka leksaker som verkligen st\u00f6djer utveckling och kreativitet. AIYAPLAY kl\u00e4tterst\u00e4llning inomhus \u00e4r en ideal l\u00f6sning. Detta 8-i-1-set av s\u00e4ker plast ger lugna lekstunder. Den dubbelsidiga rutschbanan p\u00e5 kl\u00e4tterst\u00e4llningen f\u00f6rb\u00e4ttrar koordination och balans, g\u00f6r leken s\u00e4ker, fr\u00e4mjar kreativitet och minskar sk\u00e4rmtid.<\/p>\n<p>Beskrivning:<\/p>\n<ul>\n<li> 8-i-1-designen p\u00e5 kl\u00e4tterst\u00e4llningen erbjuder m\u00e5nga lekm\u00f6jligheter, fr\u00e4mjar kreativitet och fantasi<\/li>\n<li> Robust b\u00e4rkapacitet p\u00e5 30 kg st\u00f6djer tv\u00e5 barn, f\u00f6r roligt och utveckling<\/li>\n<li> Med halkfria fasta f\u00f6tter, f\u00f6rblir stabil under barnens lektid<\/li>\n<li> S\u00e4kra plastmaterial p\u00e5 kl\u00e4tterb\u00e5gen skyddar k\u00e4nslig hud och s\u00e4kerst\u00e4ller en s\u00e4ker lektid<\/li>\n<li> Sl\u00e4t, vattent\u00e4t plast yta p\u00e5 inomhus kl\u00e4tterst\u00e4llningen m\u00f6jligg\u00f6r enkel reng\u00f6ring och sparar tid f\u00f6r f\u00f6r\u00e4ldrarna<\/li>\n<li> Dubbelsidig rutschbana erbjuder kl\u00e4ttring och rutschning kul<\/li>\n<li> Reversibel kl\u00e4tterb\u00e5ge f\u00f6rvandlas till en gungstol, sparar utrymme och berikar spelet<\/li>\n<li> Enkel montering p\u00e5 30 minuter m\u00f6jligg\u00f6r flexibla kombinationer och bekv\u00e4m f\u00f6rvaring<\/li>\n<\/ul>\n<p>Tekniska data:<\/p>\n<ul>\n<li> F\u00e4rg: Gr\u00e5+Vit<\/li>\n<li> Material: Plast<\/li>\n<li> Totala dimensioner: 279L x 80B x 69H cm<\/li>\n<li> Triangel kl\u00e4ttrare dimensioner: 76,5L x 80B x 69H cm<\/li>\n<li> B\u00e5ge kl\u00e4ttrare dimensioner: 104L x 70B x 56H cm<\/li>\n<li> Rutschbr\u00e4da dimensioner: 84,5L x 34,5B cm<\/li>\n<li> Inre rutsch dimensioner: 84L x 30B cm<\/li>\n<li> Maximal belastning: 30 kg<\/li>\n<li> Rekommenderad \u00e5lder: 18-48 m\u00e5nader<\/li>\n<\/ul>\n<p>Leveransinneh\u00e5ll:<\/p>\n<ul>\n<li> 1 x B\u00e5ge kl\u00e4tterst\u00e4llning<\/li>\n<li> 1 x Triangel kl\u00e4tterst\u00e4llning<\/li>\n<li> 2 x Rutschbr\u00e4dor<\/li>\n<li> 1 x Handbok<\/li>\n<\/ul>\n","protected":false},"excerpt":{"rendered":"<p>Letar du efter s\u00e4kert och engagerande leksaker? Det \u00e4r en utmaning att uppt\u00e4cka leksaker som verkligen st\u00f6djer utveckling och kreativitet&#8230;.<\/p>\n","protected":false},"featured_media":89754,"template":"","meta":[],"product_brand":[],"product_cat":[880,622,616],"product_tag":[],"class_list":{"0":"post-89763","1":"product","2":"type-product","3":"status-publish","4":"has-post-thumbnail","6":"product_cat-baby-barn-2","7":"product_cat-barnrutschbanor","8":"product_cat-utomhusleksaker","10":"first","11":"instock","12":"sale","13":"taxable","14":"shipping-taxable","15":"purchasable","16":"product-type-simple"},"yoast_head":"<!-- This site is optimized with the Yoast SEO plugin v25.4 - https:\/\/yoast.com\/wordpress\/plugins\/seo\/ -->\n<title>TRUUSK Inomhus Kl\u00e4tterst\u00e4llning - 5 i 1 Design - Rutschkana - Kl\u00e4tterb\u00e5ge - Dubbelsidig Ramp - Lekplats f\u00f6r Barn 18-48 M\u00e5nader - TRUUSK - Hem, Tr\u00e4dg\u00e5rd &amp; Fritid<\/title>\n<meta name=\"robots\" content=\"index, follow, max-snippet:-1, max-image-preview:large, max-video-preview:-1\" \/>\n<link rel=\"canonical\" href=\"https:\/\/truusk.store\/sv\/produkt\/truusk-inomhus-klatterstallning-5-i-1-design-rutschkana-klatterbage-dubbelsidig-ramp-lekplats-for-barn-18-48-manader\/\" \/>\n<meta property=\"og:locale\" content=\"sv_SE\" \/>\n<meta property=\"og:type\" content=\"article\" \/>\n<meta property=\"og:title\" content=\"TRUUSK Inomhus Kl\u00e4tterst\u00e4llning - 5 i 1 Design - Rutschkana - Kl\u00e4tterb\u00e5ge - Dubbelsidig Ramp - Lekplats f\u00f6r Barn 18-48 M\u00e5nader - TRUUSK - Hem, Tr\u00e4dg\u00e5rd &amp; Fritid\" \/>\n<meta property=\"og:description\" content=\"Letar du efter s\u00e4kert och engagerande leksaker? Det \u00e4r en utmaning att uppt\u00e4cka leksaker som verkligen st\u00f6djer utveckling och kreativitet....\" \/>\n<meta property=\"og:url\" content=\"https:\/\/truusk.store\/sv\/produkt\/truusk-inomhus-klatterstallning-5-i-1-design-rutschkana-klatterbage-dubbelsidig-ramp-lekplats-for-barn-18-48-manader\/\" \/>\n<meta property=\"og:site_name\" content=\"TRUUSK - Hem, Tr\u00e4dg\u00e5rd &amp; Fritid\" \/>\n<meta property=\"article:modified_time\" content=\"2026-03-12T07:46:41+00:00\" \/>\n<meta property=\"og:image\" content=\"https:\/\/i0.wp.com\/truusk.se\/wp-content\/uploads\/2025\/09\/aiyaplay-inomhus-klatterstallning-5-i-1-klattringstriangel-med-rutschkana-klatterbage-inkl-dubbelsidig-ramp-inomhus-lekplats-for-barn-18-48-manader-gravit-1.webp?fit=2000%2C2000&ssl=1\" \/>\n\t<meta property=\"og:image:width\" content=\"2000\" \/>\n\t<meta property=\"og:image:height\" content=\"2000\" \/>\n\t<meta property=\"og:image:type\" content=\"image\/webp\" \/>\n<meta name=\"twitter:card\" content=\"summary_large_image\" \/>\n<meta name=\"twitter:label1\" content=\"Ber\u00e4knad l\u00e4stid\" \/>\n\t<meta name=\"twitter:data1\" content=\"1 minut\" \/>\n<!-- \/ Yoast SEO plugin. -->","yoast_head_json":{"title":"TRUUSK Inomhus Kl\u00e4tterst\u00e4llning - 5 i 1 Design - Rutschkana - Kl\u00e4tterb\u00e5ge - Dubbelsidig Ramp - Lekplats f\u00f6r Barn 18-48 M\u00e5nader - TRUUSK - Hem, Tr\u00e4dg\u00e5rd &amp; Fritid","robots":{"index":"index","follow":"follow","max-snippet":"max-snippet:-1","max-image-preview":"max-image-preview:large","max-video-preview":"max-video-preview:-1"},"canonical":"https:\/\/truusk.store\/sv\/produkt\/truusk-inomhus-klatterstallning-5-i-1-design-rutschkana-klatterbage-dubbelsidig-ramp-lekplats-for-barn-18-48-manader\/","og_locale":"sv_SE","og_type":"article","og_title":"TRUUSK Inomhus Kl\u00e4tterst\u00e4llning - 5 i 1 Design - Rutschkana - Kl\u00e4tterb\u00e5ge - Dubbelsidig Ramp - Lekplats f\u00f6r Barn 18-48 M\u00e5nader - TRUUSK - Hem, Tr\u00e4dg\u00e5rd &amp; Fritid","og_description":"Letar du efter s\u00e4kert och engagerande leksaker? Det \u00e4r en utmaning att uppt\u00e4cka leksaker som verkligen st\u00f6djer utveckling och kreativitet....","og_url":"https:\/\/truusk.store\/sv\/produkt\/truusk-inomhus-klatterstallning-5-i-1-design-rutschkana-klatterbage-dubbelsidig-ramp-lekplats-for-barn-18-48-manader\/","og_site_name":"TRUUSK - Hem, Tr\u00e4dg\u00e5rd &amp; Fritid","article_modified_time":"2026-03-12T07:46:41+00:00","og_image":[{"width":2000,"height":2000,"url":"https:\/\/i0.wp.com\/truusk.se\/wp-content\/uploads\/2025\/09\/aiyaplay-inomhus-klatterstallning-5-i-1-klattringstriangel-med-rutschkana-klatterbage-inkl-dubbelsidig-ramp-inomhus-lekplats-for-barn-18-48-manader-gravit-1.webp?fit=2000%2C2000&ssl=1","type":"image\/webp"}],"twitter_card":"summary_large_image","twitter_misc":{"Ber\u00e4knad l\u00e4stid":"1 minut"},"schema":{"@context":"https:\/\/schema.org","@graph":[{"@type":"WebPage","@id":"https:\/\/truusk.store\/sv\/produkt\/truusk-inomhus-klatterstallning-5-i-1-design-rutschkana-klatterbage-dubbelsidig-ramp-lekplats-for-barn-18-48-manader\/","url":"https:\/\/truusk.store\/sv\/produkt\/truusk-inomhus-klatterstallning-5-i-1-design-rutschkana-klatterbage-dubbelsidig-ramp-lekplats-for-barn-18-48-manader\/","name":"TRUUSK Inomhus Kl\u00e4tterst\u00e4llning - 5 i 1 Design - Rutschkana - Kl\u00e4tterb\u00e5ge - Dubbelsidig Ramp - Lekplats f\u00f6r Barn 18-48 M\u00e5nader - TRUUSK - Hem, Tr\u00e4dg\u00e5rd &amp; Fritid","isPartOf":{"@id":"https:\/\/truusk.store\/sv\/#website"},"primaryImageOfPage":{"@id":"https:\/\/truusk.store\/sv\/produkt\/truusk-inomhus-klatterstallning-5-i-1-design-rutschkana-klatterbage-dubbelsidig-ramp-lekplats-for-barn-18-48-manader\/#primaryimage"},"image":{"@id":"https:\/\/truusk.store\/sv\/produkt\/truusk-inomhus-klatterstallning-5-i-1-design-rutschkana-klatterbage-dubbelsidig-ramp-lekplats-for-barn-18-48-manader\/#primaryimage"},"thumbnailUrl":"https:\/\/i0.wp.com\/truusk.store\/wp-content\/uploads\/2025\/09\/aiyaplay-inomhus-klatterstallning-5-i-1-klattringstriangel-med-rutschkana-klatterbage-inkl-dubbelsidig-ramp-inomhus-lekplats-for-barn-18-48-manader-gravit-1.webp?fit=2000%2C2000&ssl=1","datePublished":"2025-09-02T12:29:37+00:00","dateModified":"2026-03-12T07:46:41+00:00","breadcrumb":{"@id":"https:\/\/truusk.store\/sv\/produkt\/truusk-inomhus-klatterstallning-5-i-1-design-rutschkana-klatterbage-dubbelsidig-ramp-lekplats-for-barn-18-48-manader\/#breadcrumb"},"inLanguage":"sv-SE","potentialAction":[{"@type":"ReadAction","target":["https:\/\/truusk.store\/sv\/produkt\/truusk-inomhus-klatterstallning-5-i-1-design-rutschkana-klatterbage-dubbelsidig-ramp-lekplats-for-barn-18-48-manader\/"]}]},{"@type":"ImageObject","inLanguage":"sv-SE","@id":"https:\/\/truusk.store\/sv\/produkt\/truusk-inomhus-klatterstallning-5-i-1-design-rutschkana-klatterbage-dubbelsidig-ramp-lekplats-for-barn-18-48-manader\/#primaryimage","url":"https:\/\/i0.wp.com\/truusk.store\/wp-content\/uploads\/2025\/09\/aiyaplay-inomhus-klatterstallning-5-i-1-klattringstriangel-med-rutschkana-klatterbage-inkl-dubbelsidig-ramp-inomhus-lekplats-for-barn-18-48-manader-gravit-1.webp?fit=2000%2C2000&ssl=1","contentUrl":"https:\/\/i0.wp.com\/truusk.store\/wp-content\/uploads\/2025\/09\/aiyaplay-inomhus-klatterstallning-5-i-1-klattringstriangel-med-rutschkana-klatterbage-inkl-dubbelsidig-ramp-inomhus-lekplats-for-barn-18-48-manader-gravit-1.webp?fit=2000%2C2000&ssl=1","width":2000,"height":2000},{"@type":"BreadcrumbList","@id":"https:\/\/truusk.store\/sv\/produkt\/truusk-inomhus-klatterstallning-5-i-1-design-rutschkana-klatterbage-dubbelsidig-ramp-lekplats-for-barn-18-48-manader\/#breadcrumb","itemListElement":[{"@type":"ListItem","position":1,"name":"Home","item":"https:\/\/truusk.store\/sv\/"},{"@type":"ListItem","position":2,"name":"Shop","item":"https:\/\/truusk.store\/shop\/"},{"@type":"ListItem","position":3,"name":"TRUUSK Inomhus Kl\u00e4tterst\u00e4llning &#8211; 5 i 1 Design &#8211; Rutschkana &#8211; Kl\u00e4tterb\u00e5ge &#8211; Dubbelsidig Ramp &#8211; Lekplats f\u00f6r Barn 18-48 M\u00e5nader &#8211;"}]},{"@type":"WebSite","@id":"https:\/\/truusk.store\/sv\/#website","url":"https:\/\/truusk.store\/sv\/","name":"TRUUSK - Hem, Tr\u00e4dg\u00e5rd & Fritid","description":"","publisher":{"@id":"https:\/\/truusk.store\/sv\/#organization"},"potentialAction":[{"@type":"SearchAction","target":{"@type":"EntryPoint","urlTemplate":"https:\/\/truusk.store\/sv\/?s={search_term_string}"},"query-input":{"@type":"PropertyValueSpecification","valueRequired":true,"valueName":"search_term_string"}}],"inLanguage":"sv-SE"},{"@type":"Organization","@id":"https:\/\/truusk.store\/sv\/#organization","name":"TRUUSK - Hem, Tr\u00e4dg\u00e5rd & Fritid","url":"https:\/\/truusk.store\/sv\/","logo":{"@type":"ImageObject","inLanguage":"sv-SE","@id":"https:\/\/truusk.store\/sv\/#\/schema\/logo\/image\/","url":"https:\/\/i0.wp.com\/truusk.store\/wp-content\/uploads\/2026\/03\/cropped-TRUUSK.png?fit=2032%2C917&ssl=1","contentUrl":"https:\/\/i0.wp.com\/truusk.store\/wp-content\/uploads\/2026\/03\/cropped-TRUUSK.png?fit=2032%2C917&ssl=1","width":2032,"height":917,"caption":"TRUUSK - Hem, Tr\u00e4dg\u00e5rd & Fritid"},"image":{"@id":"https:\/\/truusk.store\/sv\/#\/schema\/logo\/image\/"}}]}},"jetpack_sharing_enabled":true,"_links":{"self":[{"href":"https:\/\/truusk.store\/sv\/wp-json\/wp\/v2\/product\/89763","targetHints":{"allow":["GET"]}}],"collection":[{"href":"https:\/\/truusk.store\/sv\/wp-json\/wp\/v2\/product"}],"about":[{"href":"https:\/\/truusk.store\/sv\/wp-json\/wp\/v2\/types\/product"}],"wp:featuredmedia":[{"embeddable":true,"href":"https:\/\/truusk.store\/sv\/wp-json\/wp\/v2\/media\/89754"}],"wp:attachment":[{"href":"https:\/\/truusk.store\/sv\/wp-json\/wp\/v2\/media?parent=89763"}],"wp:term":[{"taxonomy":"product_brand","embeddable":true,"href":"https:\/\/truusk.store\/sv\/wp-json\/wp\/v2\/product_brand?post=89763"},{"taxonomy":"product_cat","embeddable":true,"href":"https:\/\/truusk.store\/sv\/wp-json\/wp\/v2\/product_cat?post=89763"},{"taxonomy":"product_tag","embeddable":true,"href":"https:\/\/truusk.store\/sv\/wp-json\/wp\/v2\/product_tag?post=89763"}],"curies":[{"name":"wp","href":"https:\/\/api.w.org\/{rel}","templated":true}]}}