{"id":89833,"date":"2025-09-02T13:36:36","date_gmt":"2025-09-02T12:36:36","guid":{"rendered":"https:\/\/truusk.store\/product\/kokshylla-4-nivadesign-arbetsbank-8-krokar-metallror-brunsvart\/"},"modified":"2026-03-12T08:47:04","modified_gmt":"2026-03-12T07:47:04","slug":"truusk-kokshylla-4-nivadesign-arbetsbank-8-krokar-metallror-brunsvart","status":"publish","type":"product","link":"https:\/\/truusk.store\/sv\/produkt\/truusk-kokshylla-4-nivadesign-arbetsbank-8-krokar-metallror-brunsvart\/","title":{"rendered":"TRUUSK K\u00f6kshylla &#8211; 4-niv\u00e5design &#8211; Arbetsb\u00e4nk &#8211; 8 Krokar &#8211; Metallr\u00f6r &#8211; Brun+Svart"},"content":{"rendered":"<p>Lider du av k\u00f6kskaos och vacklande hyllor? Ett r\u00f6rigt rum f\u00f6rsv\u00e5rar matlagningen. TRUUSK bagerihyllan skapar l\u00f6sningen med en gener\u00f6s arbetsyta, en \u00f6vre samt tv\u00e5 undre hyllor &#8211; perfekt f\u00f6r mikrov\u00e5gsugnar, porslin och mer. Sidogaller i metall med 8 S-krokar erbjuder plats f\u00f6r att h\u00e4nga upp koppar eller k\u00f6ksredskap inom r\u00e4ckh\u00e5ll. K\u00f6kshyllan i rustikt brunt med svart ram passar s\u00f6ml\u00f6st in i alla k\u00f6k.<\/p>\n<p>Beskrivning:<\/p>\n<ul>\n<li> Det fyra niv\u00e5ers design av k\u00f6kshyllan erbjuder mycket f\u00f6rvaringsutrymme f\u00f6r olika f\u00f6rem\u00e5l och utrymmen<\/li>\n<li> Den rymliga arbetsytan \u00e4r utm\u00e4rkt f\u00f6r mikrov\u00e5gsugn, ugn och andra sm\u00e5 apparater<\/li>\n<li> Sidon\u00e4tpaneler p\u00e5 bagerihyllan med 8 avtagbara krokar f\u00f6r att h\u00e4nga upp redskap eller koppar<\/li>\n<li> Fungerar ocks\u00e5 som kaffestation eller mikrov\u00e5gsst\u00e4ll<\/li>\n<li> Den eleganta svarta ramen kombinerad med rustika bruna paneler f\u00f6r en industriell touch<\/li>\n<li> Tillverkad av metallr\u00f6r med X-formade tv\u00e4rst\u00e4nger och sp\u00e5nskivor f\u00f6r p\u00e5litlig daglig anv\u00e4ndning<\/li>\n<li> Tipp-skyddsb\u00e4lten och justerbara f\u00f6tter garanterar stabilitet och s\u00e4kerhet<\/li>\n<li> Enkel montering<\/li>\n<\/ul>\n<p> Tekniska data:<\/p>\n<ul>\n<li> F\u00e4rg: Rustikt Brun+Svart<\/li>\n<li> Material: Sp\u00e5nskiva, Metall<\/li>\n<li> Totala dimensioner: 60B x 42T x 134,5H cm<\/li>\n<li> M\u00e5tt p\u00e5 \u00f6vre hyllan: 60B x 17T cm<\/li>\n<li> Arbetsytans dimensioner: 60B x 40T cm<\/li>\n<li> M\u00e5tt p\u00e5 nedre hyllan: 58B x 38T x 37\/37 cm<\/li>\n<li> Maximal belastning: 5 kg (\u00f6vre hylla), 10 kg (arbetsyta\/undre hylla), 35 kg (totalt)<\/li>\n<\/ul>\n<p>Leveransinneh\u00e5ll:<\/p>\n<ul>\n<li> 1 x K\u00f6ksbagerihylla<\/li>\n<li> 1 x Handbok<\/li>\n<\/ul>\n","protected":false},"excerpt":{"rendered":"<p>Lider du av k\u00f6kskaos och vacklande hyllor? Ett r\u00f6rigt rum f\u00f6rsv\u00e5rar matlagningen. TRUUSK bagerihyllan skapar l\u00f6sningen med en gener\u00f6s arbetsyta,&#8230;<\/p>\n","protected":false},"featured_media":89824,"template":"","meta":[],"product_brand":[],"product_cat":[1081,872,871],"product_tag":[],"class_list":{"0":"post-89833","1":"product","2":"type-product","3":"status-publish","4":"has-post-thumbnail","6":"product_cat-bok-stallhyllor","7":"product_cat-hemmakontor-arbetsplats","8":"product_cat-hus-hem","10":"first","11":"instock","12":"sale","13":"taxable","14":"shipping-taxable","15":"purchasable","16":"product-type-simple"},"yoast_head":"<!-- This site is optimized with the Yoast SEO plugin v25.4 - https:\/\/yoast.com\/wordpress\/plugins\/seo\/ -->\n<title>TRUUSK K\u00f6kshylla - 4-niv\u00e5design - Arbetsb\u00e4nk - 8 Krokar - Metallr\u00f6r - Brun+Svart - TRUUSK - Hem, Tr\u00e4dg\u00e5rd &amp; Fritid<\/title>\n<meta name=\"robots\" content=\"index, follow, max-snippet:-1, max-image-preview:large, max-video-preview:-1\" \/>\n<link rel=\"canonical\" href=\"https:\/\/truusk.store\/sv\/produkt\/truusk-kokshylla-4-nivadesign-arbetsbank-8-krokar-metallror-brunsvart\/\" \/>\n<meta property=\"og:locale\" content=\"sv_SE\" \/>\n<meta property=\"og:type\" content=\"article\" \/>\n<meta property=\"og:title\" content=\"TRUUSK K\u00f6kshylla - 4-niv\u00e5design - Arbetsb\u00e4nk - 8 Krokar - Metallr\u00f6r - Brun+Svart - TRUUSK - Hem, Tr\u00e4dg\u00e5rd &amp; Fritid\" \/>\n<meta property=\"og:description\" content=\"Lider du av k\u00f6kskaos och vacklande hyllor? Ett r\u00f6rigt rum f\u00f6rsv\u00e5rar matlagningen. TRUUSK bagerihyllan skapar l\u00f6sningen med en gener\u00f6s arbetsyta,...\" \/>\n<meta property=\"og:url\" content=\"https:\/\/truusk.store\/sv\/produkt\/truusk-kokshylla-4-nivadesign-arbetsbank-8-krokar-metallror-brunsvart\/\" \/>\n<meta property=\"og:site_name\" content=\"TRUUSK - Hem, Tr\u00e4dg\u00e5rd &amp; Fritid\" \/>\n<meta property=\"article:modified_time\" content=\"2026-03-12T07:47:04+00:00\" \/>\n<meta property=\"og:image\" content=\"https:\/\/i0.wp.com\/truusk.se\/wp-content\/uploads\/2025\/09\/kokshylla-4-nivadesign-arbetsbank-8-krokar-metallror-brunsvart-1.webp?fit=2000%2C2000&ssl=1\" \/>\n\t<meta property=\"og:image:width\" content=\"2000\" \/>\n\t<meta property=\"og:image:height\" content=\"2000\" \/>\n\t<meta property=\"og:image:type\" content=\"image\/webp\" \/>\n<meta name=\"twitter:card\" content=\"summary_large_image\" \/>\n<meta name=\"twitter:label1\" content=\"Ber\u00e4knad l\u00e4stid\" \/>\n\t<meta name=\"twitter:data1\" content=\"1 minut\" \/>\n<!-- \/ Yoast SEO plugin. -->","yoast_head_json":{"title":"TRUUSK K\u00f6kshylla - 4-niv\u00e5design - Arbetsb\u00e4nk - 8 Krokar - Metallr\u00f6r - Brun+Svart - TRUUSK - Hem, Tr\u00e4dg\u00e5rd &amp; Fritid","robots":{"index":"index","follow":"follow","max-snippet":"max-snippet:-1","max-image-preview":"max-image-preview:large","max-video-preview":"max-video-preview:-1"},"canonical":"https:\/\/truusk.store\/sv\/produkt\/truusk-kokshylla-4-nivadesign-arbetsbank-8-krokar-metallror-brunsvart\/","og_locale":"sv_SE","og_type":"article","og_title":"TRUUSK K\u00f6kshylla - 4-niv\u00e5design - Arbetsb\u00e4nk - 8 Krokar - Metallr\u00f6r - Brun+Svart - TRUUSK - Hem, Tr\u00e4dg\u00e5rd &amp; Fritid","og_description":"Lider du av k\u00f6kskaos och vacklande hyllor? Ett r\u00f6rigt rum f\u00f6rsv\u00e5rar matlagningen. TRUUSK bagerihyllan skapar l\u00f6sningen med en gener\u00f6s arbetsyta,...","og_url":"https:\/\/truusk.store\/sv\/produkt\/truusk-kokshylla-4-nivadesign-arbetsbank-8-krokar-metallror-brunsvart\/","og_site_name":"TRUUSK - Hem, Tr\u00e4dg\u00e5rd &amp; Fritid","article_modified_time":"2026-03-12T07:47:04+00:00","og_image":[{"width":2000,"height":2000,"url":"https:\/\/i0.wp.com\/truusk.se\/wp-content\/uploads\/2025\/09\/kokshylla-4-nivadesign-arbetsbank-8-krokar-metallror-brunsvart-1.webp?fit=2000%2C2000&ssl=1","type":"image\/webp"}],"twitter_card":"summary_large_image","twitter_misc":{"Ber\u00e4knad l\u00e4stid":"1 minut"},"schema":{"@context":"https:\/\/schema.org","@graph":[{"@type":"WebPage","@id":"https:\/\/truusk.store\/sv\/produkt\/truusk-kokshylla-4-nivadesign-arbetsbank-8-krokar-metallror-brunsvart\/","url":"https:\/\/truusk.store\/sv\/produkt\/truusk-kokshylla-4-nivadesign-arbetsbank-8-krokar-metallror-brunsvart\/","name":"TRUUSK K\u00f6kshylla - 4-niv\u00e5design - Arbetsb\u00e4nk - 8 Krokar - Metallr\u00f6r - Brun+Svart - TRUUSK - Hem, Tr\u00e4dg\u00e5rd &amp; Fritid","isPartOf":{"@id":"https:\/\/truusk.store\/sv\/#website"},"primaryImageOfPage":{"@id":"https:\/\/truusk.store\/sv\/produkt\/truusk-kokshylla-4-nivadesign-arbetsbank-8-krokar-metallror-brunsvart\/#primaryimage"},"image":{"@id":"https:\/\/truusk.store\/sv\/produkt\/truusk-kokshylla-4-nivadesign-arbetsbank-8-krokar-metallror-brunsvart\/#primaryimage"},"thumbnailUrl":"https:\/\/i0.wp.com\/truusk.store\/wp-content\/uploads\/2025\/09\/kokshylla-4-nivadesign-arbetsbank-8-krokar-metallror-brunsvart-1.webp?fit=2000%2C2000&ssl=1","datePublished":"2025-09-02T12:36:36+00:00","dateModified":"2026-03-12T07:47:04+00:00","breadcrumb":{"@id":"https:\/\/truusk.store\/sv\/produkt\/truusk-kokshylla-4-nivadesign-arbetsbank-8-krokar-metallror-brunsvart\/#breadcrumb"},"inLanguage":"sv-SE","potentialAction":[{"@type":"ReadAction","target":["https:\/\/truusk.store\/sv\/produkt\/truusk-kokshylla-4-nivadesign-arbetsbank-8-krokar-metallror-brunsvart\/"]}]},{"@type":"ImageObject","inLanguage":"sv-SE","@id":"https:\/\/truusk.store\/sv\/produkt\/truusk-kokshylla-4-nivadesign-arbetsbank-8-krokar-metallror-brunsvart\/#primaryimage","url":"https:\/\/i0.wp.com\/truusk.store\/wp-content\/uploads\/2025\/09\/kokshylla-4-nivadesign-arbetsbank-8-krokar-metallror-brunsvart-1.webp?fit=2000%2C2000&ssl=1","contentUrl":"https:\/\/i0.wp.com\/truusk.store\/wp-content\/uploads\/2025\/09\/kokshylla-4-nivadesign-arbetsbank-8-krokar-metallror-brunsvart-1.webp?fit=2000%2C2000&ssl=1","width":2000,"height":2000},{"@type":"BreadcrumbList","@id":"https:\/\/truusk.store\/sv\/produkt\/truusk-kokshylla-4-nivadesign-arbetsbank-8-krokar-metallror-brunsvart\/#breadcrumb","itemListElement":[{"@type":"ListItem","position":1,"name":"Home","item":"https:\/\/truusk.store\/sv\/"},{"@type":"ListItem","position":2,"name":"Shop","item":"https:\/\/truusk.store\/shop\/"},{"@type":"ListItem","position":3,"name":"TRUUSK K\u00f6kshylla &#8211; 4-niv\u00e5design &#8211; Arbetsb\u00e4nk &#8211; 8 Krokar &#8211; Metallr\u00f6r &#8211; Brun+Svart"}]},{"@type":"WebSite","@id":"https:\/\/truusk.store\/sv\/#website","url":"https:\/\/truusk.store\/sv\/","name":"TRUUSK - Hem, Tr\u00e4dg\u00e5rd & Fritid","description":"","publisher":{"@id":"https:\/\/truusk.store\/sv\/#organization"},"potentialAction":[{"@type":"SearchAction","target":{"@type":"EntryPoint","urlTemplate":"https:\/\/truusk.store\/sv\/?s={search_term_string}"},"query-input":{"@type":"PropertyValueSpecification","valueRequired":true,"valueName":"search_term_string"}}],"inLanguage":"sv-SE"},{"@type":"Organization","@id":"https:\/\/truusk.store\/sv\/#organization","name":"TRUUSK - Hem, Tr\u00e4dg\u00e5rd & Fritid","url":"https:\/\/truusk.store\/sv\/","logo":{"@type":"ImageObject","inLanguage":"sv-SE","@id":"https:\/\/truusk.store\/sv\/#\/schema\/logo\/image\/","url":"https:\/\/i0.wp.com\/truusk.store\/wp-content\/uploads\/2026\/03\/cropped-TRUUSK.png?fit=2032%2C917&ssl=1","contentUrl":"https:\/\/i0.wp.com\/truusk.store\/wp-content\/uploads\/2026\/03\/cropped-TRUUSK.png?fit=2032%2C917&ssl=1","width":2032,"height":917,"caption":"TRUUSK - Hem, Tr\u00e4dg\u00e5rd & Fritid"},"image":{"@id":"https:\/\/truusk.store\/sv\/#\/schema\/logo\/image\/"}}]}},"jetpack_sharing_enabled":true,"_links":{"self":[{"href":"https:\/\/truusk.store\/sv\/wp-json\/wp\/v2\/product\/89833","targetHints":{"allow":["GET"]}}],"collection":[{"href":"https:\/\/truusk.store\/sv\/wp-json\/wp\/v2\/product"}],"about":[{"href":"https:\/\/truusk.store\/sv\/wp-json\/wp\/v2\/types\/product"}],"wp:featuredmedia":[{"embeddable":true,"href":"https:\/\/truusk.store\/sv\/wp-json\/wp\/v2\/media\/89824"}],"wp:attachment":[{"href":"https:\/\/truusk.store\/sv\/wp-json\/wp\/v2\/media?parent=89833"}],"wp:term":[{"taxonomy":"product_brand","embeddable":true,"href":"https:\/\/truusk.store\/sv\/wp-json\/wp\/v2\/product_brand?post=89833"},{"taxonomy":"product_cat","embeddable":true,"href":"https:\/\/truusk.store\/sv\/wp-json\/wp\/v2\/product_cat?post=89833"},{"taxonomy":"product_tag","embeddable":true,"href":"https:\/\/truusk.store\/sv\/wp-json\/wp\/v2\/product_tag?post=89833"}],"curies":[{"name":"wp","href":"https:\/\/api.w.org\/{rel}","templated":true}]}}