{"id":89863,"date":"2025-09-02T13:39:34","date_gmt":"2025-09-02T12:39:34","guid":{"rendered":"https:\/\/truusk.store\/product\/helskroppsspegel-flexibelt-placerbar-160-x-50-cm-guldton\/"},"modified":"2026-03-12T08:47:14","modified_gmt":"2026-03-12T07:47:14","slug":"truusk-helskroppsspegel-flexibel-placering-160-x-50-cm-guldton","status":"publish","type":"product","link":"https:\/\/truusk.store\/sv\/produkt\/truusk-helskroppsspegel-flexibel-placering-160-x-50-cm-guldton\/","title":{"rendered":"TRUUSK Helskroppsspegel &#8211; Flexibel Placering &#8211; 160 x 50 cm &#8211; Guldton"},"content":{"rendered":"<p>Sv\u00e5rt att se hela din outfit i en liten spegel eller hitta en passande m\u00f6bel f\u00f6r din rumsstil? Den dagliga gissningen kan vara irriterande. Den eleganta TRUUSK helkroppsspegeln i guldton ger en fullst\u00e4ndig vy fr\u00e5n huvud till fot. Oavsett om den \u00e4r frist\u00e5ende, lutad eller p\u00e5 v\u00e4ggen: Positionera den m\u00e5ngsidiga spegeln efter behov och betrakta din outfit med sj\u00e4lvf\u00f6rtroende.<\/p>\n<p>Beskrivning:<\/p>\n<ul>\n<li> Gener\u00f6s storlek p\u00e5 160 x 50 cm ger en komplett huvud-till-fot-vy<\/li>\n<li> Den metalliskt texturerade ramen ger ditt rum en touch av lyx<\/li>\n<li> V\u00e4ggmonterad, lutad mot v\u00e4ggen eller frist\u00e5ende med f\u00e4ste<\/li>\n<li> Njut av en kristallklar, livfull reflektion med h\u00f6guppl\u00f6st glas<\/li>\n<li> Splitters\u00e4kert s\u00e4kerhetsglas ger extra s\u00e4kerhet<\/li>\n<li> Ingen montering kr\u00e4vs<\/li>\n<\/ul>\n<p> Tekniska data:<\/p>\n<ul>\n<li> F\u00e4rg: Guldton<\/li>\n<li> Material: PS, H\u00e4rdat glas<\/li>\n<li> Totala dimensioner: 50B x 4T x 160H cm (utan ben), 50B x 40T x 157,5H cm (med ben)<\/li>\n<li> Spegelstorlek: 43,4B x 153,4H cm<\/li>\n<\/ul>\n<p>Leveransinneh\u00e5ll:<\/p>\n<ul>\n<li>1 x Helkroppsspegel<\/li>\n<li>1 x Bruksanvisning<\/li>\n<\/ul>\n","protected":false},"excerpt":{"rendered":"<p>Sv\u00e5rt att se hela din outfit i en liten spegel eller hitta en passande m\u00f6bel f\u00f6r din rumsstil? Den dagliga&#8230;<\/p>\n","protected":false},"featured_media":89854,"template":"","meta":[],"product_brand":[],"product_cat":[893,871,966],"product_tag":[],"class_list":{"0":"post-89863","1":"product","2":"type-product","3":"status-publish","4":"has-post-thumbnail","6":"product_cat-garderob-hall","7":"product_cat-hus-hem","8":"product_cat-staende-speglar","10":"first","11":"instock","12":"sale","13":"taxable","14":"shipping-taxable","15":"purchasable","16":"product-type-simple"},"yoast_head":"<!-- This site is optimized with the Yoast SEO plugin v25.4 - https:\/\/yoast.com\/wordpress\/plugins\/seo\/ -->\n<title>TRUUSK Helskroppsspegel - Flexibel Placering - 160 x 50 cm - Guldton - TRUUSK - Hem, Tr\u00e4dg\u00e5rd &amp; Fritid<\/title>\n<meta name=\"robots\" content=\"index, follow, max-snippet:-1, max-image-preview:large, max-video-preview:-1\" \/>\n<link rel=\"canonical\" href=\"https:\/\/truusk.store\/sv\/produkt\/truusk-helskroppsspegel-flexibel-placering-160-x-50-cm-guldton\/\" \/>\n<meta property=\"og:locale\" content=\"sv_SE\" \/>\n<meta property=\"og:type\" content=\"article\" \/>\n<meta property=\"og:title\" content=\"TRUUSK Helskroppsspegel - Flexibel Placering - 160 x 50 cm - Guldton - TRUUSK - Hem, Tr\u00e4dg\u00e5rd &amp; Fritid\" \/>\n<meta property=\"og:description\" content=\"Sv\u00e5rt att se hela din outfit i en liten spegel eller hitta en passande m\u00f6bel f\u00f6r din rumsstil? Den dagliga...\" \/>\n<meta property=\"og:url\" content=\"https:\/\/truusk.store\/sv\/produkt\/truusk-helskroppsspegel-flexibel-placering-160-x-50-cm-guldton\/\" \/>\n<meta property=\"og:site_name\" content=\"TRUUSK - Hem, Tr\u00e4dg\u00e5rd &amp; Fritid\" \/>\n<meta property=\"article:modified_time\" content=\"2026-03-12T07:47:14+00:00\" \/>\n<meta property=\"og:image\" content=\"https:\/\/i0.wp.com\/truusk.se\/wp-content\/uploads\/2025\/09\/helskroppsspegel-flexibelt-placerbar-160-x-50-cm-guldton-1.webp?fit=2000%2C2000&ssl=1\" \/>\n\t<meta property=\"og:image:width\" content=\"2000\" \/>\n\t<meta property=\"og:image:height\" content=\"2000\" \/>\n\t<meta property=\"og:image:type\" content=\"image\/webp\" \/>\n<meta name=\"twitter:card\" content=\"summary_large_image\" \/>\n<meta name=\"twitter:label1\" content=\"Ber\u00e4knad l\u00e4stid\" \/>\n\t<meta name=\"twitter:data1\" content=\"1 minut\" \/>\n<!-- \/ Yoast SEO plugin. -->","yoast_head_json":{"title":"TRUUSK Helskroppsspegel - Flexibel Placering - 160 x 50 cm - Guldton - TRUUSK - Hem, Tr\u00e4dg\u00e5rd &amp; Fritid","robots":{"index":"index","follow":"follow","max-snippet":"max-snippet:-1","max-image-preview":"max-image-preview:large","max-video-preview":"max-video-preview:-1"},"canonical":"https:\/\/truusk.store\/sv\/produkt\/truusk-helskroppsspegel-flexibel-placering-160-x-50-cm-guldton\/","og_locale":"sv_SE","og_type":"article","og_title":"TRUUSK Helskroppsspegel - Flexibel Placering - 160 x 50 cm - Guldton - TRUUSK - Hem, Tr\u00e4dg\u00e5rd &amp; Fritid","og_description":"Sv\u00e5rt att se hela din outfit i en liten spegel eller hitta en passande m\u00f6bel f\u00f6r din rumsstil? Den dagliga...","og_url":"https:\/\/truusk.store\/sv\/produkt\/truusk-helskroppsspegel-flexibel-placering-160-x-50-cm-guldton\/","og_site_name":"TRUUSK - Hem, Tr\u00e4dg\u00e5rd &amp; Fritid","article_modified_time":"2026-03-12T07:47:14+00:00","og_image":[{"width":2000,"height":2000,"url":"https:\/\/i0.wp.com\/truusk.se\/wp-content\/uploads\/2025\/09\/helskroppsspegel-flexibelt-placerbar-160-x-50-cm-guldton-1.webp?fit=2000%2C2000&ssl=1","type":"image\/webp"}],"twitter_card":"summary_large_image","twitter_misc":{"Ber\u00e4knad l\u00e4stid":"1 minut"},"schema":{"@context":"https:\/\/schema.org","@graph":[{"@type":"WebPage","@id":"https:\/\/truusk.store\/sv\/produkt\/truusk-helskroppsspegel-flexibel-placering-160-x-50-cm-guldton\/","url":"https:\/\/truusk.store\/sv\/produkt\/truusk-helskroppsspegel-flexibel-placering-160-x-50-cm-guldton\/","name":"TRUUSK Helskroppsspegel - Flexibel Placering - 160 x 50 cm - Guldton - TRUUSK - Hem, Tr\u00e4dg\u00e5rd &amp; Fritid","isPartOf":{"@id":"https:\/\/truusk.store\/sv\/#website"},"primaryImageOfPage":{"@id":"https:\/\/truusk.store\/sv\/produkt\/truusk-helskroppsspegel-flexibel-placering-160-x-50-cm-guldton\/#primaryimage"},"image":{"@id":"https:\/\/truusk.store\/sv\/produkt\/truusk-helskroppsspegel-flexibel-placering-160-x-50-cm-guldton\/#primaryimage"},"thumbnailUrl":"https:\/\/i0.wp.com\/truusk.store\/wp-content\/uploads\/2025\/09\/helskroppsspegel-flexibelt-placerbar-160-x-50-cm-guldton-1.webp?fit=2000%2C2000&ssl=1","datePublished":"2025-09-02T12:39:34+00:00","dateModified":"2026-03-12T07:47:14+00:00","breadcrumb":{"@id":"https:\/\/truusk.store\/sv\/produkt\/truusk-helskroppsspegel-flexibel-placering-160-x-50-cm-guldton\/#breadcrumb"},"inLanguage":"sv-SE","potentialAction":[{"@type":"ReadAction","target":["https:\/\/truusk.store\/sv\/produkt\/truusk-helskroppsspegel-flexibel-placering-160-x-50-cm-guldton\/"]}]},{"@type":"ImageObject","inLanguage":"sv-SE","@id":"https:\/\/truusk.store\/sv\/produkt\/truusk-helskroppsspegel-flexibel-placering-160-x-50-cm-guldton\/#primaryimage","url":"https:\/\/i0.wp.com\/truusk.store\/wp-content\/uploads\/2025\/09\/helskroppsspegel-flexibelt-placerbar-160-x-50-cm-guldton-1.webp?fit=2000%2C2000&ssl=1","contentUrl":"https:\/\/i0.wp.com\/truusk.store\/wp-content\/uploads\/2025\/09\/helskroppsspegel-flexibelt-placerbar-160-x-50-cm-guldton-1.webp?fit=2000%2C2000&ssl=1","width":2000,"height":2000},{"@type":"BreadcrumbList","@id":"https:\/\/truusk.store\/sv\/produkt\/truusk-helskroppsspegel-flexibel-placering-160-x-50-cm-guldton\/#breadcrumb","itemListElement":[{"@type":"ListItem","position":1,"name":"Home","item":"https:\/\/truusk.store\/sv\/"},{"@type":"ListItem","position":2,"name":"Shop","item":"https:\/\/truusk.store\/shop\/"},{"@type":"ListItem","position":3,"name":"TRUUSK Helskroppsspegel &#8211; Flexibel Placering &#8211; 160 x 50 cm &#8211; Guldton"}]},{"@type":"WebSite","@id":"https:\/\/truusk.store\/sv\/#website","url":"https:\/\/truusk.store\/sv\/","name":"TRUUSK - Hem, Tr\u00e4dg\u00e5rd & Fritid","description":"","publisher":{"@id":"https:\/\/truusk.store\/sv\/#organization"},"potentialAction":[{"@type":"SearchAction","target":{"@type":"EntryPoint","urlTemplate":"https:\/\/truusk.store\/sv\/?s={search_term_string}"},"query-input":{"@type":"PropertyValueSpecification","valueRequired":true,"valueName":"search_term_string"}}],"inLanguage":"sv-SE"},{"@type":"Organization","@id":"https:\/\/truusk.store\/sv\/#organization","name":"TRUUSK - Hem, Tr\u00e4dg\u00e5rd & Fritid","url":"https:\/\/truusk.store\/sv\/","logo":{"@type":"ImageObject","inLanguage":"sv-SE","@id":"https:\/\/truusk.store\/sv\/#\/schema\/logo\/image\/","url":"https:\/\/i0.wp.com\/truusk.store\/wp-content\/uploads\/2026\/03\/cropped-TRUUSK.png?fit=2032%2C917&ssl=1","contentUrl":"https:\/\/i0.wp.com\/truusk.store\/wp-content\/uploads\/2026\/03\/cropped-TRUUSK.png?fit=2032%2C917&ssl=1","width":2032,"height":917,"caption":"TRUUSK - Hem, Tr\u00e4dg\u00e5rd & Fritid"},"image":{"@id":"https:\/\/truusk.store\/sv\/#\/schema\/logo\/image\/"}}]}},"jetpack_sharing_enabled":true,"_links":{"self":[{"href":"https:\/\/truusk.store\/sv\/wp-json\/wp\/v2\/product\/89863","targetHints":{"allow":["GET"]}}],"collection":[{"href":"https:\/\/truusk.store\/sv\/wp-json\/wp\/v2\/product"}],"about":[{"href":"https:\/\/truusk.store\/sv\/wp-json\/wp\/v2\/types\/product"}],"wp:featuredmedia":[{"embeddable":true,"href":"https:\/\/truusk.store\/sv\/wp-json\/wp\/v2\/media\/89854"}],"wp:attachment":[{"href":"https:\/\/truusk.store\/sv\/wp-json\/wp\/v2\/media?parent=89863"}],"wp:term":[{"taxonomy":"product_brand","embeddable":true,"href":"https:\/\/truusk.store\/sv\/wp-json\/wp\/v2\/product_brand?post=89863"},{"taxonomy":"product_cat","embeddable":true,"href":"https:\/\/truusk.store\/sv\/wp-json\/wp\/v2\/product_cat?post=89863"},{"taxonomy":"product_tag","embeddable":true,"href":"https:\/\/truusk.store\/sv\/wp-json\/wp\/v2\/product_tag?post=89863"}],"curies":[{"name":"wp","href":"https:\/\/api.w.org\/{rel}","templated":true}]}}