{"id":89883,"date":"2025-09-02T13:41:37","date_gmt":"2025-09-02T12:41:37","guid":{"rendered":"https:\/\/truusk.store\/product\/helskarmspegel-utan-ram-trabas-flexibelt-placerbar-vagform-svart\/"},"modified":"2026-03-12T08:47:14","modified_gmt":"2026-03-12T07:47:14","slug":"truusk-helskarmspegel-utan-ram-trabas-flexibel-placering-vagform-svart","status":"publish","type":"product","link":"https:\/\/truusk.store\/sv\/produkt\/truusk-helskarmspegel-utan-ram-trabas-flexibel-placering-vagform-svart\/","title":{"rendered":"TRUUSK Helsk\u00e4rmspegel utan ram &#8211; Tr\u00e4bas &#8211; Flexibel placering &#8211; V\u00e5gform &#8211; Svart"},"content":{"rendered":"<p>Tr\u00f6tt p\u00e5 att oroa dig f\u00f6r sk\u00f6ra speglar i ett livligt hush\u00e5ll? Denna frist\u00e5ende spegel fr\u00e5n TRUUSK med splitterfritt s\u00e4kerhetsglas ger lugn och ro. Den eleganta, raml\u00f6sa b\u00e5gdesignen p\u00e5 helspegeln erbjuder en komplett huvud-till-fot-vy och kombinerar s\u00e4kerhet med stilfull design, s\u00e5 att din familjs v\u00e4lbefinnande och din dagliga rutin \u00e4r skyddade p\u00e5 samma g\u00e5ng.<\/p>\n<p>Beskrivning:<\/p>\n<ul>\n<li> M\u00e4ter 160 x 50 cm, f\u00f6r en komplett vy fr\u00e5n huvud till fot<\/li>\n<li> Kan lutas mot v\u00e4ggen eller st\u00e5 fritt med en h\u00e5llare<\/li>\n<li> Raml\u00f6s, v\u00e5gformig design av st\u00e5ende spegel \u00f6kar elegansen i varje rum<\/li>\n<li> Tillverkad med en bas av furutr\u00e4<\/li>\n<li> H\u00f6guppl\u00f6st glas ger kristallklara reflektioner<\/li>\n<li> Splitterskyddsfilm av korridorspegeln \u00f6kar s\u00e4kerheten och f\u00f6rhindrar skador<\/li>\n<li> Ingen montering kr\u00e4vs<\/li>\n<\/ul>\n<p> Tekniska data:<\/p>\n<ul>\n<li> F\u00e4rg: Svart<\/li>\n<li> Material: Metall, h\u00e4rdat glas, furutr\u00e4<\/li>\n<li> Totala dimensioner: 50B x 2,7T x 160H cm (utan ben), 50B x 38T x 157,5H cm (med ben)<\/li>\n<li> Spegelstorlek: 50B x 157H cm<\/li>\n<\/ul>\n<p>Leveransinneh\u00e5ll:<\/p>\n<ul>\n<li>1 x Helspegel<\/li>\n<li>1 x Bruksanvisning<\/li>\n<\/ul>\n","protected":false},"excerpt":{"rendered":"<p>Tr\u00f6tt p\u00e5 att oroa dig f\u00f6r sk\u00f6ra speglar i ett livligt hush\u00e5ll? Denna frist\u00e5ende spegel fr\u00e5n TRUUSK med splitterfritt s\u00e4kerhetsglas&#8230;<\/p>\n","protected":false},"featured_media":89874,"template":"","meta":[],"product_brand":[],"product_cat":[893,871,966],"product_tag":[],"class_list":{"0":"post-89883","1":"product","2":"type-product","3":"status-publish","4":"has-post-thumbnail","6":"product_cat-garderob-hall","7":"product_cat-hus-hem","8":"product_cat-staende-speglar","10":"first","11":"instock","12":"sale","13":"taxable","14":"shipping-taxable","15":"purchasable","16":"product-type-simple"},"yoast_head":"<!-- This site is optimized with the Yoast SEO plugin v25.4 - https:\/\/yoast.com\/wordpress\/plugins\/seo\/ -->\n<title>TRUUSK Helsk\u00e4rmspegel utan ram - Tr\u00e4bas - Flexibel placering - V\u00e5gform - Svart - TRUUSK - Hem, Tr\u00e4dg\u00e5rd &amp; Fritid<\/title>\n<meta name=\"robots\" content=\"index, follow, max-snippet:-1, max-image-preview:large, max-video-preview:-1\" \/>\n<link rel=\"canonical\" href=\"https:\/\/truusk.store\/sv\/produkt\/truusk-helskarmspegel-utan-ram-trabas-flexibel-placering-vagform-svart\/\" \/>\n<meta property=\"og:locale\" content=\"sv_SE\" \/>\n<meta property=\"og:type\" content=\"article\" \/>\n<meta property=\"og:title\" content=\"TRUUSK Helsk\u00e4rmspegel utan ram - Tr\u00e4bas - Flexibel placering - V\u00e5gform - Svart - TRUUSK - Hem, Tr\u00e4dg\u00e5rd &amp; Fritid\" \/>\n<meta property=\"og:description\" content=\"Tr\u00f6tt p\u00e5 att oroa dig f\u00f6r sk\u00f6ra speglar i ett livligt hush\u00e5ll? Denna frist\u00e5ende spegel fr\u00e5n TRUUSK med splitterfritt s\u00e4kerhetsglas...\" \/>\n<meta property=\"og:url\" content=\"https:\/\/truusk.store\/sv\/produkt\/truusk-helskarmspegel-utan-ram-trabas-flexibel-placering-vagform-svart\/\" \/>\n<meta property=\"og:site_name\" content=\"TRUUSK - Hem, Tr\u00e4dg\u00e5rd &amp; Fritid\" \/>\n<meta property=\"article:modified_time\" content=\"2026-03-12T07:47:14+00:00\" \/>\n<meta property=\"og:image\" content=\"https:\/\/i0.wp.com\/truusk.se\/wp-content\/uploads\/2025\/09\/helskarmspegel-utan-ram-trabas-flexibelt-placerbar-vagform-svart-1.webp?fit=2000%2C2000&ssl=1\" \/>\n\t<meta property=\"og:image:width\" content=\"2000\" \/>\n\t<meta property=\"og:image:height\" content=\"2000\" \/>\n\t<meta property=\"og:image:type\" content=\"image\/webp\" \/>\n<meta name=\"twitter:card\" content=\"summary_large_image\" \/>\n<meta name=\"twitter:label1\" content=\"Ber\u00e4knad l\u00e4stid\" \/>\n\t<meta name=\"twitter:data1\" content=\"1 minut\" \/>\n<!-- \/ Yoast SEO plugin. -->","yoast_head_json":{"title":"TRUUSK Helsk\u00e4rmspegel utan ram - Tr\u00e4bas - Flexibel placering - V\u00e5gform - Svart - TRUUSK - Hem, Tr\u00e4dg\u00e5rd &amp; Fritid","robots":{"index":"index","follow":"follow","max-snippet":"max-snippet:-1","max-image-preview":"max-image-preview:large","max-video-preview":"max-video-preview:-1"},"canonical":"https:\/\/truusk.store\/sv\/produkt\/truusk-helskarmspegel-utan-ram-trabas-flexibel-placering-vagform-svart\/","og_locale":"sv_SE","og_type":"article","og_title":"TRUUSK Helsk\u00e4rmspegel utan ram - Tr\u00e4bas - Flexibel placering - V\u00e5gform - Svart - TRUUSK - Hem, Tr\u00e4dg\u00e5rd &amp; Fritid","og_description":"Tr\u00f6tt p\u00e5 att oroa dig f\u00f6r sk\u00f6ra speglar i ett livligt hush\u00e5ll? Denna frist\u00e5ende spegel fr\u00e5n TRUUSK med splitterfritt s\u00e4kerhetsglas...","og_url":"https:\/\/truusk.store\/sv\/produkt\/truusk-helskarmspegel-utan-ram-trabas-flexibel-placering-vagform-svart\/","og_site_name":"TRUUSK - Hem, Tr\u00e4dg\u00e5rd &amp; Fritid","article_modified_time":"2026-03-12T07:47:14+00:00","og_image":[{"width":2000,"height":2000,"url":"https:\/\/i0.wp.com\/truusk.se\/wp-content\/uploads\/2025\/09\/helskarmspegel-utan-ram-trabas-flexibelt-placerbar-vagform-svart-1.webp?fit=2000%2C2000&ssl=1","type":"image\/webp"}],"twitter_card":"summary_large_image","twitter_misc":{"Ber\u00e4knad l\u00e4stid":"1 minut"},"schema":{"@context":"https:\/\/schema.org","@graph":[{"@type":"WebPage","@id":"https:\/\/truusk.store\/sv\/produkt\/truusk-helskarmspegel-utan-ram-trabas-flexibel-placering-vagform-svart\/","url":"https:\/\/truusk.store\/sv\/produkt\/truusk-helskarmspegel-utan-ram-trabas-flexibel-placering-vagform-svart\/","name":"TRUUSK Helsk\u00e4rmspegel utan ram - Tr\u00e4bas - Flexibel placering - V\u00e5gform - Svart - TRUUSK - Hem, Tr\u00e4dg\u00e5rd &amp; Fritid","isPartOf":{"@id":"https:\/\/truusk.store\/sv\/#website"},"primaryImageOfPage":{"@id":"https:\/\/truusk.store\/sv\/produkt\/truusk-helskarmspegel-utan-ram-trabas-flexibel-placering-vagform-svart\/#primaryimage"},"image":{"@id":"https:\/\/truusk.store\/sv\/produkt\/truusk-helskarmspegel-utan-ram-trabas-flexibel-placering-vagform-svart\/#primaryimage"},"thumbnailUrl":"https:\/\/i0.wp.com\/truusk.store\/wp-content\/uploads\/2025\/09\/helskarmspegel-utan-ram-trabas-flexibelt-placerbar-vagform-svart-1.webp?fit=2000%2C2000&ssl=1","datePublished":"2025-09-02T12:41:37+00:00","dateModified":"2026-03-12T07:47:14+00:00","breadcrumb":{"@id":"https:\/\/truusk.store\/sv\/produkt\/truusk-helskarmspegel-utan-ram-trabas-flexibel-placering-vagform-svart\/#breadcrumb"},"inLanguage":"sv-SE","potentialAction":[{"@type":"ReadAction","target":["https:\/\/truusk.store\/sv\/produkt\/truusk-helskarmspegel-utan-ram-trabas-flexibel-placering-vagform-svart\/"]}]},{"@type":"ImageObject","inLanguage":"sv-SE","@id":"https:\/\/truusk.store\/sv\/produkt\/truusk-helskarmspegel-utan-ram-trabas-flexibel-placering-vagform-svart\/#primaryimage","url":"https:\/\/i0.wp.com\/truusk.store\/wp-content\/uploads\/2025\/09\/helskarmspegel-utan-ram-trabas-flexibelt-placerbar-vagform-svart-1.webp?fit=2000%2C2000&ssl=1","contentUrl":"https:\/\/i0.wp.com\/truusk.store\/wp-content\/uploads\/2025\/09\/helskarmspegel-utan-ram-trabas-flexibelt-placerbar-vagform-svart-1.webp?fit=2000%2C2000&ssl=1","width":2000,"height":2000},{"@type":"BreadcrumbList","@id":"https:\/\/truusk.store\/sv\/produkt\/truusk-helskarmspegel-utan-ram-trabas-flexibel-placering-vagform-svart\/#breadcrumb","itemListElement":[{"@type":"ListItem","position":1,"name":"Home","item":"https:\/\/truusk.store\/sv\/"},{"@type":"ListItem","position":2,"name":"Shop","item":"https:\/\/truusk.store\/shop\/"},{"@type":"ListItem","position":3,"name":"TRUUSK Helsk\u00e4rmspegel utan ram &#8211; Tr\u00e4bas &#8211; Flexibel placering &#8211; V\u00e5gform &#8211; Svart"}]},{"@type":"WebSite","@id":"https:\/\/truusk.store\/sv\/#website","url":"https:\/\/truusk.store\/sv\/","name":"TRUUSK - Hem, Tr\u00e4dg\u00e5rd & Fritid","description":"","publisher":{"@id":"https:\/\/truusk.store\/sv\/#organization"},"potentialAction":[{"@type":"SearchAction","target":{"@type":"EntryPoint","urlTemplate":"https:\/\/truusk.store\/sv\/?s={search_term_string}"},"query-input":{"@type":"PropertyValueSpecification","valueRequired":true,"valueName":"search_term_string"}}],"inLanguage":"sv-SE"},{"@type":"Organization","@id":"https:\/\/truusk.store\/sv\/#organization","name":"TRUUSK - Hem, Tr\u00e4dg\u00e5rd & Fritid","url":"https:\/\/truusk.store\/sv\/","logo":{"@type":"ImageObject","inLanguage":"sv-SE","@id":"https:\/\/truusk.store\/sv\/#\/schema\/logo\/image\/","url":"https:\/\/i0.wp.com\/truusk.store\/wp-content\/uploads\/2026\/03\/cropped-TRUUSK.png?fit=2032%2C917&ssl=1","contentUrl":"https:\/\/i0.wp.com\/truusk.store\/wp-content\/uploads\/2026\/03\/cropped-TRUUSK.png?fit=2032%2C917&ssl=1","width":2032,"height":917,"caption":"TRUUSK - Hem, Tr\u00e4dg\u00e5rd & Fritid"},"image":{"@id":"https:\/\/truusk.store\/sv\/#\/schema\/logo\/image\/"}}]}},"jetpack_sharing_enabled":true,"_links":{"self":[{"href":"https:\/\/truusk.store\/sv\/wp-json\/wp\/v2\/product\/89883","targetHints":{"allow":["GET"]}}],"collection":[{"href":"https:\/\/truusk.store\/sv\/wp-json\/wp\/v2\/product"}],"about":[{"href":"https:\/\/truusk.store\/sv\/wp-json\/wp\/v2\/types\/product"}],"wp:featuredmedia":[{"embeddable":true,"href":"https:\/\/truusk.store\/sv\/wp-json\/wp\/v2\/media\/89874"}],"wp:attachment":[{"href":"https:\/\/truusk.store\/sv\/wp-json\/wp\/v2\/media?parent=89883"}],"wp:term":[{"taxonomy":"product_brand","embeddable":true,"href":"https:\/\/truusk.store\/sv\/wp-json\/wp\/v2\/product_brand?post=89883"},{"taxonomy":"product_cat","embeddable":true,"href":"https:\/\/truusk.store\/sv\/wp-json\/wp\/v2\/product_cat?post=89883"},{"taxonomy":"product_tag","embeddable":true,"href":"https:\/\/truusk.store\/sv\/wp-json\/wp\/v2\/product_tag?post=89883"}],"curies":[{"name":"wp","href":"https:\/\/api.w.org\/{rel}","templated":true}]}}