{"id":89913,"date":"2025-09-02T13:44:25","date_gmt":"2025-09-02T12:44:25","guid":{"rendered":"https:\/\/truusk.store\/product\/6-i-1-garderobsstall-med-sittbank-och-skohylla-industriell-stil-10-krokar-2-tyglador-metall-brun\/"},"modified":"2026-03-12T08:48:13","modified_gmt":"2026-03-12T07:48:13","slug":"truusk-6-i-1-garderobsstall-med-sittbank-och-skohylla-industriell-stil-10-krokar-2-tyglador-metall-brun","status":"publish","type":"product","link":"https:\/\/truusk.store\/sv\/produkt\/truusk-6-i-1-garderobsstall-med-sittbank-och-skohylla-industriell-stil-10-krokar-2-tyglador-metall-brun\/","title":{"rendered":"TRUUSK 6-i-1 Garderobsst\u00e4ll Med Sittb\u00e4nk Och Skohylla &#8211; Industriell Stil &#8211; 10 Krokar &#8211; 2 Tygl\u00e5dor &#8211; Metall &#8211; Brun"},"content":{"rendered":"<p>En kaotisk entr\u00e9 kan vara irriterande. TRUUSK kl\u00e4dh\u00e4ngaren skapar omedelbar l\u00f6sning och skapar ordning: Den kombinerar en bekv\u00e4m skob\u00e4nk med en gener\u00f6s skohylla som rymmer upp till sex par skor. Dessutom erbjuder hallgarderoben tio justerbara krokar f\u00f6r individuell f\u00f6rvaring av rockar och v\u00e4skor och skapar s\u00e5 en inbjudande atmosf\u00e4r.<\/p>\n<p>Beskrivning:<\/p>\n<ul>\n<li> Det 6-i-1-designen av st\u00e5garderoben maximerar utrymmet i entr\u00e9n och h\u00e5ller de viktigaste sakerna organiserade<\/li>\n<li> Tio r\u00f6rliga krokar erbjuder flexibla avst\u00e5nd f\u00f6r individuell f\u00f6rvaring av olika f\u00f6rem\u00e5l<\/li>\n<li> En bekv\u00e4m sittplats underl\u00e4ttar sittande och skobyten efter en l\u00e5ng dag<\/li>\n<li> Det tv\u00e5stegs skohyllan p\u00e5 kl\u00e4dst\u00e4llet rymmer upp till sex par skor<\/li>\n<li> Tv\u00e5 dolda tygl\u00e5dor erbjuder extra ordnad f\u00f6rvaringsutrymme f\u00f6r sm\u00e5 v\u00e4sentligheter<\/li>\n<li> Anti-tip-set och justerbara fotdynor \u00f6kar s\u00e4kerheten och stabiliteten i daglig anv\u00e4ndning<\/li>\n<li> Industriell vintage-design ger stilfull flair och f\u00f6rb\u00e4ttrar estetiken i ditt hem<\/li>\n<li> Montering kr\u00e4vs<\/li>\n<\/ul>\n<p> Tekniska data:<\/p>\n<ul>\n<li> F\u00e4rg: Rustik brun+Mattsvart<\/li>\n<li> Material: Sp\u00e5nskiva, Metall<\/li>\n<li> Totala dimensioner: 100B x 40D x 180H cm<\/li>\n<li> Krokdimension: 5B x 4,5D x 2H cm<\/li>\n<li> \u00d6vre hyllstorlek: 96B x 18D cm<\/li>\n<li> Sittstorlek: 96B x 40D cm<\/li>\n<li> Skohyllstorlek: 60B x 40D x 21,5\/19,3H cm<\/li>\n<li> Max skostorlek: EU 43<\/li>\n<li> Inre dimensioner tygl\u00e5da: 33B x 39,5D x 20H cm<\/li>\n<li> B\u00e4rkapacitet: 40 kg (totalt), 15 kg (\u00f6vre hylla), 3 kg (krok\/skohylla), 2 kg (l\u00e5da)<\/li>\n<\/ul>\n<p>Leveransinneh\u00e5ll:<\/p>\n<ul>\n<li> 1 x Kl\u00e4dh\u00e4ngare<\/li>\n<li> 1 x Handbok<\/li>\n<\/ul>\n","protected":false},"excerpt":{"rendered":"<p>En kaotisk entr\u00e9 kan vara irriterande. TRUUSK kl\u00e4dh\u00e4ngaren skapar omedelbar l\u00f6sning och skapar ordning: Den kombinerar en bekv\u00e4m skob\u00e4nk med&#8230;<\/p>\n","protected":false},"featured_media":89904,"template":"","meta":[],"product_brand":[],"product_cat":[893,871,560],"product_tag":[],"class_list":{"0":"post-89913","1":"product","2":"type-product","3":"status-publish","4":"has-post-thumbnail","6":"product_cat-garderob-hall","7":"product_cat-hus-hem","8":"product_cat-kladhangare","10":"first","11":"instock","12":"sale","13":"taxable","14":"shipping-taxable","15":"purchasable","16":"product-type-simple"},"yoast_head":"<!-- This site is optimized with the Yoast SEO plugin v25.4 - https:\/\/yoast.com\/wordpress\/plugins\/seo\/ -->\n<title>TRUUSK 6-i-1 Garderobsst\u00e4ll Med Sittb\u00e4nk Och Skohylla - Industriell Stil - 10 Krokar - 2 Tygl\u00e5dor - Metall - Brun - TRUUSK - Hem, Tr\u00e4dg\u00e5rd &amp; Fritid<\/title>\n<meta name=\"robots\" content=\"index, follow, max-snippet:-1, max-image-preview:large, max-video-preview:-1\" \/>\n<link rel=\"canonical\" href=\"https:\/\/truusk.store\/sv\/produkt\/truusk-6-i-1-garderobsstall-med-sittbank-och-skohylla-industriell-stil-10-krokar-2-tyglador-metall-brun\/\" \/>\n<meta property=\"og:locale\" content=\"sv_SE\" \/>\n<meta property=\"og:type\" content=\"article\" \/>\n<meta property=\"og:title\" content=\"TRUUSK 6-i-1 Garderobsst\u00e4ll Med Sittb\u00e4nk Och Skohylla - Industriell Stil - 10 Krokar - 2 Tygl\u00e5dor - Metall - Brun - TRUUSK - Hem, Tr\u00e4dg\u00e5rd &amp; Fritid\" \/>\n<meta property=\"og:description\" content=\"En kaotisk entr\u00e9 kan vara irriterande. TRUUSK kl\u00e4dh\u00e4ngaren skapar omedelbar l\u00f6sning och skapar ordning: Den kombinerar en bekv\u00e4m skob\u00e4nk med...\" \/>\n<meta property=\"og:url\" content=\"https:\/\/truusk.store\/sv\/produkt\/truusk-6-i-1-garderobsstall-med-sittbank-och-skohylla-industriell-stil-10-krokar-2-tyglador-metall-brun\/\" \/>\n<meta property=\"og:site_name\" content=\"TRUUSK - Hem, Tr\u00e4dg\u00e5rd &amp; Fritid\" \/>\n<meta property=\"article:modified_time\" content=\"2026-03-12T07:48:13+00:00\" \/>\n<meta property=\"og:image\" content=\"https:\/\/i0.wp.com\/truusk.se\/wp-content\/uploads\/2025\/09\/6-i-1-garderobsstall-med-sittbank-och-skohylla-industriell-stil-10-krokar-2-tyglador-metall-brun-1.webp?fit=2000%2C2000&ssl=1\" \/>\n\t<meta property=\"og:image:width\" content=\"2000\" \/>\n\t<meta property=\"og:image:height\" content=\"2000\" \/>\n\t<meta property=\"og:image:type\" content=\"image\/webp\" \/>\n<meta name=\"twitter:card\" content=\"summary_large_image\" \/>\n<meta name=\"twitter:label1\" content=\"Ber\u00e4knad l\u00e4stid\" \/>\n\t<meta name=\"twitter:data1\" content=\"1 minut\" \/>\n<!-- \/ Yoast SEO plugin. -->","yoast_head_json":{"title":"TRUUSK 6-i-1 Garderobsst\u00e4ll Med Sittb\u00e4nk Och Skohylla - Industriell Stil - 10 Krokar - 2 Tygl\u00e5dor - Metall - Brun - TRUUSK - Hem, Tr\u00e4dg\u00e5rd &amp; Fritid","robots":{"index":"index","follow":"follow","max-snippet":"max-snippet:-1","max-image-preview":"max-image-preview:large","max-video-preview":"max-video-preview:-1"},"canonical":"https:\/\/truusk.store\/sv\/produkt\/truusk-6-i-1-garderobsstall-med-sittbank-och-skohylla-industriell-stil-10-krokar-2-tyglador-metall-brun\/","og_locale":"sv_SE","og_type":"article","og_title":"TRUUSK 6-i-1 Garderobsst\u00e4ll Med Sittb\u00e4nk Och Skohylla - Industriell Stil - 10 Krokar - 2 Tygl\u00e5dor - Metall - Brun - TRUUSK - Hem, Tr\u00e4dg\u00e5rd &amp; Fritid","og_description":"En kaotisk entr\u00e9 kan vara irriterande. TRUUSK kl\u00e4dh\u00e4ngaren skapar omedelbar l\u00f6sning och skapar ordning: Den kombinerar en bekv\u00e4m skob\u00e4nk med...","og_url":"https:\/\/truusk.store\/sv\/produkt\/truusk-6-i-1-garderobsstall-med-sittbank-och-skohylla-industriell-stil-10-krokar-2-tyglador-metall-brun\/","og_site_name":"TRUUSK - Hem, Tr\u00e4dg\u00e5rd &amp; Fritid","article_modified_time":"2026-03-12T07:48:13+00:00","og_image":[{"width":2000,"height":2000,"url":"https:\/\/i0.wp.com\/truusk.se\/wp-content\/uploads\/2025\/09\/6-i-1-garderobsstall-med-sittbank-och-skohylla-industriell-stil-10-krokar-2-tyglador-metall-brun-1.webp?fit=2000%2C2000&ssl=1","type":"image\/webp"}],"twitter_card":"summary_large_image","twitter_misc":{"Ber\u00e4knad l\u00e4stid":"1 minut"},"schema":{"@context":"https:\/\/schema.org","@graph":[{"@type":"WebPage","@id":"https:\/\/truusk.store\/sv\/produkt\/truusk-6-i-1-garderobsstall-med-sittbank-och-skohylla-industriell-stil-10-krokar-2-tyglador-metall-brun\/","url":"https:\/\/truusk.store\/sv\/produkt\/truusk-6-i-1-garderobsstall-med-sittbank-och-skohylla-industriell-stil-10-krokar-2-tyglador-metall-brun\/","name":"TRUUSK 6-i-1 Garderobsst\u00e4ll Med Sittb\u00e4nk Och Skohylla - Industriell Stil - 10 Krokar - 2 Tygl\u00e5dor - Metall - Brun - TRUUSK - Hem, Tr\u00e4dg\u00e5rd &amp; Fritid","isPartOf":{"@id":"https:\/\/truusk.store\/sv\/#website"},"primaryImageOfPage":{"@id":"https:\/\/truusk.store\/sv\/produkt\/truusk-6-i-1-garderobsstall-med-sittbank-och-skohylla-industriell-stil-10-krokar-2-tyglador-metall-brun\/#primaryimage"},"image":{"@id":"https:\/\/truusk.store\/sv\/produkt\/truusk-6-i-1-garderobsstall-med-sittbank-och-skohylla-industriell-stil-10-krokar-2-tyglador-metall-brun\/#primaryimage"},"thumbnailUrl":"https:\/\/i0.wp.com\/truusk.store\/wp-content\/uploads\/2025\/09\/6-i-1-garderobsstall-med-sittbank-och-skohylla-industriell-stil-10-krokar-2-tyglador-metall-brun-1.webp?fit=2000%2C2000&ssl=1","datePublished":"2025-09-02T12:44:25+00:00","dateModified":"2026-03-12T07:48:13+00:00","breadcrumb":{"@id":"https:\/\/truusk.store\/sv\/produkt\/truusk-6-i-1-garderobsstall-med-sittbank-och-skohylla-industriell-stil-10-krokar-2-tyglador-metall-brun\/#breadcrumb"},"inLanguage":"sv-SE","potentialAction":[{"@type":"ReadAction","target":["https:\/\/truusk.store\/sv\/produkt\/truusk-6-i-1-garderobsstall-med-sittbank-och-skohylla-industriell-stil-10-krokar-2-tyglador-metall-brun\/"]}]},{"@type":"ImageObject","inLanguage":"sv-SE","@id":"https:\/\/truusk.store\/sv\/produkt\/truusk-6-i-1-garderobsstall-med-sittbank-och-skohylla-industriell-stil-10-krokar-2-tyglador-metall-brun\/#primaryimage","url":"https:\/\/i0.wp.com\/truusk.store\/wp-content\/uploads\/2025\/09\/6-i-1-garderobsstall-med-sittbank-och-skohylla-industriell-stil-10-krokar-2-tyglador-metall-brun-1.webp?fit=2000%2C2000&ssl=1","contentUrl":"https:\/\/i0.wp.com\/truusk.store\/wp-content\/uploads\/2025\/09\/6-i-1-garderobsstall-med-sittbank-och-skohylla-industriell-stil-10-krokar-2-tyglador-metall-brun-1.webp?fit=2000%2C2000&ssl=1","width":2000,"height":2000},{"@type":"BreadcrumbList","@id":"https:\/\/truusk.store\/sv\/produkt\/truusk-6-i-1-garderobsstall-med-sittbank-och-skohylla-industriell-stil-10-krokar-2-tyglador-metall-brun\/#breadcrumb","itemListElement":[{"@type":"ListItem","position":1,"name":"Home","item":"https:\/\/truusk.store\/sv\/"},{"@type":"ListItem","position":2,"name":"Shop","item":"https:\/\/truusk.store\/shop\/"},{"@type":"ListItem","position":3,"name":"TRUUSK 6-i-1 Garderobsst\u00e4ll Med Sittb\u00e4nk Och Skohylla &#8211; Industriell Stil &#8211; 10 Krokar &#8211; 2 Tygl\u00e5dor &#8211; Metall &#8211; Brun"}]},{"@type":"WebSite","@id":"https:\/\/truusk.store\/sv\/#website","url":"https:\/\/truusk.store\/sv\/","name":"TRUUSK - Hem, Tr\u00e4dg\u00e5rd & Fritid","description":"","publisher":{"@id":"https:\/\/truusk.store\/sv\/#organization"},"potentialAction":[{"@type":"SearchAction","target":{"@type":"EntryPoint","urlTemplate":"https:\/\/truusk.store\/sv\/?s={search_term_string}"},"query-input":{"@type":"PropertyValueSpecification","valueRequired":true,"valueName":"search_term_string"}}],"inLanguage":"sv-SE"},{"@type":"Organization","@id":"https:\/\/truusk.store\/sv\/#organization","name":"TRUUSK - Hem, Tr\u00e4dg\u00e5rd & Fritid","url":"https:\/\/truusk.store\/sv\/","logo":{"@type":"ImageObject","inLanguage":"sv-SE","@id":"https:\/\/truusk.store\/sv\/#\/schema\/logo\/image\/","url":"https:\/\/i0.wp.com\/truusk.store\/wp-content\/uploads\/2026\/03\/cropped-TRUUSK.png?fit=2032%2C917&ssl=1","contentUrl":"https:\/\/i0.wp.com\/truusk.store\/wp-content\/uploads\/2026\/03\/cropped-TRUUSK.png?fit=2032%2C917&ssl=1","width":2032,"height":917,"caption":"TRUUSK - Hem, Tr\u00e4dg\u00e5rd & Fritid"},"image":{"@id":"https:\/\/truusk.store\/sv\/#\/schema\/logo\/image\/"}}]}},"jetpack_sharing_enabled":true,"_links":{"self":[{"href":"https:\/\/truusk.store\/sv\/wp-json\/wp\/v2\/product\/89913","targetHints":{"allow":["GET"]}}],"collection":[{"href":"https:\/\/truusk.store\/sv\/wp-json\/wp\/v2\/product"}],"about":[{"href":"https:\/\/truusk.store\/sv\/wp-json\/wp\/v2\/types\/product"}],"wp:featuredmedia":[{"embeddable":true,"href":"https:\/\/truusk.store\/sv\/wp-json\/wp\/v2\/media\/89904"}],"wp:attachment":[{"href":"https:\/\/truusk.store\/sv\/wp-json\/wp\/v2\/media?parent=89913"}],"wp:term":[{"taxonomy":"product_brand","embeddable":true,"href":"https:\/\/truusk.store\/sv\/wp-json\/wp\/v2\/product_brand?post=89913"},{"taxonomy":"product_cat","embeddable":true,"href":"https:\/\/truusk.store\/sv\/wp-json\/wp\/v2\/product_cat?post=89913"},{"taxonomy":"product_tag","embeddable":true,"href":"https:\/\/truusk.store\/sv\/wp-json\/wp\/v2\/product_tag?post=89913"}],"curies":[{"name":"wp","href":"https:\/\/api.w.org\/{rel}","templated":true}]}}