{"id":89923,"date":"2025-09-02T13:45:37","date_gmt":"2025-09-02T12:45:37","guid":{"rendered":"https:\/\/truusk.store\/product\/2-i-1-eldskal-o75-x-58-cm-eldstalle-med-gnistskydd-eldkrok-grillgaller-svart\/"},"modified":"2026-03-12T08:48:13","modified_gmt":"2026-03-12T07:48:13","slug":"truusk-2-i-1-eldskal-o75-x-58-cm-eldstalle-med-gnistskydd-eldkrok-grillgaller-svart","status":"publish","type":"product","link":"https:\/\/truusk.store\/sv\/produkt\/truusk-2-i-1-eldskal-o75-x-58-cm-eldstalle-med-gnistskydd-eldkrok-grillgaller-svart\/","title":{"rendered":"TRUUSK 2-i-1 Eldsk\u00e5l &#8211; \u00d875 x 58 cm &#8211; Eldst\u00e4lle med gnistskydd &#8211; Eldkrok &#8211; Grillgaller &#8211; Svart"},"content":{"rendered":"<p>Skapa v\u00e4rme och atmosf\u00e4r p\u00e5 din terrass med v\u00e5r 2-i-1 eldstad fr\u00e5n TRUUSK! Den kan inte bara anv\u00e4ndas f\u00f6r uppv\u00e4rmning, utan ocks\u00e5 f\u00f6r grillning med en grillgaller. Tillverkad av h\u00e5llbart metall, kan denna eldstad med gnistskydd t\u00e5la h\u00f6ga temperaturer upp till 500\u2103. En eldskrapa ing\u00e5r f\u00f6r att skydda dig och dina familjemedlemmar fr\u00e5n br\u00e4nnskador.<\/p>\n<p>Beskrivning:<\/p>\n<ul>\n<li> Den runda eldstaden \u00e4r det perfekta tillskottet till din tr\u00e4dg\u00e5rd<\/li>\n<li> 2-i-1 design som v\u00e4rmande eldstad eller praktisk grill<\/li>\n<li> Grillgaller ing\u00e5r om du vill grilla<\/li>\n<li> Eldkorgen med gnistskydd \u00e4r tillverkad av metall med v\u00e4rmebest\u00e4ndig lack<\/li>\n<li> Tr\u00e5dgallerlocket ger bra skydd mot v\u00e4rme och gnistor<\/li>\n<li> Inbyggda luftslitsar f\u00f6r god luftcirkulation och d\u00e4rmed b\u00e4ttre f\u00f6rbr\u00e4nning<\/li>\n<li> Med spett f\u00f6r att flytta heta kol<\/li>\n<li> H\u00e4lsogrilln\u00e4t finns tillg\u00e4ngligt<\/li>\n<li> Montering kr\u00e4vs<\/li>\n<\/ul>\n<p> Tekniska data:<\/p>\n<ul>\n<li> F\u00e4rg: Svart+brun<\/li>\n<li> Material: Metall<\/li>\n<li> Totala m\u00e5tt: \u00d875 x 58H cm<\/li>\n<li> M\u00e5tt (lock): \u00d862 cm<\/li>\n<li> M\u00e5tt (grillgaller): \u00d858 cm<\/li>\n<li> M\u00e5tt (spett): 50L x 4B cm<\/li>\n<li> Obs: Anv\u00e4nd inte inomhus, inte p\u00e5 tr\u00e4golv eller andra br\u00e4nnbara ytor som gr\u00e4s, l\u00f6v etc.<\/li>\n<\/ul>\n<p>Leveransinneh\u00e5ll:<\/p>\n<ul>\n<li> 1 x Eldstad<\/li>\n<li> 1 x Eldskrapa<\/li>\n<li> 1 x Grillgaller<\/li>\n<li> 1 x Instruktioner<\/li>\n<\/ul>\n","protected":false},"excerpt":{"rendered":"<p>Skapa v\u00e4rme och atmosf\u00e4r p\u00e5 din terrass med v\u00e5r 2-i-1 eldstad fr\u00e5n TRUUSK! Den kan inte bara anv\u00e4ndas f\u00f6r uppv\u00e4rmning,&#8230;<\/p>\n","protected":false},"featured_media":89914,"template":"","meta":[],"product_brand":[],"product_cat":[441,1043,858],"product_tag":[],"class_list":{"0":"post-89923","1":"product","2":"type-product","3":"status-publish","4":"has-post-thumbnail","6":"product_cat-eldskalar","7":"product_cat-grilla-varma","8":"product_cat-tradgard-terrass","10":"first","11":"instock","12":"sale","13":"taxable","14":"shipping-taxable","15":"purchasable","16":"product-type-simple"},"yoast_head":"<!-- This site is optimized with the Yoast SEO plugin v25.4 - https:\/\/yoast.com\/wordpress\/plugins\/seo\/ -->\n<title>TRUUSK 2-i-1 Eldsk\u00e5l - \u00d875 x 58 cm - Eldst\u00e4lle med gnistskydd - Eldkrok - Grillgaller - Svart - TRUUSK - Hem, Tr\u00e4dg\u00e5rd &amp; Fritid<\/title>\n<meta name=\"robots\" content=\"index, follow, max-snippet:-1, max-image-preview:large, max-video-preview:-1\" \/>\n<link rel=\"canonical\" href=\"https:\/\/truusk.store\/sv\/produkt\/truusk-2-i-1-eldskal-o75-x-58-cm-eldstalle-med-gnistskydd-eldkrok-grillgaller-svart\/\" \/>\n<meta property=\"og:locale\" content=\"sv_SE\" \/>\n<meta property=\"og:type\" content=\"article\" \/>\n<meta property=\"og:title\" content=\"TRUUSK 2-i-1 Eldsk\u00e5l - \u00d875 x 58 cm - Eldst\u00e4lle med gnistskydd - Eldkrok - Grillgaller - Svart - TRUUSK - Hem, Tr\u00e4dg\u00e5rd &amp; Fritid\" \/>\n<meta property=\"og:description\" content=\"Skapa v\u00e4rme och atmosf\u00e4r p\u00e5 din terrass med v\u00e5r 2-i-1 eldstad fr\u00e5n TRUUSK! Den kan inte bara anv\u00e4ndas f\u00f6r uppv\u00e4rmning,...\" \/>\n<meta property=\"og:url\" content=\"https:\/\/truusk.store\/sv\/produkt\/truusk-2-i-1-eldskal-o75-x-58-cm-eldstalle-med-gnistskydd-eldkrok-grillgaller-svart\/\" \/>\n<meta property=\"og:site_name\" content=\"TRUUSK - Hem, Tr\u00e4dg\u00e5rd &amp; Fritid\" \/>\n<meta property=\"article:modified_time\" content=\"2026-03-12T07:48:13+00:00\" \/>\n<meta property=\"og:image\" content=\"https:\/\/i0.wp.com\/truusk.se\/wp-content\/uploads\/2025\/09\/2-i-1-eldskal-o75-x-58-cm-eldstalle-med-gnistskydd-eldkrok-grillgaller-svart-1.webp?fit=2000%2C2000&ssl=1\" \/>\n\t<meta property=\"og:image:width\" content=\"2000\" \/>\n\t<meta property=\"og:image:height\" content=\"2000\" \/>\n\t<meta property=\"og:image:type\" content=\"image\/webp\" \/>\n<meta name=\"twitter:card\" content=\"summary_large_image\" \/>\n<meta name=\"twitter:label1\" content=\"Ber\u00e4knad l\u00e4stid\" \/>\n\t<meta name=\"twitter:data1\" content=\"1 minut\" \/>\n<!-- \/ Yoast SEO plugin. -->","yoast_head_json":{"title":"TRUUSK 2-i-1 Eldsk\u00e5l - \u00d875 x 58 cm - Eldst\u00e4lle med gnistskydd - Eldkrok - Grillgaller - Svart - TRUUSK - Hem, Tr\u00e4dg\u00e5rd &amp; Fritid","robots":{"index":"index","follow":"follow","max-snippet":"max-snippet:-1","max-image-preview":"max-image-preview:large","max-video-preview":"max-video-preview:-1"},"canonical":"https:\/\/truusk.store\/sv\/produkt\/truusk-2-i-1-eldskal-o75-x-58-cm-eldstalle-med-gnistskydd-eldkrok-grillgaller-svart\/","og_locale":"sv_SE","og_type":"article","og_title":"TRUUSK 2-i-1 Eldsk\u00e5l - \u00d875 x 58 cm - Eldst\u00e4lle med gnistskydd - Eldkrok - Grillgaller - Svart - TRUUSK - Hem, Tr\u00e4dg\u00e5rd &amp; Fritid","og_description":"Skapa v\u00e4rme och atmosf\u00e4r p\u00e5 din terrass med v\u00e5r 2-i-1 eldstad fr\u00e5n TRUUSK! Den kan inte bara anv\u00e4ndas f\u00f6r uppv\u00e4rmning,...","og_url":"https:\/\/truusk.store\/sv\/produkt\/truusk-2-i-1-eldskal-o75-x-58-cm-eldstalle-med-gnistskydd-eldkrok-grillgaller-svart\/","og_site_name":"TRUUSK - Hem, Tr\u00e4dg\u00e5rd &amp; Fritid","article_modified_time":"2026-03-12T07:48:13+00:00","og_image":[{"width":2000,"height":2000,"url":"https:\/\/i0.wp.com\/truusk.se\/wp-content\/uploads\/2025\/09\/2-i-1-eldskal-o75-x-58-cm-eldstalle-med-gnistskydd-eldkrok-grillgaller-svart-1.webp?fit=2000%2C2000&ssl=1","type":"image\/webp"}],"twitter_card":"summary_large_image","twitter_misc":{"Ber\u00e4knad l\u00e4stid":"1 minut"},"schema":{"@context":"https:\/\/schema.org","@graph":[{"@type":"WebPage","@id":"https:\/\/truusk.store\/sv\/produkt\/truusk-2-i-1-eldskal-o75-x-58-cm-eldstalle-med-gnistskydd-eldkrok-grillgaller-svart\/","url":"https:\/\/truusk.store\/sv\/produkt\/truusk-2-i-1-eldskal-o75-x-58-cm-eldstalle-med-gnistskydd-eldkrok-grillgaller-svart\/","name":"TRUUSK 2-i-1 Eldsk\u00e5l - \u00d875 x 58 cm - Eldst\u00e4lle med gnistskydd - Eldkrok - Grillgaller - Svart - TRUUSK - Hem, Tr\u00e4dg\u00e5rd &amp; Fritid","isPartOf":{"@id":"https:\/\/truusk.store\/sv\/#website"},"primaryImageOfPage":{"@id":"https:\/\/truusk.store\/sv\/produkt\/truusk-2-i-1-eldskal-o75-x-58-cm-eldstalle-med-gnistskydd-eldkrok-grillgaller-svart\/#primaryimage"},"image":{"@id":"https:\/\/truusk.store\/sv\/produkt\/truusk-2-i-1-eldskal-o75-x-58-cm-eldstalle-med-gnistskydd-eldkrok-grillgaller-svart\/#primaryimage"},"thumbnailUrl":"https:\/\/i0.wp.com\/truusk.store\/wp-content\/uploads\/2025\/09\/2-i-1-eldskal-o75-x-58-cm-eldstalle-med-gnistskydd-eldkrok-grillgaller-svart-1.webp?fit=2000%2C2000&ssl=1","datePublished":"2025-09-02T12:45:37+00:00","dateModified":"2026-03-12T07:48:13+00:00","breadcrumb":{"@id":"https:\/\/truusk.store\/sv\/produkt\/truusk-2-i-1-eldskal-o75-x-58-cm-eldstalle-med-gnistskydd-eldkrok-grillgaller-svart\/#breadcrumb"},"inLanguage":"sv-SE","potentialAction":[{"@type":"ReadAction","target":["https:\/\/truusk.store\/sv\/produkt\/truusk-2-i-1-eldskal-o75-x-58-cm-eldstalle-med-gnistskydd-eldkrok-grillgaller-svart\/"]}]},{"@type":"ImageObject","inLanguage":"sv-SE","@id":"https:\/\/truusk.store\/sv\/produkt\/truusk-2-i-1-eldskal-o75-x-58-cm-eldstalle-med-gnistskydd-eldkrok-grillgaller-svart\/#primaryimage","url":"https:\/\/i0.wp.com\/truusk.store\/wp-content\/uploads\/2025\/09\/2-i-1-eldskal-o75-x-58-cm-eldstalle-med-gnistskydd-eldkrok-grillgaller-svart-1.webp?fit=2000%2C2000&ssl=1","contentUrl":"https:\/\/i0.wp.com\/truusk.store\/wp-content\/uploads\/2025\/09\/2-i-1-eldskal-o75-x-58-cm-eldstalle-med-gnistskydd-eldkrok-grillgaller-svart-1.webp?fit=2000%2C2000&ssl=1","width":2000,"height":2000},{"@type":"BreadcrumbList","@id":"https:\/\/truusk.store\/sv\/produkt\/truusk-2-i-1-eldskal-o75-x-58-cm-eldstalle-med-gnistskydd-eldkrok-grillgaller-svart\/#breadcrumb","itemListElement":[{"@type":"ListItem","position":1,"name":"Home","item":"https:\/\/truusk.store\/sv\/"},{"@type":"ListItem","position":2,"name":"Shop","item":"https:\/\/truusk.store\/shop\/"},{"@type":"ListItem","position":3,"name":"TRUUSK 2-i-1 Eldsk\u00e5l &#8211; \u00d875 x 58 cm &#8211; Eldst\u00e4lle med gnistskydd &#8211; Eldkrok &#8211; Grillgaller &#8211; Svart"}]},{"@type":"WebSite","@id":"https:\/\/truusk.store\/sv\/#website","url":"https:\/\/truusk.store\/sv\/","name":"TRUUSK - Hem, Tr\u00e4dg\u00e5rd & Fritid","description":"","publisher":{"@id":"https:\/\/truusk.store\/sv\/#organization"},"potentialAction":[{"@type":"SearchAction","target":{"@type":"EntryPoint","urlTemplate":"https:\/\/truusk.store\/sv\/?s={search_term_string}"},"query-input":{"@type":"PropertyValueSpecification","valueRequired":true,"valueName":"search_term_string"}}],"inLanguage":"sv-SE"},{"@type":"Organization","@id":"https:\/\/truusk.store\/sv\/#organization","name":"TRUUSK - Hem, Tr\u00e4dg\u00e5rd & Fritid","url":"https:\/\/truusk.store\/sv\/","logo":{"@type":"ImageObject","inLanguage":"sv-SE","@id":"https:\/\/truusk.store\/sv\/#\/schema\/logo\/image\/","url":"https:\/\/i0.wp.com\/truusk.store\/wp-content\/uploads\/2026\/03\/cropped-TRUUSK.png?fit=2032%2C917&ssl=1","contentUrl":"https:\/\/i0.wp.com\/truusk.store\/wp-content\/uploads\/2026\/03\/cropped-TRUUSK.png?fit=2032%2C917&ssl=1","width":2032,"height":917,"caption":"TRUUSK - Hem, Tr\u00e4dg\u00e5rd & Fritid"},"image":{"@id":"https:\/\/truusk.store\/sv\/#\/schema\/logo\/image\/"}}]}},"jetpack_sharing_enabled":true,"_links":{"self":[{"href":"https:\/\/truusk.store\/sv\/wp-json\/wp\/v2\/product\/89923","targetHints":{"allow":["GET"]}}],"collection":[{"href":"https:\/\/truusk.store\/sv\/wp-json\/wp\/v2\/product"}],"about":[{"href":"https:\/\/truusk.store\/sv\/wp-json\/wp\/v2\/types\/product"}],"wp:featuredmedia":[{"embeddable":true,"href":"https:\/\/truusk.store\/sv\/wp-json\/wp\/v2\/media\/89914"}],"wp:attachment":[{"href":"https:\/\/truusk.store\/sv\/wp-json\/wp\/v2\/media?parent=89923"}],"wp:term":[{"taxonomy":"product_brand","embeddable":true,"href":"https:\/\/truusk.store\/sv\/wp-json\/wp\/v2\/product_brand?post=89923"},{"taxonomy":"product_cat","embeddable":true,"href":"https:\/\/truusk.store\/sv\/wp-json\/wp\/v2\/product_cat?post=89923"},{"taxonomy":"product_tag","embeddable":true,"href":"https:\/\/truusk.store\/sv\/wp-json\/wp\/v2\/product_tag?post=89923"}],"curies":[{"name":"wp","href":"https:\/\/api.w.org\/{rel}","templated":true}]}}