{"id":89973,"date":"2025-09-02T13:50:21","date_gmt":"2025-09-02T12:50:21","guid":{"rendered":"https:\/\/truusk.store\/product\/tv-skap-hangande-tv-lada-med-rgb-led-belysning-i-16-farger-tv-stativ-med-oppet-forvaringsutrymme-for-55-60-tum-tv-for-vardagsrum-sovrum-140-x-40-x-30-cm-hogglansvit\/"},"modified":"2026-03-12T08:51:15","modified_gmt":"2026-03-12T07:51:15","slug":"truusk-tv-skap-med-rgb-led-belysning-for-55-60-tum-tv-oppet-forvaringsutrymme-hogglansvit-140-x-40-x-30-cm","status":"publish","type":"product","link":"https:\/\/truusk.store\/sv\/produkt\/truusk-tv-skap-med-rgb-led-belysning-for-55-60-tum-tv-oppet-forvaringsutrymme-hogglansvit-140-x-40-x-30-cm\/","title":{"rendered":"TRUUSK TV-sk\u00e5p med RGB LED-belysning &#8211; F\u00f6r 55-60 Tum TV &#8211; \u00d6ppet F\u00f6rvaringsutrymme &#8211; H\u00f6gglansvit &#8211; 140 x 40 x 30 cm"},"content":{"rendered":"<p>St\u00f6rd av ett kaotiskt vardagsrum och tr\u00e5kiga filmkv\u00e4llar? Konsolernas kaos och brist p\u00e5 atmosf\u00e4r f\u00e5r ditt hem att se oordnat ut. Den v\u00e4ggmonterade TRUUSK TV-b\u00e4nken l\u00f6ser problemet med stil. TV-bordets h\u00f6gglansfinish ger modern elegans, och tv\u00e5 fack d\u00f6ljer oordningen. Med de fj\u00e4rrstyrda LED-ljusen p\u00e5 TV-b\u00e4nken i 16 f\u00e4rger f\u00f6rvandlar du ditt rum till en organiserad, st\u00e4mningsfull underh\u00e5llningsoas.<\/p>\n<p>Beskrivning:<\/p>\n<ul>\n<li> TV-b\u00e4nken har RGB LED-ljus i 16 f\u00e4rger som skapar en uppslukande tittarupplevelse<\/li>\n<li> Modern h\u00f6gglansfinish fram och uppe ger varje rum elegans<\/li>\n<li> Tv\u00e5 stora f\u00f6rvaringsfack i TV-sk\u00e5pet h\u00e5ller dina medieenheter och tillbeh\u00f6r snyggt organiserade<\/li>\n<li> TV-b\u00e4nken \u00e4r perfekt l\u00e4mpad f\u00f6r TV-apparater fr\u00e5n 55 till 60 tum f\u00f6r en f\u00f6rb\u00e4ttrad inredning<\/li>\n<li> Innovativ v\u00e4ggmonterad design av TV-bordet skapar extra golvutrymme f\u00f6r ett modernt, str\u00f6mlinjeformat utseende<\/li>\n<li> Montering kr\u00e4vs<\/li>\n<\/ul>\n<p> Tekniska data:<\/p>\n<ul>\n<li> F\u00e4rg: H\u00f6gglansvit<\/li>\n<li> Material: MDF<\/li>\n<li> Totala dimensioner: 140B x 40D x 30H cm<\/li>\n<li> \u00d6vre panelstorlek: 140B x 30D cm<\/li>\n<li> Storlek p\u00e5 \u00f6ppet fack: 67,5B x 36,5D x 17H cm<\/li>\n<li> Storlek p\u00e5 kabelh\u00e5l: \u00d85 cm<\/li>\n<li> Passar f\u00f6r TV-storlek: 55-60 tum<\/li>\n<li> L\u00e4ngd p\u00e5 str\u00f6mkabel: 1,5 m<\/li>\n<li> B\u00e4rkapacitet: 30 kg (totalt), 10 kg (\u00f6vre\/varje fack)<\/li>\n<li> Ing\u00e5ng: AC 100-240V, 50-60Hz<\/li>\n<li> Utg\u00e5ng: DC 5V, 2,0A<\/li>\n<\/ul>\n<p>Leveransinneh\u00e5ll:<\/p>\n<ul>\n<li> 1 x TV-stativsk\u00e5p<\/li>\n<li> 1 x Fj\u00e4rrkontroll<\/li>\n<li> 1 x N\u00e4tadapter<\/li>\n<li> 1 x Bruksanvisning<\/li>\n<\/ul>\n","protected":false},"excerpt":{"rendered":"<p>St\u00f6rd av ett kaotiskt vardagsrum och tr\u00e5kiga filmkv\u00e4llar? Konsolernas kaos och brist p\u00e5 atmosf\u00e4r f\u00e5r ditt hem att se oordnat&#8230;<\/p>\n","protected":false},"featured_media":89964,"template":"","meta":[],"product_brand":[],"product_cat":[871,1007,910],"product_tag":[],"class_list":{"0":"post-89973","1":"product","2":"type-product","3":"status-publish","4":"has-post-thumbnail","6":"product_cat-hus-hem","7":"product_cat-tv-mobler","8":"product_cat-vardagsrum","10":"first","11":"instock","12":"sale","13":"taxable","14":"shipping-taxable","15":"purchasable","16":"product-type-simple"},"yoast_head":"<!-- This site is optimized with the Yoast SEO plugin v25.4 - https:\/\/yoast.com\/wordpress\/plugins\/seo\/ -->\n<title>TRUUSK TV-sk\u00e5p med RGB LED-belysning - F\u00f6r 55-60 Tum TV - \u00d6ppet F\u00f6rvaringsutrymme - H\u00f6gglansvit - 140 x 40 x 30 cm - TRUUSK - Hem, Tr\u00e4dg\u00e5rd &amp; Fritid<\/title>\n<meta name=\"robots\" content=\"index, follow, max-snippet:-1, max-image-preview:large, max-video-preview:-1\" \/>\n<link rel=\"canonical\" href=\"https:\/\/truusk.store\/sv\/produkt\/truusk-tv-skap-med-rgb-led-belysning-for-55-60-tum-tv-oppet-forvaringsutrymme-hogglansvit-140-x-40-x-30-cm\/\" \/>\n<meta property=\"og:locale\" content=\"sv_SE\" \/>\n<meta property=\"og:type\" content=\"article\" \/>\n<meta property=\"og:title\" content=\"TRUUSK TV-sk\u00e5p med RGB LED-belysning - F\u00f6r 55-60 Tum TV - \u00d6ppet F\u00f6rvaringsutrymme - H\u00f6gglansvit - 140 x 40 x 30 cm - TRUUSK - Hem, Tr\u00e4dg\u00e5rd &amp; Fritid\" \/>\n<meta property=\"og:description\" content=\"St\u00f6rd av ett kaotiskt vardagsrum och tr\u00e5kiga filmkv\u00e4llar? Konsolernas kaos och brist p\u00e5 atmosf\u00e4r f\u00e5r ditt hem att se oordnat...\" \/>\n<meta property=\"og:url\" content=\"https:\/\/truusk.store\/sv\/produkt\/truusk-tv-skap-med-rgb-led-belysning-for-55-60-tum-tv-oppet-forvaringsutrymme-hogglansvit-140-x-40-x-30-cm\/\" \/>\n<meta property=\"og:site_name\" content=\"TRUUSK - Hem, Tr\u00e4dg\u00e5rd &amp; Fritid\" \/>\n<meta property=\"article:modified_time\" content=\"2026-03-12T07:51:15+00:00\" \/>\n<meta property=\"og:image\" content=\"https:\/\/i0.wp.com\/truusk.se\/wp-content\/uploads\/2025\/09\/tv-skap-hangande-tv-lada-med-rgb-led-belysning-i-16-farger-tv-stativ-med-oppet-forvaringsutrymme-for-55-60-tum-tv-for-vardagsrum-sovrum-140-x-40-x-30-cm-hogglansvit-1.webp?fit=2000%2C2000&ssl=1\" \/>\n\t<meta property=\"og:image:width\" content=\"2000\" \/>\n\t<meta property=\"og:image:height\" content=\"2000\" \/>\n\t<meta property=\"og:image:type\" content=\"image\/webp\" \/>\n<meta name=\"twitter:card\" content=\"summary_large_image\" \/>\n<meta name=\"twitter:label1\" content=\"Ber\u00e4knad l\u00e4stid\" \/>\n\t<meta name=\"twitter:data1\" content=\"1 minut\" \/>\n<!-- \/ Yoast SEO plugin. -->","yoast_head_json":{"title":"TRUUSK TV-sk\u00e5p med RGB LED-belysning - F\u00f6r 55-60 Tum TV - \u00d6ppet F\u00f6rvaringsutrymme - H\u00f6gglansvit - 140 x 40 x 30 cm - TRUUSK - Hem, Tr\u00e4dg\u00e5rd &amp; Fritid","robots":{"index":"index","follow":"follow","max-snippet":"max-snippet:-1","max-image-preview":"max-image-preview:large","max-video-preview":"max-video-preview:-1"},"canonical":"https:\/\/truusk.store\/sv\/produkt\/truusk-tv-skap-med-rgb-led-belysning-for-55-60-tum-tv-oppet-forvaringsutrymme-hogglansvit-140-x-40-x-30-cm\/","og_locale":"sv_SE","og_type":"article","og_title":"TRUUSK TV-sk\u00e5p med RGB LED-belysning - F\u00f6r 55-60 Tum TV - \u00d6ppet F\u00f6rvaringsutrymme - H\u00f6gglansvit - 140 x 40 x 30 cm - TRUUSK - Hem, Tr\u00e4dg\u00e5rd &amp; Fritid","og_description":"St\u00f6rd av ett kaotiskt vardagsrum och tr\u00e5kiga filmkv\u00e4llar? Konsolernas kaos och brist p\u00e5 atmosf\u00e4r f\u00e5r ditt hem att se oordnat...","og_url":"https:\/\/truusk.store\/sv\/produkt\/truusk-tv-skap-med-rgb-led-belysning-for-55-60-tum-tv-oppet-forvaringsutrymme-hogglansvit-140-x-40-x-30-cm\/","og_site_name":"TRUUSK - Hem, Tr\u00e4dg\u00e5rd &amp; Fritid","article_modified_time":"2026-03-12T07:51:15+00:00","og_image":[{"width":2000,"height":2000,"url":"https:\/\/i0.wp.com\/truusk.se\/wp-content\/uploads\/2025\/09\/tv-skap-hangande-tv-lada-med-rgb-led-belysning-i-16-farger-tv-stativ-med-oppet-forvaringsutrymme-for-55-60-tum-tv-for-vardagsrum-sovrum-140-x-40-x-30-cm-hogglansvit-1.webp?fit=2000%2C2000&ssl=1","type":"image\/webp"}],"twitter_card":"summary_large_image","twitter_misc":{"Ber\u00e4knad l\u00e4stid":"1 minut"},"schema":{"@context":"https:\/\/schema.org","@graph":[{"@type":"WebPage","@id":"https:\/\/truusk.store\/sv\/produkt\/truusk-tv-skap-med-rgb-led-belysning-for-55-60-tum-tv-oppet-forvaringsutrymme-hogglansvit-140-x-40-x-30-cm\/","url":"https:\/\/truusk.store\/sv\/produkt\/truusk-tv-skap-med-rgb-led-belysning-for-55-60-tum-tv-oppet-forvaringsutrymme-hogglansvit-140-x-40-x-30-cm\/","name":"TRUUSK TV-sk\u00e5p med RGB LED-belysning - F\u00f6r 55-60 Tum TV - \u00d6ppet F\u00f6rvaringsutrymme - H\u00f6gglansvit - 140 x 40 x 30 cm - TRUUSK - Hem, Tr\u00e4dg\u00e5rd &amp; Fritid","isPartOf":{"@id":"https:\/\/truusk.store\/sv\/#website"},"primaryImageOfPage":{"@id":"https:\/\/truusk.store\/sv\/produkt\/truusk-tv-skap-med-rgb-led-belysning-for-55-60-tum-tv-oppet-forvaringsutrymme-hogglansvit-140-x-40-x-30-cm\/#primaryimage"},"image":{"@id":"https:\/\/truusk.store\/sv\/produkt\/truusk-tv-skap-med-rgb-led-belysning-for-55-60-tum-tv-oppet-forvaringsutrymme-hogglansvit-140-x-40-x-30-cm\/#primaryimage"},"thumbnailUrl":"https:\/\/i0.wp.com\/truusk.store\/wp-content\/uploads\/2025\/09\/tv-skap-hangande-tv-lada-med-rgb-led-belysning-i-16-farger-tv-stativ-med-oppet-forvaringsutrymme-for-55-60-tum-tv-for-vardagsrum-sovrum-140-x-40-x-30-cm-hogglansvit-1.webp?fit=2000%2C2000&ssl=1","datePublished":"2025-09-02T12:50:21+00:00","dateModified":"2026-03-12T07:51:15+00:00","breadcrumb":{"@id":"https:\/\/truusk.store\/sv\/produkt\/truusk-tv-skap-med-rgb-led-belysning-for-55-60-tum-tv-oppet-forvaringsutrymme-hogglansvit-140-x-40-x-30-cm\/#breadcrumb"},"inLanguage":"sv-SE","potentialAction":[{"@type":"ReadAction","target":["https:\/\/truusk.store\/sv\/produkt\/truusk-tv-skap-med-rgb-led-belysning-for-55-60-tum-tv-oppet-forvaringsutrymme-hogglansvit-140-x-40-x-30-cm\/"]}]},{"@type":"ImageObject","inLanguage":"sv-SE","@id":"https:\/\/truusk.store\/sv\/produkt\/truusk-tv-skap-med-rgb-led-belysning-for-55-60-tum-tv-oppet-forvaringsutrymme-hogglansvit-140-x-40-x-30-cm\/#primaryimage","url":"https:\/\/i0.wp.com\/truusk.store\/wp-content\/uploads\/2025\/09\/tv-skap-hangande-tv-lada-med-rgb-led-belysning-i-16-farger-tv-stativ-med-oppet-forvaringsutrymme-for-55-60-tum-tv-for-vardagsrum-sovrum-140-x-40-x-30-cm-hogglansvit-1.webp?fit=2000%2C2000&ssl=1","contentUrl":"https:\/\/i0.wp.com\/truusk.store\/wp-content\/uploads\/2025\/09\/tv-skap-hangande-tv-lada-med-rgb-led-belysning-i-16-farger-tv-stativ-med-oppet-forvaringsutrymme-for-55-60-tum-tv-for-vardagsrum-sovrum-140-x-40-x-30-cm-hogglansvit-1.webp?fit=2000%2C2000&ssl=1","width":2000,"height":2000},{"@type":"BreadcrumbList","@id":"https:\/\/truusk.store\/sv\/produkt\/truusk-tv-skap-med-rgb-led-belysning-for-55-60-tum-tv-oppet-forvaringsutrymme-hogglansvit-140-x-40-x-30-cm\/#breadcrumb","itemListElement":[{"@type":"ListItem","position":1,"name":"Home","item":"https:\/\/truusk.store\/sv\/"},{"@type":"ListItem","position":2,"name":"Shop","item":"https:\/\/truusk.store\/shop\/"},{"@type":"ListItem","position":3,"name":"TRUUSK TV-sk\u00e5p med RGB LED-belysning &#8211; F\u00f6r 55-60 Tum TV &#8211; \u00d6ppet F\u00f6rvaringsutrymme &#8211; H\u00f6gglansvit &#8211; 140 x 40 x 30 cm"}]},{"@type":"WebSite","@id":"https:\/\/truusk.store\/sv\/#website","url":"https:\/\/truusk.store\/sv\/","name":"TRUUSK - Hem, Tr\u00e4dg\u00e5rd & Fritid","description":"","publisher":{"@id":"https:\/\/truusk.store\/sv\/#organization"},"potentialAction":[{"@type":"SearchAction","target":{"@type":"EntryPoint","urlTemplate":"https:\/\/truusk.store\/sv\/?s={search_term_string}"},"query-input":{"@type":"PropertyValueSpecification","valueRequired":true,"valueName":"search_term_string"}}],"inLanguage":"sv-SE"},{"@type":"Organization","@id":"https:\/\/truusk.store\/sv\/#organization","name":"TRUUSK - Hem, Tr\u00e4dg\u00e5rd & Fritid","url":"https:\/\/truusk.store\/sv\/","logo":{"@type":"ImageObject","inLanguage":"sv-SE","@id":"https:\/\/truusk.store\/sv\/#\/schema\/logo\/image\/","url":"https:\/\/i0.wp.com\/truusk.store\/wp-content\/uploads\/2026\/03\/cropped-TRUUSK.png?fit=2032%2C917&ssl=1","contentUrl":"https:\/\/i0.wp.com\/truusk.store\/wp-content\/uploads\/2026\/03\/cropped-TRUUSK.png?fit=2032%2C917&ssl=1","width":2032,"height":917,"caption":"TRUUSK - Hem, Tr\u00e4dg\u00e5rd & Fritid"},"image":{"@id":"https:\/\/truusk.store\/sv\/#\/schema\/logo\/image\/"}}]}},"jetpack_sharing_enabled":true,"_links":{"self":[{"href":"https:\/\/truusk.store\/sv\/wp-json\/wp\/v2\/product\/89973","targetHints":{"allow":["GET"]}}],"collection":[{"href":"https:\/\/truusk.store\/sv\/wp-json\/wp\/v2\/product"}],"about":[{"href":"https:\/\/truusk.store\/sv\/wp-json\/wp\/v2\/types\/product"}],"wp:featuredmedia":[{"embeddable":true,"href":"https:\/\/truusk.store\/sv\/wp-json\/wp\/v2\/media\/89964"}],"wp:attachment":[{"href":"https:\/\/truusk.store\/sv\/wp-json\/wp\/v2\/media?parent=89973"}],"wp:term":[{"taxonomy":"product_brand","embeddable":true,"href":"https:\/\/truusk.store\/sv\/wp-json\/wp\/v2\/product_brand?post=89973"},{"taxonomy":"product_cat","embeddable":true,"href":"https:\/\/truusk.store\/sv\/wp-json\/wp\/v2\/product_cat?post=89973"},{"taxonomy":"product_tag","embeddable":true,"href":"https:\/\/truusk.store\/sv\/wp-json\/wp\/v2\/product_tag?post=89973"}],"curies":[{"name":"wp","href":"https:\/\/api.w.org\/{rel}","templated":true}]}}