{"id":90003,"date":"2025-09-02T13:53:46","date_gmt":"2025-09-02T12:53:46","guid":{"rendered":"https:\/\/truusk.store\/product\/husdjursgrind-96-cm-trappgrind-justerbar-bredd-76-104-cm-med-kattlucka-for-trappor-och-dorroppningar-svart\/"},"modified":"2026-03-12T08:53:35","modified_gmt":"2026-03-12T07:53:35","slug":"truusk-husdjursgrind-96-cm-trappgrind-justerbar-bredd-76-104-cm-med-kattlucka-svart","status":"publish","type":"product","link":"https:\/\/truusk.store\/sv\/produkt\/truusk-husdjursgrind-96-cm-trappgrind-justerbar-bredd-76-104-cm-med-kattlucka-svart\/","title":{"rendered":"TRUUSK Husdjursgrind, 96 cm &#8211; Trappgrind &#8211; Justerbar bredd 76-104 cm &#8211; Med kattlucka &#8211; Svart"},"content":{"rendered":"<p>Uppt\u00e4ck TRUUSK trappskyddsgaller f\u00f6r hundar: en flexibel l\u00f6sning f\u00f6r att h\u00e5lla dina djur s\u00e4kra. Detta h\u00f6ga och breda trappskyddsgaller anpassar sig fr\u00e5n 76 till 104 cm, perfekt f\u00f6r olika omr\u00e5den. Med sitt dubbla l\u00e5ssystem och den praktiska kattluckan \u00e4r detta trappskyddsgaller perfekt f\u00f6r hush\u00e5ll med flera husdjur. B\u00e5de stilfullt och praktiskt &#8211; ett oumb\u00e4rligt tillbeh\u00f6r f\u00f6r varje husdjurs\u00e4gare.<\/p>\n<p>Beskrivning:<\/p>\n<ul>\n<li> 96 cm h\u00f6gt galler s\u00e4krar effektivt \u00e4ven st\u00f6rre husdjur<\/li>\n<li> Justerbar bredd p\u00e5 trappskyddet fr\u00e5n 76 till 104 cm passar i olika rum<\/li>\n<li> Montering genom tryckf\u00e4ste eller borrning<\/li>\n<li> Enkel l\u00e5smekanism med mjukt tryck<\/li>\n<li> Dubbelt l\u00e5ssystem och tv\u00e5v\u00e4gsd\u00f6rr f\u00f6r trappskyddsgallret \u00f6kar s\u00e4kerheten<\/li>\n<li> Inbyggd kattlucka i trappskyddet \u00e4r f\u00f6rdelaktig f\u00f6r hush\u00e5ll med flera husdjur<\/li>\n<li> Stilfull design kompletterar trappor, korridorer och d\u00f6rrkarmar<\/li>\n<li> Robust material st\u00e5r emot anv\u00e4ndning av sm\u00e5 till stora hundar<\/li>\n<\/ul>\n<p> Tekniska data:<\/p>\n<ul>\n<li> F\u00e4rg: Svart<\/li>\n<li> Material: St\u00e5l, plast<\/li>\n<li> Totala m\u00e5tt: 76-104B x 96H cm<\/li>\n<li> S\u00e4kerhetsgrind: 71B x 96H cm (utan justeringsskruv)<\/li>\n<li> D\u00f6rrbredd: 56B cm<\/li>\n<li> Utvidgning: 7B x 92H cm, 14B x 92H cm<\/li>\n<li> Kattlucka: 20B x 19,5H cm<\/li>\n<li> St\u00e5ngavst\u00e5nd: 5 cm<\/li>\n<li> Obs: Anv\u00e4nd expansionsbultar f\u00f6r s\u00e4ker installation vid trappentr\u00e9er eller liknande platser<\/li>\n<\/ul>\n<p>Leveransinneh\u00e5ll:<\/p>\n<ul>\n<li> 1 x Husdjursd\u00f6rr<\/li>\n<li> 4 x Justerbara skruvar<\/li>\n<li> 4 x Rund dubbelh\u00e4ftande tejp<\/li>\n<li> 4 x Skruvar<\/li>\n<li> 4 x Plastpluggar<\/li>\n<li> 4 x Skruf\u00e4sten<\/li>\n<li> 2 x Utvidgningsf\u00e4sten f\u00f6r plastdelar<\/li>\n<li> 1 x Bruksanvisning<\/li>\n<\/ul>\n","protected":false},"excerpt":{"rendered":"<p>Uppt\u00e4ck TRUUSK trappskyddsgaller f\u00f6r hundar: en flexibel l\u00f6sning f\u00f6r att h\u00e5lla dina djur s\u00e4kra. Detta h\u00f6ga och breda trappskyddsgaller anpassar&#8230;<\/p>\n","protected":false},"featured_media":89994,"template":"","meta":[],"product_brand":[],"product_cat":[947,948,574],"product_tag":[],"class_list":{"0":"post-90003","1":"product","2":"type-product","3":"status-publish","4":"has-post-thumbnail","6":"product_cat-djurtillbehor","7":"product_cat-hundgaller-skiljevaggar","8":"product_cat-hundtillbehor","10":"first","11":"instock","12":"sale","13":"taxable","14":"shipping-taxable","15":"purchasable","16":"product-type-simple"},"yoast_head":"<!-- This site is optimized with the Yoast SEO plugin v25.4 - https:\/\/yoast.com\/wordpress\/plugins\/seo\/ -->\n<title>TRUUSK Husdjursgrind, 96 cm - Trappgrind - Justerbar bredd 76-104 cm - Med kattlucka - Svart - TRUUSK - Hem, Tr\u00e4dg\u00e5rd &amp; Fritid<\/title>\n<meta name=\"robots\" content=\"index, follow, max-snippet:-1, max-image-preview:large, max-video-preview:-1\" \/>\n<link rel=\"canonical\" href=\"https:\/\/truusk.store\/sv\/produkt\/truusk-husdjursgrind-96-cm-trappgrind-justerbar-bredd-76-104-cm-med-kattlucka-svart\/\" \/>\n<meta property=\"og:locale\" content=\"sv_SE\" \/>\n<meta property=\"og:type\" content=\"article\" \/>\n<meta property=\"og:title\" content=\"TRUUSK Husdjursgrind, 96 cm - Trappgrind - Justerbar bredd 76-104 cm - Med kattlucka - Svart - TRUUSK - Hem, Tr\u00e4dg\u00e5rd &amp; Fritid\" \/>\n<meta property=\"og:description\" content=\"Uppt\u00e4ck TRUUSK trappskyddsgaller f\u00f6r hundar: en flexibel l\u00f6sning f\u00f6r att h\u00e5lla dina djur s\u00e4kra. Detta h\u00f6ga och breda trappskyddsgaller anpassar...\" \/>\n<meta property=\"og:url\" content=\"https:\/\/truusk.store\/sv\/produkt\/truusk-husdjursgrind-96-cm-trappgrind-justerbar-bredd-76-104-cm-med-kattlucka-svart\/\" \/>\n<meta property=\"og:site_name\" content=\"TRUUSK - Hem, Tr\u00e4dg\u00e5rd &amp; Fritid\" \/>\n<meta property=\"article:modified_time\" content=\"2026-03-12T07:53:35+00:00\" \/>\n<meta property=\"og:image\" content=\"https:\/\/i0.wp.com\/truusk.se\/wp-content\/uploads\/2025\/09\/husdjursgrind-96-cm-trappgrind-justerbar-bredd-76-104-cm-med-kattlucka-for-trappor-och-dorroppningar-svart-1.webp?fit=2000%2C2000&ssl=1\" \/>\n\t<meta property=\"og:image:width\" content=\"2000\" \/>\n\t<meta property=\"og:image:height\" content=\"2000\" \/>\n\t<meta property=\"og:image:type\" content=\"image\/webp\" \/>\n<meta name=\"twitter:card\" content=\"summary_large_image\" \/>\n<meta name=\"twitter:label1\" content=\"Ber\u00e4knad l\u00e4stid\" \/>\n\t<meta name=\"twitter:data1\" content=\"1 minut\" \/>\n<!-- \/ Yoast SEO plugin. -->","yoast_head_json":{"title":"TRUUSK Husdjursgrind, 96 cm - Trappgrind - Justerbar bredd 76-104 cm - Med kattlucka - Svart - TRUUSK - Hem, Tr\u00e4dg\u00e5rd &amp; Fritid","robots":{"index":"index","follow":"follow","max-snippet":"max-snippet:-1","max-image-preview":"max-image-preview:large","max-video-preview":"max-video-preview:-1"},"canonical":"https:\/\/truusk.store\/sv\/produkt\/truusk-husdjursgrind-96-cm-trappgrind-justerbar-bredd-76-104-cm-med-kattlucka-svart\/","og_locale":"sv_SE","og_type":"article","og_title":"TRUUSK Husdjursgrind, 96 cm - Trappgrind - Justerbar bredd 76-104 cm - Med kattlucka - Svart - TRUUSK - Hem, Tr\u00e4dg\u00e5rd &amp; Fritid","og_description":"Uppt\u00e4ck TRUUSK trappskyddsgaller f\u00f6r hundar: en flexibel l\u00f6sning f\u00f6r att h\u00e5lla dina djur s\u00e4kra. Detta h\u00f6ga och breda trappskyddsgaller anpassar...","og_url":"https:\/\/truusk.store\/sv\/produkt\/truusk-husdjursgrind-96-cm-trappgrind-justerbar-bredd-76-104-cm-med-kattlucka-svart\/","og_site_name":"TRUUSK - Hem, Tr\u00e4dg\u00e5rd &amp; Fritid","article_modified_time":"2026-03-12T07:53:35+00:00","og_image":[{"width":2000,"height":2000,"url":"https:\/\/i0.wp.com\/truusk.se\/wp-content\/uploads\/2025\/09\/husdjursgrind-96-cm-trappgrind-justerbar-bredd-76-104-cm-med-kattlucka-for-trappor-och-dorroppningar-svart-1.webp?fit=2000%2C2000&ssl=1","type":"image\/webp"}],"twitter_card":"summary_large_image","twitter_misc":{"Ber\u00e4knad l\u00e4stid":"1 minut"},"schema":{"@context":"https:\/\/schema.org","@graph":[{"@type":"WebPage","@id":"https:\/\/truusk.store\/sv\/produkt\/truusk-husdjursgrind-96-cm-trappgrind-justerbar-bredd-76-104-cm-med-kattlucka-svart\/","url":"https:\/\/truusk.store\/sv\/produkt\/truusk-husdjursgrind-96-cm-trappgrind-justerbar-bredd-76-104-cm-med-kattlucka-svart\/","name":"TRUUSK Husdjursgrind, 96 cm - Trappgrind - Justerbar bredd 76-104 cm - Med kattlucka - Svart - TRUUSK - Hem, Tr\u00e4dg\u00e5rd &amp; Fritid","isPartOf":{"@id":"https:\/\/truusk.store\/sv\/#website"},"primaryImageOfPage":{"@id":"https:\/\/truusk.store\/sv\/produkt\/truusk-husdjursgrind-96-cm-trappgrind-justerbar-bredd-76-104-cm-med-kattlucka-svart\/#primaryimage"},"image":{"@id":"https:\/\/truusk.store\/sv\/produkt\/truusk-husdjursgrind-96-cm-trappgrind-justerbar-bredd-76-104-cm-med-kattlucka-svart\/#primaryimage"},"thumbnailUrl":"https:\/\/i0.wp.com\/truusk.store\/wp-content\/uploads\/2025\/09\/husdjursgrind-96-cm-trappgrind-justerbar-bredd-76-104-cm-med-kattlucka-for-trappor-och-dorroppningar-svart-1.webp?fit=2000%2C2000&ssl=1","datePublished":"2025-09-02T12:53:46+00:00","dateModified":"2026-03-12T07:53:35+00:00","breadcrumb":{"@id":"https:\/\/truusk.store\/sv\/produkt\/truusk-husdjursgrind-96-cm-trappgrind-justerbar-bredd-76-104-cm-med-kattlucka-svart\/#breadcrumb"},"inLanguage":"sv-SE","potentialAction":[{"@type":"ReadAction","target":["https:\/\/truusk.store\/sv\/produkt\/truusk-husdjursgrind-96-cm-trappgrind-justerbar-bredd-76-104-cm-med-kattlucka-svart\/"]}]},{"@type":"ImageObject","inLanguage":"sv-SE","@id":"https:\/\/truusk.store\/sv\/produkt\/truusk-husdjursgrind-96-cm-trappgrind-justerbar-bredd-76-104-cm-med-kattlucka-svart\/#primaryimage","url":"https:\/\/i0.wp.com\/truusk.store\/wp-content\/uploads\/2025\/09\/husdjursgrind-96-cm-trappgrind-justerbar-bredd-76-104-cm-med-kattlucka-for-trappor-och-dorroppningar-svart-1.webp?fit=2000%2C2000&ssl=1","contentUrl":"https:\/\/i0.wp.com\/truusk.store\/wp-content\/uploads\/2025\/09\/husdjursgrind-96-cm-trappgrind-justerbar-bredd-76-104-cm-med-kattlucka-for-trappor-och-dorroppningar-svart-1.webp?fit=2000%2C2000&ssl=1","width":2000,"height":2000},{"@type":"BreadcrumbList","@id":"https:\/\/truusk.store\/sv\/produkt\/truusk-husdjursgrind-96-cm-trappgrind-justerbar-bredd-76-104-cm-med-kattlucka-svart\/#breadcrumb","itemListElement":[{"@type":"ListItem","position":1,"name":"Home","item":"https:\/\/truusk.store\/sv\/"},{"@type":"ListItem","position":2,"name":"Shop","item":"https:\/\/truusk.store\/shop\/"},{"@type":"ListItem","position":3,"name":"TRUUSK Husdjursgrind, 96 cm &#8211; Trappgrind &#8211; Justerbar bredd 76-104 cm &#8211; Med kattlucka &#8211; Svart"}]},{"@type":"WebSite","@id":"https:\/\/truusk.store\/sv\/#website","url":"https:\/\/truusk.store\/sv\/","name":"TRUUSK - Hem, Tr\u00e4dg\u00e5rd & Fritid","description":"","publisher":{"@id":"https:\/\/truusk.store\/sv\/#organization"},"potentialAction":[{"@type":"SearchAction","target":{"@type":"EntryPoint","urlTemplate":"https:\/\/truusk.store\/sv\/?s={search_term_string}"},"query-input":{"@type":"PropertyValueSpecification","valueRequired":true,"valueName":"search_term_string"}}],"inLanguage":"sv-SE"},{"@type":"Organization","@id":"https:\/\/truusk.store\/sv\/#organization","name":"TRUUSK - Hem, Tr\u00e4dg\u00e5rd & Fritid","url":"https:\/\/truusk.store\/sv\/","logo":{"@type":"ImageObject","inLanguage":"sv-SE","@id":"https:\/\/truusk.store\/sv\/#\/schema\/logo\/image\/","url":"https:\/\/i0.wp.com\/truusk.store\/wp-content\/uploads\/2026\/03\/cropped-TRUUSK.png?fit=2032%2C917&ssl=1","contentUrl":"https:\/\/i0.wp.com\/truusk.store\/wp-content\/uploads\/2026\/03\/cropped-TRUUSK.png?fit=2032%2C917&ssl=1","width":2032,"height":917,"caption":"TRUUSK - Hem, Tr\u00e4dg\u00e5rd & Fritid"},"image":{"@id":"https:\/\/truusk.store\/sv\/#\/schema\/logo\/image\/"}}]}},"jetpack_sharing_enabled":true,"_links":{"self":[{"href":"https:\/\/truusk.store\/sv\/wp-json\/wp\/v2\/product\/90003","targetHints":{"allow":["GET"]}}],"collection":[{"href":"https:\/\/truusk.store\/sv\/wp-json\/wp\/v2\/product"}],"about":[{"href":"https:\/\/truusk.store\/sv\/wp-json\/wp\/v2\/types\/product"}],"wp:featuredmedia":[{"embeddable":true,"href":"https:\/\/truusk.store\/sv\/wp-json\/wp\/v2\/media\/89994"}],"wp:attachment":[{"href":"https:\/\/truusk.store\/sv\/wp-json\/wp\/v2\/media?parent=90003"}],"wp:term":[{"taxonomy":"product_brand","embeddable":true,"href":"https:\/\/truusk.store\/sv\/wp-json\/wp\/v2\/product_brand?post=90003"},{"taxonomy":"product_cat","embeddable":true,"href":"https:\/\/truusk.store\/sv\/wp-json\/wp\/v2\/product_cat?post=90003"},{"taxonomy":"product_tag","embeddable":true,"href":"https:\/\/truusk.store\/sv\/wp-json\/wp\/v2\/product_tag?post=90003"}],"curies":[{"name":"wp","href":"https:\/\/api.w.org\/{rel}","templated":true}]}}