{"id":90033,"date":"2025-09-02T13:56:29","date_gmt":"2025-09-02T12:56:29","guid":{"rendered":"https:\/\/truusk.store\/product\/dorrskyddsgaller-for-hund-76-104-cm-avsparrningsgaller-utan-borrning-trappgaller\/"},"modified":"2026-03-12T08:53:36","modified_gmt":"2026-03-12T07:53:36","slug":"truusk-dorrskyddsgaller-for-hund-justerbart-76-104-cm-avsparrningsgaller-utan-borrning-sakerhet-for-din-hund-enkel","status":"publish","type":"product","link":"https:\/\/truusk.store\/sv\/produkt\/truusk-dorrskyddsgaller-for-hund-justerbart-76-104-cm-avsparrningsgaller-utan-borrning-sakerhet-for-din-hund-enkel\/","title":{"rendered":"TRUUSK D\u00f6rrskyddsgaller f\u00f6r Hund &#8211; Justerbart 76-104 cm &#8211; Avsp\u00e4rrningsgaller utan borrning &#8211; S\u00e4kerhet f\u00f6r din Hund &#8211; Enkel"},"content":{"rendered":"<p>S\u00e4kra din fyrbenta v\u00e4n och optimera ditt hem med TRUUSK d\u00f6rrgrind utan borrning. Justerbar fr\u00e5n 76 till 104 cm, \u00e4r denna trappgrind idealisk f\u00f6r trappor, korridorer och d\u00f6rrar. Trappskyddets dubbla l\u00e5ssystem m\u00f6jligg\u00f6r enkel \u00f6ppning med en hand och garanterar s\u00e4kerhet eftersom d\u00f6rren sv\u00e4nger \u00e5t b\u00e5da h\u00e5llen. Passar f\u00f6r sm\u00e5 till stora hundar, passar det perfekt med din inredning.<\/p>\n<p>Beskrivning:<\/p>\n<ul>\n<li> 94 cm h\u00f6g grind f\u00f6rhindrar att sm\u00e5 till stora hundar hoppar \u00f6ver<\/li>\n<li> Justerbar bredd fr\u00e5n 76-104 cm passar olika d\u00f6rrkarmar och korridorer<\/li>\n<li> Tryckmonteringen av trappskyddet skonar v\u00e4ggen, ingen borrning beh\u00f6vs<\/li>\n<li> Enhandshantering och dubbel l\u00e5sning av trappgrinden f\u00f6r s\u00e4ker, enkel \u00e5tkomst<\/li>\n<li> D\u00f6rrar \u00f6ppnas \u00e5t b\u00e5da h\u00e5llen<\/li>\n<li> Elegant design av hundd\u00f6rren kompletterar trappor, korridorer och d\u00f6rrkarmar optimalt<\/li>\n<li> Robust material motst\u00e5r skador fr\u00e5n hundar och garanterar h\u00e5llbarhet<\/li>\n<li> L\u00e4mplig f\u00f6r hundar med en axelh\u00f6jd mellan 25-60 cm<\/li>\n<\/ul>\n<p> Tekniska data:<\/p>\n<ul>\n<li> F\u00e4rg: Svart<\/li>\n<li> Material: St\u00e5l, plast<\/li>\n<li> Totala dimensioner: 76-104B x 94H cm<\/li>\n<li> S\u00e4kerhetsgrind: 71B x 94H cm (utan justeringsskruv)<\/li>\n<li> D\u00f6rrbredd: 56B cm<\/li>\n<li> Expansion: 7B x 92H cm, 14B x 92H cm<\/li>\n<li> St\u00e5ngavst\u00e5nd: 5 cm<\/li>\n<\/ul>\n<p>Leveransinneh\u00e5ll:<\/p>\n<ul>\n<li> 1 x Husdjursd\u00f6rr<\/li>\n<li> 4 x Justerbara skruvar<\/li>\n<li> 4 x Rund dubbelh\u00e4ftande tejp<\/li>\n<li> 4 x Skruvar<\/li>\n<li> 4 x Plastpluggar<\/li>\n<li> 4 x Skruvf\u00e4sten<\/li>\n<li> 2 x Expansionsf\u00e4sten f\u00f6r plastdelar<\/li>\n<li> 1 x Bruksanvisning<\/li>\n<\/ul>\n","protected":false},"excerpt":{"rendered":"<p>S\u00e4kra din fyrbenta v\u00e4n och optimera ditt hem med TRUUSK d\u00f6rrgrind utan borrning. Justerbar fr\u00e5n 76 till 104 cm, \u00e4r&#8230;<\/p>\n","protected":false},"featured_media":90024,"template":"","meta":[],"product_brand":[],"product_cat":[878,948,574],"product_tag":[],"class_list":{"0":"post-90033","1":"product","2":"type-product","3":"status-publish","4":"has-post-thumbnail","6":"product_cat-djurbehov","7":"product_cat-hundgaller-skiljevaggar","8":"product_cat-hundtillbehor","10":"first","11":"instock","12":"sale","13":"taxable","14":"shipping-taxable","15":"purchasable","16":"product-type-simple"},"yoast_head":"<!-- This site is optimized with the Yoast SEO plugin v25.4 - https:\/\/yoast.com\/wordpress\/plugins\/seo\/ -->\n<title>TRUUSK D\u00f6rrskyddsgaller f\u00f6r Hund - Justerbart 76-104 cm - Avsp\u00e4rrningsgaller utan borrning - S\u00e4kerhet f\u00f6r din Hund - Enkel - TRUUSK - Hem, Tr\u00e4dg\u00e5rd &amp; Fritid<\/title>\n<meta name=\"robots\" content=\"index, follow, max-snippet:-1, max-image-preview:large, max-video-preview:-1\" \/>\n<link rel=\"canonical\" href=\"https:\/\/truusk.store\/sv\/produkt\/truusk-dorrskyddsgaller-for-hund-justerbart-76-104-cm-avsparrningsgaller-utan-borrning-sakerhet-for-din-hund-enkel\/\" \/>\n<meta property=\"og:locale\" content=\"sv_SE\" \/>\n<meta property=\"og:type\" content=\"article\" \/>\n<meta property=\"og:title\" content=\"TRUUSK D\u00f6rrskyddsgaller f\u00f6r Hund - Justerbart 76-104 cm - Avsp\u00e4rrningsgaller utan borrning - S\u00e4kerhet f\u00f6r din Hund - Enkel - TRUUSK - Hem, Tr\u00e4dg\u00e5rd &amp; Fritid\" \/>\n<meta property=\"og:description\" content=\"S\u00e4kra din fyrbenta v\u00e4n och optimera ditt hem med TRUUSK d\u00f6rrgrind utan borrning. Justerbar fr\u00e5n 76 till 104 cm, \u00e4r...\" \/>\n<meta property=\"og:url\" content=\"https:\/\/truusk.store\/sv\/produkt\/truusk-dorrskyddsgaller-for-hund-justerbart-76-104-cm-avsparrningsgaller-utan-borrning-sakerhet-for-din-hund-enkel\/\" \/>\n<meta property=\"og:site_name\" content=\"TRUUSK - Hem, Tr\u00e4dg\u00e5rd &amp; Fritid\" \/>\n<meta property=\"article:modified_time\" content=\"2026-03-12T07:53:36+00:00\" \/>\n<meta property=\"og:image\" content=\"https:\/\/i0.wp.com\/truusk.se\/wp-content\/uploads\/2025\/09\/dorrskyddsgaller-for-hund-76-104-cm-avsparrningsgaller-utan-borrning-trappgaller-1-1.webp?fit=2000%2C2000&ssl=1\" \/>\n\t<meta property=\"og:image:width\" content=\"2000\" \/>\n\t<meta property=\"og:image:height\" content=\"2000\" \/>\n\t<meta property=\"og:image:type\" content=\"image\/webp\" \/>\n<meta name=\"twitter:card\" content=\"summary_large_image\" \/>\n<meta name=\"twitter:label1\" content=\"Ber\u00e4knad l\u00e4stid\" \/>\n\t<meta name=\"twitter:data1\" content=\"1 minut\" \/>\n<!-- \/ Yoast SEO plugin. -->","yoast_head_json":{"title":"TRUUSK D\u00f6rrskyddsgaller f\u00f6r Hund - Justerbart 76-104 cm - Avsp\u00e4rrningsgaller utan borrning - S\u00e4kerhet f\u00f6r din Hund - Enkel - TRUUSK - Hem, Tr\u00e4dg\u00e5rd &amp; Fritid","robots":{"index":"index","follow":"follow","max-snippet":"max-snippet:-1","max-image-preview":"max-image-preview:large","max-video-preview":"max-video-preview:-1"},"canonical":"https:\/\/truusk.store\/sv\/produkt\/truusk-dorrskyddsgaller-for-hund-justerbart-76-104-cm-avsparrningsgaller-utan-borrning-sakerhet-for-din-hund-enkel\/","og_locale":"sv_SE","og_type":"article","og_title":"TRUUSK D\u00f6rrskyddsgaller f\u00f6r Hund - Justerbart 76-104 cm - Avsp\u00e4rrningsgaller utan borrning - S\u00e4kerhet f\u00f6r din Hund - Enkel - TRUUSK - Hem, Tr\u00e4dg\u00e5rd &amp; Fritid","og_description":"S\u00e4kra din fyrbenta v\u00e4n och optimera ditt hem med TRUUSK d\u00f6rrgrind utan borrning. Justerbar fr\u00e5n 76 till 104 cm, \u00e4r...","og_url":"https:\/\/truusk.store\/sv\/produkt\/truusk-dorrskyddsgaller-for-hund-justerbart-76-104-cm-avsparrningsgaller-utan-borrning-sakerhet-for-din-hund-enkel\/","og_site_name":"TRUUSK - Hem, Tr\u00e4dg\u00e5rd &amp; Fritid","article_modified_time":"2026-03-12T07:53:36+00:00","og_image":[{"width":2000,"height":2000,"url":"https:\/\/i0.wp.com\/truusk.se\/wp-content\/uploads\/2025\/09\/dorrskyddsgaller-for-hund-76-104-cm-avsparrningsgaller-utan-borrning-trappgaller-1-1.webp?fit=2000%2C2000&ssl=1","type":"image\/webp"}],"twitter_card":"summary_large_image","twitter_misc":{"Ber\u00e4knad l\u00e4stid":"1 minut"},"schema":{"@context":"https:\/\/schema.org","@graph":[{"@type":"WebPage","@id":"https:\/\/truusk.store\/sv\/produkt\/truusk-dorrskyddsgaller-for-hund-justerbart-76-104-cm-avsparrningsgaller-utan-borrning-sakerhet-for-din-hund-enkel\/","url":"https:\/\/truusk.store\/sv\/produkt\/truusk-dorrskyddsgaller-for-hund-justerbart-76-104-cm-avsparrningsgaller-utan-borrning-sakerhet-for-din-hund-enkel\/","name":"TRUUSK D\u00f6rrskyddsgaller f\u00f6r Hund - Justerbart 76-104 cm - Avsp\u00e4rrningsgaller utan borrning - S\u00e4kerhet f\u00f6r din Hund - Enkel - TRUUSK - Hem, Tr\u00e4dg\u00e5rd &amp; Fritid","isPartOf":{"@id":"https:\/\/truusk.store\/sv\/#website"},"primaryImageOfPage":{"@id":"https:\/\/truusk.store\/sv\/produkt\/truusk-dorrskyddsgaller-for-hund-justerbart-76-104-cm-avsparrningsgaller-utan-borrning-sakerhet-for-din-hund-enkel\/#primaryimage"},"image":{"@id":"https:\/\/truusk.store\/sv\/produkt\/truusk-dorrskyddsgaller-for-hund-justerbart-76-104-cm-avsparrningsgaller-utan-borrning-sakerhet-for-din-hund-enkel\/#primaryimage"},"thumbnailUrl":"https:\/\/i0.wp.com\/truusk.store\/wp-content\/uploads\/2025\/09\/dorrskyddsgaller-for-hund-76-104-cm-avsparrningsgaller-utan-borrning-trappgaller-1-1.webp?fit=2000%2C2000&ssl=1","datePublished":"2025-09-02T12:56:29+00:00","dateModified":"2026-03-12T07:53:36+00:00","breadcrumb":{"@id":"https:\/\/truusk.store\/sv\/produkt\/truusk-dorrskyddsgaller-for-hund-justerbart-76-104-cm-avsparrningsgaller-utan-borrning-sakerhet-for-din-hund-enkel\/#breadcrumb"},"inLanguage":"sv-SE","potentialAction":[{"@type":"ReadAction","target":["https:\/\/truusk.store\/sv\/produkt\/truusk-dorrskyddsgaller-for-hund-justerbart-76-104-cm-avsparrningsgaller-utan-borrning-sakerhet-for-din-hund-enkel\/"]}]},{"@type":"ImageObject","inLanguage":"sv-SE","@id":"https:\/\/truusk.store\/sv\/produkt\/truusk-dorrskyddsgaller-for-hund-justerbart-76-104-cm-avsparrningsgaller-utan-borrning-sakerhet-for-din-hund-enkel\/#primaryimage","url":"https:\/\/i0.wp.com\/truusk.store\/wp-content\/uploads\/2025\/09\/dorrskyddsgaller-for-hund-76-104-cm-avsparrningsgaller-utan-borrning-trappgaller-1-1.webp?fit=2000%2C2000&ssl=1","contentUrl":"https:\/\/i0.wp.com\/truusk.store\/wp-content\/uploads\/2025\/09\/dorrskyddsgaller-for-hund-76-104-cm-avsparrningsgaller-utan-borrning-trappgaller-1-1.webp?fit=2000%2C2000&ssl=1","width":2000,"height":2000},{"@type":"BreadcrumbList","@id":"https:\/\/truusk.store\/sv\/produkt\/truusk-dorrskyddsgaller-for-hund-justerbart-76-104-cm-avsparrningsgaller-utan-borrning-sakerhet-for-din-hund-enkel\/#breadcrumb","itemListElement":[{"@type":"ListItem","position":1,"name":"Home","item":"https:\/\/truusk.store\/sv\/"},{"@type":"ListItem","position":2,"name":"Shop","item":"https:\/\/truusk.store\/shop\/"},{"@type":"ListItem","position":3,"name":"TRUUSK D\u00f6rrskyddsgaller f\u00f6r Hund &#8211; Justerbart 76-104 cm &#8211; Avsp\u00e4rrningsgaller utan borrning &#8211; S\u00e4kerhet f\u00f6r din Hund &#8211; Enkel"}]},{"@type":"WebSite","@id":"https:\/\/truusk.store\/sv\/#website","url":"https:\/\/truusk.store\/sv\/","name":"TRUUSK - Hem, Tr\u00e4dg\u00e5rd & Fritid","description":"","publisher":{"@id":"https:\/\/truusk.store\/sv\/#organization"},"potentialAction":[{"@type":"SearchAction","target":{"@type":"EntryPoint","urlTemplate":"https:\/\/truusk.store\/sv\/?s={search_term_string}"},"query-input":{"@type":"PropertyValueSpecification","valueRequired":true,"valueName":"search_term_string"}}],"inLanguage":"sv-SE"},{"@type":"Organization","@id":"https:\/\/truusk.store\/sv\/#organization","name":"TRUUSK - Hem, Tr\u00e4dg\u00e5rd & Fritid","url":"https:\/\/truusk.store\/sv\/","logo":{"@type":"ImageObject","inLanguage":"sv-SE","@id":"https:\/\/truusk.store\/sv\/#\/schema\/logo\/image\/","url":"https:\/\/i0.wp.com\/truusk.store\/wp-content\/uploads\/2026\/03\/cropped-TRUUSK.png?fit=2032%2C917&ssl=1","contentUrl":"https:\/\/i0.wp.com\/truusk.store\/wp-content\/uploads\/2026\/03\/cropped-TRUUSK.png?fit=2032%2C917&ssl=1","width":2032,"height":917,"caption":"TRUUSK - Hem, Tr\u00e4dg\u00e5rd & Fritid"},"image":{"@id":"https:\/\/truusk.store\/sv\/#\/schema\/logo\/image\/"}}]}},"jetpack_sharing_enabled":true,"_links":{"self":[{"href":"https:\/\/truusk.store\/sv\/wp-json\/wp\/v2\/product\/90033","targetHints":{"allow":["GET"]}}],"collection":[{"href":"https:\/\/truusk.store\/sv\/wp-json\/wp\/v2\/product"}],"about":[{"href":"https:\/\/truusk.store\/sv\/wp-json\/wp\/v2\/types\/product"}],"wp:featuredmedia":[{"embeddable":true,"href":"https:\/\/truusk.store\/sv\/wp-json\/wp\/v2\/media\/90024"}],"wp:attachment":[{"href":"https:\/\/truusk.store\/sv\/wp-json\/wp\/v2\/media?parent=90033"}],"wp:term":[{"taxonomy":"product_brand","embeddable":true,"href":"https:\/\/truusk.store\/sv\/wp-json\/wp\/v2\/product_brand?post=90033"},{"taxonomy":"product_cat","embeddable":true,"href":"https:\/\/truusk.store\/sv\/wp-json\/wp\/v2\/product_cat?post=90033"},{"taxonomy":"product_tag","embeddable":true,"href":"https:\/\/truusk.store\/sv\/wp-json\/wp\/v2\/product_tag?post=90033"}],"curies":[{"name":"wp","href":"https:\/\/api.w.org\/{rel}","templated":true}]}}