{"id":9005,"date":"2024-02-13T09:33:28","date_gmt":"2024-02-13T08:33:28","guid":{"rendered":"https:\/\/truusk.store\/product\/minivaxthusfilmvaxthus-med-3-rullfonster-vaderbestandig-kallram-for-tradgard-balkong-pe-film-stal-vit-270-x-90-x-90-cm\/"},"modified":"2026-03-12T08:55:54","modified_gmt":"2026-03-12T07:55:54","slug":"truusk-mini-vaxthus-med-3-rullfonster-vaderbestandig-kallram-for-tradgard-och-balkong-pe-film-stal-vit-270-x-90-x-90-cm","status":"publish","type":"product","link":"https:\/\/truusk.store\/sv\/produkt\/truusk-mini-vaxthus-med-3-rullfonster-vaderbestandig-kallram-for-tradgard-och-balkong-pe-film-stal-vit-270-x-90-x-90-cm\/","title":{"rendered":"TRUUSK Mini V\u00e4xthus med 3 Rullf\u00f6nster &#8211; V\u00e4derbest\u00e4ndig Kallram f\u00f6r Tr\u00e4dg\u00e5rd och Balkong &#8211; PE-film &#8211; St\u00e5l &#8211; Vit &#8211; 270 x 90 x 90 cm"},"content":{"rendered":"<p>\u00c4r du en ivrig tr\u00e4dg\u00e5rdsm\u00e4stare som vill h\u00e5lla sig aktiv \u00e5ret runt? Se till att dina v\u00e4xter har det perfekta skyddet mot ogynnsamma v\u00e4derf\u00f6rh\u00e5llanden med v\u00e5rt v\u00e4xthus! V\u00e5rt v\u00e4xthus \u00e4r tillverkat av vattenavvisande och genomskinlig film och erbjuder tillr\u00e4ckligt med utrymme f\u00f6r att odla frukt, gr\u00f6nsaker och blommor. Det skyddar inte bara dina v\u00e4xter fr\u00e5n v\u00e4der, f\u00e5glar och insekter, utan det fr\u00e4mjar ocks\u00e5 tillv\u00e4xt genom att reglera temperatur och luftfuktighet. Tack vare den extra l\u00e5nga filmen och medf\u00f6ljande tillbeh\u00f6r \u00e4r det inte l\u00e4ngre ett problem att s\u00e4tta upp och f\u00e4sta den p\u00e5 olika ytor! Tips: Folien \u00e4r 10 cm l\u00e4ngre p\u00e5 varje sida \u00e4n metallr\u00f6ren, den nedre kanten kan gr\u00e4vas ner i marken eller tyngs ner med stenar. Detta g\u00f6r v\u00e4xthuset mer stabilt.;<\/p>\n<h3>Beskrivning:<\/h3>\n<ul>\n<li>Idealisk f\u00f6r att s\u00e5, odla och odla frukt, gr\u00f6nsaker och v\u00e4xter<\/li>\n<li>Skydd f\u00f6r v\u00e4xter, frukter och gr\u00f6nsaker fr\u00e5n v\u00e4derp\u00e5verkan<\/li>\n<li>Film tillverkad av 140 g\/m UV-best\u00e4ndigt, frosts\u00e4kert PE-material<\/li>\n<li>Ram av pulverlackerat st\u00e5lr\u00f6r: h\u00f6g stabilitet<\/li>\n<li>3 hopf\u00e4llbara fickor med dragkedjor<\/li>\n<li>Med plug-in system: snabb och enkel montering och demontering<\/li>\n<\/ul>\n<h3>Teknisk data:<\/h3>\n<ul>\n<li>Material: PE (film), st\u00e5l (ram)<\/li>\n<li>F\u00e4rg vit<\/li>\n<li>Totala m\u00e5tt: 270L x 90W x 90H cm<\/li>\n<li>Blixtl\u00e5sf\u00f6nsterstorlek: 67L x 110W cm<\/li>\n<li>Diameter p\u00e5 r\u00f6rram: 16 mm<\/li>\n<li>PE-kuvert: 140 g\/m<\/li>\n<\/ul>\n<h3>Leveransens omfattning:<\/h3>\n<ul>\n<li>1 x foliev\u00e4xthus<\/li>\n<li>1 x Monteringsanvisning<\/li>\n<\/ul>\n","protected":false},"excerpt":{"rendered":"<p>\u00c4r du en ivrig tr\u00e4dg\u00e5rdsm\u00e4stare som vill h\u00e5lla sig aktiv \u00e5ret runt? Se till att dina v\u00e4xter har det perfekta&#8230;<\/p>\n","protected":false},"featured_media":9006,"template":"","meta":[],"product_brand":[],"product_cat":[435,443],"product_tag":[],"class_list":{"0":"post-9005","1":"product","2":"type-product","3":"status-publish","4":"has-post-thumbnail","6":"product_cat-tradgard-och-terrass","7":"product_cat-vaxthus-tradgardsskotsel","9":"first","10":"instock","11":"sale","12":"taxable","13":"shipping-taxable","14":"purchasable","15":"product-type-simple"},"yoast_head":"<!-- This site is optimized with the Yoast SEO plugin v25.4 - https:\/\/yoast.com\/wordpress\/plugins\/seo\/ -->\n<title>TRUUSK Mini V\u00e4xthus med 3 Rullf\u00f6nster - V\u00e4derbest\u00e4ndig Kallram f\u00f6r Tr\u00e4dg\u00e5rd och Balkong - PE-film - St\u00e5l - Vit - 270 x 90 x 90 cm - TRUUSK - Hem, Tr\u00e4dg\u00e5rd &amp; Fritid<\/title>\n<meta name=\"robots\" content=\"index, follow, max-snippet:-1, max-image-preview:large, max-video-preview:-1\" \/>\n<link rel=\"canonical\" href=\"https:\/\/truusk.store\/sv\/produkt\/truusk-mini-vaxthus-med-3-rullfonster-vaderbestandig-kallram-for-tradgard-och-balkong-pe-film-stal-vit-270-x-90-x-90-cm\/\" \/>\n<meta property=\"og:locale\" content=\"sv_SE\" \/>\n<meta property=\"og:type\" content=\"article\" \/>\n<meta property=\"og:title\" content=\"TRUUSK Mini V\u00e4xthus med 3 Rullf\u00f6nster - V\u00e4derbest\u00e4ndig Kallram f\u00f6r Tr\u00e4dg\u00e5rd och Balkong - PE-film - St\u00e5l - Vit - 270 x 90 x 90 cm - TRUUSK - Hem, Tr\u00e4dg\u00e5rd &amp; Fritid\" \/>\n<meta property=\"og:description\" content=\"\u00c4r du en ivrig tr\u00e4dg\u00e5rdsm\u00e4stare som vill h\u00e5lla sig aktiv \u00e5ret runt? Se till att dina v\u00e4xter har det perfekta...\" \/>\n<meta property=\"og:url\" content=\"https:\/\/truusk.store\/sv\/produkt\/truusk-mini-vaxthus-med-3-rullfonster-vaderbestandig-kallram-for-tradgard-och-balkong-pe-film-stal-vit-270-x-90-x-90-cm\/\" \/>\n<meta property=\"og:site_name\" content=\"TRUUSK - Hem, Tr\u00e4dg\u00e5rd &amp; Fritid\" \/>\n<meta property=\"article:modified_time\" content=\"2026-03-12T07:55:54+00:00\" \/>\n<meta property=\"og:image\" content=\"https:\/\/i0.wp.com\/truusk.se\/wp-content\/uploads\/2024\/02\/minivaxthusfilmvaxthus-med-3-rullfonster-vaderbestandig-kallram-for-tradgard-balkong-pe-film-stal-vit-270-x-90-x-90-cm.webp?fit=800%2C800&ssl=1\" \/>\n\t<meta property=\"og:image:width\" content=\"800\" \/>\n\t<meta property=\"og:image:height\" content=\"800\" \/>\n\t<meta property=\"og:image:type\" content=\"image\/webp\" \/>\n<meta name=\"twitter:card\" content=\"summary_large_image\" \/>\n<meta name=\"twitter:label1\" content=\"Ber\u00e4knad l\u00e4stid\" \/>\n\t<meta name=\"twitter:data1\" content=\"1 minut\" \/>\n<!-- \/ Yoast SEO plugin. -->","yoast_head_json":{"title":"TRUUSK Mini V\u00e4xthus med 3 Rullf\u00f6nster - V\u00e4derbest\u00e4ndig Kallram f\u00f6r Tr\u00e4dg\u00e5rd och Balkong - PE-film - St\u00e5l - Vit - 270 x 90 x 90 cm - TRUUSK - Hem, Tr\u00e4dg\u00e5rd &amp; Fritid","robots":{"index":"index","follow":"follow","max-snippet":"max-snippet:-1","max-image-preview":"max-image-preview:large","max-video-preview":"max-video-preview:-1"},"canonical":"https:\/\/truusk.store\/sv\/produkt\/truusk-mini-vaxthus-med-3-rullfonster-vaderbestandig-kallram-for-tradgard-och-balkong-pe-film-stal-vit-270-x-90-x-90-cm\/","og_locale":"sv_SE","og_type":"article","og_title":"TRUUSK Mini V\u00e4xthus med 3 Rullf\u00f6nster - V\u00e4derbest\u00e4ndig Kallram f\u00f6r Tr\u00e4dg\u00e5rd och Balkong - PE-film - St\u00e5l - Vit - 270 x 90 x 90 cm - TRUUSK - Hem, Tr\u00e4dg\u00e5rd &amp; Fritid","og_description":"\u00c4r du en ivrig tr\u00e4dg\u00e5rdsm\u00e4stare som vill h\u00e5lla sig aktiv \u00e5ret runt? Se till att dina v\u00e4xter har det perfekta...","og_url":"https:\/\/truusk.store\/sv\/produkt\/truusk-mini-vaxthus-med-3-rullfonster-vaderbestandig-kallram-for-tradgard-och-balkong-pe-film-stal-vit-270-x-90-x-90-cm\/","og_site_name":"TRUUSK - Hem, Tr\u00e4dg\u00e5rd &amp; Fritid","article_modified_time":"2026-03-12T07:55:54+00:00","og_image":[{"width":800,"height":800,"url":"https:\/\/i0.wp.com\/truusk.se\/wp-content\/uploads\/2024\/02\/minivaxthusfilmvaxthus-med-3-rullfonster-vaderbestandig-kallram-for-tradgard-balkong-pe-film-stal-vit-270-x-90-x-90-cm.webp?fit=800%2C800&ssl=1","type":"image\/webp"}],"twitter_card":"summary_large_image","twitter_misc":{"Ber\u00e4knad l\u00e4stid":"1 minut"},"schema":{"@context":"https:\/\/schema.org","@graph":[{"@type":"WebPage","@id":"https:\/\/truusk.store\/sv\/produkt\/truusk-mini-vaxthus-med-3-rullfonster-vaderbestandig-kallram-for-tradgard-och-balkong-pe-film-stal-vit-270-x-90-x-90-cm\/","url":"https:\/\/truusk.store\/sv\/produkt\/truusk-mini-vaxthus-med-3-rullfonster-vaderbestandig-kallram-for-tradgard-och-balkong-pe-film-stal-vit-270-x-90-x-90-cm\/","name":"TRUUSK Mini V\u00e4xthus med 3 Rullf\u00f6nster - V\u00e4derbest\u00e4ndig Kallram f\u00f6r Tr\u00e4dg\u00e5rd och Balkong - PE-film - St\u00e5l - Vit - 270 x 90 x 90 cm - TRUUSK - Hem, Tr\u00e4dg\u00e5rd &amp; Fritid","isPartOf":{"@id":"https:\/\/truusk.store\/sv\/#website"},"primaryImageOfPage":{"@id":"https:\/\/truusk.store\/sv\/produkt\/truusk-mini-vaxthus-med-3-rullfonster-vaderbestandig-kallram-for-tradgard-och-balkong-pe-film-stal-vit-270-x-90-x-90-cm\/#primaryimage"},"image":{"@id":"https:\/\/truusk.store\/sv\/produkt\/truusk-mini-vaxthus-med-3-rullfonster-vaderbestandig-kallram-for-tradgard-och-balkong-pe-film-stal-vit-270-x-90-x-90-cm\/#primaryimage"},"thumbnailUrl":"https:\/\/i0.wp.com\/truusk.store\/wp-content\/uploads\/2024\/02\/minivaxthusfilmvaxthus-med-3-rullfonster-vaderbestandig-kallram-for-tradgard-balkong-pe-film-stal-vit-270-x-90-x-90-cm.webp?fit=800%2C800&ssl=1","datePublished":"2024-02-13T08:33:28+00:00","dateModified":"2026-03-12T07:55:54+00:00","breadcrumb":{"@id":"https:\/\/truusk.store\/sv\/produkt\/truusk-mini-vaxthus-med-3-rullfonster-vaderbestandig-kallram-for-tradgard-och-balkong-pe-film-stal-vit-270-x-90-x-90-cm\/#breadcrumb"},"inLanguage":"sv-SE","potentialAction":[{"@type":"ReadAction","target":["https:\/\/truusk.store\/sv\/produkt\/truusk-mini-vaxthus-med-3-rullfonster-vaderbestandig-kallram-for-tradgard-och-balkong-pe-film-stal-vit-270-x-90-x-90-cm\/"]}]},{"@type":"ImageObject","inLanguage":"sv-SE","@id":"https:\/\/truusk.store\/sv\/produkt\/truusk-mini-vaxthus-med-3-rullfonster-vaderbestandig-kallram-for-tradgard-och-balkong-pe-film-stal-vit-270-x-90-x-90-cm\/#primaryimage","url":"https:\/\/i0.wp.com\/truusk.store\/wp-content\/uploads\/2024\/02\/minivaxthusfilmvaxthus-med-3-rullfonster-vaderbestandig-kallram-for-tradgard-balkong-pe-film-stal-vit-270-x-90-x-90-cm.webp?fit=800%2C800&ssl=1","contentUrl":"https:\/\/i0.wp.com\/truusk.store\/wp-content\/uploads\/2024\/02\/minivaxthusfilmvaxthus-med-3-rullfonster-vaderbestandig-kallram-for-tradgard-balkong-pe-film-stal-vit-270-x-90-x-90-cm.webp?fit=800%2C800&ssl=1","width":800,"height":800,"caption":"Miniv\u00e4xthusfilmv\u00e4xthus Med 3 Rullf\u00f6nster, V\u00e4derbest\u00e4ndig Kallram F\u00f6r Tr\u00e4dg\u00e5rd, Balkong, PE-film, St\u00e5l, Vit, 270 X 90 X 90 Cm 1"},{"@type":"BreadcrumbList","@id":"https:\/\/truusk.store\/sv\/produkt\/truusk-mini-vaxthus-med-3-rullfonster-vaderbestandig-kallram-for-tradgard-och-balkong-pe-film-stal-vit-270-x-90-x-90-cm\/#breadcrumb","itemListElement":[{"@type":"ListItem","position":1,"name":"Home","item":"https:\/\/truusk.store\/sv\/"},{"@type":"ListItem","position":2,"name":"Shop","item":"https:\/\/truusk.store\/shop\/"},{"@type":"ListItem","position":3,"name":"TRUUSK Mini V\u00e4xthus med 3 Rullf\u00f6nster &#8211; V\u00e4derbest\u00e4ndig Kallram f\u00f6r Tr\u00e4dg\u00e5rd och Balkong &#8211; PE-film &#8211; St\u00e5l &#8211; Vit &#8211; 270 x 90 x 90 cm"}]},{"@type":"WebSite","@id":"https:\/\/truusk.store\/sv\/#website","url":"https:\/\/truusk.store\/sv\/","name":"TRUUSK - Hem, Tr\u00e4dg\u00e5rd & Fritid","description":"","publisher":{"@id":"https:\/\/truusk.store\/sv\/#organization"},"potentialAction":[{"@type":"SearchAction","target":{"@type":"EntryPoint","urlTemplate":"https:\/\/truusk.store\/sv\/?s={search_term_string}"},"query-input":{"@type":"PropertyValueSpecification","valueRequired":true,"valueName":"search_term_string"}}],"inLanguage":"sv-SE"},{"@type":"Organization","@id":"https:\/\/truusk.store\/sv\/#organization","name":"TRUUSK - Hem, Tr\u00e4dg\u00e5rd & Fritid","url":"https:\/\/truusk.store\/sv\/","logo":{"@type":"ImageObject","inLanguage":"sv-SE","@id":"https:\/\/truusk.store\/sv\/#\/schema\/logo\/image\/","url":"https:\/\/i0.wp.com\/truusk.store\/wp-content\/uploads\/2026\/03\/cropped-TRUUSK.png?fit=2032%2C917&ssl=1","contentUrl":"https:\/\/i0.wp.com\/truusk.store\/wp-content\/uploads\/2026\/03\/cropped-TRUUSK.png?fit=2032%2C917&ssl=1","width":2032,"height":917,"caption":"TRUUSK - Hem, Tr\u00e4dg\u00e5rd & Fritid"},"image":{"@id":"https:\/\/truusk.store\/sv\/#\/schema\/logo\/image\/"}}]}},"jetpack_sharing_enabled":true,"_links":{"self":[{"href":"https:\/\/truusk.store\/sv\/wp-json\/wp\/v2\/product\/9005","targetHints":{"allow":["GET"]}}],"collection":[{"href":"https:\/\/truusk.store\/sv\/wp-json\/wp\/v2\/product"}],"about":[{"href":"https:\/\/truusk.store\/sv\/wp-json\/wp\/v2\/types\/product"}],"wp:featuredmedia":[{"embeddable":true,"href":"https:\/\/truusk.store\/sv\/wp-json\/wp\/v2\/media\/9006"}],"wp:attachment":[{"href":"https:\/\/truusk.store\/sv\/wp-json\/wp\/v2\/media?parent=9005"}],"wp:term":[{"taxonomy":"product_brand","embeddable":true,"href":"https:\/\/truusk.store\/sv\/wp-json\/wp\/v2\/product_brand?post=9005"},{"taxonomy":"product_cat","embeddable":true,"href":"https:\/\/truusk.store\/sv\/wp-json\/wp\/v2\/product_cat?post=9005"},{"taxonomy":"product_tag","embeddable":true,"href":"https:\/\/truusk.store\/sv\/wp-json\/wp\/v2\/product_tag?post=9005"}],"curies":[{"name":"wp","href":"https:\/\/api.w.org\/{rel}","templated":true}]}}