{"id":90208,"date":"2025-09-09T20:02:59","date_gmt":"2025-09-09T19:02:59","guid":{"rendered":"https:\/\/truusk.store\/product\/elektrisk-avkopplingsstol-med-massage-och-varmefunktioner-stoppad-stol-med-usb-anslutning-sidofickor-gra\/"},"modified":"2026-03-12T09:44:29","modified_gmt":"2026-03-12T08:44:29","slug":"truusk-elektrisk-avkopplingsstol-med-massage-och-varmefunktioner-stoppad-stol-med-usb-anslutning-sidofickor-gra","status":"publish","type":"product","link":"https:\/\/truusk.store\/sv\/produkt\/truusk-elektrisk-avkopplingsstol-med-massage-och-varmefunktioner-stoppad-stol-med-usb-anslutning-sidofickor-gra\/","title":{"rendered":"TRUUSK Elektrisk Avkopplingsstol med Massage- och V\u00e4rmefunktioner &#8211; Stoppad Stol med USB-anslutning &#8211; Sidofickor &#8211; Gr\u00e5"},"content":{"rendered":"<p>Upplev h\u00f6gsta komfort med TRUUSK avkopplingsstol med liggl\u00e4ge! Slappna av individuellt tack vare 135\u00b0 stegl\u00f6s ryggst\u00f6d och utf\u00e4llbart fotst\u00f6d, enkelt att styra med fj\u00e4rrkontroll. \u00c5tta vibrationsmassagepunkter p\u00e5 liggestolen lindrar effektivt sp\u00e4nningar i rygg, l\u00e4nd, l\u00e5r och ben. P\u00e5 kyliga kv\u00e4llar hj\u00e4lper \u00e4ven den inbyggda l\u00e4ndv\u00e4rmefunktionen. Luta dig tillbaka bekv\u00e4mt och njut av en v\u00e4lf\u00f6rtj\u00e4nt paus.<\/p>\n<p>Beskrivning:<\/p>\n<ul>\n<li> 135\u00b0 stegl\u00f6s lutning med fotst\u00f6d f\u00f6r individuell komfort, styrd med fj\u00e4rrkontroll<\/li>\n<li> \u00c5tta vibrationsmassagepunkter, tre massageprogram och intensiteter med timerkontroll och l\u00e4ndv\u00e4rme<\/li>\n<li> Fickfj\u00e4derk\u00e4rnstopning och gener\u00f6s design av stolen med liggl\u00e4ge f\u00f6rb\u00e4ttrar komforten<\/li>\n<li> Mjukt tyg i sammetlook erbjuder en h\u00f6gkvalitativ sittupplevelse<\/li>\n<li> L\u00e4mplig f\u00f6r stora personer mellan 1,5 m och 2 m<\/li>\n<li> F\u00f6rmonterad f\u00f6r snabb, verktygsfri installation p\u00e5 10 minuter<\/li>\n<li> USB-laddningsport p\u00e5 massagestolen med v\u00e4rmefunktion i fj\u00e4rrkontrollen f\u00f6r bekv\u00e4m laddning av enheter<\/li>\n<li> Praktiska sidofickor h\u00e5ller olika redskap till hands<\/li>\n<\/ul>\n<p> Tekniska data:<\/p>\n<ul>\n<li> F\u00e4rg: M\u00f6rkgr\u00e5<\/li>\n<li> Material: Sammet (100% polyester), skum, metall<\/li>\n<li> Totala dimensioner: (Uppr\u00e4tt) 88B x 97T x 101H cm<\/li>\n<li> Totala dimensioner: (Tillbakalutad) 88B x 155T x 79H cm<\/li>\n<li> Sitsstorlek: 53B x 53T x 49H cm<\/li>\n<li> Armst\u00f6dsh\u00f6jd till sits: 17 cm<\/li>\n<li> Ryggstorlek: 78B x 66H cm<\/li>\n<li> Kuddtjocklek: (Rygg) 20 cm, (Sits) 16 cm<\/li>\n<li> B\u00e4rkapacitet: 150 kg<\/li>\n<li> L\u00e4mplig f\u00f6r anv\u00e4ndarstorlek: 150-200 cm<\/li>\n<li> Ing\u00e5ng: 100-240V, 50\/60 Hz<\/li>\n<li> Utg\u00e5ng: 29V\/2A\/58W<\/li>\n<\/ul>\n<p>Leveransinneh\u00e5ll:<\/p>\n<ul>\n<li> 1 x Avkopplingsstol<\/li>\n<li> 1 x Bruksanvisning<\/li>\n<\/ul>\n","protected":false},"excerpt":{"rendered":"<p>Upplev h\u00f6gsta komfort med TRUUSK avkopplingsstol med liggl\u00e4ge! Slappna av individuellt tack vare 135\u00b0 stegl\u00f6s ryggst\u00f6d och utf\u00e4llbart fotst\u00f6d, enkelt&#8230;<\/p>\n","protected":false},"featured_media":90199,"template":"","meta":[],"product_brand":[],"product_cat":[521,946,871,910],"product_tag":[],"class_list":{"0":"post-90208","1":"product","2":"type-product","3":"status-publish","4":"has-post-thumbnail","6":"product_cat-fatolj","7":"product_cat-fernsehsessel","8":"product_cat-hus-hem","9":"product_cat-vardagsrum","11":"first","12":"instock","13":"sale","14":"taxable","15":"shipping-taxable","16":"purchasable","17":"product-type-simple"},"yoast_head":"<!-- This site is optimized with the Yoast SEO plugin v25.4 - https:\/\/yoast.com\/wordpress\/plugins\/seo\/ -->\n<title>TRUUSK Elektrisk Avkopplingsstol med Massage- och V\u00e4rmefunktioner - Stoppad Stol med USB-anslutning - Sidofickor - Gr\u00e5 - TRUUSK - Hem, Tr\u00e4dg\u00e5rd &amp; Fritid<\/title>\n<meta name=\"robots\" content=\"index, follow, max-snippet:-1, max-image-preview:large, max-video-preview:-1\" \/>\n<link rel=\"canonical\" href=\"https:\/\/truusk.store\/sv\/produkt\/truusk-elektrisk-avkopplingsstol-med-massage-och-varmefunktioner-stoppad-stol-med-usb-anslutning-sidofickor-gra\/\" \/>\n<meta property=\"og:locale\" content=\"sv_SE\" \/>\n<meta property=\"og:type\" content=\"article\" \/>\n<meta property=\"og:title\" content=\"TRUUSK Elektrisk Avkopplingsstol med Massage- och V\u00e4rmefunktioner - Stoppad Stol med USB-anslutning - Sidofickor - Gr\u00e5 - TRUUSK - Hem, Tr\u00e4dg\u00e5rd &amp; Fritid\" \/>\n<meta property=\"og:description\" content=\"Upplev h\u00f6gsta komfort med TRUUSK avkopplingsstol med liggl\u00e4ge! Slappna av individuellt tack vare 135\u00b0 stegl\u00f6s ryggst\u00f6d och utf\u00e4llbart fotst\u00f6d, enkelt...\" \/>\n<meta property=\"og:url\" content=\"https:\/\/truusk.store\/sv\/produkt\/truusk-elektrisk-avkopplingsstol-med-massage-och-varmefunktioner-stoppad-stol-med-usb-anslutning-sidofickor-gra\/\" \/>\n<meta property=\"og:site_name\" content=\"TRUUSK - Hem, Tr\u00e4dg\u00e5rd &amp; Fritid\" \/>\n<meta property=\"article:modified_time\" content=\"2026-03-12T08:44:29+00:00\" \/>\n<meta property=\"og:image\" content=\"https:\/\/i0.wp.com\/truusk.se\/wp-content\/uploads\/2025\/09\/elektrisk-avkopplingsstol-med-massage-och-varmefunktioner-stoppad-stol-med-usb-anslutning-sidofickor-gra-1.webp?fit=2000%2C2000&ssl=1\" \/>\n\t<meta property=\"og:image:width\" content=\"2000\" \/>\n\t<meta property=\"og:image:height\" content=\"2000\" \/>\n\t<meta property=\"og:image:type\" content=\"image\/webp\" \/>\n<meta name=\"twitter:card\" content=\"summary_large_image\" \/>\n<meta name=\"twitter:label1\" content=\"Ber\u00e4knad l\u00e4stid\" \/>\n\t<meta name=\"twitter:data1\" content=\"1 minut\" \/>\n<!-- \/ Yoast SEO plugin. -->","yoast_head_json":{"title":"TRUUSK Elektrisk Avkopplingsstol med Massage- och V\u00e4rmefunktioner - Stoppad Stol med USB-anslutning - Sidofickor - Gr\u00e5 - TRUUSK - Hem, Tr\u00e4dg\u00e5rd &amp; Fritid","robots":{"index":"index","follow":"follow","max-snippet":"max-snippet:-1","max-image-preview":"max-image-preview:large","max-video-preview":"max-video-preview:-1"},"canonical":"https:\/\/truusk.store\/sv\/produkt\/truusk-elektrisk-avkopplingsstol-med-massage-och-varmefunktioner-stoppad-stol-med-usb-anslutning-sidofickor-gra\/","og_locale":"sv_SE","og_type":"article","og_title":"TRUUSK Elektrisk Avkopplingsstol med Massage- och V\u00e4rmefunktioner - Stoppad Stol med USB-anslutning - Sidofickor - Gr\u00e5 - TRUUSK - Hem, Tr\u00e4dg\u00e5rd &amp; Fritid","og_description":"Upplev h\u00f6gsta komfort med TRUUSK avkopplingsstol med liggl\u00e4ge! Slappna av individuellt tack vare 135\u00b0 stegl\u00f6s ryggst\u00f6d och utf\u00e4llbart fotst\u00f6d, enkelt...","og_url":"https:\/\/truusk.store\/sv\/produkt\/truusk-elektrisk-avkopplingsstol-med-massage-och-varmefunktioner-stoppad-stol-med-usb-anslutning-sidofickor-gra\/","og_site_name":"TRUUSK - Hem, Tr\u00e4dg\u00e5rd &amp; Fritid","article_modified_time":"2026-03-12T08:44:29+00:00","og_image":[{"width":2000,"height":2000,"url":"https:\/\/i0.wp.com\/truusk.se\/wp-content\/uploads\/2025\/09\/elektrisk-avkopplingsstol-med-massage-och-varmefunktioner-stoppad-stol-med-usb-anslutning-sidofickor-gra-1.webp?fit=2000%2C2000&ssl=1","type":"image\/webp"}],"twitter_card":"summary_large_image","twitter_misc":{"Ber\u00e4knad l\u00e4stid":"1 minut"},"schema":{"@context":"https:\/\/schema.org","@graph":[{"@type":"WebPage","@id":"https:\/\/truusk.store\/sv\/produkt\/truusk-elektrisk-avkopplingsstol-med-massage-och-varmefunktioner-stoppad-stol-med-usb-anslutning-sidofickor-gra\/","url":"https:\/\/truusk.store\/sv\/produkt\/truusk-elektrisk-avkopplingsstol-med-massage-och-varmefunktioner-stoppad-stol-med-usb-anslutning-sidofickor-gra\/","name":"TRUUSK Elektrisk Avkopplingsstol med Massage- och V\u00e4rmefunktioner - Stoppad Stol med USB-anslutning - Sidofickor - Gr\u00e5 - TRUUSK - Hem, Tr\u00e4dg\u00e5rd &amp; Fritid","isPartOf":{"@id":"https:\/\/truusk.store\/sv\/#website"},"primaryImageOfPage":{"@id":"https:\/\/truusk.store\/sv\/produkt\/truusk-elektrisk-avkopplingsstol-med-massage-och-varmefunktioner-stoppad-stol-med-usb-anslutning-sidofickor-gra\/#primaryimage"},"image":{"@id":"https:\/\/truusk.store\/sv\/produkt\/truusk-elektrisk-avkopplingsstol-med-massage-och-varmefunktioner-stoppad-stol-med-usb-anslutning-sidofickor-gra\/#primaryimage"},"thumbnailUrl":"https:\/\/i0.wp.com\/truusk.store\/wp-content\/uploads\/2025\/09\/elektrisk-avkopplingsstol-med-massage-och-varmefunktioner-stoppad-stol-med-usb-anslutning-sidofickor-gra-1.webp?fit=2000%2C2000&ssl=1","datePublished":"2025-09-09T19:02:59+00:00","dateModified":"2026-03-12T08:44:29+00:00","breadcrumb":{"@id":"https:\/\/truusk.store\/sv\/produkt\/truusk-elektrisk-avkopplingsstol-med-massage-och-varmefunktioner-stoppad-stol-med-usb-anslutning-sidofickor-gra\/#breadcrumb"},"inLanguage":"sv-SE","potentialAction":[{"@type":"ReadAction","target":["https:\/\/truusk.store\/sv\/produkt\/truusk-elektrisk-avkopplingsstol-med-massage-och-varmefunktioner-stoppad-stol-med-usb-anslutning-sidofickor-gra\/"]}]},{"@type":"ImageObject","inLanguage":"sv-SE","@id":"https:\/\/truusk.store\/sv\/produkt\/truusk-elektrisk-avkopplingsstol-med-massage-och-varmefunktioner-stoppad-stol-med-usb-anslutning-sidofickor-gra\/#primaryimage","url":"https:\/\/i0.wp.com\/truusk.store\/wp-content\/uploads\/2025\/09\/elektrisk-avkopplingsstol-med-massage-och-varmefunktioner-stoppad-stol-med-usb-anslutning-sidofickor-gra-1.webp?fit=2000%2C2000&ssl=1","contentUrl":"https:\/\/i0.wp.com\/truusk.store\/wp-content\/uploads\/2025\/09\/elektrisk-avkopplingsstol-med-massage-och-varmefunktioner-stoppad-stol-med-usb-anslutning-sidofickor-gra-1.webp?fit=2000%2C2000&ssl=1","width":2000,"height":2000},{"@type":"BreadcrumbList","@id":"https:\/\/truusk.store\/sv\/produkt\/truusk-elektrisk-avkopplingsstol-med-massage-och-varmefunktioner-stoppad-stol-med-usb-anslutning-sidofickor-gra\/#breadcrumb","itemListElement":[{"@type":"ListItem","position":1,"name":"Home","item":"https:\/\/truusk.store\/sv\/"},{"@type":"ListItem","position":2,"name":"Shop","item":"https:\/\/truusk.store\/shop\/"},{"@type":"ListItem","position":3,"name":"TRUUSK Elektrisk Avkopplingsstol med Massage- och V\u00e4rmefunktioner &#8211; Stoppad Stol med USB-anslutning &#8211; Sidofickor &#8211; Gr\u00e5"}]},{"@type":"WebSite","@id":"https:\/\/truusk.store\/sv\/#website","url":"https:\/\/truusk.store\/sv\/","name":"TRUUSK - Hem, Tr\u00e4dg\u00e5rd & Fritid","description":"","publisher":{"@id":"https:\/\/truusk.store\/sv\/#organization"},"potentialAction":[{"@type":"SearchAction","target":{"@type":"EntryPoint","urlTemplate":"https:\/\/truusk.store\/sv\/?s={search_term_string}"},"query-input":{"@type":"PropertyValueSpecification","valueRequired":true,"valueName":"search_term_string"}}],"inLanguage":"sv-SE"},{"@type":"Organization","@id":"https:\/\/truusk.store\/sv\/#organization","name":"TRUUSK - Hem, Tr\u00e4dg\u00e5rd & Fritid","url":"https:\/\/truusk.store\/sv\/","logo":{"@type":"ImageObject","inLanguage":"sv-SE","@id":"https:\/\/truusk.store\/sv\/#\/schema\/logo\/image\/","url":"https:\/\/i0.wp.com\/truusk.store\/wp-content\/uploads\/2026\/03\/cropped-TRUUSK.png?fit=2032%2C917&ssl=1","contentUrl":"https:\/\/i0.wp.com\/truusk.store\/wp-content\/uploads\/2026\/03\/cropped-TRUUSK.png?fit=2032%2C917&ssl=1","width":2032,"height":917,"caption":"TRUUSK - Hem, Tr\u00e4dg\u00e5rd & Fritid"},"image":{"@id":"https:\/\/truusk.store\/sv\/#\/schema\/logo\/image\/"}}]}},"jetpack_sharing_enabled":true,"_links":{"self":[{"href":"https:\/\/truusk.store\/sv\/wp-json\/wp\/v2\/product\/90208","targetHints":{"allow":["GET"]}}],"collection":[{"href":"https:\/\/truusk.store\/sv\/wp-json\/wp\/v2\/product"}],"about":[{"href":"https:\/\/truusk.store\/sv\/wp-json\/wp\/v2\/types\/product"}],"wp:featuredmedia":[{"embeddable":true,"href":"https:\/\/truusk.store\/sv\/wp-json\/wp\/v2\/media\/90199"}],"wp:attachment":[{"href":"https:\/\/truusk.store\/sv\/wp-json\/wp\/v2\/media?parent=90208"}],"wp:term":[{"taxonomy":"product_brand","embeddable":true,"href":"https:\/\/truusk.store\/sv\/wp-json\/wp\/v2\/product_brand?post=90208"},{"taxonomy":"product_cat","embeddable":true,"href":"https:\/\/truusk.store\/sv\/wp-json\/wp\/v2\/product_cat?post=90208"},{"taxonomy":"product_tag","embeddable":true,"href":"https:\/\/truusk.store\/sv\/wp-json\/wp\/v2\/product_tag?post=90208"}],"curies":[{"name":"wp","href":"https:\/\/api.w.org\/{rel}","templated":true}]}}