{"id":9039,"date":"2024-02-13T09:34:16","date_gmt":"2024-02-13T08:34:16","guid":{"rendered":"https:\/\/truusk.store\/product\/skrapstolpe-katttrad-1-kattgrotta-kattbadd-1-hangmatta-inklusive-leksaker-ljusgra\/"},"modified":"2026-03-12T08:55:55","modified_gmt":"2026-03-12T07:55:55","slug":"truusk-kattsangram-med-skrapstolpe-katttrad-med-grotta-hangmatta-leksaker-ljusgra","status":"publish","type":"product","link":"https:\/\/truusk.store\/sv\/produkt\/truusk-kattsangram-med-skrapstolpe-katttrad-med-grotta-hangmatta-leksaker-ljusgra\/","title":{"rendered":"TRUUSK Katts\u00e4ngram med Skrapstolpe &#8211; Katttr\u00e4d med Grotta &#8211; H\u00e4ngmatta &#8211; Leksaker &#8211; Ljusgr\u00e5"},"content":{"rendered":"<p>H\u00e5ll din katt n\u00f6jd med denna repande struktur. Detta stora katttr\u00e4d har flera omr\u00e5den f\u00f6r vila, inklusive ett mitthus, sidoh\u00e4ngmatta, vadderad topps\u00e4ng och flera utsiktsplattformar. Skrapstolpen erbjuder ditt husdjur en s\u00e4ker plats att v\u00e4ssa klorna p\u00e5 och skyddar dina m\u00f6bler fr\u00e5n skador. Lugn, lek och motion &#8211; detta h\u00f6ga skrapstolpe \u00e4r en plats d\u00e4r du kan spendera hela dagen och hela natten.<\/p>\n<h3>Beskrivning:<\/h3>\n<ul>\n<li>Den flerskiktade designen h\u00e5ller katter aktiva och sysselsatta<\/li>\n<li>Kl\u00e4dd med ett kort plyschfodral \u00e4r den mjuk och mysig.<\/li>\n<li>Den konstruerade tr\u00e4ramen med en platt bas h\u00e5ller tr\u00e4det balanserat och stabilt.<\/li>\n<li>Inneh\u00e5ller en kattgrotta, tre utsiktsplattformar, en stor \u00f6vre katts\u00e4ng, en sidoh\u00e4ngmatta, ett lek- och lockrep och en h\u00e4ngande boll.<\/li>\n<li>Maxbelastning f\u00f6r katter: 5 kg, montering kr\u00e4vs<\/li>\n<\/ul>\n<h3>Teknisk data:<\/h3>\n<ul>\n<li>F\u00e4rg: ljusgr\u00e5+beige<\/li>\n<li>Material: sp\u00e5nskiva, plysch, sisal<\/li>\n<li>\u00d6vergripande m\u00e5tt: 48L x 48W x 120H cm<\/li>\n<li>Grottstorlek: 30L x 30W x 26H cm<\/li>\n<li>Tr storlek: 16L x 20H cm<\/li>\n<li>Bottenplattans storlek: 48L x 48W cm<\/li>\n<li>Andra niv\u00e5 abborre: 30L x 30W cm<\/li>\n<li>Tredje niv\u00e5ns abborrestorlek: 30L x 30W cm<\/li>\n<li>H\u00e4ngmattans storlek: 30L x 30W cm<\/li>\n<li>Abborrestorlek: 48L x 24W cm (den fj\u00e4rde niv\u00e5n)<\/li>\n<li>Storlek \u00f6versta abborre: 48L x 24W x 6H cm<\/li>\n<li>M\u00e5tt p\u00e5 skrapstolpen: 5,5 cm<\/li>\n<li>Spelbollens storlek: 5 x 14 cm<\/li>\n<li>Rekommenderad vikt: upp till 5 kg<\/li>\n<\/ul>\n<h3>Leveransens omfattning:<\/h3>\n<ul>\n<li>1 x skrapstolpe<\/li>\n<li>1 x Instruktioner<\/li>\n<\/ul>\n","protected":false},"excerpt":{"rendered":"<p>H\u00e5ll din katt n\u00f6jd med denna repande struktur. Detta stora katttr\u00e4d har flera omr\u00e5den f\u00f6r vila, inklusive ett mitthus, sidoh\u00e4ngmatta,&#8230;<\/p>\n","protected":false},"featured_media":9040,"template":"","meta":[],"product_brand":[],"product_cat":[573,588,589],"product_tag":[],"class_list":{"0":"post-9039","1":"product","2":"type-product","3":"status-publish","4":"has-post-thumbnail","6":"product_cat-husdjursmaterial","7":"product_cat-katttillbehor","8":"product_cat-skrapande-inlagg","10":"first","11":"instock","12":"sale","13":"taxable","14":"shipping-taxable","15":"purchasable","16":"product-type-simple"},"yoast_head":"<!-- This site is optimized with the Yoast SEO plugin v25.4 - https:\/\/yoast.com\/wordpress\/plugins\/seo\/ -->\n<title>TRUUSK Katts\u00e4ngram med Skrapstolpe - Katttr\u00e4d med Grotta - H\u00e4ngmatta - Leksaker - Ljusgr\u00e5 - TRUUSK - Hem, Tr\u00e4dg\u00e5rd &amp; Fritid<\/title>\n<meta name=\"robots\" content=\"index, follow, max-snippet:-1, max-image-preview:large, max-video-preview:-1\" \/>\n<link rel=\"canonical\" href=\"https:\/\/truusk.store\/sv\/produkt\/truusk-kattsangram-med-skrapstolpe-katttrad-med-grotta-hangmatta-leksaker-ljusgra\/\" \/>\n<meta property=\"og:locale\" content=\"sv_SE\" \/>\n<meta property=\"og:type\" content=\"article\" \/>\n<meta property=\"og:title\" content=\"TRUUSK Katts\u00e4ngram med Skrapstolpe - Katttr\u00e4d med Grotta - H\u00e4ngmatta - Leksaker - Ljusgr\u00e5 - TRUUSK - Hem, Tr\u00e4dg\u00e5rd &amp; Fritid\" \/>\n<meta property=\"og:description\" content=\"H\u00e5ll din katt n\u00f6jd med denna repande struktur. Detta stora katttr\u00e4d har flera omr\u00e5den f\u00f6r vila, inklusive ett mitthus, sidoh\u00e4ngmatta,...\" \/>\n<meta property=\"og:url\" content=\"https:\/\/truusk.store\/sv\/produkt\/truusk-kattsangram-med-skrapstolpe-katttrad-med-grotta-hangmatta-leksaker-ljusgra\/\" \/>\n<meta property=\"og:site_name\" content=\"TRUUSK - Hem, Tr\u00e4dg\u00e5rd &amp; Fritid\" \/>\n<meta property=\"article:modified_time\" content=\"2026-03-12T07:55:55+00:00\" \/>\n<meta property=\"og:image\" content=\"https:\/\/i0.wp.com\/truusk.se\/wp-content\/uploads\/2024\/02\/skrapstolpe-katttrad-1-kattgrotta-kattbadd-1-hangmatta-inklusive-leksaker-ljusgra.webp?fit=800%2C800&ssl=1\" \/>\n\t<meta property=\"og:image:width\" content=\"800\" \/>\n\t<meta property=\"og:image:height\" content=\"800\" \/>\n\t<meta property=\"og:image:type\" content=\"image\/webp\" \/>\n<meta name=\"twitter:card\" content=\"summary_large_image\" \/>\n<meta name=\"twitter:label1\" content=\"Ber\u00e4knad l\u00e4stid\" \/>\n\t<meta name=\"twitter:data1\" content=\"1 minut\" \/>\n<!-- \/ Yoast SEO plugin. -->","yoast_head_json":{"title":"TRUUSK Katts\u00e4ngram med Skrapstolpe - Katttr\u00e4d med Grotta - H\u00e4ngmatta - Leksaker - Ljusgr\u00e5 - TRUUSK - Hem, Tr\u00e4dg\u00e5rd &amp; Fritid","robots":{"index":"index","follow":"follow","max-snippet":"max-snippet:-1","max-image-preview":"max-image-preview:large","max-video-preview":"max-video-preview:-1"},"canonical":"https:\/\/truusk.store\/sv\/produkt\/truusk-kattsangram-med-skrapstolpe-katttrad-med-grotta-hangmatta-leksaker-ljusgra\/","og_locale":"sv_SE","og_type":"article","og_title":"TRUUSK Katts\u00e4ngram med Skrapstolpe - Katttr\u00e4d med Grotta - H\u00e4ngmatta - Leksaker - Ljusgr\u00e5 - TRUUSK - Hem, Tr\u00e4dg\u00e5rd &amp; Fritid","og_description":"H\u00e5ll din katt n\u00f6jd med denna repande struktur. Detta stora katttr\u00e4d har flera omr\u00e5den f\u00f6r vila, inklusive ett mitthus, sidoh\u00e4ngmatta,...","og_url":"https:\/\/truusk.store\/sv\/produkt\/truusk-kattsangram-med-skrapstolpe-katttrad-med-grotta-hangmatta-leksaker-ljusgra\/","og_site_name":"TRUUSK - Hem, Tr\u00e4dg\u00e5rd &amp; Fritid","article_modified_time":"2026-03-12T07:55:55+00:00","og_image":[{"width":800,"height":800,"url":"https:\/\/i0.wp.com\/truusk.se\/wp-content\/uploads\/2024\/02\/skrapstolpe-katttrad-1-kattgrotta-kattbadd-1-hangmatta-inklusive-leksaker-ljusgra.webp?fit=800%2C800&ssl=1","type":"image\/webp"}],"twitter_card":"summary_large_image","twitter_misc":{"Ber\u00e4knad l\u00e4stid":"1 minut"},"schema":{"@context":"https:\/\/schema.org","@graph":[{"@type":"WebPage","@id":"https:\/\/truusk.store\/sv\/produkt\/truusk-kattsangram-med-skrapstolpe-katttrad-med-grotta-hangmatta-leksaker-ljusgra\/","url":"https:\/\/truusk.store\/sv\/produkt\/truusk-kattsangram-med-skrapstolpe-katttrad-med-grotta-hangmatta-leksaker-ljusgra\/","name":"TRUUSK Katts\u00e4ngram med Skrapstolpe - Katttr\u00e4d med Grotta - H\u00e4ngmatta - Leksaker - Ljusgr\u00e5 - TRUUSK - Hem, Tr\u00e4dg\u00e5rd &amp; Fritid","isPartOf":{"@id":"https:\/\/truusk.store\/sv\/#website"},"primaryImageOfPage":{"@id":"https:\/\/truusk.store\/sv\/produkt\/truusk-kattsangram-med-skrapstolpe-katttrad-med-grotta-hangmatta-leksaker-ljusgra\/#primaryimage"},"image":{"@id":"https:\/\/truusk.store\/sv\/produkt\/truusk-kattsangram-med-skrapstolpe-katttrad-med-grotta-hangmatta-leksaker-ljusgra\/#primaryimage"},"thumbnailUrl":"https:\/\/i0.wp.com\/truusk.store\/wp-content\/uploads\/2024\/02\/skrapstolpe-katttrad-1-kattgrotta-kattbadd-1-hangmatta-inklusive-leksaker-ljusgra.webp?fit=800%2C800&ssl=1","datePublished":"2024-02-13T08:34:16+00:00","dateModified":"2026-03-12T07:55:55+00:00","breadcrumb":{"@id":"https:\/\/truusk.store\/sv\/produkt\/truusk-kattsangram-med-skrapstolpe-katttrad-med-grotta-hangmatta-leksaker-ljusgra\/#breadcrumb"},"inLanguage":"sv-SE","potentialAction":[{"@type":"ReadAction","target":["https:\/\/truusk.store\/sv\/produkt\/truusk-kattsangram-med-skrapstolpe-katttrad-med-grotta-hangmatta-leksaker-ljusgra\/"]}]},{"@type":"ImageObject","inLanguage":"sv-SE","@id":"https:\/\/truusk.store\/sv\/produkt\/truusk-kattsangram-med-skrapstolpe-katttrad-med-grotta-hangmatta-leksaker-ljusgra\/#primaryimage","url":"https:\/\/i0.wp.com\/truusk.store\/wp-content\/uploads\/2024\/02\/skrapstolpe-katttrad-1-kattgrotta-kattbadd-1-hangmatta-inklusive-leksaker-ljusgra.webp?fit=800%2C800&ssl=1","contentUrl":"https:\/\/i0.wp.com\/truusk.store\/wp-content\/uploads\/2024\/02\/skrapstolpe-katttrad-1-kattgrotta-kattbadd-1-hangmatta-inklusive-leksaker-ljusgra.webp?fit=800%2C800&ssl=1","width":800,"height":800,"caption":"Skrapstolpe, Katttr\u00e4d, 1 Kattgrotta, Kattb\u00e4dd, 1 H\u00e4ngmatta, Inklusive Leksaker, Ljusgr\u00e5 1"},{"@type":"BreadcrumbList","@id":"https:\/\/truusk.store\/sv\/produkt\/truusk-kattsangram-med-skrapstolpe-katttrad-med-grotta-hangmatta-leksaker-ljusgra\/#breadcrumb","itemListElement":[{"@type":"ListItem","position":1,"name":"Home","item":"https:\/\/truusk.store\/sv\/"},{"@type":"ListItem","position":2,"name":"Shop","item":"https:\/\/truusk.store\/shop\/"},{"@type":"ListItem","position":3,"name":"TRUUSK Katts\u00e4ngram med Skrapstolpe &#8211; Katttr\u00e4d med Grotta &#8211; H\u00e4ngmatta &#8211; Leksaker &#8211; Ljusgr\u00e5"}]},{"@type":"WebSite","@id":"https:\/\/truusk.store\/sv\/#website","url":"https:\/\/truusk.store\/sv\/","name":"TRUUSK - Hem, Tr\u00e4dg\u00e5rd & Fritid","description":"","publisher":{"@id":"https:\/\/truusk.store\/sv\/#organization"},"potentialAction":[{"@type":"SearchAction","target":{"@type":"EntryPoint","urlTemplate":"https:\/\/truusk.store\/sv\/?s={search_term_string}"},"query-input":{"@type":"PropertyValueSpecification","valueRequired":true,"valueName":"search_term_string"}}],"inLanguage":"sv-SE"},{"@type":"Organization","@id":"https:\/\/truusk.store\/sv\/#organization","name":"TRUUSK - Hem, Tr\u00e4dg\u00e5rd & Fritid","url":"https:\/\/truusk.store\/sv\/","logo":{"@type":"ImageObject","inLanguage":"sv-SE","@id":"https:\/\/truusk.store\/sv\/#\/schema\/logo\/image\/","url":"https:\/\/i0.wp.com\/truusk.store\/wp-content\/uploads\/2026\/03\/cropped-TRUUSK.png?fit=2032%2C917&ssl=1","contentUrl":"https:\/\/i0.wp.com\/truusk.store\/wp-content\/uploads\/2026\/03\/cropped-TRUUSK.png?fit=2032%2C917&ssl=1","width":2032,"height":917,"caption":"TRUUSK - Hem, Tr\u00e4dg\u00e5rd & Fritid"},"image":{"@id":"https:\/\/truusk.store\/sv\/#\/schema\/logo\/image\/"}}]}},"jetpack_sharing_enabled":true,"_links":{"self":[{"href":"https:\/\/truusk.store\/sv\/wp-json\/wp\/v2\/product\/9039","targetHints":{"allow":["GET"]}}],"collection":[{"href":"https:\/\/truusk.store\/sv\/wp-json\/wp\/v2\/product"}],"about":[{"href":"https:\/\/truusk.store\/sv\/wp-json\/wp\/v2\/types\/product"}],"wp:featuredmedia":[{"embeddable":true,"href":"https:\/\/truusk.store\/sv\/wp-json\/wp\/v2\/media\/9040"}],"wp:attachment":[{"href":"https:\/\/truusk.store\/sv\/wp-json\/wp\/v2\/media?parent=9039"}],"wp:term":[{"taxonomy":"product_brand","embeddable":true,"href":"https:\/\/truusk.store\/sv\/wp-json\/wp\/v2\/product_brand?post=9039"},{"taxonomy":"product_cat","embeddable":true,"href":"https:\/\/truusk.store\/sv\/wp-json\/wp\/v2\/product_cat?post=9039"},{"taxonomy":"product_tag","embeddable":true,"href":"https:\/\/truusk.store\/sv\/wp-json\/wp\/v2\/product_tag?post=9039"}],"curies":[{"name":"wp","href":"https:\/\/api.w.org\/{rel}","templated":true}]}}