{"id":90558,"date":"2025-09-23T04:25:43","date_gmt":"2025-09-23T03:25:43","guid":{"rendered":"https:\/\/truusk.store\/product\/hundmatstation-halkfri-44-x-24-x-15cm-vit-09l-per-skal\/"},"modified":"2026-03-12T09:01:48","modified_gmt":"2026-03-12T08:01:48","slug":"truusk-hundmatstation-halkfri-44-x-24-x-15cm-vit-09l-per-skal","status":"publish","type":"product","link":"https:\/\/truusk.store\/sv\/produkt\/truusk-hundmatstation-halkfri-44-x-24-x-15cm-vit-09l-per-skal\/","title":{"rendered":"TRUUSK Hundmatstation &#8211; Halkfri &#8211; 44 x 24 x 15cm &#8211; Vit &#8211; 0,9L Per Sk\u00e5l"},"content":{"rendered":"<p>Sk\u00e4m bort ditt husdjur med v\u00e5r stiliga hundmatsstation fr\u00e5n TRUUSK. Utrustad med ett robust MDF-h\u00f6lje, erbjuder denna station tv\u00e5 h\u00f6gkvalitativa rostfria sk\u00e5lar. Dessa \u00e4r inte bara rostfria och l\u00e4tta att reng\u00f6ra, utan ocks\u00e5 s\u00e4rskilt hygieniska och s\u00e4kra f\u00f6r ditt husdjur. Den h\u00f6jda st\u00e4llningen g\u00f6r det bekv\u00e4mare att \u00e4ta och h\u00e5ller maten ren. Ett oumb\u00e4rligt hj\u00e4lpmedel f\u00f6r varje hundhem.<\/p>\n<p>Beskrivning:<\/p>\n<ul>\n<li> H\u00f6gkvalitativa rostfria sk\u00e5lar: Hygieniska, rostfria och diskmaskinss\u00e4kra f\u00f6r enkel reng\u00f6ring<\/li>\n<li> H\u00f6jda sk\u00e5lar med halkfria f\u00f6tter garanterar stabilitet, f\u00f6rhindrar glidning och skyddar dina golv<\/li>\n<li> Tv\u00e5 sk\u00e5lar m\u00f6jligg\u00f6r bekv\u00e4m tillg\u00e5ng till mat och vatten<\/li>\n<li> L\u00e4tt att underh\u00e5lla: Ytan kan h\u00e5llas ren med en enkel trasa<\/li>\n<li> Perfekt f\u00f6r hundar med en skulderh\u00f6jd fr\u00e5n 17 cm och upp\u00e5t<\/li>\n<\/ul>\n<p> Tekniska data:<\/p>\n<ul>\n<li> F\u00e4rg: Vit<\/li>\n<li> Material: Rostfritt st\u00e5l, MDF<\/li>\n<li> Totala m\u00e5tt: 44L x 24B x 15H cm<\/li>\n<li> Storlek per sk\u00e5l: \u00d817,8 x 5,9H cm<\/li>\n<li> Sk\u00e5lkapacitet: ca. 0,9 L<\/li>\n<\/ul>\n<p>Leveransinneh\u00e5ll:<\/p>\n<ul>\n<li> 1 x Foderstation<\/li>\n<li> 1 x Monteringsanvisning<\/li>\n<\/ul>\n","protected":false},"excerpt":{"rendered":"<p>Sk\u00e4m bort ditt husdjur med v\u00e5r stiliga hundmatsstation fr\u00e5n TRUUSK. Utrustad med ett robust MDF-h\u00f6lje, erbjuder denna station tv\u00e5 h\u00f6gkvalitativa&#8230;<\/p>\n","protected":false},"featured_media":90550,"template":"","meta":[],"product_brand":[],"product_cat":[878,574,580],"product_tag":[],"class_list":{"0":"post-90558","1":"product","2":"type-product","3":"status-publish","4":"has-post-thumbnail","6":"product_cat-djurbehov","7":"product_cat-hundtillbehor","8":"product_cat-matskalar","10":"first","11":"instock","12":"sale","13":"taxable","14":"shipping-taxable","15":"purchasable","16":"product-type-simple"},"yoast_head":"<!-- This site is optimized with the Yoast SEO plugin v25.4 - https:\/\/yoast.com\/wordpress\/plugins\/seo\/ -->\n<title>TRUUSK Hundmatstation - Halkfri - 44 x 24 x 15cm - Vit - 0,9L Per Sk\u00e5l - TRUUSK - Hem, Tr\u00e4dg\u00e5rd &amp; Fritid<\/title>\n<meta name=\"robots\" content=\"index, follow, max-snippet:-1, max-image-preview:large, max-video-preview:-1\" \/>\n<link rel=\"canonical\" href=\"https:\/\/truusk.store\/sv\/produkt\/truusk-hundmatstation-halkfri-44-x-24-x-15cm-vit-09l-per-skal\/\" \/>\n<meta property=\"og:locale\" content=\"sv_SE\" \/>\n<meta property=\"og:type\" content=\"article\" \/>\n<meta property=\"og:title\" content=\"TRUUSK Hundmatstation - Halkfri - 44 x 24 x 15cm - Vit - 0,9L Per Sk\u00e5l - TRUUSK - Hem, Tr\u00e4dg\u00e5rd &amp; Fritid\" \/>\n<meta property=\"og:description\" content=\"Sk\u00e4m bort ditt husdjur med v\u00e5r stiliga hundmatsstation fr\u00e5n TRUUSK. Utrustad med ett robust MDF-h\u00f6lje, erbjuder denna station tv\u00e5 h\u00f6gkvalitativa...\" \/>\n<meta property=\"og:url\" content=\"https:\/\/truusk.store\/sv\/produkt\/truusk-hundmatstation-halkfri-44-x-24-x-15cm-vit-09l-per-skal\/\" \/>\n<meta property=\"og:site_name\" content=\"TRUUSK - Hem, Tr\u00e4dg\u00e5rd &amp; Fritid\" \/>\n<meta property=\"article:modified_time\" content=\"2026-03-12T08:01:48+00:00\" \/>\n<meta property=\"og:image\" content=\"https:\/\/i0.wp.com\/truusk.se\/wp-content\/uploads\/2025\/09\/hundmatstation-halkfri-44-x-24-x-15cm-vit-09l-per-skal-1.webp?fit=2000%2C2000&ssl=1\" \/>\n\t<meta property=\"og:image:width\" content=\"2000\" \/>\n\t<meta property=\"og:image:height\" content=\"2000\" \/>\n\t<meta property=\"og:image:type\" content=\"image\/webp\" \/>\n<meta name=\"twitter:card\" content=\"summary_large_image\" \/>\n<meta name=\"twitter:label1\" content=\"Ber\u00e4knad l\u00e4stid\" \/>\n\t<meta name=\"twitter:data1\" content=\"1 minut\" \/>\n<!-- \/ Yoast SEO plugin. -->","yoast_head_json":{"title":"TRUUSK Hundmatstation - Halkfri - 44 x 24 x 15cm - Vit - 0,9L Per Sk\u00e5l - TRUUSK - Hem, Tr\u00e4dg\u00e5rd &amp; Fritid","robots":{"index":"index","follow":"follow","max-snippet":"max-snippet:-1","max-image-preview":"max-image-preview:large","max-video-preview":"max-video-preview:-1"},"canonical":"https:\/\/truusk.store\/sv\/produkt\/truusk-hundmatstation-halkfri-44-x-24-x-15cm-vit-09l-per-skal\/","og_locale":"sv_SE","og_type":"article","og_title":"TRUUSK Hundmatstation - Halkfri - 44 x 24 x 15cm - Vit - 0,9L Per Sk\u00e5l - TRUUSK - Hem, Tr\u00e4dg\u00e5rd &amp; Fritid","og_description":"Sk\u00e4m bort ditt husdjur med v\u00e5r stiliga hundmatsstation fr\u00e5n TRUUSK. Utrustad med ett robust MDF-h\u00f6lje, erbjuder denna station tv\u00e5 h\u00f6gkvalitativa...","og_url":"https:\/\/truusk.store\/sv\/produkt\/truusk-hundmatstation-halkfri-44-x-24-x-15cm-vit-09l-per-skal\/","og_site_name":"TRUUSK - Hem, Tr\u00e4dg\u00e5rd &amp; Fritid","article_modified_time":"2026-03-12T08:01:48+00:00","og_image":[{"width":2000,"height":2000,"url":"https:\/\/i0.wp.com\/truusk.se\/wp-content\/uploads\/2025\/09\/hundmatstation-halkfri-44-x-24-x-15cm-vit-09l-per-skal-1.webp?fit=2000%2C2000&ssl=1","type":"image\/webp"}],"twitter_card":"summary_large_image","twitter_misc":{"Ber\u00e4knad l\u00e4stid":"1 minut"},"schema":{"@context":"https:\/\/schema.org","@graph":[{"@type":"WebPage","@id":"https:\/\/truusk.store\/sv\/produkt\/truusk-hundmatstation-halkfri-44-x-24-x-15cm-vit-09l-per-skal\/","url":"https:\/\/truusk.store\/sv\/produkt\/truusk-hundmatstation-halkfri-44-x-24-x-15cm-vit-09l-per-skal\/","name":"TRUUSK Hundmatstation - Halkfri - 44 x 24 x 15cm - Vit - 0,9L Per Sk\u00e5l - TRUUSK - Hem, Tr\u00e4dg\u00e5rd &amp; Fritid","isPartOf":{"@id":"https:\/\/truusk.store\/sv\/#website"},"primaryImageOfPage":{"@id":"https:\/\/truusk.store\/sv\/produkt\/truusk-hundmatstation-halkfri-44-x-24-x-15cm-vit-09l-per-skal\/#primaryimage"},"image":{"@id":"https:\/\/truusk.store\/sv\/produkt\/truusk-hundmatstation-halkfri-44-x-24-x-15cm-vit-09l-per-skal\/#primaryimage"},"thumbnailUrl":"https:\/\/i0.wp.com\/truusk.store\/wp-content\/uploads\/2025\/09\/hundmatstation-halkfri-44-x-24-x-15cm-vit-09l-per-skal-1.webp?fit=2000%2C2000&ssl=1","datePublished":"2025-09-23T03:25:43+00:00","dateModified":"2026-03-12T08:01:48+00:00","breadcrumb":{"@id":"https:\/\/truusk.store\/sv\/produkt\/truusk-hundmatstation-halkfri-44-x-24-x-15cm-vit-09l-per-skal\/#breadcrumb"},"inLanguage":"sv-SE","potentialAction":[{"@type":"ReadAction","target":["https:\/\/truusk.store\/sv\/produkt\/truusk-hundmatstation-halkfri-44-x-24-x-15cm-vit-09l-per-skal\/"]}]},{"@type":"ImageObject","inLanguage":"sv-SE","@id":"https:\/\/truusk.store\/sv\/produkt\/truusk-hundmatstation-halkfri-44-x-24-x-15cm-vit-09l-per-skal\/#primaryimage","url":"https:\/\/i0.wp.com\/truusk.store\/wp-content\/uploads\/2025\/09\/hundmatstation-halkfri-44-x-24-x-15cm-vit-09l-per-skal-1.webp?fit=2000%2C2000&ssl=1","contentUrl":"https:\/\/i0.wp.com\/truusk.store\/wp-content\/uploads\/2025\/09\/hundmatstation-halkfri-44-x-24-x-15cm-vit-09l-per-skal-1.webp?fit=2000%2C2000&ssl=1","width":2000,"height":2000},{"@type":"BreadcrumbList","@id":"https:\/\/truusk.store\/sv\/produkt\/truusk-hundmatstation-halkfri-44-x-24-x-15cm-vit-09l-per-skal\/#breadcrumb","itemListElement":[{"@type":"ListItem","position":1,"name":"Home","item":"https:\/\/truusk.store\/sv\/"},{"@type":"ListItem","position":2,"name":"Shop","item":"https:\/\/truusk.store\/shop\/"},{"@type":"ListItem","position":3,"name":"TRUUSK Hundmatstation &#8211; Halkfri &#8211; 44 x 24 x 15cm &#8211; Vit &#8211; 0,9L Per Sk\u00e5l"}]},{"@type":"WebSite","@id":"https:\/\/truusk.store\/sv\/#website","url":"https:\/\/truusk.store\/sv\/","name":"TRUUSK - Hem, Tr\u00e4dg\u00e5rd & Fritid","description":"","publisher":{"@id":"https:\/\/truusk.store\/sv\/#organization"},"potentialAction":[{"@type":"SearchAction","target":{"@type":"EntryPoint","urlTemplate":"https:\/\/truusk.store\/sv\/?s={search_term_string}"},"query-input":{"@type":"PropertyValueSpecification","valueRequired":true,"valueName":"search_term_string"}}],"inLanguage":"sv-SE"},{"@type":"Organization","@id":"https:\/\/truusk.store\/sv\/#organization","name":"TRUUSK - Hem, Tr\u00e4dg\u00e5rd & Fritid","url":"https:\/\/truusk.store\/sv\/","logo":{"@type":"ImageObject","inLanguage":"sv-SE","@id":"https:\/\/truusk.store\/sv\/#\/schema\/logo\/image\/","url":"https:\/\/i0.wp.com\/truusk.store\/wp-content\/uploads\/2026\/03\/cropped-TRUUSK.png?fit=2032%2C917&ssl=1","contentUrl":"https:\/\/i0.wp.com\/truusk.store\/wp-content\/uploads\/2026\/03\/cropped-TRUUSK.png?fit=2032%2C917&ssl=1","width":2032,"height":917,"caption":"TRUUSK - Hem, Tr\u00e4dg\u00e5rd & Fritid"},"image":{"@id":"https:\/\/truusk.store\/sv\/#\/schema\/logo\/image\/"}}]}},"jetpack_sharing_enabled":true,"_links":{"self":[{"href":"https:\/\/truusk.store\/sv\/wp-json\/wp\/v2\/product\/90558","targetHints":{"allow":["GET"]}}],"collection":[{"href":"https:\/\/truusk.store\/sv\/wp-json\/wp\/v2\/product"}],"about":[{"href":"https:\/\/truusk.store\/sv\/wp-json\/wp\/v2\/types\/product"}],"wp:featuredmedia":[{"embeddable":true,"href":"https:\/\/truusk.store\/sv\/wp-json\/wp\/v2\/media\/90550"}],"wp:attachment":[{"href":"https:\/\/truusk.store\/sv\/wp-json\/wp\/v2\/media?parent=90558"}],"wp:term":[{"taxonomy":"product_brand","embeddable":true,"href":"https:\/\/truusk.store\/sv\/wp-json\/wp\/v2\/product_brand?post=90558"},{"taxonomy":"product_cat","embeddable":true,"href":"https:\/\/truusk.store\/sv\/wp-json\/wp\/v2\/product_cat?post=90558"},{"taxonomy":"product_tag","embeddable":true,"href":"https:\/\/truusk.store\/sv\/wp-json\/wp\/v2\/product_tag?post=90558"}],"curies":[{"name":"wp","href":"https:\/\/api.w.org\/{rel}","templated":true}]}}