{"id":90608,"date":"2025-09-23T04:31:04","date_gmt":"2025-09-23T03:31:04","guid":{"rendered":"https:\/\/truusk.store\/product\/matsalsstolar-i-4-pack-koksstol-med-ryggstod-konstlader-vardagsrumsstol-med-fotdyna-stolar-stoppad-stol-med-metallben-for-matbord-vit\/"},"modified":"2026-03-12T09:07:12","modified_gmt":"2026-03-12T08:07:12","slug":"truusk-4-pack-matsalsstolar-konstlader-ryggstod-fotdyna-metallben-vit","status":"publish","type":"product","link":"https:\/\/truusk.store\/sv\/produkt\/truusk-4-pack-matsalsstolar-konstlader-ryggstod-fotdyna-metallben-vit\/","title":{"rendered":"TRUUSK 4-pack Matsalsstolar &#8211; Konstl\u00e4der &#8211; Ryggst\u00f6d &#8211; Fotdyna &#8211; Metallben &#8211; Vit"},"content":{"rendered":"<p>Skapa plats f\u00f6r varje g\u00e4st, med k\u00f6ksstolsetet fr\u00e5n TRUUSK, best\u00e5ende av 4 moderna stolar. Den h\u00f6ga ryggst\u00f6det p\u00e5 den stoppade stolen ger optimalt st\u00f6d och den stoppade sitsen med konstl\u00e4der\u00f6verdrag ger maximal komfort. Metallramen g\u00f6r matstolarna robusta och l\u00e4mpliga f\u00f6r daglig anv\u00e4ndning. Utrustad med golvskydd f\u00f6r att undvika repor.<\/p>\n<p>Beskrivning:<\/p>\n<ul>\n<li> Matstolar i 4-pack<\/li>\n<li> H\u00f6gt ryggst\u00f6d p\u00e5 matstolen f\u00f6r optimalt st\u00f6d<\/li>\n<li> Diamantkviltning och stoppning<\/li>\n<li> L\u00e4tt att underh\u00e5lla konstl\u00e4der\u00f6verdrag<\/li>\n<li> Pulverlackerade metallben p\u00e5 k\u00f6ksstolarna<\/li>\n<li> Ben med golvskydd<\/li>\n<\/ul>\n<p> Tekniska data:<\/p>\n<ul>\n<li> F\u00e4rg: Vit<\/li>\n<li> Material: Konstl\u00e4der, metall, skum<\/li>\n<li> Totala dimensioner: 41L x 50B x 91H cm<\/li>\n<li> Sitsstorlek: 41B x 43T cm<\/li>\n<li> Sitth\u00f6jd: 46 cm<\/li>\n<li> Ryggst\u00f6dets storlek: 39B x 45L cm<\/li>\n<li> Viktkapacitet: 120 kg<\/li>\n<\/ul>\n<p>Leveransinneh\u00e5ll:<\/p>\n<ul>\n<li> 4 x stolar<\/li>\n<li> 1 x handbok<\/li>\n<\/ul>\n","protected":false},"excerpt":{"rendered":"<p>Skapa plats f\u00f6r varje g\u00e4st, med k\u00f6ksstolsetet fr\u00e5n TRUUSK, best\u00e5ende av 4 moderna stolar. Den h\u00f6ga ryggst\u00f6det p\u00e5 den stoppade&#8230;<\/p>\n","protected":false},"featured_media":90594,"template":"","meta":[],"product_brand":[],"product_cat":[871,889,518],"product_tag":[],"class_list":{"0":"post-90608","1":"product","2":"type-product","3":"status-publish","4":"has-post-thumbnail","6":"product_cat-hus-hem","7":"product_cat-kok-matsal","8":"product_cat-matsalsstolar","10":"first","11":"instock","12":"sale","13":"taxable","14":"shipping-taxable","15":"purchasable","16":"product-type-simple"},"yoast_head":"<!-- This site is optimized with the Yoast SEO plugin v25.4 - https:\/\/yoast.com\/wordpress\/plugins\/seo\/ -->\n<title>TRUUSK 4-pack Matsalsstolar - Konstl\u00e4der - Ryggst\u00f6d - Fotdyna - Metallben - Vit - TRUUSK - Hem, Tr\u00e4dg\u00e5rd &amp; Fritid<\/title>\n<meta name=\"robots\" content=\"index, follow, max-snippet:-1, max-image-preview:large, max-video-preview:-1\" \/>\n<link rel=\"canonical\" href=\"https:\/\/truusk.store\/sv\/produkt\/truusk-4-pack-matsalsstolar-konstlader-ryggstod-fotdyna-metallben-vit\/\" \/>\n<meta property=\"og:locale\" content=\"sv_SE\" \/>\n<meta property=\"og:type\" content=\"article\" \/>\n<meta property=\"og:title\" content=\"TRUUSK 4-pack Matsalsstolar - Konstl\u00e4der - Ryggst\u00f6d - Fotdyna - Metallben - Vit - TRUUSK - Hem, Tr\u00e4dg\u00e5rd &amp; Fritid\" \/>\n<meta property=\"og:description\" content=\"Skapa plats f\u00f6r varje g\u00e4st, med k\u00f6ksstolsetet fr\u00e5n TRUUSK, best\u00e5ende av 4 moderna stolar. Den h\u00f6ga ryggst\u00f6det p\u00e5 den stoppade...\" \/>\n<meta property=\"og:url\" content=\"https:\/\/truusk.store\/sv\/produkt\/truusk-4-pack-matsalsstolar-konstlader-ryggstod-fotdyna-metallben-vit\/\" \/>\n<meta property=\"og:site_name\" content=\"TRUUSK - Hem, Tr\u00e4dg\u00e5rd &amp; Fritid\" \/>\n<meta property=\"article:modified_time\" content=\"2026-03-12T08:07:12+00:00\" \/>\n<meta property=\"og:image\" content=\"https:\/\/i0.wp.com\/truusk.se\/wp-content\/uploads\/2025\/09\/matsalsstolar-i-4-pack-koksstol-med-ryggstod-konstlader-vardagsrumsstol-med-fotdyna-stolar-stoppad-stol-med-metallben-for-matbord-vit-1.webp?fit=2000%2C2000&ssl=1\" \/>\n\t<meta property=\"og:image:width\" content=\"2000\" \/>\n\t<meta property=\"og:image:height\" content=\"2000\" \/>\n\t<meta property=\"og:image:type\" content=\"image\/webp\" \/>\n<meta name=\"twitter:card\" content=\"summary_large_image\" \/>\n<meta name=\"twitter:label1\" content=\"Ber\u00e4knad l\u00e4stid\" \/>\n\t<meta name=\"twitter:data1\" content=\"1 minut\" \/>\n<!-- \/ Yoast SEO plugin. -->","yoast_head_json":{"title":"TRUUSK 4-pack Matsalsstolar - Konstl\u00e4der - Ryggst\u00f6d - Fotdyna - Metallben - Vit - TRUUSK - Hem, Tr\u00e4dg\u00e5rd &amp; Fritid","robots":{"index":"index","follow":"follow","max-snippet":"max-snippet:-1","max-image-preview":"max-image-preview:large","max-video-preview":"max-video-preview:-1"},"canonical":"https:\/\/truusk.store\/sv\/produkt\/truusk-4-pack-matsalsstolar-konstlader-ryggstod-fotdyna-metallben-vit\/","og_locale":"sv_SE","og_type":"article","og_title":"TRUUSK 4-pack Matsalsstolar - Konstl\u00e4der - Ryggst\u00f6d - Fotdyna - Metallben - Vit - TRUUSK - Hem, Tr\u00e4dg\u00e5rd &amp; Fritid","og_description":"Skapa plats f\u00f6r varje g\u00e4st, med k\u00f6ksstolsetet fr\u00e5n TRUUSK, best\u00e5ende av 4 moderna stolar. Den h\u00f6ga ryggst\u00f6det p\u00e5 den stoppade...","og_url":"https:\/\/truusk.store\/sv\/produkt\/truusk-4-pack-matsalsstolar-konstlader-ryggstod-fotdyna-metallben-vit\/","og_site_name":"TRUUSK - Hem, Tr\u00e4dg\u00e5rd &amp; Fritid","article_modified_time":"2026-03-12T08:07:12+00:00","og_image":[{"width":2000,"height":2000,"url":"https:\/\/i0.wp.com\/truusk.se\/wp-content\/uploads\/2025\/09\/matsalsstolar-i-4-pack-koksstol-med-ryggstod-konstlader-vardagsrumsstol-med-fotdyna-stolar-stoppad-stol-med-metallben-for-matbord-vit-1.webp?fit=2000%2C2000&ssl=1","type":"image\/webp"}],"twitter_card":"summary_large_image","twitter_misc":{"Ber\u00e4knad l\u00e4stid":"1 minut"},"schema":{"@context":"https:\/\/schema.org","@graph":[{"@type":"WebPage","@id":"https:\/\/truusk.store\/sv\/produkt\/truusk-4-pack-matsalsstolar-konstlader-ryggstod-fotdyna-metallben-vit\/","url":"https:\/\/truusk.store\/sv\/produkt\/truusk-4-pack-matsalsstolar-konstlader-ryggstod-fotdyna-metallben-vit\/","name":"TRUUSK 4-pack Matsalsstolar - Konstl\u00e4der - Ryggst\u00f6d - Fotdyna - Metallben - Vit - TRUUSK - Hem, Tr\u00e4dg\u00e5rd &amp; Fritid","isPartOf":{"@id":"https:\/\/truusk.store\/sv\/#website"},"primaryImageOfPage":{"@id":"https:\/\/truusk.store\/sv\/produkt\/truusk-4-pack-matsalsstolar-konstlader-ryggstod-fotdyna-metallben-vit\/#primaryimage"},"image":{"@id":"https:\/\/truusk.store\/sv\/produkt\/truusk-4-pack-matsalsstolar-konstlader-ryggstod-fotdyna-metallben-vit\/#primaryimage"},"thumbnailUrl":"https:\/\/i0.wp.com\/truusk.store\/wp-content\/uploads\/2025\/09\/matsalsstolar-i-4-pack-koksstol-med-ryggstod-konstlader-vardagsrumsstol-med-fotdyna-stolar-stoppad-stol-med-metallben-for-matbord-vit-1.webp?fit=2000%2C2000&ssl=1","datePublished":"2025-09-23T03:31:04+00:00","dateModified":"2026-03-12T08:07:12+00:00","breadcrumb":{"@id":"https:\/\/truusk.store\/sv\/produkt\/truusk-4-pack-matsalsstolar-konstlader-ryggstod-fotdyna-metallben-vit\/#breadcrumb"},"inLanguage":"sv-SE","potentialAction":[{"@type":"ReadAction","target":["https:\/\/truusk.store\/sv\/produkt\/truusk-4-pack-matsalsstolar-konstlader-ryggstod-fotdyna-metallben-vit\/"]}]},{"@type":"ImageObject","inLanguage":"sv-SE","@id":"https:\/\/truusk.store\/sv\/produkt\/truusk-4-pack-matsalsstolar-konstlader-ryggstod-fotdyna-metallben-vit\/#primaryimage","url":"https:\/\/i0.wp.com\/truusk.store\/wp-content\/uploads\/2025\/09\/matsalsstolar-i-4-pack-koksstol-med-ryggstod-konstlader-vardagsrumsstol-med-fotdyna-stolar-stoppad-stol-med-metallben-for-matbord-vit-1.webp?fit=2000%2C2000&ssl=1","contentUrl":"https:\/\/i0.wp.com\/truusk.store\/wp-content\/uploads\/2025\/09\/matsalsstolar-i-4-pack-koksstol-med-ryggstod-konstlader-vardagsrumsstol-med-fotdyna-stolar-stoppad-stol-med-metallben-for-matbord-vit-1.webp?fit=2000%2C2000&ssl=1","width":2000,"height":2000},{"@type":"BreadcrumbList","@id":"https:\/\/truusk.store\/sv\/produkt\/truusk-4-pack-matsalsstolar-konstlader-ryggstod-fotdyna-metallben-vit\/#breadcrumb","itemListElement":[{"@type":"ListItem","position":1,"name":"Home","item":"https:\/\/truusk.store\/sv\/"},{"@type":"ListItem","position":2,"name":"Shop","item":"https:\/\/truusk.store\/shop\/"},{"@type":"ListItem","position":3,"name":"TRUUSK 4-pack Matsalsstolar &#8211; Konstl\u00e4der &#8211; Ryggst\u00f6d &#8211; Fotdyna &#8211; Metallben &#8211; Vit"}]},{"@type":"WebSite","@id":"https:\/\/truusk.store\/sv\/#website","url":"https:\/\/truusk.store\/sv\/","name":"TRUUSK - Hem, Tr\u00e4dg\u00e5rd & Fritid","description":"","publisher":{"@id":"https:\/\/truusk.store\/sv\/#organization"},"potentialAction":[{"@type":"SearchAction","target":{"@type":"EntryPoint","urlTemplate":"https:\/\/truusk.store\/sv\/?s={search_term_string}"},"query-input":{"@type":"PropertyValueSpecification","valueRequired":true,"valueName":"search_term_string"}}],"inLanguage":"sv-SE"},{"@type":"Organization","@id":"https:\/\/truusk.store\/sv\/#organization","name":"TRUUSK - Hem, Tr\u00e4dg\u00e5rd & Fritid","url":"https:\/\/truusk.store\/sv\/","logo":{"@type":"ImageObject","inLanguage":"sv-SE","@id":"https:\/\/truusk.store\/sv\/#\/schema\/logo\/image\/","url":"https:\/\/i0.wp.com\/truusk.store\/wp-content\/uploads\/2026\/03\/cropped-TRUUSK.png?fit=2032%2C917&ssl=1","contentUrl":"https:\/\/i0.wp.com\/truusk.store\/wp-content\/uploads\/2026\/03\/cropped-TRUUSK.png?fit=2032%2C917&ssl=1","width":2032,"height":917,"caption":"TRUUSK - Hem, Tr\u00e4dg\u00e5rd & Fritid"},"image":{"@id":"https:\/\/truusk.store\/sv\/#\/schema\/logo\/image\/"}}]}},"jetpack_sharing_enabled":true,"_links":{"self":[{"href":"https:\/\/truusk.store\/sv\/wp-json\/wp\/v2\/product\/90608","targetHints":{"allow":["GET"]}}],"collection":[{"href":"https:\/\/truusk.store\/sv\/wp-json\/wp\/v2\/product"}],"about":[{"href":"https:\/\/truusk.store\/sv\/wp-json\/wp\/v2\/types\/product"}],"wp:featuredmedia":[{"embeddable":true,"href":"https:\/\/truusk.store\/sv\/wp-json\/wp\/v2\/media\/90594"}],"wp:attachment":[{"href":"https:\/\/truusk.store\/sv\/wp-json\/wp\/v2\/media?parent=90608"}],"wp:term":[{"taxonomy":"product_brand","embeddable":true,"href":"https:\/\/truusk.store\/sv\/wp-json\/wp\/v2\/product_brand?post=90608"},{"taxonomy":"product_cat","embeddable":true,"href":"https:\/\/truusk.store\/sv\/wp-json\/wp\/v2\/product_cat?post=90608"},{"taxonomy":"product_tag","embeddable":true,"href":"https:\/\/truusk.store\/sv\/wp-json\/wp\/v2\/product_tag?post=90608"}],"curies":[{"name":"wp","href":"https:\/\/api.w.org\/{rel}","templated":true}]}}