{"id":90648,"date":"2025-09-23T04:34:30","date_gmt":"2025-09-23T03:34:30","guid":{"rendered":"https:\/\/truusk.store\/product\/mini-konstgjord-julgran-60-cm-konstgjord-gran-med-sno-67-toppar-cementbas-for-inomhuskontor\/"},"modified":"2026-03-12T09:07:33","modified_gmt":"2026-03-12T08:07:33","slug":"truusk-mini-konstgjord-julgran-60-cm-konstgjord-gran-med-sno-67-toppa-cementbas-for-inomhuskontor","status":"publish","type":"product","link":"https:\/\/truusk.store\/sv\/produkt\/truusk-mini-konstgjord-julgran-60-cm-konstgjord-gran-med-sno-67-toppa-cementbas-for-inomhuskontor\/","title":{"rendered":"TRUUSK Mini Konstgjord Julgran 60 cm &#8211; Konstgjord Gran med Sn\u00f6 &#8211; 67 Toppa &#8211; Cementbas f\u00f6r Inomhuskontor"},"content":{"rendered":"<p>F\u00f6r en platsbesparande jul \u00e4r denna 60cm lilla TRUUSK julgran med sn\u00f6effekt ideal. Perfekt f\u00f6r sm\u00e5 utrymmen, kan den konstgjorda granen placeras p\u00e5 bord, hyllor eller direkt p\u00e5 golvet &#8211; oavsett om det \u00e4r p\u00e5 kontoret, vardagsrummet eller butiken. Ljus och dekorationer kan l\u00e4ggas till, men \u00e4ven utan dekoration \u00e4r den en blickf\u00e5ng!<\/p>\n<p>Beskrivning:<\/p>\n<ul>\n<li> 60cm h\u00f6g julgran med mycket realistiskt utseende<\/li>\n<li> Gren\u00e4ndar i vitt med sn\u00f6effekt ger en realistisk k\u00e4nsla och vinterst\u00e4mning<\/li>\n<li> Best\u00e5r av 67 grenar som ger ett naturligt utseende<\/li>\n<li> Cementbasen p\u00e5 julgranen f\u00f6r mer stabilitet, t\u00e4ckt med en jutetextil f\u00f6r ett b\u00e4ttre utseende<\/li>\n<li> Grenarna \u00e4r brandh\u00e4mmande f\u00f6r \u00f6kad s\u00e4kerhet<\/li>\n<li> Denna mini-julgran \u00e4r perfekt f\u00f6r att visa upp p\u00e5 ett bord hemma eller p\u00e5 kontoret eller i sm\u00e5 utrymmen<\/li>\n<li> Endast l\u00e4mplig f\u00f6r inomhusbruk, inte f\u00f6r utomhusbruk<\/li>\n<li> Dekorationer ing\u00e5r inte<\/li>\n<li> Obs: F\u00f6r ett mer realistiskt utseende, sprid ut alla toppar individuellt, detta tar cirka 5-10 minuter.<\/li>\n<\/ul>\n<p> Tekniska data:<\/p>\n<ul>\n<li> F\u00e4rg: Gr\u00f6n+Vit<\/li>\n<li> Material: Plast, jute, cement<\/li>\n<li> Totala dimensioner: \u00d832 x 60H cm<\/li>\n<li> Basstorlek: \u00d89 cm<\/li>\n<li> Antal toppar: 67<\/li>\n<\/ul>\n<p>Leveransinneh\u00e5ll:<\/p>\n<ul>\n<li> 1x Julgran<\/li>\n<li> 1x Bruksanvisning<\/li>\n<\/ul>\n","protected":false},"excerpt":{"rendered":"<p>F\u00f6r en platsbesparande jul \u00e4r denna 60cm lilla TRUUSK julgran med sn\u00f6effekt ideal. Perfekt f\u00f6r sm\u00e5 utrymmen, kan den konstgjorda&#8230;<\/p>\n","protected":false},"featured_media":90639,"template":"","meta":[],"product_brand":[],"product_cat":[706,894],"product_tag":[],"class_list":{"0":"post-90648","1":"product","2":"type-product","3":"status-publish","4":"has-post-thumbnail","6":"product_cat-julgranar","7":"product_cat-julvarld","9":"first","10":"instock","11":"sale","12":"taxable","13":"shipping-taxable","14":"purchasable","15":"product-type-simple"},"yoast_head":"<!-- This site is optimized with the Yoast SEO plugin v25.4 - https:\/\/yoast.com\/wordpress\/plugins\/seo\/ -->\n<title>TRUUSK Mini Konstgjord Julgran 60 cm - Konstgjord Gran med Sn\u00f6 - 67 Toppa - Cementbas f\u00f6r Inomhuskontor - TRUUSK - Hem, Tr\u00e4dg\u00e5rd &amp; Fritid<\/title>\n<meta name=\"robots\" content=\"index, follow, max-snippet:-1, max-image-preview:large, max-video-preview:-1\" \/>\n<link rel=\"canonical\" href=\"https:\/\/truusk.store\/sv\/produkt\/truusk-mini-konstgjord-julgran-60-cm-konstgjord-gran-med-sno-67-toppa-cementbas-for-inomhuskontor\/\" \/>\n<meta property=\"og:locale\" content=\"sv_SE\" \/>\n<meta property=\"og:type\" content=\"article\" \/>\n<meta property=\"og:title\" content=\"TRUUSK Mini Konstgjord Julgran 60 cm - Konstgjord Gran med Sn\u00f6 - 67 Toppa - Cementbas f\u00f6r Inomhuskontor - TRUUSK - Hem, Tr\u00e4dg\u00e5rd &amp; Fritid\" \/>\n<meta property=\"og:description\" content=\"F\u00f6r en platsbesparande jul \u00e4r denna 60cm lilla TRUUSK julgran med sn\u00f6effekt ideal. Perfekt f\u00f6r sm\u00e5 utrymmen, kan den konstgjorda...\" \/>\n<meta property=\"og:url\" content=\"https:\/\/truusk.store\/sv\/produkt\/truusk-mini-konstgjord-julgran-60-cm-konstgjord-gran-med-sno-67-toppa-cementbas-for-inomhuskontor\/\" \/>\n<meta property=\"og:site_name\" content=\"TRUUSK - Hem, Tr\u00e4dg\u00e5rd &amp; Fritid\" \/>\n<meta property=\"article:modified_time\" content=\"2026-03-12T08:07:33+00:00\" \/>\n<meta property=\"og:image\" content=\"https:\/\/i0.wp.com\/truusk.se\/wp-content\/uploads\/2025\/09\/mini-konstgjord-julgran-60-cm-konstgjord-gran-med-sno-67-toppar-cementbas-for-inomhuskontor-1.webp?fit=2000%2C2000&ssl=1\" \/>\n\t<meta property=\"og:image:width\" content=\"2000\" \/>\n\t<meta property=\"og:image:height\" content=\"2000\" \/>\n\t<meta property=\"og:image:type\" content=\"image\/webp\" \/>\n<meta name=\"twitter:card\" content=\"summary_large_image\" \/>\n<meta name=\"twitter:label1\" content=\"Ber\u00e4knad l\u00e4stid\" \/>\n\t<meta name=\"twitter:data1\" content=\"1 minut\" \/>\n<!-- \/ Yoast SEO plugin. -->","yoast_head_json":{"title":"TRUUSK Mini Konstgjord Julgran 60 cm - Konstgjord Gran med Sn\u00f6 - 67 Toppa - Cementbas f\u00f6r Inomhuskontor - TRUUSK - Hem, Tr\u00e4dg\u00e5rd &amp; Fritid","robots":{"index":"index","follow":"follow","max-snippet":"max-snippet:-1","max-image-preview":"max-image-preview:large","max-video-preview":"max-video-preview:-1"},"canonical":"https:\/\/truusk.store\/sv\/produkt\/truusk-mini-konstgjord-julgran-60-cm-konstgjord-gran-med-sno-67-toppa-cementbas-for-inomhuskontor\/","og_locale":"sv_SE","og_type":"article","og_title":"TRUUSK Mini Konstgjord Julgran 60 cm - Konstgjord Gran med Sn\u00f6 - 67 Toppa - Cementbas f\u00f6r Inomhuskontor - TRUUSK - Hem, Tr\u00e4dg\u00e5rd &amp; Fritid","og_description":"F\u00f6r en platsbesparande jul \u00e4r denna 60cm lilla TRUUSK julgran med sn\u00f6effekt ideal. Perfekt f\u00f6r sm\u00e5 utrymmen, kan den konstgjorda...","og_url":"https:\/\/truusk.store\/sv\/produkt\/truusk-mini-konstgjord-julgran-60-cm-konstgjord-gran-med-sno-67-toppa-cementbas-for-inomhuskontor\/","og_site_name":"TRUUSK - Hem, Tr\u00e4dg\u00e5rd &amp; Fritid","article_modified_time":"2026-03-12T08:07:33+00:00","og_image":[{"width":2000,"height":2000,"url":"https:\/\/i0.wp.com\/truusk.se\/wp-content\/uploads\/2025\/09\/mini-konstgjord-julgran-60-cm-konstgjord-gran-med-sno-67-toppar-cementbas-for-inomhuskontor-1.webp?fit=2000%2C2000&ssl=1","type":"image\/webp"}],"twitter_card":"summary_large_image","twitter_misc":{"Ber\u00e4knad l\u00e4stid":"1 minut"},"schema":{"@context":"https:\/\/schema.org","@graph":[{"@type":"WebPage","@id":"https:\/\/truusk.store\/sv\/produkt\/truusk-mini-konstgjord-julgran-60-cm-konstgjord-gran-med-sno-67-toppa-cementbas-for-inomhuskontor\/","url":"https:\/\/truusk.store\/sv\/produkt\/truusk-mini-konstgjord-julgran-60-cm-konstgjord-gran-med-sno-67-toppa-cementbas-for-inomhuskontor\/","name":"TRUUSK Mini Konstgjord Julgran 60 cm - Konstgjord Gran med Sn\u00f6 - 67 Toppa - Cementbas f\u00f6r Inomhuskontor - TRUUSK - Hem, Tr\u00e4dg\u00e5rd &amp; Fritid","isPartOf":{"@id":"https:\/\/truusk.store\/sv\/#website"},"primaryImageOfPage":{"@id":"https:\/\/truusk.store\/sv\/produkt\/truusk-mini-konstgjord-julgran-60-cm-konstgjord-gran-med-sno-67-toppa-cementbas-for-inomhuskontor\/#primaryimage"},"image":{"@id":"https:\/\/truusk.store\/sv\/produkt\/truusk-mini-konstgjord-julgran-60-cm-konstgjord-gran-med-sno-67-toppa-cementbas-for-inomhuskontor\/#primaryimage"},"thumbnailUrl":"https:\/\/i0.wp.com\/truusk.store\/wp-content\/uploads\/2025\/09\/mini-konstgjord-julgran-60-cm-konstgjord-gran-med-sno-67-toppar-cementbas-for-inomhuskontor-1.webp?fit=2000%2C2000&ssl=1","datePublished":"2025-09-23T03:34:30+00:00","dateModified":"2026-03-12T08:07:33+00:00","breadcrumb":{"@id":"https:\/\/truusk.store\/sv\/produkt\/truusk-mini-konstgjord-julgran-60-cm-konstgjord-gran-med-sno-67-toppa-cementbas-for-inomhuskontor\/#breadcrumb"},"inLanguage":"sv-SE","potentialAction":[{"@type":"ReadAction","target":["https:\/\/truusk.store\/sv\/produkt\/truusk-mini-konstgjord-julgran-60-cm-konstgjord-gran-med-sno-67-toppa-cementbas-for-inomhuskontor\/"]}]},{"@type":"ImageObject","inLanguage":"sv-SE","@id":"https:\/\/truusk.store\/sv\/produkt\/truusk-mini-konstgjord-julgran-60-cm-konstgjord-gran-med-sno-67-toppa-cementbas-for-inomhuskontor\/#primaryimage","url":"https:\/\/i0.wp.com\/truusk.store\/wp-content\/uploads\/2025\/09\/mini-konstgjord-julgran-60-cm-konstgjord-gran-med-sno-67-toppar-cementbas-for-inomhuskontor-1.webp?fit=2000%2C2000&ssl=1","contentUrl":"https:\/\/i0.wp.com\/truusk.store\/wp-content\/uploads\/2025\/09\/mini-konstgjord-julgran-60-cm-konstgjord-gran-med-sno-67-toppar-cementbas-for-inomhuskontor-1.webp?fit=2000%2C2000&ssl=1","width":2000,"height":2000},{"@type":"BreadcrumbList","@id":"https:\/\/truusk.store\/sv\/produkt\/truusk-mini-konstgjord-julgran-60-cm-konstgjord-gran-med-sno-67-toppa-cementbas-for-inomhuskontor\/#breadcrumb","itemListElement":[{"@type":"ListItem","position":1,"name":"Home","item":"https:\/\/truusk.store\/sv\/"},{"@type":"ListItem","position":2,"name":"Shop","item":"https:\/\/truusk.store\/shop\/"},{"@type":"ListItem","position":3,"name":"TRUUSK Mini Konstgjord Julgran 60 cm &#8211; Konstgjord Gran med Sn\u00f6 &#8211; 67 Toppa &#8211; Cementbas f\u00f6r Inomhuskontor"}]},{"@type":"WebSite","@id":"https:\/\/truusk.store\/sv\/#website","url":"https:\/\/truusk.store\/sv\/","name":"TRUUSK - Hem, Tr\u00e4dg\u00e5rd & Fritid","description":"","publisher":{"@id":"https:\/\/truusk.store\/sv\/#organization"},"potentialAction":[{"@type":"SearchAction","target":{"@type":"EntryPoint","urlTemplate":"https:\/\/truusk.store\/sv\/?s={search_term_string}"},"query-input":{"@type":"PropertyValueSpecification","valueRequired":true,"valueName":"search_term_string"}}],"inLanguage":"sv-SE"},{"@type":"Organization","@id":"https:\/\/truusk.store\/sv\/#organization","name":"TRUUSK - Hem, Tr\u00e4dg\u00e5rd & Fritid","url":"https:\/\/truusk.store\/sv\/","logo":{"@type":"ImageObject","inLanguage":"sv-SE","@id":"https:\/\/truusk.store\/sv\/#\/schema\/logo\/image\/","url":"https:\/\/i0.wp.com\/truusk.store\/wp-content\/uploads\/2026\/03\/cropped-TRUUSK.png?fit=2032%2C917&ssl=1","contentUrl":"https:\/\/i0.wp.com\/truusk.store\/wp-content\/uploads\/2026\/03\/cropped-TRUUSK.png?fit=2032%2C917&ssl=1","width":2032,"height":917,"caption":"TRUUSK - Hem, Tr\u00e4dg\u00e5rd & Fritid"},"image":{"@id":"https:\/\/truusk.store\/sv\/#\/schema\/logo\/image\/"}}]}},"jetpack_sharing_enabled":true,"_links":{"self":[{"href":"https:\/\/truusk.store\/sv\/wp-json\/wp\/v2\/product\/90648","targetHints":{"allow":["GET"]}}],"collection":[{"href":"https:\/\/truusk.store\/sv\/wp-json\/wp\/v2\/product"}],"about":[{"href":"https:\/\/truusk.store\/sv\/wp-json\/wp\/v2\/types\/product"}],"wp:featuredmedia":[{"embeddable":true,"href":"https:\/\/truusk.store\/sv\/wp-json\/wp\/v2\/media\/90639"}],"wp:attachment":[{"href":"https:\/\/truusk.store\/sv\/wp-json\/wp\/v2\/media?parent=90648"}],"wp:term":[{"taxonomy":"product_brand","embeddable":true,"href":"https:\/\/truusk.store\/sv\/wp-json\/wp\/v2\/product_brand?post=90648"},{"taxonomy":"product_cat","embeddable":true,"href":"https:\/\/truusk.store\/sv\/wp-json\/wp\/v2\/product_cat?post=90648"},{"taxonomy":"product_tag","embeddable":true,"href":"https:\/\/truusk.store\/sv\/wp-json\/wp\/v2\/product_tag?post=90648"}],"curies":[{"name":"wp","href":"https:\/\/api.w.org\/{rel}","templated":true}]}}