{"id":90778,"date":"2025-09-23T04:48:48","date_gmt":"2025-09-23T03:48:48","guid":{"rendered":"https:\/\/truusk.store\/product\/elektrisk-barnfyrhjuling-25-km-h-framat-bakatgaende-vaxel-for-18-36-manader-gron\/"},"modified":"2026-03-12T09:31:10","modified_gmt":"2026-03-12T08:31:10","slug":"truusk-elektrisk-barnfyrhjuling-25-km-h-framat-bakatgaende-vaxel-for-18-36-manader-gron","status":"publish","type":"product","link":"https:\/\/truusk.store\/sv\/produkt\/truusk-elektrisk-barnfyrhjuling-25-km-h-framat-bakatgaende-vaxel-for-18-36-manader-gron\/","title":{"rendered":"TRUUSK Elektrisk Barnfyrhjuling &#8211; 2,5 Km\/h &#8211; Fram\u00e5t- &amp; Bak\u00e5tg\u00e5ende V\u00e4xel &#8211; F\u00f6r 18-36 M\u00e5nader &#8211; Gr\u00f6n"},"content":{"rendered":"<p>Med barnets elektriska fyrhjuling fr\u00e5n TRUUSK upplever ditt barn ett s\u00e4kert och sp\u00e4nnande k\u00f6r\u00e4ventyr. Med en maximal hastighet p\u00e5 2,5 km\/h \u00e4r den elektriska fyrhjulingen perfekt f\u00f6r s\u00e4ker k\u00f6rning. De robusta hjulen p\u00e5 barnets fyrhjuling ger en lugn k\u00f6rning p\u00e5 olika underlag, idealisk f\u00f6r utflykter i parken, p\u00e5 lekplatsen eller i den egna tr\u00e4dg\u00e5rden.<\/p>\n<p>Beskrivning:<\/p>\n<ul>\n<li> Fram\u00e5t- och backv\u00e4xel underl\u00e4ttar anv\u00e4ndningen<\/li>\n<li> S\u00e4kerhetshastigheten p\u00e5 2,5 km\/h g\u00f6r barnets fyrhjuling till en sp\u00e4nnande k\u00f6rupplevelse<\/li>\n<li> 50 minuters k\u00f6rning vid full laddning garanterar ih\u00e5llande roligt<\/li>\n<li> Slitstarka hjul p\u00e5 barnets elektriska fyrhjuling m\u00f6jligg\u00f6r k\u00f6rning p\u00e5 olika underlag<\/li>\n<li> Bred sits erbjuder maximal komfort under k\u00f6rningen<\/li>\n<li> Halkfritt styre p\u00e5 det elektriska fordonet f\u00f6r barn garanterar s\u00e4kert grepp och kontroll<\/li>\n<li> Maximal belastning p\u00e5 25 kg, montering kr\u00e4vs<\/li>\n<\/ul>\n<p> Tekniska data:<\/p>\n<ul>\n<li> F\u00e4rg: Gr\u00f6n<\/li>\n<li> Material: Plast, metall<\/li>\n<li> M\u00e5tt: 70L x 41,5B x 48,5H cm<\/li>\n<li> Sits: 28L x 10B x 30H cm<\/li>\n<li> Plasthjul: \u00d820 cm<\/li>\n<li> F\u00f6rsta laddning: 6-8 timmar<\/li>\n<li> Regelbunden laddning: 8-12 timmar<\/li>\n<li> Drifttid: 50 minuter (beroende p\u00e5 anv\u00e4ndning)<\/li>\n<li> Hastighet: 2,5 km\/h<\/li>\n<li> Batteri: 6 V, 4,5 AH<\/li>\n<li> Certifierad \u00e5lder: 18+ m\u00e5nader<\/li>\n<li> Rekommenderad \u00e5lder: 18-36 m\u00e5nader<\/li>\n<li> Belastningskapacitet: 25 kg<\/li>\n<li> Obs: Barn m\u00e5ste alltid \u00f6vervakas n\u00e4r de k\u00f6r<\/li>\n<\/ul>\n<p>Leverans:<\/p>\n<ul>\n<li> 1 x Barnfyrhjuling<\/li>\n<li> 1 x Handbok<\/li>\n<\/ul>\n","protected":false},"excerpt":{"rendered":"<p>Med barnets elektriska fyrhjuling fr\u00e5n TRUUSK upplever ditt barn ett s\u00e4kert och sp\u00e4nnande k\u00f6r\u00e4ventyr. Med en maximal hastighet p\u00e5 2,5&#8230;<\/p>\n","protected":false},"featured_media":90763,"template":"","meta":[],"product_brand":[],"product_cat":[880,610,1066],"product_tag":[],"class_list":{"0":"post-90778","1":"product","2":"type-product","3":"status-publish","4":"has-post-thumbnail","6":"product_cat-baby-barn-2","7":"product_cat-barnfordon","8":"product_cat-barns-elbilar","10":"first","11":"instock","12":"sale","13":"taxable","14":"shipping-taxable","15":"purchasable","16":"product-type-simple"},"yoast_head":"<!-- This site is optimized with the Yoast SEO plugin v25.4 - https:\/\/yoast.com\/wordpress\/plugins\/seo\/ -->\n<title>TRUUSK Elektrisk Barnfyrhjuling - 2,5 Km\/h - Fram\u00e5t- &amp; Bak\u00e5tg\u00e5ende V\u00e4xel - F\u00f6r 18-36 M\u00e5nader - Gr\u00f6n - TRUUSK - Hem, Tr\u00e4dg\u00e5rd &amp; Fritid<\/title>\n<meta name=\"robots\" content=\"index, follow, max-snippet:-1, max-image-preview:large, max-video-preview:-1\" \/>\n<link rel=\"canonical\" href=\"https:\/\/truusk.store\/sv\/produkt\/truusk-elektrisk-barnfyrhjuling-25-km-h-framat-bakatgaende-vaxel-for-18-36-manader-gron\/\" \/>\n<meta property=\"og:locale\" content=\"sv_SE\" \/>\n<meta property=\"og:type\" content=\"article\" \/>\n<meta property=\"og:title\" content=\"TRUUSK Elektrisk Barnfyrhjuling - 2,5 Km\/h - Fram\u00e5t- &amp; Bak\u00e5tg\u00e5ende V\u00e4xel - F\u00f6r 18-36 M\u00e5nader - Gr\u00f6n - TRUUSK - Hem, Tr\u00e4dg\u00e5rd &amp; Fritid\" \/>\n<meta property=\"og:description\" content=\"Med barnets elektriska fyrhjuling fr\u00e5n TRUUSK upplever ditt barn ett s\u00e4kert och sp\u00e4nnande k\u00f6r\u00e4ventyr. Med en maximal hastighet p\u00e5 2,5...\" \/>\n<meta property=\"og:url\" content=\"https:\/\/truusk.store\/sv\/produkt\/truusk-elektrisk-barnfyrhjuling-25-km-h-framat-bakatgaende-vaxel-for-18-36-manader-gron\/\" \/>\n<meta property=\"og:site_name\" content=\"TRUUSK - Hem, Tr\u00e4dg\u00e5rd &amp; Fritid\" \/>\n<meta property=\"article:modified_time\" content=\"2026-03-12T08:31:10+00:00\" \/>\n<meta property=\"og:image\" content=\"https:\/\/i0.wp.com\/truusk.se\/wp-content\/uploads\/2025\/09\/elektrisk-barnfyrhjuling-25-km-h-framat-bakatgaende-vaxel-for-18-36-manader-gron-1.webp?fit=2000%2C2000&ssl=1\" \/>\n\t<meta property=\"og:image:width\" content=\"2000\" \/>\n\t<meta property=\"og:image:height\" content=\"2000\" \/>\n\t<meta property=\"og:image:type\" content=\"image\/webp\" \/>\n<meta name=\"twitter:card\" content=\"summary_large_image\" \/>\n<meta name=\"twitter:label1\" content=\"Ber\u00e4knad l\u00e4stid\" \/>\n\t<meta name=\"twitter:data1\" content=\"1 minut\" \/>\n<!-- \/ Yoast SEO plugin. -->","yoast_head_json":{"title":"TRUUSK Elektrisk Barnfyrhjuling - 2,5 Km\/h - Fram\u00e5t- &amp; Bak\u00e5tg\u00e5ende V\u00e4xel - F\u00f6r 18-36 M\u00e5nader - Gr\u00f6n - TRUUSK - Hem, Tr\u00e4dg\u00e5rd &amp; Fritid","robots":{"index":"index","follow":"follow","max-snippet":"max-snippet:-1","max-image-preview":"max-image-preview:large","max-video-preview":"max-video-preview:-1"},"canonical":"https:\/\/truusk.store\/sv\/produkt\/truusk-elektrisk-barnfyrhjuling-25-km-h-framat-bakatgaende-vaxel-for-18-36-manader-gron\/","og_locale":"sv_SE","og_type":"article","og_title":"TRUUSK Elektrisk Barnfyrhjuling - 2,5 Km\/h - Fram\u00e5t- &amp; Bak\u00e5tg\u00e5ende V\u00e4xel - F\u00f6r 18-36 M\u00e5nader - Gr\u00f6n - TRUUSK - Hem, Tr\u00e4dg\u00e5rd &amp; Fritid","og_description":"Med barnets elektriska fyrhjuling fr\u00e5n TRUUSK upplever ditt barn ett s\u00e4kert och sp\u00e4nnande k\u00f6r\u00e4ventyr. Med en maximal hastighet p\u00e5 2,5...","og_url":"https:\/\/truusk.store\/sv\/produkt\/truusk-elektrisk-barnfyrhjuling-25-km-h-framat-bakatgaende-vaxel-for-18-36-manader-gron\/","og_site_name":"TRUUSK - Hem, Tr\u00e4dg\u00e5rd &amp; Fritid","article_modified_time":"2026-03-12T08:31:10+00:00","og_image":[{"width":2000,"height":2000,"url":"https:\/\/i0.wp.com\/truusk.se\/wp-content\/uploads\/2025\/09\/elektrisk-barnfyrhjuling-25-km-h-framat-bakatgaende-vaxel-for-18-36-manader-gron-1.webp?fit=2000%2C2000&ssl=1","type":"image\/webp"}],"twitter_card":"summary_large_image","twitter_misc":{"Ber\u00e4knad l\u00e4stid":"1 minut"},"schema":{"@context":"https:\/\/schema.org","@graph":[{"@type":"WebPage","@id":"https:\/\/truusk.store\/sv\/produkt\/truusk-elektrisk-barnfyrhjuling-25-km-h-framat-bakatgaende-vaxel-for-18-36-manader-gron\/","url":"https:\/\/truusk.store\/sv\/produkt\/truusk-elektrisk-barnfyrhjuling-25-km-h-framat-bakatgaende-vaxel-for-18-36-manader-gron\/","name":"TRUUSK Elektrisk Barnfyrhjuling - 2,5 Km\/h - Fram\u00e5t- &amp; Bak\u00e5tg\u00e5ende V\u00e4xel - F\u00f6r 18-36 M\u00e5nader - Gr\u00f6n - TRUUSK - Hem, Tr\u00e4dg\u00e5rd &amp; Fritid","isPartOf":{"@id":"https:\/\/truusk.store\/sv\/#website"},"primaryImageOfPage":{"@id":"https:\/\/truusk.store\/sv\/produkt\/truusk-elektrisk-barnfyrhjuling-25-km-h-framat-bakatgaende-vaxel-for-18-36-manader-gron\/#primaryimage"},"image":{"@id":"https:\/\/truusk.store\/sv\/produkt\/truusk-elektrisk-barnfyrhjuling-25-km-h-framat-bakatgaende-vaxel-for-18-36-manader-gron\/#primaryimage"},"thumbnailUrl":"https:\/\/i0.wp.com\/truusk.store\/wp-content\/uploads\/2025\/09\/elektrisk-barnfyrhjuling-25-km-h-framat-bakatgaende-vaxel-for-18-36-manader-gron-1.webp?fit=2000%2C2000&ssl=1","datePublished":"2025-09-23T03:48:48+00:00","dateModified":"2026-03-12T08:31:10+00:00","breadcrumb":{"@id":"https:\/\/truusk.store\/sv\/produkt\/truusk-elektrisk-barnfyrhjuling-25-km-h-framat-bakatgaende-vaxel-for-18-36-manader-gron\/#breadcrumb"},"inLanguage":"sv-SE","potentialAction":[{"@type":"ReadAction","target":["https:\/\/truusk.store\/sv\/produkt\/truusk-elektrisk-barnfyrhjuling-25-km-h-framat-bakatgaende-vaxel-for-18-36-manader-gron\/"]}]},{"@type":"ImageObject","inLanguage":"sv-SE","@id":"https:\/\/truusk.store\/sv\/produkt\/truusk-elektrisk-barnfyrhjuling-25-km-h-framat-bakatgaende-vaxel-for-18-36-manader-gron\/#primaryimage","url":"https:\/\/i0.wp.com\/truusk.store\/wp-content\/uploads\/2025\/09\/elektrisk-barnfyrhjuling-25-km-h-framat-bakatgaende-vaxel-for-18-36-manader-gron-1.webp?fit=2000%2C2000&ssl=1","contentUrl":"https:\/\/i0.wp.com\/truusk.store\/wp-content\/uploads\/2025\/09\/elektrisk-barnfyrhjuling-25-km-h-framat-bakatgaende-vaxel-for-18-36-manader-gron-1.webp?fit=2000%2C2000&ssl=1","width":2000,"height":2000},{"@type":"BreadcrumbList","@id":"https:\/\/truusk.store\/sv\/produkt\/truusk-elektrisk-barnfyrhjuling-25-km-h-framat-bakatgaende-vaxel-for-18-36-manader-gron\/#breadcrumb","itemListElement":[{"@type":"ListItem","position":1,"name":"Home","item":"https:\/\/truusk.store\/sv\/"},{"@type":"ListItem","position":2,"name":"Shop","item":"https:\/\/truusk.store\/shop\/"},{"@type":"ListItem","position":3,"name":"TRUUSK Elektrisk Barnfyrhjuling &#8211; 2,5 Km\/h &#8211; Fram\u00e5t- &amp; Bak\u00e5tg\u00e5ende V\u00e4xel &#8211; F\u00f6r 18-36 M\u00e5nader &#8211; Gr\u00f6n"}]},{"@type":"WebSite","@id":"https:\/\/truusk.store\/sv\/#website","url":"https:\/\/truusk.store\/sv\/","name":"TRUUSK - Hem, Tr\u00e4dg\u00e5rd & Fritid","description":"","publisher":{"@id":"https:\/\/truusk.store\/sv\/#organization"},"potentialAction":[{"@type":"SearchAction","target":{"@type":"EntryPoint","urlTemplate":"https:\/\/truusk.store\/sv\/?s={search_term_string}"},"query-input":{"@type":"PropertyValueSpecification","valueRequired":true,"valueName":"search_term_string"}}],"inLanguage":"sv-SE"},{"@type":"Organization","@id":"https:\/\/truusk.store\/sv\/#organization","name":"TRUUSK - Hem, Tr\u00e4dg\u00e5rd & Fritid","url":"https:\/\/truusk.store\/sv\/","logo":{"@type":"ImageObject","inLanguage":"sv-SE","@id":"https:\/\/truusk.store\/sv\/#\/schema\/logo\/image\/","url":"https:\/\/i0.wp.com\/truusk.store\/wp-content\/uploads\/2026\/03\/cropped-TRUUSK.png?fit=2032%2C917&ssl=1","contentUrl":"https:\/\/i0.wp.com\/truusk.store\/wp-content\/uploads\/2026\/03\/cropped-TRUUSK.png?fit=2032%2C917&ssl=1","width":2032,"height":917,"caption":"TRUUSK - Hem, Tr\u00e4dg\u00e5rd & Fritid"},"image":{"@id":"https:\/\/truusk.store\/sv\/#\/schema\/logo\/image\/"}}]}},"jetpack_sharing_enabled":true,"_links":{"self":[{"href":"https:\/\/truusk.store\/sv\/wp-json\/wp\/v2\/product\/90778","targetHints":{"allow":["GET"]}}],"collection":[{"href":"https:\/\/truusk.store\/sv\/wp-json\/wp\/v2\/product"}],"about":[{"href":"https:\/\/truusk.store\/sv\/wp-json\/wp\/v2\/types\/product"}],"wp:featuredmedia":[{"embeddable":true,"href":"https:\/\/truusk.store\/sv\/wp-json\/wp\/v2\/media\/90763"}],"wp:attachment":[{"href":"https:\/\/truusk.store\/sv\/wp-json\/wp\/v2\/media?parent=90778"}],"wp:term":[{"taxonomy":"product_brand","embeddable":true,"href":"https:\/\/truusk.store\/sv\/wp-json\/wp\/v2\/product_brand?post=90778"},{"taxonomy":"product_cat","embeddable":true,"href":"https:\/\/truusk.store\/sv\/wp-json\/wp\/v2\/product_cat?post=90778"},{"taxonomy":"product_tag","embeddable":true,"href":"https:\/\/truusk.store\/sv\/wp-json\/wp\/v2\/product_tag?post=90778"}],"curies":[{"name":"wp","href":"https:\/\/api.w.org\/{rel}","templated":true}]}}