{"id":90828,"date":"2025-09-23T04:53:52","date_gmt":"2025-09-23T03:53:52","guid":{"rendered":"https:\/\/truusk.store\/product\/sportnow-fotbollsmal-robust-nat-plast-ram-taltspikar-180l-x-92b-x-124h-cm-vit\/"},"modified":"2026-03-12T09:37:15","modified_gmt":"2026-03-12T08:37:15","slug":"truusk-fotbollsmal-for-barn-robust-nat-och-plastram-taltspikar-180l-x-92b-x-124h-cm-vit","status":"publish","type":"product","link":"https:\/\/truusk.store\/sv\/produkt\/truusk-fotbollsmal-for-barn-robust-nat-och-plastram-taltspikar-180l-x-92b-x-124h-cm-vit\/","title":{"rendered":"TRUUSK Fotbollsm\u00e5l f\u00f6r Barn &#8211; Robust N\u00e4t och Plastram &#8211; T\u00e4ltspikar &#8211; 180L x 92B x 124H cm &#8211; Vit"},"content":{"rendered":"<p>V\u00e5rt SPORTNOW fotbollsm\u00e5l f\u00f6r tr\u00e4dg\u00e5rden \u00e4r portabelt och enkelt att s\u00e4tta upp, s\u00e5 att du kan stanna hemma eller tr\u00e4na p\u00e5 spr\u00e5ng. M\u00e5ln\u00e4tet \u00e4r v\u00e4derbest\u00e4ndigt och dess ram \u00e4r gjord av f\u00f6rst\u00e4rkt plast. Anslut bara ramarna och f\u00e4st n\u00e4tet. Oavsett om du vill tr\u00e4na passningar, skopor eller ett helt spel &#8211; handbollsm\u00e5let har den f\u00f6reskrivna storleken och \u00e4r redo att anv\u00e4ndas inom n\u00e5gra minuter.<\/p>\n<p>Beskrivning:<\/p>\n<ul>\n<li> Robust, slitstarkt allv\u00e4dersn\u00e4t<\/li>\n<li> M\u00e5lets ram av mycket stabil plast \u00e4r vattent\u00e4t, l\u00e4tt och robust f\u00f6r kr\u00e4vande spel<\/li>\n<li> Jordspikar f\u00f6r handbollsm\u00e5let f\u00f6r f\u00f6rankring i mjuk mark<\/li>\n<li> Enkel och snabb montering<\/li>\n<\/ul>\n<p> Tekniska data:<\/p>\n<ul>\n<li> F\u00e4rg: Vit<\/li>\n<li> Material: Plast<\/li>\n<li> Totala dimensioner: 180L x 92B x 124H cm<\/li>\n<li> Maskstorlek: 10L x 10H cm<\/li>\n<\/ul>\n<p>Leveransinneh\u00e5ll:<\/p>\n<ul>\n<li> 1 x n\u00e4t f\u00f6r fotbollsm\u00e5l<\/li>\n<li> 4 x jordspik<\/li>\n<li> Kopplingar<\/li>\n<li> 1 x manual<\/li>\n<\/ul>\n","protected":false},"excerpt":{"rendered":"<p>V\u00e5rt SPORTNOW fotbollsm\u00e5l f\u00f6r tr\u00e4dg\u00e5rden \u00e4r portabelt och enkelt att s\u00e4tta upp, s\u00e5 att du kan stanna hemma eller tr\u00e4na&#8230;<\/p>\n","protected":false},"featured_media":90819,"template":"","meta":[],"product_brand":[],"product_cat":[880,939,983,616],"product_tag":[],"class_list":{"0":"post-90828","1":"product","2":"type-product","3":"status-publish","4":"has-post-thumbnail","6":"product_cat-baby-barn-2","7":"product_cat-barnsport","8":"product_cat-fusballtore","9":"product_cat-utomhusleksaker","11":"first","12":"instock","13":"sale","14":"taxable","15":"shipping-taxable","16":"purchasable","17":"product-type-simple"},"yoast_head":"<!-- This site is optimized with the Yoast SEO plugin v25.4 - https:\/\/yoast.com\/wordpress\/plugins\/seo\/ -->\n<title>TRUUSK Fotbollsm\u00e5l f\u00f6r Barn - Robust N\u00e4t och Plastram - T\u00e4ltspikar - 180L x 92B x 124H cm - Vit - TRUUSK - Hem, Tr\u00e4dg\u00e5rd &amp; Fritid<\/title>\n<meta name=\"robots\" content=\"index, follow, max-snippet:-1, max-image-preview:large, max-video-preview:-1\" \/>\n<link rel=\"canonical\" href=\"https:\/\/truusk.store\/sv\/produkt\/truusk-fotbollsmal-for-barn-robust-nat-och-plastram-taltspikar-180l-x-92b-x-124h-cm-vit\/\" \/>\n<meta property=\"og:locale\" content=\"sv_SE\" \/>\n<meta property=\"og:type\" content=\"article\" \/>\n<meta property=\"og:title\" content=\"TRUUSK Fotbollsm\u00e5l f\u00f6r Barn - Robust N\u00e4t och Plastram - T\u00e4ltspikar - 180L x 92B x 124H cm - Vit - TRUUSK - Hem, Tr\u00e4dg\u00e5rd &amp; Fritid\" \/>\n<meta property=\"og:description\" content=\"V\u00e5rt SPORTNOW fotbollsm\u00e5l f\u00f6r tr\u00e4dg\u00e5rden \u00e4r portabelt och enkelt att s\u00e4tta upp, s\u00e5 att du kan stanna hemma eller tr\u00e4na...\" \/>\n<meta property=\"og:url\" content=\"https:\/\/truusk.store\/sv\/produkt\/truusk-fotbollsmal-for-barn-robust-nat-och-plastram-taltspikar-180l-x-92b-x-124h-cm-vit\/\" \/>\n<meta property=\"og:site_name\" content=\"TRUUSK - Hem, Tr\u00e4dg\u00e5rd &amp; Fritid\" \/>\n<meta property=\"article:modified_time\" content=\"2026-03-12T08:37:15+00:00\" \/>\n<meta property=\"og:image\" content=\"https:\/\/i0.wp.com\/truusk.se\/wp-content\/uploads\/2025\/09\/sportnow-fotbollsmal-robust-nat-plast-ram-taltspikar-180l-x-92b-x-124h-cm-vit-1.webp?fit=2000%2C2000&ssl=1\" \/>\n\t<meta property=\"og:image:width\" content=\"2000\" \/>\n\t<meta property=\"og:image:height\" content=\"2000\" \/>\n\t<meta property=\"og:image:type\" content=\"image\/webp\" \/>\n<meta name=\"twitter:card\" content=\"summary_large_image\" \/>\n<meta name=\"twitter:label1\" content=\"Ber\u00e4knad l\u00e4stid\" \/>\n\t<meta name=\"twitter:data1\" content=\"1 minut\" \/>\n<!-- \/ Yoast SEO plugin. -->","yoast_head_json":{"title":"TRUUSK Fotbollsm\u00e5l f\u00f6r Barn - Robust N\u00e4t och Plastram - T\u00e4ltspikar - 180L x 92B x 124H cm - Vit - TRUUSK - Hem, Tr\u00e4dg\u00e5rd &amp; Fritid","robots":{"index":"index","follow":"follow","max-snippet":"max-snippet:-1","max-image-preview":"max-image-preview:large","max-video-preview":"max-video-preview:-1"},"canonical":"https:\/\/truusk.store\/sv\/produkt\/truusk-fotbollsmal-for-barn-robust-nat-och-plastram-taltspikar-180l-x-92b-x-124h-cm-vit\/","og_locale":"sv_SE","og_type":"article","og_title":"TRUUSK Fotbollsm\u00e5l f\u00f6r Barn - Robust N\u00e4t och Plastram - T\u00e4ltspikar - 180L x 92B x 124H cm - Vit - TRUUSK - Hem, Tr\u00e4dg\u00e5rd &amp; Fritid","og_description":"V\u00e5rt SPORTNOW fotbollsm\u00e5l f\u00f6r tr\u00e4dg\u00e5rden \u00e4r portabelt och enkelt att s\u00e4tta upp, s\u00e5 att du kan stanna hemma eller tr\u00e4na...","og_url":"https:\/\/truusk.store\/sv\/produkt\/truusk-fotbollsmal-for-barn-robust-nat-och-plastram-taltspikar-180l-x-92b-x-124h-cm-vit\/","og_site_name":"TRUUSK - Hem, Tr\u00e4dg\u00e5rd &amp; Fritid","article_modified_time":"2026-03-12T08:37:15+00:00","og_image":[{"width":2000,"height":2000,"url":"https:\/\/i0.wp.com\/truusk.se\/wp-content\/uploads\/2025\/09\/sportnow-fotbollsmal-robust-nat-plast-ram-taltspikar-180l-x-92b-x-124h-cm-vit-1.webp?fit=2000%2C2000&ssl=1","type":"image\/webp"}],"twitter_card":"summary_large_image","twitter_misc":{"Ber\u00e4knad l\u00e4stid":"1 minut"},"schema":{"@context":"https:\/\/schema.org","@graph":[{"@type":"WebPage","@id":"https:\/\/truusk.store\/sv\/produkt\/truusk-fotbollsmal-for-barn-robust-nat-och-plastram-taltspikar-180l-x-92b-x-124h-cm-vit\/","url":"https:\/\/truusk.store\/sv\/produkt\/truusk-fotbollsmal-for-barn-robust-nat-och-plastram-taltspikar-180l-x-92b-x-124h-cm-vit\/","name":"TRUUSK Fotbollsm\u00e5l f\u00f6r Barn - Robust N\u00e4t och Plastram - T\u00e4ltspikar - 180L x 92B x 124H cm - Vit - TRUUSK - Hem, Tr\u00e4dg\u00e5rd &amp; Fritid","isPartOf":{"@id":"https:\/\/truusk.store\/sv\/#website"},"primaryImageOfPage":{"@id":"https:\/\/truusk.store\/sv\/produkt\/truusk-fotbollsmal-for-barn-robust-nat-och-plastram-taltspikar-180l-x-92b-x-124h-cm-vit\/#primaryimage"},"image":{"@id":"https:\/\/truusk.store\/sv\/produkt\/truusk-fotbollsmal-for-barn-robust-nat-och-plastram-taltspikar-180l-x-92b-x-124h-cm-vit\/#primaryimage"},"thumbnailUrl":"https:\/\/i0.wp.com\/truusk.store\/wp-content\/uploads\/2025\/09\/sportnow-fotbollsmal-robust-nat-plast-ram-taltspikar-180l-x-92b-x-124h-cm-vit-1.webp?fit=2000%2C2000&ssl=1","datePublished":"2025-09-23T03:53:52+00:00","dateModified":"2026-03-12T08:37:15+00:00","breadcrumb":{"@id":"https:\/\/truusk.store\/sv\/produkt\/truusk-fotbollsmal-for-barn-robust-nat-och-plastram-taltspikar-180l-x-92b-x-124h-cm-vit\/#breadcrumb"},"inLanguage":"sv-SE","potentialAction":[{"@type":"ReadAction","target":["https:\/\/truusk.store\/sv\/produkt\/truusk-fotbollsmal-for-barn-robust-nat-och-plastram-taltspikar-180l-x-92b-x-124h-cm-vit\/"]}]},{"@type":"ImageObject","inLanguage":"sv-SE","@id":"https:\/\/truusk.store\/sv\/produkt\/truusk-fotbollsmal-for-barn-robust-nat-och-plastram-taltspikar-180l-x-92b-x-124h-cm-vit\/#primaryimage","url":"https:\/\/i0.wp.com\/truusk.store\/wp-content\/uploads\/2025\/09\/sportnow-fotbollsmal-robust-nat-plast-ram-taltspikar-180l-x-92b-x-124h-cm-vit-1.webp?fit=2000%2C2000&ssl=1","contentUrl":"https:\/\/i0.wp.com\/truusk.store\/wp-content\/uploads\/2025\/09\/sportnow-fotbollsmal-robust-nat-plast-ram-taltspikar-180l-x-92b-x-124h-cm-vit-1.webp?fit=2000%2C2000&ssl=1","width":2000,"height":2000},{"@type":"BreadcrumbList","@id":"https:\/\/truusk.store\/sv\/produkt\/truusk-fotbollsmal-for-barn-robust-nat-och-plastram-taltspikar-180l-x-92b-x-124h-cm-vit\/#breadcrumb","itemListElement":[{"@type":"ListItem","position":1,"name":"Home","item":"https:\/\/truusk.store\/sv\/"},{"@type":"ListItem","position":2,"name":"Shop","item":"https:\/\/truusk.store\/shop\/"},{"@type":"ListItem","position":3,"name":"TRUUSK Fotbollsm\u00e5l f\u00f6r Barn &#8211; Robust N\u00e4t och Plastram &#8211; T\u00e4ltspikar &#8211; 180L x 92B x 124H cm &#8211; Vit"}]},{"@type":"WebSite","@id":"https:\/\/truusk.store\/sv\/#website","url":"https:\/\/truusk.store\/sv\/","name":"TRUUSK - Hem, Tr\u00e4dg\u00e5rd & Fritid","description":"","publisher":{"@id":"https:\/\/truusk.store\/sv\/#organization"},"potentialAction":[{"@type":"SearchAction","target":{"@type":"EntryPoint","urlTemplate":"https:\/\/truusk.store\/sv\/?s={search_term_string}"},"query-input":{"@type":"PropertyValueSpecification","valueRequired":true,"valueName":"search_term_string"}}],"inLanguage":"sv-SE"},{"@type":"Organization","@id":"https:\/\/truusk.store\/sv\/#organization","name":"TRUUSK - Hem, Tr\u00e4dg\u00e5rd & Fritid","url":"https:\/\/truusk.store\/sv\/","logo":{"@type":"ImageObject","inLanguage":"sv-SE","@id":"https:\/\/truusk.store\/sv\/#\/schema\/logo\/image\/","url":"https:\/\/i0.wp.com\/truusk.store\/wp-content\/uploads\/2026\/03\/cropped-TRUUSK.png?fit=2032%2C917&ssl=1","contentUrl":"https:\/\/i0.wp.com\/truusk.store\/wp-content\/uploads\/2026\/03\/cropped-TRUUSK.png?fit=2032%2C917&ssl=1","width":2032,"height":917,"caption":"TRUUSK - Hem, Tr\u00e4dg\u00e5rd & Fritid"},"image":{"@id":"https:\/\/truusk.store\/sv\/#\/schema\/logo\/image\/"}}]}},"jetpack_sharing_enabled":true,"_links":{"self":[{"href":"https:\/\/truusk.store\/sv\/wp-json\/wp\/v2\/product\/90828","targetHints":{"allow":["GET"]}}],"collection":[{"href":"https:\/\/truusk.store\/sv\/wp-json\/wp\/v2\/product"}],"about":[{"href":"https:\/\/truusk.store\/sv\/wp-json\/wp\/v2\/types\/product"}],"wp:featuredmedia":[{"embeddable":true,"href":"https:\/\/truusk.store\/sv\/wp-json\/wp\/v2\/media\/90819"}],"wp:attachment":[{"href":"https:\/\/truusk.store\/sv\/wp-json\/wp\/v2\/media?parent=90828"}],"wp:term":[{"taxonomy":"product_brand","embeddable":true,"href":"https:\/\/truusk.store\/sv\/wp-json\/wp\/v2\/product_brand?post=90828"},{"taxonomy":"product_cat","embeddable":true,"href":"https:\/\/truusk.store\/sv\/wp-json\/wp\/v2\/product_cat?post=90828"},{"taxonomy":"product_tag","embeddable":true,"href":"https:\/\/truusk.store\/sv\/wp-json\/wp\/v2\/product_tag?post=90828"}],"curies":[{"name":"wp","href":"https:\/\/api.w.org\/{rel}","templated":true}]}}