{"id":90851,"date":"2025-09-23T04:56:10","date_gmt":"2025-09-23T03:56:10","guid":{"rendered":"https:\/\/truusk.store\/product\/grilloverdrag-skyddsoverdrag-for-grill-vaderbestandig-147-x-61-x-120cm-svart\/"},"modified":"2026-03-12T09:39:22","modified_gmt":"2026-03-12T08:39:22","slug":"truusk-hundvagn-och-kattvagn-2-i-1-design-lattvikt-fallbar-regnskydd-mesh-fonster-for-hundar-och-katter-upp-till-10","status":"publish","type":"product","link":"https:\/\/truusk.store\/sv\/produkt\/truusk-hundvagn-och-kattvagn-2-i-1-design-lattvikt-fallbar-regnskydd-mesh-fonster-for-hundar-och-katter-upp-till-10\/","title":{"rendered":"TRUUSK Hundvagn och Kattvagn &#8211; 2-i-1 Design &#8211; L\u00e4ttvikt &#8211; F\u00e4llbar &#8211; Regnskydd &#8211; Mesh-f\u00f6nster &#8211; F\u00f6r Hundar och Katter upp till 10"},"content":{"rendered":"<p>Skydda din grill stilfullt med detta TRUUSK-\u00f6verdrag! Detta gasgrill\u00f6verdrag \u00e4r tillverkat av 420D Oxford-tyg med bel\u00e4ggning. Det skyddar mot vatten, UV-str\u00e5lar och damm. Den praktiska dragskon och kardborrebanden garanterar en perfekt passform, s\u00e5 att din grill \u00e4r redo att anv\u00e4ndas \u00e5ret runt. Koppla av med detta eleganta och p\u00e5litliga skydd.<\/p>\n<p>Beskrivning:<\/p>\n<ul>\n<li> Det rektangul\u00e4ra grill\u00f6verdraget passar \u00f6ver de flesta grillar<\/li>\n<li> 420D Oxford-tyg med PU-bel\u00e4ggning erbjuder vattent\u00e4tt skydd<\/li>\n<li> UV-resistent material f\u00f6rhindrar att f\u00e4rgen bleknar och tyget skadas<\/li>\n<li> Dammt\u00e4t design h\u00e5ller grillen ren och redo att anv\u00e4ndas<\/li>\n<li> Dragsko och kardborreband s\u00e4krar \u00f6verdraget vid vind<\/li>\n<li> L\u00e4mplig f\u00f6r \u00e5ret-runt-skydd av utomhusgrillar<\/li>\n<\/ul>\n<p> Tekniska data:<\/p>\n<ul>\n<li> F\u00e4rg: Svart<\/li>\n<li> Material: 420D Oxford-tyg (100% Polyester)<\/li>\n<li> Totala dimensioner: 147L x 61B x 120H cm<\/li>\n<li> L\u00e4mpliga grilldimensioner: 145L x 55B x 85\/110H cm<\/li>\n<\/ul>\n<p>Leveransinneh\u00e5ll:<\/p>\n<ul>\n<li> 1 x Grill\u00f6verdrag;<\/li>\n<\/ul>\n","protected":false},"excerpt":{"rendered":"<p>Skydda din grill stilfullt med detta TRUUSK-\u00f6verdrag! Detta gasgrill\u00f6verdrag \u00e4r tillverkat av 420D Oxford-tyg med bel\u00e4ggning. Det skyddar mot vatten,&#8230;<\/p>\n","protected":false},"featured_media":90839,"template":"","meta":[],"product_brand":[],"product_cat":[1043,440,858],"product_tag":[],"class_list":{"0":"post-90851","1":"product","2":"type-product","3":"status-publish","4":"has-post-thumbnail","6":"product_cat-grilla-varma","7":"product_cat-grillar","8":"product_cat-tradgard-terrass","10":"first","11":"instock","12":"sale","13":"taxable","14":"shipping-taxable","15":"purchasable","16":"product-type-simple"},"yoast_head":"<!-- This site is optimized with the Yoast SEO plugin v25.4 - https:\/\/yoast.com\/wordpress\/plugins\/seo\/ -->\n<title>TRUUSK Hundvagn och Kattvagn - 2-i-1 Design - L\u00e4ttvikt - F\u00e4llbar - Regnskydd - Mesh-f\u00f6nster - F\u00f6r Hundar och Katter upp till 10 - TRUUSK - Hem, Tr\u00e4dg\u00e5rd &amp; Fritid<\/title>\n<meta name=\"robots\" content=\"index, follow, max-snippet:-1, max-image-preview:large, max-video-preview:-1\" \/>\n<link rel=\"canonical\" href=\"https:\/\/truusk.store\/sv\/produkt\/truusk-hundvagn-och-kattvagn-2-i-1-design-lattvikt-fallbar-regnskydd-mesh-fonster-for-hundar-och-katter-upp-till-10\/\" \/>\n<meta property=\"og:locale\" content=\"sv_SE\" \/>\n<meta property=\"og:type\" content=\"article\" \/>\n<meta property=\"og:title\" content=\"TRUUSK Hundvagn och Kattvagn - 2-i-1 Design - L\u00e4ttvikt - F\u00e4llbar - Regnskydd - Mesh-f\u00f6nster - F\u00f6r Hundar och Katter upp till 10 - TRUUSK - Hem, Tr\u00e4dg\u00e5rd &amp; Fritid\" \/>\n<meta property=\"og:description\" content=\"Skydda din grill stilfullt med detta TRUUSK-\u00f6verdrag! Detta gasgrill\u00f6verdrag \u00e4r tillverkat av 420D Oxford-tyg med bel\u00e4ggning. Det skyddar mot vatten,...\" \/>\n<meta property=\"og:url\" content=\"https:\/\/truusk.store\/sv\/produkt\/truusk-hundvagn-och-kattvagn-2-i-1-design-lattvikt-fallbar-regnskydd-mesh-fonster-for-hundar-och-katter-upp-till-10\/\" \/>\n<meta property=\"og:site_name\" content=\"TRUUSK - Hem, Tr\u00e4dg\u00e5rd &amp; Fritid\" \/>\n<meta property=\"article:modified_time\" content=\"2026-03-12T08:39:22+00:00\" \/>\n<meta property=\"og:image\" content=\"https:\/\/i0.wp.com\/truusk.se\/wp-content\/uploads\/2025\/09\/grilloverdrag-skyddsoverdrag-for-grill-vaderbestandig-147-x-61-x-120cm-svart-1.webp?fit=2000%2C2000&ssl=1\" \/>\n\t<meta property=\"og:image:width\" content=\"2000\" \/>\n\t<meta property=\"og:image:height\" content=\"2000\" \/>\n\t<meta property=\"og:image:type\" content=\"image\/webp\" \/>\n<meta name=\"twitter:card\" content=\"summary_large_image\" \/>\n<meta name=\"twitter:label1\" content=\"Ber\u00e4knad l\u00e4stid\" \/>\n\t<meta name=\"twitter:data1\" content=\"1 minut\" \/>\n<!-- \/ Yoast SEO plugin. -->","yoast_head_json":{"title":"TRUUSK Hundvagn och Kattvagn - 2-i-1 Design - L\u00e4ttvikt - F\u00e4llbar - Regnskydd - Mesh-f\u00f6nster - F\u00f6r Hundar och Katter upp till 10 - TRUUSK - Hem, Tr\u00e4dg\u00e5rd &amp; Fritid","robots":{"index":"index","follow":"follow","max-snippet":"max-snippet:-1","max-image-preview":"max-image-preview:large","max-video-preview":"max-video-preview:-1"},"canonical":"https:\/\/truusk.store\/sv\/produkt\/truusk-hundvagn-och-kattvagn-2-i-1-design-lattvikt-fallbar-regnskydd-mesh-fonster-for-hundar-och-katter-upp-till-10\/","og_locale":"sv_SE","og_type":"article","og_title":"TRUUSK Hundvagn och Kattvagn - 2-i-1 Design - L\u00e4ttvikt - F\u00e4llbar - Regnskydd - Mesh-f\u00f6nster - F\u00f6r Hundar och Katter upp till 10 - TRUUSK - Hem, Tr\u00e4dg\u00e5rd &amp; Fritid","og_description":"Skydda din grill stilfullt med detta TRUUSK-\u00f6verdrag! Detta gasgrill\u00f6verdrag \u00e4r tillverkat av 420D Oxford-tyg med bel\u00e4ggning. Det skyddar mot vatten,...","og_url":"https:\/\/truusk.store\/sv\/produkt\/truusk-hundvagn-och-kattvagn-2-i-1-design-lattvikt-fallbar-regnskydd-mesh-fonster-for-hundar-och-katter-upp-till-10\/","og_site_name":"TRUUSK - Hem, Tr\u00e4dg\u00e5rd &amp; Fritid","article_modified_time":"2026-03-12T08:39:22+00:00","og_image":[{"width":2000,"height":2000,"url":"https:\/\/i0.wp.com\/truusk.se\/wp-content\/uploads\/2025\/09\/grilloverdrag-skyddsoverdrag-for-grill-vaderbestandig-147-x-61-x-120cm-svart-1.webp?fit=2000%2C2000&ssl=1","type":"image\/webp"}],"twitter_card":"summary_large_image","twitter_misc":{"Ber\u00e4knad l\u00e4stid":"1 minut"},"schema":{"@context":"https:\/\/schema.org","@graph":[{"@type":"WebPage","@id":"https:\/\/truusk.store\/sv\/produkt\/truusk-hundvagn-och-kattvagn-2-i-1-design-lattvikt-fallbar-regnskydd-mesh-fonster-for-hundar-och-katter-upp-till-10\/","url":"https:\/\/truusk.store\/sv\/produkt\/truusk-hundvagn-och-kattvagn-2-i-1-design-lattvikt-fallbar-regnskydd-mesh-fonster-for-hundar-och-katter-upp-till-10\/","name":"TRUUSK Hundvagn och Kattvagn - 2-i-1 Design - L\u00e4ttvikt - F\u00e4llbar - Regnskydd - Mesh-f\u00f6nster - F\u00f6r Hundar och Katter upp till 10 - TRUUSK - Hem, Tr\u00e4dg\u00e5rd &amp; Fritid","isPartOf":{"@id":"https:\/\/truusk.store\/sv\/#website"},"primaryImageOfPage":{"@id":"https:\/\/truusk.store\/sv\/produkt\/truusk-hundvagn-och-kattvagn-2-i-1-design-lattvikt-fallbar-regnskydd-mesh-fonster-for-hundar-och-katter-upp-till-10\/#primaryimage"},"image":{"@id":"https:\/\/truusk.store\/sv\/produkt\/truusk-hundvagn-och-kattvagn-2-i-1-design-lattvikt-fallbar-regnskydd-mesh-fonster-for-hundar-och-katter-upp-till-10\/#primaryimage"},"thumbnailUrl":"https:\/\/i0.wp.com\/truusk.store\/wp-content\/uploads\/2025\/09\/grilloverdrag-skyddsoverdrag-for-grill-vaderbestandig-147-x-61-x-120cm-svart-1.webp?fit=2000%2C2000&ssl=1","datePublished":"2025-09-23T03:56:10+00:00","dateModified":"2026-03-12T08:39:22+00:00","breadcrumb":{"@id":"https:\/\/truusk.store\/sv\/produkt\/truusk-hundvagn-och-kattvagn-2-i-1-design-lattvikt-fallbar-regnskydd-mesh-fonster-for-hundar-och-katter-upp-till-10\/#breadcrumb"},"inLanguage":"sv-SE","potentialAction":[{"@type":"ReadAction","target":["https:\/\/truusk.store\/sv\/produkt\/truusk-hundvagn-och-kattvagn-2-i-1-design-lattvikt-fallbar-regnskydd-mesh-fonster-for-hundar-och-katter-upp-till-10\/"]}]},{"@type":"ImageObject","inLanguage":"sv-SE","@id":"https:\/\/truusk.store\/sv\/produkt\/truusk-hundvagn-och-kattvagn-2-i-1-design-lattvikt-fallbar-regnskydd-mesh-fonster-for-hundar-och-katter-upp-till-10\/#primaryimage","url":"https:\/\/i0.wp.com\/truusk.store\/wp-content\/uploads\/2025\/09\/grilloverdrag-skyddsoverdrag-for-grill-vaderbestandig-147-x-61-x-120cm-svart-1.webp?fit=2000%2C2000&ssl=1","contentUrl":"https:\/\/i0.wp.com\/truusk.store\/wp-content\/uploads\/2025\/09\/grilloverdrag-skyddsoverdrag-for-grill-vaderbestandig-147-x-61-x-120cm-svart-1.webp?fit=2000%2C2000&ssl=1","width":2000,"height":2000},{"@type":"BreadcrumbList","@id":"https:\/\/truusk.store\/sv\/produkt\/truusk-hundvagn-och-kattvagn-2-i-1-design-lattvikt-fallbar-regnskydd-mesh-fonster-for-hundar-och-katter-upp-till-10\/#breadcrumb","itemListElement":[{"@type":"ListItem","position":1,"name":"Home","item":"https:\/\/truusk.store\/sv\/"},{"@type":"ListItem","position":2,"name":"Shop","item":"https:\/\/truusk.store\/shop\/"},{"@type":"ListItem","position":3,"name":"TRUUSK Hundvagn och Kattvagn &#8211; 2-i-1 Design &#8211; L\u00e4ttvikt &#8211; F\u00e4llbar &#8211; Regnskydd &#8211; Mesh-f\u00f6nster &#8211; F\u00f6r Hundar och Katter upp till 10"}]},{"@type":"WebSite","@id":"https:\/\/truusk.store\/sv\/#website","url":"https:\/\/truusk.store\/sv\/","name":"TRUUSK - Hem, Tr\u00e4dg\u00e5rd & Fritid","description":"","publisher":{"@id":"https:\/\/truusk.store\/sv\/#organization"},"potentialAction":[{"@type":"SearchAction","target":{"@type":"EntryPoint","urlTemplate":"https:\/\/truusk.store\/sv\/?s={search_term_string}"},"query-input":{"@type":"PropertyValueSpecification","valueRequired":true,"valueName":"search_term_string"}}],"inLanguage":"sv-SE"},{"@type":"Organization","@id":"https:\/\/truusk.store\/sv\/#organization","name":"TRUUSK - Hem, Tr\u00e4dg\u00e5rd & Fritid","url":"https:\/\/truusk.store\/sv\/","logo":{"@type":"ImageObject","inLanguage":"sv-SE","@id":"https:\/\/truusk.store\/sv\/#\/schema\/logo\/image\/","url":"https:\/\/i0.wp.com\/truusk.store\/wp-content\/uploads\/2026\/03\/cropped-TRUUSK.png?fit=2032%2C917&ssl=1","contentUrl":"https:\/\/i0.wp.com\/truusk.store\/wp-content\/uploads\/2026\/03\/cropped-TRUUSK.png?fit=2032%2C917&ssl=1","width":2032,"height":917,"caption":"TRUUSK - Hem, Tr\u00e4dg\u00e5rd & Fritid"},"image":{"@id":"https:\/\/truusk.store\/sv\/#\/schema\/logo\/image\/"}}]}},"jetpack_sharing_enabled":true,"_links":{"self":[{"href":"https:\/\/truusk.store\/sv\/wp-json\/wp\/v2\/product\/90851","targetHints":{"allow":["GET"]}}],"collection":[{"href":"https:\/\/truusk.store\/sv\/wp-json\/wp\/v2\/product"}],"about":[{"href":"https:\/\/truusk.store\/sv\/wp-json\/wp\/v2\/types\/product"}],"wp:featuredmedia":[{"embeddable":true,"href":"https:\/\/truusk.store\/sv\/wp-json\/wp\/v2\/media\/90839"}],"wp:attachment":[{"href":"https:\/\/truusk.store\/sv\/wp-json\/wp\/v2\/media?parent=90851"}],"wp:term":[{"taxonomy":"product_brand","embeddable":true,"href":"https:\/\/truusk.store\/sv\/wp-json\/wp\/v2\/product_brand?post=90851"},{"taxonomy":"product_cat","embeddable":true,"href":"https:\/\/truusk.store\/sv\/wp-json\/wp\/v2\/product_cat?post=90851"},{"taxonomy":"product_tag","embeddable":true,"href":"https:\/\/truusk.store\/sv\/wp-json\/wp\/v2\/product_tag?post=90851"}],"curies":[{"name":"wp","href":"https:\/\/api.w.org\/{rel}","templated":true}]}}