{"id":9090,"date":"2024-02-13T09:35:32","date_gmt":"2024-02-13T08:35:32","guid":{"rendered":"https:\/\/truusk.store\/product\/hundtraningsset-hoppring-for-agilitytraning-for-husdjur-barbar-pe-vit-orange-745-x-66-x-91-cm\/"},"modified":"2026-03-12T08:55:55","modified_gmt":"2026-03-12T07:55:55","slug":"truusk-agility-hundtraningsset-hoppring-barbar-pe-material-vit-orange-745-x-66-x-91-cm","status":"publish","type":"product","link":"https:\/\/truusk.store\/sv\/produkt\/truusk-agility-hundtraningsset-hoppring-barbar-pe-material-vit-orange-745-x-66-x-91-cm\/","title":{"rendered":"TRUUSK Agility Hundtr\u00e4ningsset &#8211; Hoppring &#8211; B\u00e4rbar &#8211; PE Material &#8211; Vit\/Orange &#8211; 74,5 x 66 x 91 cm"},"content":{"rendered":"<p>Med detta agilityhinder kan du tr\u00e4na kondition och lydnad tillsammans med ditt djur. Din \u00e4lskade kommer att ha kul och ni kan f\u00f6rb\u00e4ttra er relation med varandra. Ringen kan s\u00e4ttas upp p\u00e5 vilken plan yta som helst och \u00e4r l\u00e4tt att ta med sig tack vare sin l\u00e5ga vikt och praktiska b\u00e4rv\u00e4ska. Du kan anv\u00e4nda hindret med eller utan ring och f\u00f6rvandla det till ett bomhinder. Montering och demontering \u00e4r mycket enkelt och du kan komma ig\u00e5ng direkt!<\/p>\n<h3>Beskrivning:<\/h3>\n<ul>\n<li>2-i-1 ringh\u00e4ck f\u00f6r agilitytr\u00e4ning<\/li>\n<li>Tr\u00e4nar ditt djur och st\u00e4rker din relation<\/li>\n<li>L\u00e4tt att montera och demontera, l\u00e5g vikt<\/li>\n<li>L\u00e4mplig f\u00f6r alla plana ytor<\/li>\n<li>Inkluderar b\u00e4rv\u00e4ska gjord av 600D oxford-tyg<\/li>\n<\/ul>\n<h3>Teknisk data:<\/h3>\n<ul>\n<li>Material: PE-plast<\/li>\n<li>F\u00e4rg: Orange + Vit<\/li>\n<li>Vikt: 1,5 kg<\/li>\n<li>\u00d6vergripande m\u00e5tt: L74,5 x D66 x H91 cm<\/li>\n<li>Ringens h\u00f6jd: 1560 cm<\/li>\n<\/ul>\n<h3>Leveransens omfattning:<\/h3>\n<ul>\n<li>1 x hundtr\u00e4ningsset (inklusive b\u00e4rv\u00e4ska)<\/li>\n<li>1 x Monteringsanvisning<\/li>\n<\/ul>\n","protected":false},"excerpt":{"rendered":"<p>Med detta agilityhinder kan du tr\u00e4na kondition och lydnad tillsammans med ditt djur. Din \u00e4lskade kommer att ha kul och&#8230;<\/p>\n","protected":false},"featured_media":9091,"template":"","meta":[],"product_brand":[],"product_cat":[578,574,573],"product_tag":[],"class_list":{"0":"post-9090","1":"product","2":"type-product","3":"status-publish","4":"has-post-thumbnail","6":"product_cat-agility-set","7":"product_cat-hundtillbehor","8":"product_cat-husdjursmaterial","10":"first","11":"instock","12":"sale","13":"taxable","14":"shipping-taxable","15":"purchasable","16":"product-type-simple"},"yoast_head":"<!-- This site is optimized with the Yoast SEO plugin v25.4 - https:\/\/yoast.com\/wordpress\/plugins\/seo\/ -->\n<title>TRUUSK Agility Hundtr\u00e4ningsset - Hoppring - B\u00e4rbar - PE Material - Vit\/Orange - 74,5 x 66 x 91 cm - TRUUSK - Hem, Tr\u00e4dg\u00e5rd &amp; Fritid<\/title>\n<meta name=\"robots\" content=\"index, follow, max-snippet:-1, max-image-preview:large, max-video-preview:-1\" \/>\n<link rel=\"canonical\" href=\"https:\/\/truusk.store\/sv\/produkt\/truusk-agility-hundtraningsset-hoppring-barbar-pe-material-vit-orange-745-x-66-x-91-cm\/\" \/>\n<meta property=\"og:locale\" content=\"sv_SE\" \/>\n<meta property=\"og:type\" content=\"article\" \/>\n<meta property=\"og:title\" content=\"TRUUSK Agility Hundtr\u00e4ningsset - Hoppring - B\u00e4rbar - PE Material - Vit\/Orange - 74,5 x 66 x 91 cm - TRUUSK - Hem, Tr\u00e4dg\u00e5rd &amp; Fritid\" \/>\n<meta property=\"og:description\" content=\"Med detta agilityhinder kan du tr\u00e4na kondition och lydnad tillsammans med ditt djur. Din \u00e4lskade kommer att ha kul och...\" \/>\n<meta property=\"og:url\" content=\"https:\/\/truusk.store\/sv\/produkt\/truusk-agility-hundtraningsset-hoppring-barbar-pe-material-vit-orange-745-x-66-x-91-cm\/\" \/>\n<meta property=\"og:site_name\" content=\"TRUUSK - Hem, Tr\u00e4dg\u00e5rd &amp; Fritid\" \/>\n<meta property=\"article:modified_time\" content=\"2026-03-12T07:55:55+00:00\" \/>\n<meta property=\"og:image\" content=\"https:\/\/i0.wp.com\/truusk.se\/wp-content\/uploads\/2024\/02\/hundtraningsset-hoppring-for-agilitytraning-for-husdjur-barbar-pe-vit-orange-745-x-66-x-91-cm.webp?fit=800%2C800&ssl=1\" \/>\n\t<meta property=\"og:image:width\" content=\"800\" \/>\n\t<meta property=\"og:image:height\" content=\"800\" \/>\n\t<meta property=\"og:image:type\" content=\"image\/webp\" \/>\n<meta name=\"twitter:card\" content=\"summary_large_image\" \/>\n<meta name=\"twitter:label1\" content=\"Ber\u00e4knad l\u00e4stid\" \/>\n\t<meta name=\"twitter:data1\" content=\"1 minut\" \/>\n<!-- \/ Yoast SEO plugin. -->","yoast_head_json":{"title":"TRUUSK Agility Hundtr\u00e4ningsset - Hoppring - B\u00e4rbar - PE Material - Vit\/Orange - 74,5 x 66 x 91 cm - TRUUSK - Hem, Tr\u00e4dg\u00e5rd &amp; Fritid","robots":{"index":"index","follow":"follow","max-snippet":"max-snippet:-1","max-image-preview":"max-image-preview:large","max-video-preview":"max-video-preview:-1"},"canonical":"https:\/\/truusk.store\/sv\/produkt\/truusk-agility-hundtraningsset-hoppring-barbar-pe-material-vit-orange-745-x-66-x-91-cm\/","og_locale":"sv_SE","og_type":"article","og_title":"TRUUSK Agility Hundtr\u00e4ningsset - Hoppring - B\u00e4rbar - PE Material - Vit\/Orange - 74,5 x 66 x 91 cm - TRUUSK - Hem, Tr\u00e4dg\u00e5rd &amp; Fritid","og_description":"Med detta agilityhinder kan du tr\u00e4na kondition och lydnad tillsammans med ditt djur. Din \u00e4lskade kommer att ha kul och...","og_url":"https:\/\/truusk.store\/sv\/produkt\/truusk-agility-hundtraningsset-hoppring-barbar-pe-material-vit-orange-745-x-66-x-91-cm\/","og_site_name":"TRUUSK - Hem, Tr\u00e4dg\u00e5rd &amp; Fritid","article_modified_time":"2026-03-12T07:55:55+00:00","og_image":[{"width":800,"height":800,"url":"https:\/\/i0.wp.com\/truusk.se\/wp-content\/uploads\/2024\/02\/hundtraningsset-hoppring-for-agilitytraning-for-husdjur-barbar-pe-vit-orange-745-x-66-x-91-cm.webp?fit=800%2C800&ssl=1","type":"image\/webp"}],"twitter_card":"summary_large_image","twitter_misc":{"Ber\u00e4knad l\u00e4stid":"1 minut"},"schema":{"@context":"https:\/\/schema.org","@graph":[{"@type":"WebPage","@id":"https:\/\/truusk.store\/sv\/produkt\/truusk-agility-hundtraningsset-hoppring-barbar-pe-material-vit-orange-745-x-66-x-91-cm\/","url":"https:\/\/truusk.store\/sv\/produkt\/truusk-agility-hundtraningsset-hoppring-barbar-pe-material-vit-orange-745-x-66-x-91-cm\/","name":"TRUUSK Agility Hundtr\u00e4ningsset - Hoppring - B\u00e4rbar - PE Material - Vit\/Orange - 74,5 x 66 x 91 cm - TRUUSK - Hem, Tr\u00e4dg\u00e5rd &amp; Fritid","isPartOf":{"@id":"https:\/\/truusk.store\/sv\/#website"},"primaryImageOfPage":{"@id":"https:\/\/truusk.store\/sv\/produkt\/truusk-agility-hundtraningsset-hoppring-barbar-pe-material-vit-orange-745-x-66-x-91-cm\/#primaryimage"},"image":{"@id":"https:\/\/truusk.store\/sv\/produkt\/truusk-agility-hundtraningsset-hoppring-barbar-pe-material-vit-orange-745-x-66-x-91-cm\/#primaryimage"},"thumbnailUrl":"https:\/\/i0.wp.com\/truusk.store\/wp-content\/uploads\/2024\/02\/hundtraningsset-hoppring-for-agilitytraning-for-husdjur-barbar-pe-vit-orange-745-x-66-x-91-cm.webp?fit=800%2C800&ssl=1","datePublished":"2024-02-13T08:35:32+00:00","dateModified":"2026-03-12T07:55:55+00:00","breadcrumb":{"@id":"https:\/\/truusk.store\/sv\/produkt\/truusk-agility-hundtraningsset-hoppring-barbar-pe-material-vit-orange-745-x-66-x-91-cm\/#breadcrumb"},"inLanguage":"sv-SE","potentialAction":[{"@type":"ReadAction","target":["https:\/\/truusk.store\/sv\/produkt\/truusk-agility-hundtraningsset-hoppring-barbar-pe-material-vit-orange-745-x-66-x-91-cm\/"]}]},{"@type":"ImageObject","inLanguage":"sv-SE","@id":"https:\/\/truusk.store\/sv\/produkt\/truusk-agility-hundtraningsset-hoppring-barbar-pe-material-vit-orange-745-x-66-x-91-cm\/#primaryimage","url":"https:\/\/i0.wp.com\/truusk.store\/wp-content\/uploads\/2024\/02\/hundtraningsset-hoppring-for-agilitytraning-for-husdjur-barbar-pe-vit-orange-745-x-66-x-91-cm.webp?fit=800%2C800&ssl=1","contentUrl":"https:\/\/i0.wp.com\/truusk.store\/wp-content\/uploads\/2024\/02\/hundtraningsset-hoppring-for-agilitytraning-for-husdjur-barbar-pe-vit-orange-745-x-66-x-91-cm.webp?fit=800%2C800&ssl=1","width":800,"height":800,"caption":"Hundtr\u00e4ningsset Hoppring F\u00f6r Agilitytr\u00e4ning F\u00f6r Husdjur B\u00e4rbar PE Vit + Orange 74,5 X 66 X 91 Cm 1"},{"@type":"BreadcrumbList","@id":"https:\/\/truusk.store\/sv\/produkt\/truusk-agility-hundtraningsset-hoppring-barbar-pe-material-vit-orange-745-x-66-x-91-cm\/#breadcrumb","itemListElement":[{"@type":"ListItem","position":1,"name":"Home","item":"https:\/\/truusk.store\/sv\/"},{"@type":"ListItem","position":2,"name":"Shop","item":"https:\/\/truusk.store\/shop\/"},{"@type":"ListItem","position":3,"name":"TRUUSK Agility Hundtr\u00e4ningsset &#8211; Hoppring &#8211; B\u00e4rbar &#8211; PE Material &#8211; Vit\/Orange &#8211; 74,5 x 66 x 91 cm"}]},{"@type":"WebSite","@id":"https:\/\/truusk.store\/sv\/#website","url":"https:\/\/truusk.store\/sv\/","name":"TRUUSK - Hem, Tr\u00e4dg\u00e5rd & Fritid","description":"","publisher":{"@id":"https:\/\/truusk.store\/sv\/#organization"},"potentialAction":[{"@type":"SearchAction","target":{"@type":"EntryPoint","urlTemplate":"https:\/\/truusk.store\/sv\/?s={search_term_string}"},"query-input":{"@type":"PropertyValueSpecification","valueRequired":true,"valueName":"search_term_string"}}],"inLanguage":"sv-SE"},{"@type":"Organization","@id":"https:\/\/truusk.store\/sv\/#organization","name":"TRUUSK - Hem, Tr\u00e4dg\u00e5rd & Fritid","url":"https:\/\/truusk.store\/sv\/","logo":{"@type":"ImageObject","inLanguage":"sv-SE","@id":"https:\/\/truusk.store\/sv\/#\/schema\/logo\/image\/","url":"https:\/\/i0.wp.com\/truusk.store\/wp-content\/uploads\/2026\/03\/cropped-TRUUSK.png?fit=2032%2C917&ssl=1","contentUrl":"https:\/\/i0.wp.com\/truusk.store\/wp-content\/uploads\/2026\/03\/cropped-TRUUSK.png?fit=2032%2C917&ssl=1","width":2032,"height":917,"caption":"TRUUSK - Hem, Tr\u00e4dg\u00e5rd & Fritid"},"image":{"@id":"https:\/\/truusk.store\/sv\/#\/schema\/logo\/image\/"}}]}},"jetpack_sharing_enabled":true,"_links":{"self":[{"href":"https:\/\/truusk.store\/sv\/wp-json\/wp\/v2\/product\/9090","targetHints":{"allow":["GET"]}}],"collection":[{"href":"https:\/\/truusk.store\/sv\/wp-json\/wp\/v2\/product"}],"about":[{"href":"https:\/\/truusk.store\/sv\/wp-json\/wp\/v2\/types\/product"}],"wp:featuredmedia":[{"embeddable":true,"href":"https:\/\/truusk.store\/sv\/wp-json\/wp\/v2\/media\/9091"}],"wp:attachment":[{"href":"https:\/\/truusk.store\/sv\/wp-json\/wp\/v2\/media?parent=9090"}],"wp:term":[{"taxonomy":"product_brand","embeddable":true,"href":"https:\/\/truusk.store\/sv\/wp-json\/wp\/v2\/product_brand?post=9090"},{"taxonomy":"product_cat","embeddable":true,"href":"https:\/\/truusk.store\/sv\/wp-json\/wp\/v2\/product_cat?post=9090"},{"taxonomy":"product_tag","embeddable":true,"href":"https:\/\/truusk.store\/sv\/wp-json\/wp\/v2\/product_tag?post=9090"}],"curies":[{"name":"wp","href":"https:\/\/api.w.org\/{rel}","templated":true}]}}